{"id":14,"date":"2019-03-23T10:42:39","date_gmt":"2019-03-23T10:42:39","guid":{"rendered":"http:\/\/www.gangodvaznych.cz\/?page_id=14"},"modified":"2020-11-09T12:54:50","modified_gmt":"2020-11-09T12:54:50","slug":"preziti","status":"publish","type":"page","link":"https:\/\/www.gangodvaznych.cz\/index.php\/preziti\/","title":{"rendered":"P\u0159e\u017eit\u00ed"},"content":{"rendered":"<h2>Knihy o p\u0159e\u017eit\u00ed (jin\u00fdch autor\u016f)<img loading=\"lazy\" decoding=\"async\" class=\"size-medium wp-image-897 alignright\" src=\"http:\/\/www.gangodvaznych.cz\/wp-content\/uploads\/2019\/04\/Hardy_portr\u00e9t_skica-221x300.jpg\" alt=\"\" width=\"221\" height=\"300\" srcset=\"https:\/\/www.gangodvaznych.cz\/wp-content\/uploads\/2019\/04\/Hardy_portr\u00e9t_skica-221x300.jpg 221w, https:\/\/www.gangodvaznych.cz\/wp-content\/uploads\/2019\/04\/Hardy_portr\u00e9t_skica-768x1043.jpg 768w, https:\/\/www.gangodvaznych.cz\/wp-content\/uploads\/2019\/04\/Hardy_portr\u00e9t_skica-754x1024.jpg 754w, https:\/\/www.gangodvaznych.cz\/wp-content\/uploads\/2019\/04\/Hardy_portr\u00e9t_skica-300x408.jpg 300w, https:\/\/www.gangodvaznych.cz\/wp-content\/uploads\/2019\/04\/Hardy_portr\u00e9t_skica-850x1155.jpg 850w, https:\/\/www.gangodvaznych.cz\/wp-content\/uploads\/2019\/04\/Hardy_portr\u00e9t_skica.jpg 859w\" sizes=\"auto, (max-width: 221px) 100vw, 221px\" \/><\/h2>\n<h3><a href=\"http:\/\/www.gangodvaznych.cz\/index.php\/beletrie\/\">Beletrie<\/a><\/h3>\n<h3><a href=\"http:\/\/www.gangodvaznych.cz\/index.php\/prirucky\/\">P\u0159\u00edru\u010dky<\/a><\/h3>\n<h2><a href=\"http:\/\/www.gangodvaznych.cz\/index.php\/uzitecne-odkazy\/\">U\u017eite\u010dn\u00e9 odkazy<\/a><\/h2>\n","protected":false},"excerpt":{"rendered":"<p>Knihy o p\u0159e\u017eit\u00ed (jin\u00fdch autor\u016f) Beletrie P\u0159\u00edru\u010dky U\u017eite\u010dn\u00e9 odkazy<\/p>\n","protected":false},"author":1,"featured_media":0,"parent":0,"menu_order":0,"comment_status":"closed","ping_status":"closed","template":"","meta":{"ngg_post_thumbnail":0,"footnotes":""},"class_list":["post-14","page","type-page","status-publish","hentry"],"_links":{"self":[{"href":"https:\/\/www.gangodvaznych.cz\/index.php\/wp-json\/wp\/v2\/pages\/14","targetHints":{"allow":["GET"]}}],"collection":[{"href":"https:\/\/www.gangodvaznych.cz\/index.php\/wp-json\/wp\/v2\/pages"}],"about":[{"href":"https:\/\/www.gangodvaznych.cz\/index.php\/wp-json\/wp\/v2\/types\/page"}],"author":[{"embeddable":true,"href":"https:\/\/www.gangodvaznych.cz\/index.php\/wp-json\/wp\/v2\/users\/1"}],"replies":[{"embeddable":true,"href":"https:\/\/www.gangodvaznych.cz\/index.php\/wp-json\/wp\/v2\/comments?post=14"}],"version-history":[{"count":9,"href":"https:\/\/www.gangodvaznych.cz\/index.php\/wp-json\/wp\/v2\/pages\/14\/revisions"}],"predecessor-version":[{"id":1797,"href":"https:\/\/www.gangodvaznych.cz\/index.php\/wp-json\/wp\/v2\/pages\/14\/revisions\/1797"}],"wp:attachment":[{"href":"https:\/\/www.gangodvaznych.cz\/index.php\/wp-json\/wp\/v2\/media?parent=14"}],"curies":[{"name":"wp","href":"https:\/\/api.w.org\/{rel}","templated":true}]}}