{"id":1603,"date":"2020-06-30T12:57:12","date_gmt":"2020-06-30T12:57:12","guid":{"rendered":"http:\/\/www.gangodvaznych.cz\/?page_id=1603"},"modified":"2025-04-18T15:54:36","modified_gmt":"2025-04-18T15:54:36","slug":"prirucky-o-preziti-mix","status":"publish","type":"page","link":"https:\/\/www.gangodvaznych.cz\/index.php\/prirucky-o-preziti-mix\/","title":{"rendered":"P\u0159\u00edru\u010dky o p\u0159e\u017eit\u00ed &#8211; MIX"},"content":{"rendered":"<p>&nbsp;<\/p>\n<p><img loading=\"lazy\" decoding=\"async\" class=\" wp-image-1771 alignleft\" src=\"http:\/\/www.gangodvaznych.cz\/wp-content\/uploads\/2020\/11\/Kniha-pro-neohro\u017een\u00e9-dobrodruhy_Fragment-241x300.jpg\" alt=\"\" width=\"250\" height=\"311\" srcset=\"https:\/\/www.gangodvaznych.cz\/wp-content\/uploads\/2020\/11\/Kniha-pro-neohro\u017een\u00e9-dobrodruhy_Fragment-241x300.jpg 241w, https:\/\/www.gangodvaznych.cz\/wp-content\/uploads\/2020\/11\/Kniha-pro-neohro\u017een\u00e9-dobrodruhy_Fragment-768x955.jpg 768w, https:\/\/www.gangodvaznych.cz\/wp-content\/uploads\/2020\/11\/Kniha-pro-neohro\u017een\u00e9-dobrodruhy_Fragment-824x1024.jpg 824w, https:\/\/www.gangodvaznych.cz\/wp-content\/uploads\/2020\/11\/Kniha-pro-neohro\u017een\u00e9-dobrodruhy_Fragment-300x373.jpg 300w, https:\/\/www.gangodvaznych.cz\/wp-content\/uploads\/2020\/11\/Kniha-pro-neohro\u017een\u00e9-dobrodruhy_Fragment-850x1057.jpg 850w, https:\/\/www.gangodvaznych.cz\/wp-content\/uploads\/2020\/11\/Kniha-pro-neohro\u017een\u00e9-dobrodruhy_Fragment.jpg 1987w\" sizes=\"auto, (max-width: 250px) 100vw, 250px\" \/>Beaup\u00e8re, Paul. Kniha pro neohro\u017een\u00e9 dobrodruhy. Fragment 2019 (ve Francii 2013). 136 stran. Pro \u010dten\u00e1\u0159e od 9 let.<\/p>\n<p>Kniha je rozd\u011blena do 4 z\u00e1kladn\u00edch blok\u016f \u2013 V dom\u011b, Na zahrad\u011b, V lese, Na pl\u00e1\u017ei. V jednotliv\u00fdch kapitol\u00e1ch se pak \u010dten\u00e1\u0159 dozv\u00ed, jak se doma p\u0159ipravit na dobrodru\u017estv\u00ed a co nachystat na cestu do p\u0159\u00edrody. Jak p\u0159\u00edrodu pozorovat a pozn\u00e1vat, jak se v n\u00ed chovat, orientovat se, t\u00e1bo\u0159it a poradit si v nejr\u016fzn\u011bj\u0161\u00edch situac\u00edch. Bohat\u011b ilustrov\u00e1no. Stru\u010dn\u00e9 texty v p\u0159ehledn\u00fdch odstavc\u00edch. N\u00e1vodn\u00e1 sch\u00e9mata a n\u00e1kresy. Pro \u010dten\u00e1\u0159e od 9 let.<\/p>\n<p>&nbsp;<\/p>\n<p>&nbsp;<\/p>\n<p>&nbsp;<\/p>\n<p><img loading=\"lazy\" decoding=\"async\" class=\"wp-image-1548 alignleft\" src=\"http:\/\/www.gangodvaznych.cz\/wp-content\/uploads\/2019\/03\/P\u0159\u00edru\u010dka-p\u0159e\u017eit\u00ed-superhrdinou-snadno-a-rychle-234x300.jpg\" alt=\"\" width=\"250\" height=\"320\" srcset=\"https:\/\/www.gangodvaznych.cz\/wp-content\/uploads\/2019\/03\/P\u0159\u00edru\u010dka-p\u0159e\u017eit\u00ed-superhrdinou-snadno-a-rychle-234x300.jpg 234w, https:\/\/www.gangodvaznych.cz\/wp-content\/uploads\/2019\/03\/P\u0159\u00edru\u010dka-p\u0159e\u017eit\u00ed-superhrdinou-snadno-a-rychle-768x985.jpg 768w, https:\/\/www.gangodvaznych.cz\/wp-content\/uploads\/2019\/03\/P\u0159\u00edru\u010dka-p\u0159e\u017eit\u00ed-superhrdinou-snadno-a-rychle-798x1024.jpg 798w, https:\/\/www.gangodvaznych.cz\/wp-content\/uploads\/2019\/03\/P\u0159\u00edru\u010dka-p\u0159e\u017eit\u00ed-superhrdinou-snadno-a-rychle-300x385.jpg 300w, https:\/\/www.gangodvaznych.cz\/wp-content\/uploads\/2019\/03\/P\u0159\u00edru\u010dka-p\u0159e\u017eit\u00ed-superhrdinou-snadno-a-rychle-850x1090.jpg 850w\" sizes=\"auto, (max-width: 250px) 100vw, 250px\" \/>Campbell, Guy. <em>P\u0159\u00edru\u010dka p\u0159e\u017eit\u00ed. Superhrdinou snadno a rychle<\/em>. Mlad\u00e1 fronta 2019. 128 stran. Pro \u010dten\u00e1\u0159e od 9 let.<\/p>\n<p>Z\u00e1bavn\u011b pojat\u00e1 kniha o p\u0159ekon\u00e1n\u00ed v\u00e1\u017en\u00fdch i m\u00e9n\u011b v\u00e1\u017en\u00fdch nebezpe\u010d\u00ed (pobyt a orientace v&nbsp;p\u0159\u00edrod\u011b, setk\u00e1n\u00ed s&nbsp;pred\u00e1tory, nebezpe\u010dn\u00e9 p\u0159\u00edrodn\u00ed jevy, nehody, prvn\u00ed pomoc i \u00fasm\u011bvn\u00e9 rady do \u017eivota. P\u0159ehledn\u011b krok po kroku. Ilustrace, n\u00e1\u010drtky, sch\u00e9mata.<\/p>\n<p>&nbsp;<\/p>\n<p>&nbsp;<\/p>\n<p>&nbsp;<\/p>\n<p>&nbsp;<\/p>\n<p>&nbsp;<\/p>\n<p>&nbsp;<\/p>\n<p><img loading=\"lazy\" decoding=\"async\" class=\"wp-image-626 alignleft\" src=\"http:\/\/www.gangodvaznych.cz\/wp-content\/uploads\/2019\/03\/100-nebezpe\u010d\u00ed-Jak-je-p\u0159e\u017e\u00edt-Jak-se-jim-vyhnout-181x300.jpg\" alt=\"\" width=\"250\" height=\"414\" srcset=\"https:\/\/www.gangodvaznych.cz\/wp-content\/uploads\/2019\/03\/100-nebezpe\u010d\u00ed-Jak-je-p\u0159e\u017e\u00edt-Jak-se-jim-vyhnout-181x300.jpg 181w, https:\/\/www.gangodvaznych.cz\/wp-content\/uploads\/2019\/03\/100-nebezpe\u010d\u00ed-Jak-je-p\u0159e\u017e\u00edt-Jak-se-jim-vyhnout-768x1270.jpg 768w, https:\/\/www.gangodvaznych.cz\/wp-content\/uploads\/2019\/03\/100-nebezpe\u010d\u00ed-Jak-je-p\u0159e\u017e\u00edt-Jak-se-jim-vyhnout-619x1024.jpg 619w, https:\/\/www.gangodvaznych.cz\/wp-content\/uploads\/2019\/03\/100-nebezpe\u010d\u00ed-Jak-je-p\u0159e\u017e\u00edt-Jak-se-jim-vyhnout.jpg 1568w\" sizes=\"auto, (max-width: 250px) 100vw, 250px\" \/>Claybourneov\u00e1, Anna. <em>100 nebezpe\u010d\u00ed. Jak se jim vyhnout a jak je p\u0159e\u017e\u00edt<\/em>. Fortuna Libri 2009.<\/p>\n<p>P\u0159\u00edrodn\u00ed katastrofy, hrozba po\u010das\u00ed, zabloud\u011bn\u00ed v&nbsp;divo\u010din\u011b, nebezpe\u010dn\u00e1 zv\u00ed\u0159ata, selh\u00e1n\u00ed techniky, nebezpe\u010d\u00ed zp\u016fsoben\u00e1 lidmi. V\u0161e konkr\u00e9tn\u011b, p\u0159ehledn\u011b, stru\u010dn\u011b.<\/p>\n<p>&nbsp;<\/p>\n<p>&nbsp;<\/p>\n<p>&nbsp;<\/p>\n<p>&nbsp;<\/p>\n<p>&nbsp;<\/p>\n<p>&nbsp;<\/p>\n<p>&nbsp;<\/p>\n<p>&nbsp;<\/p>\n<p>&nbsp;<\/p>\n<p><img loading=\"lazy\" decoding=\"async\" class=\"wp-image-629 alignleft\" src=\"http:\/\/www.gangodvaznych.cz\/wp-content\/uploads\/2019\/03\/P\u0159e\u017eij-Pr\u016fvodce-dobrodruha-180x300.jpg\" alt=\"\" width=\"250\" height=\"417\" srcset=\"https:\/\/www.gangodvaznych.cz\/wp-content\/uploads\/2019\/03\/P\u0159e\u017eij-Pr\u016fvodce-dobrodruha-180x300.jpg 180w, https:\/\/www.gangodvaznych.cz\/wp-content\/uploads\/2019\/03\/P\u0159e\u017eij-Pr\u016fvodce-dobrodruha-768x1277.jpg 768w, https:\/\/www.gangodvaznych.cz\/wp-content\/uploads\/2019\/03\/P\u0159e\u017eij-Pr\u016fvodce-dobrodruha-616x1024.jpg 616w, https:\/\/www.gangodvaznych.cz\/wp-content\/uploads\/2019\/03\/P\u0159e\u017eij-Pr\u016fvodce-dobrodruha.jpg 1471w\" sizes=\"auto, (max-width: 250px) 100vw, 250px\" \/>Hynes, Margaret. <em>P\u0159e\u017eij! Pr\u016fvodce dobrodruha<\/em>. Nakladatelstv\u00ed Svojtka&amp;Co. 2013.<\/p>\n<p>Nehody, p\u0159\u00edrodn\u00ed rizika, sv\u00edzeln\u00e9 situace, \u00faniky z&nbsp;past\u00ed. Stru\u010dn\u011b, z\u00e1bavn\u011b, s&nbsp;n\u00e1zorn\u00fdmi ilustracemi.<\/p>\n<p>&nbsp;<\/p>\n<p>&nbsp;<\/p>\n<p>&nbsp;<\/p>\n<p>&nbsp;<\/p>\n<p>&nbsp;<\/p>\n<p>&nbsp;<\/p>\n<p>&nbsp;<\/p>\n<p>&nbsp;<\/p>\n<p>&nbsp;<\/p>\n<p><img loading=\"lazy\" decoding=\"async\" class=\"wp-image-3229 alignleft\" src=\"http:\/\/www.gangodvaznych.cz\/wp-content\/uploads\/2022\/11\/Kurz-preziti-pro-deti_Ibrahim-214x300.jpg\" alt=\"\" width=\"250\" height=\"350\" srcset=\"https:\/\/www.gangodvaznych.cz\/wp-content\/uploads\/2022\/11\/Kurz-preziti-pro-deti_Ibrahim-214x300.jpg 214w, https:\/\/www.gangodvaznych.cz\/wp-content\/uploads\/2022\/11\/Kurz-preziti-pro-deti_Ibrahim-729x1024.jpg 729w, https:\/\/www.gangodvaznych.cz\/wp-content\/uploads\/2022\/11\/Kurz-preziti-pro-deti_Ibrahim-768x1078.jpg 768w, https:\/\/www.gangodvaznych.cz\/wp-content\/uploads\/2022\/11\/Kurz-preziti-pro-deti_Ibrahim-1094x1536.jpg 1094w, https:\/\/www.gangodvaznych.cz\/wp-content\/uploads\/2022\/11\/Kurz-preziti-pro-deti_Ibrahim-1459x2048.jpg 1459w, https:\/\/www.gangodvaznych.cz\/wp-content\/uploads\/2022\/11\/Kurz-preziti-pro-deti_Ibrahim-300x421.jpg 300w, https:\/\/www.gangodvaznych.cz\/wp-content\/uploads\/2022\/11\/Kurz-preziti-pro-deti_Ibrahim-850x1193.jpg 850w, https:\/\/www.gangodvaznych.cz\/wp-content\/uploads\/2022\/11\/Kurz-preziti-pro-deti_Ibrahim.jpg 1703w\" sizes=\"auto, (max-width: 250px) 100vw, 250px\" \/>Ibrahim, Amar. <em>Kurz p\u0159e\u017eit\u00ed pro d\u011bti. Den\u00edk pln\u00fd tip\u016f, rad a n\u00e1vod\u016f<\/em>. BizBooks, Brno 2021. 152 stran.<\/p>\n<p>Nau\u010d se, jak se o sebe postarat v&nbsp;jak\u00e9koliv situaci. Jak p\u0159e\u017e\u00edt v&nbsp;divo\u010din\u011b, ale i ve m\u011bst\u011b, v&nbsp;l\u00e9t\u011b i v&nbsp;zim\u011b. P\u0159edstav si, \u017ee nefunguje elekt\u0159ina, nete\u010de voda, jsou zav\u0159en\u00e9 obchody. D\u00edky t\u00e9hle kn\u00ed\u017ece zvl\u00e1dne\u0161 z\u00e1kladn\u00ed v\u011bci, jako je rozd\u011blat ohe\u0148, postavit p\u0159\u00edst\u0159e\u0161ek, rozeznat, co v&nbsp;p\u0159\u00edrod\u011b j\u00edst, nebo jak se zachovat, kdy\u017e se ztrat\u00ed\u0161 t\u0159eba na hor\u00e1ch. Dopln\u011bno n\u00e1zorn\u00fdmi ilustracemi.<\/p>\n<p>&nbsp;<\/p>\n<p>&nbsp;<\/p>\n<p>&nbsp;<\/p>\n<p>&nbsp;<\/p>\n<p>&nbsp;<\/p>\n<p><img loading=\"lazy\" decoding=\"async\" class=\"wp-image-4274 alignleft\" src=\"http:\/\/www.gangodvaznych.cz\/wp-content\/uploads\/2025\/03\/Kurz-preziti-pro-teenagery-206x300.jpg\" alt=\"\" width=\"250\" height=\"364\" srcset=\"https:\/\/www.gangodvaznych.cz\/wp-content\/uploads\/2025\/03\/Kurz-preziti-pro-teenagery-206x300.jpg 206w, https:\/\/www.gangodvaznych.cz\/wp-content\/uploads\/2025\/03\/Kurz-preziti-pro-teenagery-704x1024.jpg 704w, https:\/\/www.gangodvaznych.cz\/wp-content\/uploads\/2025\/03\/Kurz-preziti-pro-teenagery-768x1117.jpg 768w, https:\/\/www.gangodvaznych.cz\/wp-content\/uploads\/2025\/03\/Kurz-preziti-pro-teenagery-1056x1536.jpg 1056w, https:\/\/www.gangodvaznych.cz\/wp-content\/uploads\/2025\/03\/Kurz-preziti-pro-teenagery-1408x2048.jpg 1408w, https:\/\/www.gangodvaznych.cz\/wp-content\/uploads\/2025\/03\/Kurz-preziti-pro-teenagery-300x436.jpg 300w, https:\/\/www.gangodvaznych.cz\/wp-content\/uploads\/2025\/03\/Kurz-preziti-pro-teenagery-850x1236.jpg 850w, https:\/\/www.gangodvaznych.cz\/wp-content\/uploads\/2025\/03\/Kurz-preziti-pro-teenagery.jpg 1688w\" sizes=\"auto, (max-width: 250px) 100vw, 250px\" \/>Ibrahim, Amar. <em>Kurz p\u0159e\u017eit\u00ed pro teenagery<\/em>. Jak p\u0159e\u017e\u00edt offline. BizBooks, Brno 2023. 145 stran.<\/p>\n<p>Krabi\u010dka posledn\u00ed z\u00e1chrany. Balen\u00ed batohu. Stan a p\u0159\u00edst\u0159e\u0161ek. Ohe\u0148. Voda. Orientace v ter\u00e9nu. P\u0159ekon\u00e1v\u00e1n\u00ed p\u0159ek\u00e1\u017eek. Z\u00edsk\u00e1v\u00e1n\u00ed potravy a va\u0159en\u00ed. Hygiena. Obrana p\u0159ed zv\u00ed\u0159aty. Zdravov\u011bda. Signalizace polohy. Spousta zaj\u00edmav\u00fdch tip\u016f a vychyt\u00e1vek. Ilustrativn\u00ed p\u0159\u00edhody ze \u017eivota. Dopln\u011bno n\u00e1kresy, sch\u00e9maty a kontroln\u00edmi ot\u00e1zkami.<\/p>\n<p>&nbsp;<\/p>\n<p>&nbsp;<\/p>\n<p>&nbsp;<\/p>\n<p>&nbsp;<\/p>\n<p>&nbsp;<\/p>\n<p>&nbsp;<\/p>\n<p><img loading=\"lazy\" decoding=\"async\" class=\"wp-image-3230 alignleft\" src=\"http:\/\/www.gangodvaznych.cz\/wp-content\/uploads\/2022\/11\/Kurz-preziti-ve-meste-i-v-prirode_Ibrahim-235x300.jpg\" alt=\"\" width=\"250\" height=\"319\" srcset=\"https:\/\/www.gangodvaznych.cz\/wp-content\/uploads\/2022\/11\/Kurz-preziti-ve-meste-i-v-prirode_Ibrahim-235x300.jpg 235w, https:\/\/www.gangodvaznych.cz\/wp-content\/uploads\/2022\/11\/Kurz-preziti-ve-meste-i-v-prirode_Ibrahim-801x1024.jpg 801w, https:\/\/www.gangodvaznych.cz\/wp-content\/uploads\/2022\/11\/Kurz-preziti-ve-meste-i-v-prirode_Ibrahim-768x982.jpg 768w, https:\/\/www.gangodvaznych.cz\/wp-content\/uploads\/2022\/11\/Kurz-preziti-ve-meste-i-v-prirode_Ibrahim-1201x1536.jpg 1201w, https:\/\/www.gangodvaznych.cz\/wp-content\/uploads\/2022\/11\/Kurz-preziti-ve-meste-i-v-prirode_Ibrahim-1601x2048.jpg 1601w, https:\/\/www.gangodvaznych.cz\/wp-content\/uploads\/2022\/11\/Kurz-preziti-ve-meste-i-v-prirode_Ibrahim-300x384.jpg 300w, https:\/\/www.gangodvaznych.cz\/wp-content\/uploads\/2022\/11\/Kurz-preziti-ve-meste-i-v-prirode_Ibrahim-850x1087.jpg 850w, https:\/\/www.gangodvaznych.cz\/wp-content\/uploads\/2022\/11\/Kurz-preziti-ve-meste-i-v-prirode_Ibrahim.jpg 1619w\" sizes=\"auto, (max-width: 250px) 100vw, 250px\" \/>Ibrahim, Amar. <em>Kurz p\u0159e\u017eit\u00ed ve m\u011bst\u011b i v&nbsp;p\u0159\u00edrod\u011b<\/em>. BizBooks, Brno 2022. 194 stran.<\/p>\n<p>P\u0159ehledn\u011b zpracovan\u00e9 konkr\u00e9tn\u00ed a ryze praktick\u00e9 rady pro p\u0159e\u017eit\u00ed v&nbsp;nejr\u016fzn\u011bj\u0161\u00edch mezn\u00edch situac\u00edch vych\u00e1zej\u00ed ze zku\u0161enost\u00ed autora, kter\u00fd l\u00e9ta vede kurzy p\u0159e\u017eit\u00ed. Za t\u0159i nejv\u011bt\u0161\u00ed hrozby pova\u017euje blackout, ekonomick\u00fd kolaps a nemoc, proti kter\u00e9 neexistuje l\u00e9k. Kdo je p\u0159ipraven na krizov\u00e9 situace, nebude zasko\u010den. 90% \u00fasp\u011bchu p\u0159e\u017eit\u00ed je v&nbsp;psychice \u010dlov\u011bka. Proto je dobr\u00e9 si v\u0161e prakticky vyzkou\u0161et aspo\u0148 pomoc\u00ed t\u00e9to p\u0159\u00edru\u010dky.<\/p>\n<p>&nbsp;<\/p>\n<p>&nbsp;<\/p>\n<p>&nbsp;<\/p>\n<p><img loading=\"lazy\" decoding=\"async\" class=\" wp-image-619 alignleft\" src=\"http:\/\/www.gangodvaznych.cz\/wp-content\/uploads\/2019\/03\/Obrazov\u00e1-p\u0159\u00edru\u010dka-p\u0159e\u017eit\u00ed-251x300.jpg\" alt=\"\" width=\"250\" height=\"299\" srcset=\"https:\/\/www.gangodvaznych.cz\/wp-content\/uploads\/2019\/03\/Obrazov\u00e1-p\u0159\u00edru\u010dka-p\u0159e\u017eit\u00ed-251x300.jpg 251w, https:\/\/www.gangodvaznych.cz\/wp-content\/uploads\/2019\/03\/Obrazov\u00e1-p\u0159\u00edru\u010dka-p\u0159e\u017eit\u00ed-768x916.jpg 768w, https:\/\/www.gangodvaznych.cz\/wp-content\/uploads\/2019\/03\/Obrazov\u00e1-p\u0159\u00edru\u010dka-p\u0159e\u017eit\u00ed-858x1024.jpg 858w\" sizes=\"auto, (max-width: 250px) 100vw, 250px\" \/>Johnson, Rich. <em>Obrazov\u00e1 p\u0159\u00edru\u010dka. P\u0159e\u017e\u00edt. 333 dovednost\u00ed, kter\u00e9 v\u00e1m umo\u017en\u00ed p\u0159e\u017e\u00edt.<\/em> Nakladatelstv\u00ed Svojtka&amp;Co.<\/p>\n<p>Jak p\u0159e\u017e\u00edt v&nbsp;divo\u010din\u011b, ve m\u011bst\u011b i p\u0159i katastrof\u00e1ch. Srozumiteln\u00e9 rady p\u0159ehledn\u011b krok za krokem.<\/p>\n<p>&nbsp;<\/p>\n<p>&nbsp;<\/p>\n<p>&nbsp;<\/p>\n<p>&nbsp;<\/p>\n<p>&nbsp;<\/p>\n<p>&nbsp;<\/p>\n<p><img loading=\"lazy\" decoding=\"async\" class=\" wp-image-750 alignleft\" src=\"http:\/\/www.gangodvaznych.cz\/wp-content\/uploads\/2019\/03\/Kn\u00ed\u017eka-posledn\u00ed-z\u00e1chrany-300x220.jpg\" alt=\"\" width=\"250\" height=\"183\" srcset=\"https:\/\/www.gangodvaznych.cz\/wp-content\/uploads\/2019\/03\/Kn\u00ed\u017eka-posledn\u00ed-z\u00e1chrany-300x220.jpg 300w, https:\/\/www.gangodvaznych.cz\/wp-content\/uploads\/2019\/03\/Kn\u00ed\u017eka-posledn\u00ed-z\u00e1chrany-768x563.jpg 768w, https:\/\/www.gangodvaznych.cz\/wp-content\/uploads\/2019\/03\/Kn\u00ed\u017eka-posledn\u00ed-z\u00e1chrany-1024x751.jpg 1024w, https:\/\/www.gangodvaznych.cz\/wp-content\/uploads\/2019\/03\/Kn\u00ed\u017eka-posledn\u00ed-z\u00e1chrany.jpg 1701w\" sizes=\"auto, (max-width: 250px) 100vw, 250px\" \/>Kube\u0161, Vladim\u00edr. <em>Kn\u00ed\u017eka posledn\u00ed z\u00e1chrany<\/em>. Albatros 2007.<\/p>\n<p>Kn\u00ed\u017eka kapesn\u00edho form\u00e1tu v&nbsp;edici OKO je doslova nabit\u00e1 spoustou praktick\u00fdch informac\u00ed. Od rad, jak ovl\u00e1dnout paniku a poradit si s&nbsp;katastrofami v&nbsp;dom\u00e1cnosti, p\u0159es p\u0159\u00edpravy na cestu, orientaci ve m\u011bst\u011b i v&nbsp;p\u0159\u00edrod\u011b a\u017e po z\u00e1klady p\u0159e\u017eit\u00ed b\u011bhem p\u0159\u00edrodn\u00edch katastrof v\u010detn\u011b pou\u017eit\u00ed nouzov\u00fdch sign\u00e1l\u016f a z\u00e1klady v&nbsp;poskytov\u00e1n\u00ed prvn\u00ed pomoci.<\/p>\n<p>&nbsp;<\/p>\n<p>&nbsp;<\/p>\n<p>&nbsp;<\/p>\n<p><img loading=\"lazy\" decoding=\"async\" class=\" wp-image-1489 alignleft\" src=\"http:\/\/www.gangodvaznych.cz\/wp-content\/uploads\/2019\/03\/P\u0159\u00edru\u010dka-pro-kluky-dobrodruhy-281x300.jpg\" alt=\"\" width=\"250\" height=\"267\" srcset=\"https:\/\/www.gangodvaznych.cz\/wp-content\/uploads\/2019\/03\/P\u0159\u00edru\u010dka-pro-kluky-dobrodruhy-281x300.jpg 281w, https:\/\/www.gangodvaznych.cz\/wp-content\/uploads\/2019\/03\/P\u0159\u00edru\u010dka-pro-kluky-dobrodruhy-768x819.jpg 768w, https:\/\/www.gangodvaznych.cz\/wp-content\/uploads\/2019\/03\/P\u0159\u00edru\u010dka-pro-kluky-dobrodruhy-961x1024.jpg 961w, https:\/\/www.gangodvaznych.cz\/wp-content\/uploads\/2019\/03\/P\u0159\u00edru\u010dka-pro-kluky-dobrodruhy-300x320.jpg 300w, https:\/\/www.gangodvaznych.cz\/wp-content\/uploads\/2019\/03\/P\u0159\u00edru\u010dka-pro-kluky-dobrodruhy-850x906.jpg 850w\" sizes=\"auto, (max-width: 250px) 100vw, 250px\" \/>Lecreux, Michele \u2013 Gallais, C\u00e9lia \u2013 Roux de Luze Cl\u00e9mence. <em>P\u0159\u00edru\u010dka pro kluky dobrodruhy<\/em>. Mlad\u00e1 fronta 2013. 125 stran.<\/p>\n<p>Praktick\u00e9 rady do p\u0159\u00edrody, na cesty, pro p\u0159e\u017eit\u00ed, zkoum\u00e1n\u00ed sv\u011bta i zahn\u00e1n\u00ed nudy. Spousta barevn\u00fdch ilustrac\u00ed a p\u0159es 50 samolepek pro vlepov\u00e1n\u00ed p\u0159\u00edmo na str\u00e1nky knihy. Pro d\u011bti od 6 let.<\/p>\n<p>&nbsp;<\/p>\n<p>&nbsp;<\/p>\n<p>&nbsp;<\/p>\n<p>&nbsp;<\/p>\n<p>&nbsp;<\/p>\n<p><img loading=\"lazy\" decoding=\"async\" class=\"wp-image-632 alignleft\" src=\"http:\/\/www.gangodvaznych.cz\/wp-content\/uploads\/2019\/03\/P\u0159\u00edru\u010dka-p\u0159e\u017eit\u00ed_2-236x300.jpg\" alt=\"\" width=\"250\" height=\"318\" srcset=\"https:\/\/www.gangodvaznych.cz\/wp-content\/uploads\/2019\/03\/P\u0159\u00edru\u010dka-p\u0159e\u017eit\u00ed_2-236x300.jpg 236w, https:\/\/www.gangodvaznych.cz\/wp-content\/uploads\/2019\/03\/P\u0159\u00edru\u010dka-p\u0159e\u017eit\u00ed_2-768x977.jpg 768w, https:\/\/www.gangodvaznych.cz\/wp-content\/uploads\/2019\/03\/P\u0159\u00edru\u010dka-p\u0159e\u017eit\u00ed_2-805x1024.jpg 805w, https:\/\/www.gangodvaznych.cz\/wp-content\/uploads\/2019\/03\/P\u0159\u00edru\u010dka-p\u0159e\u017eit\u00ed_2.jpg 1377w\" sizes=\"auto, (max-width: 250px) 100vw, 250px\" \/>Llewellynov\u00e1, Claire. <em>P\u0159\u00edru\u010dka p\u0159e\u017eit\u00ed. Pr\u016fvodce nebezpe\u010dn\u00fdmi situacemi<\/em>. Mlad\u00e1 fronta 2009.<\/p>\n<p>Heslovit\u011b formulovan\u00e9 rady pro nejz\u00e1ludn\u011bj\u0161\u00ed situace nejen v&nbsp;p\u0159\u00edrod\u011b. Rejst\u0159\u00edk a odkazy na u\u017eite\u010dn\u00e9 webov\u00e9 str\u00e1nky. Krou\u017ekov\u00e1 vazba, nepromokav\u00fd obal na cesty, buzola jako p\u0159\u00edv\u011bsek knihy.<\/p>\n<p>&nbsp;<\/p>\n<p>&nbsp;<\/p>\n<p>&nbsp;<\/p>\n<p>&nbsp;<\/p>\n<p>&nbsp;<\/p>\n<p>&nbsp;<\/p>\n<p>&nbsp;<\/p>\n<p><img loading=\"lazy\" decoding=\"async\" class=\"wp-image-751 alignleft\" src=\"http:\/\/www.gangodvaznych.cz\/wp-content\/uploads\/2019\/03\/Encyklopedie-technik-p\u0159e\u017eit\u00ed-208x300.jpg\" alt=\"\" width=\"250\" height=\"361\" srcset=\"https:\/\/www.gangodvaznych.cz\/wp-content\/uploads\/2019\/03\/Encyklopedie-technik-p\u0159e\u017eit\u00ed-208x300.jpg 208w, https:\/\/www.gangodvaznych.cz\/wp-content\/uploads\/2019\/03\/Encyklopedie-technik-p\u0159e\u017eit\u00ed-768x1110.jpg 768w, https:\/\/www.gangodvaznych.cz\/wp-content\/uploads\/2019\/03\/Encyklopedie-technik-p\u0159e\u017eit\u00ed-709x1024.jpg 709w, https:\/\/www.gangodvaznych.cz\/wp-content\/uploads\/2019\/03\/Encyklopedie-technik-p\u0159e\u017eit\u00ed.jpg 2035w\" sizes=\"auto, (max-width: 250px) 100vw, 250px\" \/>McNab, Chris. <em>Encyklopedie technik p\u0159e\u017eit\u00ed<\/em>.&nbsp; Universum. Kni\u017en\u00ed klub 2016.<\/p>\n<p>P\u0159\u00edprava na p\u0159e\u017eit\u00ed doma i v&nbsp;ter\u00e9nu. Nehostinn\u00e9 p\u0159\u00edrodn\u00ed podm\u00ednky. Lov a pasti. Sebeobrana. Sign\u00e1ly a navigace. Zajet\u00ed a uv\u011bzn\u011bn\u00ed. \u00dat\u011bk. Psychick\u00e1 a fyzick\u00e1 odolnost.<\/p>\n<p>&nbsp;<\/p>\n<p>&nbsp;<\/p>\n<p>&nbsp;<\/p>\n<p>&nbsp;<\/p>\n<p>&nbsp;<\/p>\n<p>&nbsp;<\/p>\n<p>&nbsp;<\/p>\n<p>&nbsp;<\/p>\n<p><img loading=\"lazy\" decoding=\"async\" class=\"wp-image-633 alignleft\" src=\"http:\/\/www.gangodvaznych.cz\/wp-content\/uploads\/2019\/03\/P\u0159\u00edprava-na-p\u0159e\u017eit\u00ed-216x300.jpg\" alt=\"\" width=\"250\" height=\"347\" srcset=\"https:\/\/www.gangodvaznych.cz\/wp-content\/uploads\/2019\/03\/P\u0159\u00edprava-na-p\u0159e\u017eit\u00ed-216x300.jpg 216w, https:\/\/www.gangodvaznych.cz\/wp-content\/uploads\/2019\/03\/P\u0159\u00edprava-na-p\u0159e\u017eit\u00ed-768x1067.jpg 768w, https:\/\/www.gangodvaznych.cz\/wp-content\/uploads\/2019\/03\/P\u0159\u00edprava-na-p\u0159e\u017eit\u00ed-737x1024.jpg 737w, https:\/\/www.gangodvaznych.cz\/wp-content\/uploads\/2019\/03\/P\u0159\u00edprava-na-p\u0159e\u017eit\u00ed.jpg 1490w\" sizes=\"auto, (max-width: 250px) 100vw, 250px\" \/>McNab Chris. <em>P\u0159\u00edprava na p\u0159e\u017eit\u00ed. P\u0159\u00edpravy na okam\u017eik, kdy ude\u0159\u00ed katastrofa<\/em>. Svojtka&amp;Co. 2014.<\/p>\n<p>P\u0159\u00edru\u010dka speci\u00e1ln\u00edch jednotek. Jak \u010delit katastrof\u011b, jak p\u0159e\u017e\u00edt doma, jak p\u0159e\u017e\u00edt v&nbsp;ter\u00e9nu, potrava a pit\u00ed, sebeobrana, zdrav\u00ed a hygiena.<\/p>\n<p>&nbsp;<\/p>\n<p>&nbsp;<\/p>\n<p>&nbsp;<\/p>\n<p>&nbsp;<\/p>\n<p>&nbsp;<\/p>\n<p>&nbsp;<\/p>\n<p>&nbsp;<\/p>\n<p><img loading=\"lazy\" decoding=\"async\" class=\" wp-image-4345 alignleft\" src=\"http:\/\/www.gangodvaznych.cz\/wp-content\/uploads\/2025\/04\/Super-pruvodce-pro-male-i-velke-dobrodruhy-256x300.jpg\" alt=\"\" width=\"250\" height=\"293\" srcset=\"https:\/\/www.gangodvaznych.cz\/wp-content\/uploads\/2025\/04\/Super-pruvodce-pro-male-i-velke-dobrodruhy-256x300.jpg 256w, https:\/\/www.gangodvaznych.cz\/wp-content\/uploads\/2025\/04\/Super-pruvodce-pro-male-i-velke-dobrodruhy-875x1024.jpg 875w, https:\/\/www.gangodvaznych.cz\/wp-content\/uploads\/2025\/04\/Super-pruvodce-pro-male-i-velke-dobrodruhy-768x899.jpg 768w, https:\/\/www.gangodvaznych.cz\/wp-content\/uploads\/2025\/04\/Super-pruvodce-pro-male-i-velke-dobrodruhy-1312x1536.jpg 1312w, https:\/\/www.gangodvaznych.cz\/wp-content\/uploads\/2025\/04\/Super-pruvodce-pro-male-i-velke-dobrodruhy-1749x2048.jpg 1749w, https:\/\/www.gangodvaznych.cz\/wp-content\/uploads\/2025\/04\/Super-pruvodce-pro-male-i-velke-dobrodruhy-300x351.jpg 300w, https:\/\/www.gangodvaznych.cz\/wp-content\/uploads\/2025\/04\/Super-pruvodce-pro-male-i-velke-dobrodruhy-850x995.jpg 850w\" sizes=\"auto, (max-width: 250px) 100vw, 250px\" \/>Meyer, Aurore. <em>Superpr\u016fvodce pro mal\u00e9 i velk\u00e9 dobrodruhy<\/em>. Pikola \u2013 Euromedia 2024. 128 stran. Krou\u017ekov\u00e1 vazba.<br \/>\nZ\u00e1bavn\u00e9 aktivity a dovednosti, tipy na hry v p\u0159\u00edrod\u011b, orientace v krajin\u011b, dobrodru\u017en\u00e9 v\u00fdzvy, noc pod \u0161ir\u00e1kem, kucha\u0159sk\u00e9 recepty z cel\u00e9ho sv\u011bta, rady a postupy na v\u00fdrobu p\u0159edm\u011bt\u016f z p\u0159\u00edrodnin, pozn\u00e1v\u00e1n\u00ed zv\u00ed\u0159at, nebezpe\u010dn\u00e1 zv\u00ed\u0159ata, horolezci, navigace, jeskyn\u011b. A mnoho dal\u0161\u00edho. N\u00e1zorn\u00e9 obr\u00e1zky.<\/p>\n<p>&nbsp;<\/p>\n<p>&nbsp;<\/p>\n<p>&nbsp;<\/p>\n<p>&nbsp;<\/p>\n<p>&nbsp;<\/p>\n<p><img loading=\"lazy\" decoding=\"async\" class=\"wp-image-636 alignleft\" src=\"http:\/\/www.gangodvaznych.cz\/wp-content\/uploads\/2019\/03\/Jak-se-vr\u00e1tit-\u017eiv\u00fd-189x300.jpg\" alt=\"\" width=\"250\" height=\"397\" srcset=\"https:\/\/www.gangodvaznych.cz\/wp-content\/uploads\/2019\/03\/Jak-se-vr\u00e1tit-\u017eiv\u00fd-189x300.jpg 189w, https:\/\/www.gangodvaznych.cz\/wp-content\/uploads\/2019\/03\/Jak-se-vr\u00e1tit-\u017eiv\u00fd-768x1222.jpg 768w, https:\/\/www.gangodvaznych.cz\/wp-content\/uploads\/2019\/03\/Jak-se-vr\u00e1tit-\u017eiv\u00fd-644x1024.jpg 644w, https:\/\/www.gangodvaznych.cz\/wp-content\/uploads\/2019\/03\/Jak-se-vr\u00e1tit-\u017eiv\u00fd.jpg 1513w\" sizes=\"auto, (max-width: 250px) 100vw, 250px\" \/>Pelton, Robert Yong. <em>Jak se vr\u00e1tit \u017eiv\u00fd<\/em>. Kni\u017en\u00ed klub 2004.<\/p>\n<p>\u0160k\u00e1la nebezpe\u010d\u00ed, kter\u00e1 \u010d\u00edhaj\u00ed na cest\u00e1ch. Rady, jak p\u0159e\u017e\u00edt n\u00e1strahy, \u017eiveln\u00e9 katastrofy, \u00fanosy, napaden\u00ed nejr\u016fzn\u011bj\u0161\u00edmi zv\u00ed\u0159aty, ale i jak p\u0159edch\u00e1zet probl\u00e9m\u016fm ve m\u011bst\u011b, \u010di dokonce doma.<\/p>\n<p>&nbsp;<\/p>\n<p>&nbsp;<\/p>\n<p>&nbsp;<\/p>\n<p>&nbsp;<\/p>\n<p>&nbsp;<\/p>\n<p>&nbsp;<\/p>\n<p>&nbsp;<\/p>\n<p>&nbsp;<\/p>\n<p><img loading=\"lazy\" decoding=\"async\" class=\" wp-image-638 alignleft\" src=\"http:\/\/www.gangodvaznych.cz\/wp-content\/uploads\/2019\/03\/Jak-p\u0159e\u017e\u00edt_Stilwell-230x300.jpg\" alt=\"\" width=\"250\" height=\"326\" srcset=\"https:\/\/www.gangodvaznych.cz\/wp-content\/uploads\/2019\/03\/Jak-p\u0159e\u017e\u00edt_Stilwell-230x300.jpg 230w, https:\/\/www.gangodvaznych.cz\/wp-content\/uploads\/2019\/03\/Jak-p\u0159e\u017e\u00edt_Stilwell-768x1000.jpg 768w, https:\/\/www.gangodvaznych.cz\/wp-content\/uploads\/2019\/03\/Jak-p\u0159e\u017e\u00edt_Stilwell-786x1024.jpg 786w\" sizes=\"auto, (max-width: 250px) 100vw, 250px\" \/>Stilwell, Alexander. <em>Jak p\u0159e\u017e\u00edt. SAS tr\u00e9ninkov\u00e1 p\u0159\u00edru\u010dka. Kniha, kterou mo\u017en\u00e1 budete (brzy) pot\u0159ebovat<\/em>. Svojtka&amp;Co. Praha 2001.<\/p>\n<p>Rady k&nbsp;p\u0159e\u017eit\u00ed v&nbsp;pou\u0161ti, na mo\u0159i, v&nbsp;tropech, na hor\u00e1ch, v&nbsp;pol\u00e1rn\u00edch oblastech, p\u0159i \u017eiveln\u00edch pohrom\u00e1ch. Prvn\u00ed pomoc, vybaven\u00ed na cesty, ohe\u0148, j\u00eddlo, orientace a signalizace, vory a p\u0159ekon\u00e1v\u00e1n\u00ed \u0159ek, lana a uzly. Cesty do zahrani\u010d\u00ed \u2013 stru\u010dn\u00e1 charakteristika bezpe\u010dnostn\u00ed situace v&nbsp;n\u011bkter\u00fdch vybran\u00fdch zem\u00edch. Kniha obsahuje podrobn\u00fd rejst\u0159\u00edk.<\/p>\n","protected":false},"excerpt":{"rendered":"<p>&nbsp; Beaup\u00e8re, Paul. Kniha pro neohro\u017een\u00e9 dobrodruhy. Fragment 2019 (ve Francii 2013). 136 stran. Pro \u010dten\u00e1\u0159e od 9 let. Kniha je rozd\u011blena do 4 z\u00e1kladn\u00edch blok\u016f \u2013 V dom\u011b, Na zahrad\u011b, V lese, Na pl\u00e1\u017ei. V jednotliv\u00fdch kapitol\u00e1ch se pak \u010dten\u00e1\u0159 dozv\u00ed, jak se doma p\u0159ipravit na dobrodru\u017estv\u00ed a co nachystat na cestu do p\u0159\u00edrody&#8230;.<\/p>\n","protected":false},"author":1,"featured_media":0,"parent":0,"menu_order":0,"comment_status":"closed","ping_status":"closed","template":"","meta":{"ngg_post_thumbnail":0,"footnotes":""},"class_list":["post-1603","page","type-page","status-publish","hentry"],"_links":{"self":[{"href":"https:\/\/www.gangodvaznych.cz\/index.php\/wp-json\/wp\/v2\/pages\/1603","targetHints":{"allow":["GET"]}}],"collection":[{"href":"https:\/\/www.gangodvaznych.cz\/index.php\/wp-json\/wp\/v2\/pages"}],"about":[{"href":"https:\/\/www.gangodvaznych.cz\/index.php\/wp-json\/wp\/v2\/types\/page"}],"author":[{"embeddable":true,"href":"https:\/\/www.gangodvaznych.cz\/index.php\/wp-json\/wp\/v2\/users\/1"}],"replies":[{"embeddable":true,"href":"https:\/\/www.gangodvaznych.cz\/index.php\/wp-json\/wp\/v2\/comments?post=1603"}],"version-history":[{"count":12,"href":"https:\/\/www.gangodvaznych.cz\/index.php\/wp-json\/wp\/v2\/pages\/1603\/revisions"}],"predecessor-version":[{"id":4348,"href":"https:\/\/www.gangodvaznych.cz\/index.php\/wp-json\/wp\/v2\/pages\/1603\/revisions\/4348"}],"wp:attachment":[{"href":"https:\/\/www.gangodvaznych.cz\/index.php\/wp-json\/wp\/v2\/media?parent=1603"}],"curies":[{"name":"wp","href":"https:\/\/api.w.org\/{rel}","templated":true}]}}