{"id":1798,"date":"2020-11-09T14:02:43","date_gmt":"2020-11-09T14:02:43","guid":{"rendered":"http:\/\/www.gangodvaznych.cz\/?page_id=1798"},"modified":"2021-12-31T14:54:33","modified_gmt":"2021-12-31T14:54:33","slug":"mix-pribehy-jinych-autoru-o-cestach-prekonavani-hranic-a-preziti","status":"publish","type":"page","link":"https:\/\/www.gangodvaznych.cz\/index.php\/mix-pribehy-jinych-autoru-o-cestach-prekonavani-hranic-a-preziti\/","title":{"rendered":"MIX &#8211; P\u0159\u00edb\u011bhy jin\u00fdch autor\u016f o cest\u00e1ch, p\u0159ekon\u00e1v\u00e1n\u00ed hranic a p\u0159e\u017eit\u00ed"},"content":{"rendered":"<p>&nbsp;<\/p>\n<p><img loading=\"lazy\" decoding=\"async\" class=\"wp-image-627 alignleft\" src=\"http:\/\/www.gangodvaznych.cz\/wp-content\/uploads\/2019\/03\/Skute\u010dn\u00e9-p\u0159\u00edb\u011bhy-o-p\u0159e\u017eit\u00ed-217x300.jpg\" alt=\"\" width=\"250\" height=\"346\" srcset=\"https:\/\/www.gangodvaznych.cz\/wp-content\/uploads\/2019\/03\/Skute\u010dn\u00e9-p\u0159\u00edb\u011bhy-o-p\u0159e\u017eit\u00ed-217x300.jpg 217w, https:\/\/www.gangodvaznych.cz\/wp-content\/uploads\/2019\/03\/Skute\u010dn\u00e9-p\u0159\u00edb\u011bhy-o-p\u0159e\u017eit\u00ed-768x1061.jpg 768w, https:\/\/www.gangodvaznych.cz\/wp-content\/uploads\/2019\/03\/Skute\u010dn\u00e9-p\u0159\u00edb\u011bhy-o-p\u0159e\u017eit\u00ed-741x1024.jpg 741w\" sizes=\"auto, (max-width: 250px) 100vw, 250px\" \/>Dowswell, Paul. <em>Skute\u010dn\u00e9 p\u0159\u00edb\u011bhy o p\u0159e\u017eit\u00ed<\/em>. Svojtka &amp; Va\u0161ut 1997.<\/p>\n<p>&nbsp;<\/p>\n<p>Zk\u00e1za vzducholodi Hindenburg, Apollo 13, Saint-Exup\u00e9ry na pou\u0161ti, potopen\u00ed lodi Bismarck a dal\u0161\u00ed katastrofy, z&nbsp;nich\u017e se n\u011bkter\u00e9mu z&nbsp;akt\u00e9r\u016f poda\u0159ilo uniknout.<\/p>\n<p>&nbsp;<\/p>\n<p>&nbsp;<\/p>\n<p>&nbsp;<\/p>\n<p>&nbsp;<\/p>\n<p>&nbsp;<\/p>\n<p>&nbsp;<\/p>\n<p><img loading=\"lazy\" decoding=\"async\" class=\"wp-image-1534 alignleft\" src=\"http:\/\/www.gangodvaznych.cz\/wp-content\/uploads\/2020\/01\/Cesty-za-dobrodru\u017estv\u00edm-246x300.jpg\" alt=\"\" width=\"250\" height=\"305\" srcset=\"https:\/\/www.gangodvaznych.cz\/wp-content\/uploads\/2020\/01\/Cesty-za-dobrodru\u017estv\u00edm-246x300.jpg 246w, https:\/\/www.gangodvaznych.cz\/wp-content\/uploads\/2020\/01\/Cesty-za-dobrodru\u017estv\u00edm-768x937.jpg 768w, https:\/\/www.gangodvaznych.cz\/wp-content\/uploads\/2020\/01\/Cesty-za-dobrodru\u017estv\u00edm-839x1024.jpg 839w, https:\/\/www.gangodvaznych.cz\/wp-content\/uploads\/2020\/01\/Cesty-za-dobrodru\u017estv\u00edm-300x366.jpg 300w, https:\/\/www.gangodvaznych.cz\/wp-content\/uploads\/2020\/01\/Cesty-za-dobrodru\u017estv\u00edm-850x1037.jpg 850w\" sizes=\"auto, (max-width: 250px) 100vw, 250px\" \/>Forbes, Scott a kol. <em>Cesty za dobrodru\u017estv\u00edm. P\u0159\u00edb\u011bhy velk\u00fdch \u010din\u016f<\/em>. CooBoo 2012. 256 stran.<\/p>\n<p>Magalh\u00e3ens \u2013 obeplut\u00ed zem\u011bkoule. Cook \u2013 objeven\u00ed Austr\u00e1lie. Lewis a Clark \u2013 nap\u0159\u00ed\u010d Severn\u00ed Amerikou. Burke a Wills \u2013 nap\u0159\u00ed\u010d Austr\u00e1li\u00ed. Livingstone a Stanley \u2013 do srdce Afriky. Amundsen a Scott \u2013 ji\u017en\u00ed p\u00f3l. Shackleton \u2013 prvn\u00ed pokus o p\u0159echod Antarktidy. Lindbergh \u2013 p\u0159elet Atlantiku. Johnsonov\u00e1 \u2013 letadlem z Anglie do Austr\u00e1lie. Barrington &#8211; zdol\u00e1n\u00ed \u0161v\u00fdcarsk\u00e9 st\u011bny Eiger- nejt\u011b\u017e\u0161\u00ed na sv\u011bt\u011b. Hillary a Tenzing \u2013 v\u00fdstup na Everest. Italov\u00e9 na K2. Chichester \u2013 s\u00e1m na jacht\u011b kolem sv\u011bta. Apollo 11 \u2013&nbsp; p\u0159ist\u00e1n\u00ed na M\u011bs\u00edci. Piccard a Jones \u2013 oblet Zem\u011b v horkovzdu\u0161n\u00e9m bal\u00f3nu.<\/p>\n<p>Velk\u00e1 v\u00fdpravn\u00e1 publikace s&nbsp;dobov\u00fdmi fotografiemi, ilustracemi, mapkami a n\u00e1kresy. Podrobn\u00fd rejst\u0159\u00edk.<\/p>\n<p>&nbsp;<\/p>\n<p><img loading=\"lazy\" decoding=\"async\" class=\"wp-image-3008 alignleft\" src=\"http:\/\/www.gangodvaznych.cz\/wp-content\/uploads\/2021\/12\/Grylls_Pribehy-skutecne-odvahy-204x300.jpg\" alt=\"\" width=\"250\" height=\"368\" srcset=\"https:\/\/www.gangodvaznych.cz\/wp-content\/uploads\/2021\/12\/Grylls_Pribehy-skutecne-odvahy-204x300.jpg 204w, https:\/\/www.gangodvaznych.cz\/wp-content\/uploads\/2021\/12\/Grylls_Pribehy-skutecne-odvahy-696x1024.jpg 696w, https:\/\/www.gangodvaznych.cz\/wp-content\/uploads\/2021\/12\/Grylls_Pribehy-skutecne-odvahy-768x1129.jpg 768w, https:\/\/www.gangodvaznych.cz\/wp-content\/uploads\/2021\/12\/Grylls_Pribehy-skutecne-odvahy-1044x1536.jpg 1044w, https:\/\/www.gangodvaznych.cz\/wp-content\/uploads\/2021\/12\/Grylls_Pribehy-skutecne-odvahy-1393x2048.jpg 1393w, https:\/\/www.gangodvaznych.cz\/wp-content\/uploads\/2021\/12\/Grylls_Pribehy-skutecne-odvahy-300x441.jpg 300w, https:\/\/www.gangodvaznych.cz\/wp-content\/uploads\/2021\/12\/Grylls_Pribehy-skutecne-odvahy-850x1250.jpg 850w, https:\/\/www.gangodvaznych.cz\/wp-content\/uploads\/2021\/12\/Grylls_Pribehy-skutecne-odvahy-scaled.jpg 1741w\" sizes=\"auto, (max-width: 250px) 100vw, 250px\" \/>Grylls, Bear. <em>P\u0159\u00edb\u011bhy skute\u010dn\u00e9 odvahy<\/em>. Jota 2014. (orig. 2013) 327 stran.<\/p>\n<p>25 pravdiv\u00fdch p\u0159\u00edb\u011bh\u016f o p\u0159e\u017eit\u00ed a hrdinstv\u00ed, kter\u00e9 utv\u00e1\u0159ely autor\u016fv \u017eivot. Osudy cestovatel\u016f, pr\u016fzkumn\u00edk\u016f, objevitel\u016f nov\u00fdch \u00fazem\u00ed, voj\u00e1k\u016f, v\u00e1le\u010dn\u00fdch zajatc\u016f, hleda\u010d\u016f min, pol\u00e1rn\u00edk\u016f, horolezc\u016f i mo\u0159eplavc\u016f, ale i oby\u010dejn\u00fdch lid\u00ed, kte\u0159\u00ed se dostali do sv\u00edzeln\u00e9 situace a z\u016fstali na \u017eivu. Nap\u0159. z\u0159\u00edcen\u00ed letadla s&nbsp;fotbalisty v&nbsp;And\u00e1ch nebo p\u0159\u00edb\u011bh d\u00edvky, kter\u00e1 p\u0159e\u017eila p\u00e1d letadla do de\u0161tn\u00e9ho pralesa.<\/p>\n<p>&nbsp;<\/p>\n<p>&nbsp;<\/p>\n<p>&nbsp;<\/p>\n<p>&nbsp;<\/p>\n<p>&nbsp;<\/p>\n<p><img loading=\"lazy\" decoding=\"async\" class=\"wp-image-1374 alignleft\" src=\"http:\/\/www.gangodvaznych.cz\/wp-content\/uploads\/2020\/01\/Vzh\u016fru-do-sv\u011bta-241x300.jpg\" alt=\"\" width=\"250\" height=\"311\" srcset=\"https:\/\/www.gangodvaznych.cz\/wp-content\/uploads\/2020\/01\/Vzh\u016fru-do-sv\u011bta-241x300.jpg 241w, https:\/\/www.gangodvaznych.cz\/wp-content\/uploads\/2020\/01\/Vzh\u016fru-do-sv\u011bta-768x958.jpg 768w, https:\/\/www.gangodvaznych.cz\/wp-content\/uploads\/2020\/01\/Vzh\u016fru-do-sv\u011bta-821x1024.jpg 821w, https:\/\/www.gangodvaznych.cz\/wp-content\/uploads\/2020\/01\/Vzh\u016fru-do-sv\u011bta-300x374.jpg 300w, https:\/\/www.gangodvaznych.cz\/wp-content\/uploads\/2020\/01\/Vzh\u016fru-do-sv\u011bta-850x1060.jpg 850w\" sizes=\"auto, (max-width: 250px) 100vw, 250px\" \/>Humphreys, Alastair. <em>Vzh\u016fru do sv\u011bta. 20 neuv\u011b\u0159iteln\u00fdch v\u00fdprav<\/em>. Albatros 2019. (Anglick\u00fd origin\u00e1l 2018.) Ilustrace Kevin Ward.<\/p>\n<p>Autor knihy z\u00edskal ocen\u011bn\u00ed National Geografic Dobrodruh roku. Atlantsk\u00fd oce\u00e1n p\u0159eplul na veslici, zbytek sv\u011bta projel na kole. V knize v\u00e1m p\u0159edkl\u00e1d\u00e1 \u017eivotn\u00ed p\u0159\u00edb\u011bhy dvaceti dobrodruh\u016f, kte\u0159\u00ed ho sv\u00fdmi odv\u00e1\u017en\u00fdmi cestovatelsk\u00fdmi \u010diny inspirovali. Kniha je bohat\u011b ilustrovan\u00e1, p\u0159ehledn\u011b strukturovan\u00e1, obsahuje mapky, n\u00e1\u010drty, sch\u00e9mata, komiksov\u011b zpracovan\u00e9 situace a ponouk\u00e1 \u010dten\u00e1\u0159e k jejich vlastn\u00edmu dobrodru\u017estv\u00ed.<\/p>\n<p>&nbsp;<\/p>\n<p>&nbsp;<\/p>\n<p>&nbsp;<\/p>\n<p><img loading=\"lazy\" decoding=\"async\" class=\"wp-image-1884 alignleft\" src=\"http:\/\/www.gangodvaznych.cz\/wp-content\/uploads\/2020\/12\/Velk\u00e1-kniha-slavn\u00fdch-dobrodru\u017en\u00fdch-p\u0159\u00edb\u011bh\u016f-202x300.jpg\" alt=\"\" width=\"250\" height=\"371\" srcset=\"https:\/\/www.gangodvaznych.cz\/wp-content\/uploads\/2020\/12\/Velk\u00e1-kniha-slavn\u00fdch-dobrodru\u017en\u00fdch-p\u0159\u00edb\u011bh\u016f-202x300.jpg 202w, https:\/\/www.gangodvaznych.cz\/wp-content\/uploads\/2020\/12\/Velk\u00e1-kniha-slavn\u00fdch-dobrodru\u017en\u00fdch-p\u0159\u00edb\u011bh\u016f-768x1141.jpg 768w, https:\/\/www.gangodvaznych.cz\/wp-content\/uploads\/2020\/12\/Velk\u00e1-kniha-slavn\u00fdch-dobrodru\u017en\u00fdch-p\u0159\u00edb\u011bh\u016f-689x1024.jpg 689w, https:\/\/www.gangodvaznych.cz\/wp-content\/uploads\/2020\/12\/Velk\u00e1-kniha-slavn\u00fdch-dobrodru\u017en\u00fdch-p\u0159\u00edb\u011bh\u016f-300x446.jpg 300w, https:\/\/www.gangodvaznych.cz\/wp-content\/uploads\/2020\/12\/Velk\u00e1-kniha-slavn\u00fdch-dobrodru\u017en\u00fdch-p\u0159\u00edb\u011bh\u016f-850x1263.jpg 850w, https:\/\/www.gangodvaznych.cz\/wp-content\/uploads\/2020\/12\/Velk\u00e1-kniha-slavn\u00fdch-dobrodru\u017en\u00fdch-p\u0159\u00edb\u011bh\u016f.jpg 1942w\" sizes=\"auto, (max-width: 250px) 100vw, 250px\" \/>kol. <em>Velk\u00e1 kniha slavn\u00fdch dobrodru\u017en\u00fdch p\u0159\u00edb\u011bh\u016f<\/em>. Pikola 2020. 296 stran. Uspo\u0159\u00e1dal Vladim\u00edr Hulpach. Ilustroval Zden\u011bk Burian.<\/p>\n<p>Antologie slavn\u00fdch dobrodru\u017en\u00fdch p\u0159\u00edb\u011bh\u016f klasick\u00e9 sv\u011btov\u00e9 literatury.<\/p>\n<p>Jack London. <em>L\u00e1ska k&nbsp;\u017eivotu<\/em><br \/>\nJules Verne. <em>Maty\u00e1\u0161 Sandorf<\/em><br \/>\nHarriet Beecher Stoweov\u00e1. <em>Chaloupka str\u00fd\u010dka Toma<\/em><br \/>\nDaniel Defoe. <em>Robinson Crusoe<\/em><br \/>\nBret Harte. <em>Ztraceni v&nbsp;pr\u00e9rii<\/em><br \/>\nKarel May. <em>P\u00edsky zk\u00e1zy<\/em><br \/>\nRudyard Kipling. <em>Jarn\u00ed b\u011bh<\/em><\/p>\n<p>&nbsp;<\/p>\n<p>&nbsp;<\/p>\n<p>&nbsp;<\/p>\n<p><img loading=\"lazy\" decoding=\"async\" class=\"wp-image-1370 alignleft\" src=\"http:\/\/www.gangodvaznych.cz\/wp-content\/uploads\/2020\/01\/10-odv\u00e1\u017en\u00fdch-expedic-e1578061719855-211x300.jpg\" alt=\"\" width=\"250\" height=\"355\" srcset=\"https:\/\/www.gangodvaznych.cz\/wp-content\/uploads\/2020\/01\/10-odv\u00e1\u017en\u00fdch-expedic-e1578061719855-211x300.jpg 211w, https:\/\/www.gangodvaznych.cz\/wp-content\/uploads\/2020\/01\/10-odv\u00e1\u017en\u00fdch-expedic-e1578061719855-768x1094.jpg 768w, https:\/\/www.gangodvaznych.cz\/wp-content\/uploads\/2020\/01\/10-odv\u00e1\u017en\u00fdch-expedic-e1578061719855-719x1024.jpg 719w, https:\/\/www.gangodvaznych.cz\/wp-content\/uploads\/2020\/01\/10-odv\u00e1\u017en\u00fdch-expedic-e1578061719855-300x427.jpg 300w, https:\/\/www.gangodvaznych.cz\/wp-content\/uploads\/2020\/01\/10-odv\u00e1\u017en\u00fdch-expedic-e1578061719855-850x1210.jpg 850w, https:\/\/www.gangodvaznych.cz\/wp-content\/uploads\/2020\/01\/10-odv\u00e1\u017en\u00fdch-expedic-e1578061719855.jpg 1967w\" sizes=\"auto, (max-width: 250px) 100vw, 250px\" \/>Str\u00f8mstadov\u00e1, Pia. <em>10 odv\u00e1\u017en\u00fdch expedic. P\u0159\u00edb\u011bhy dobrodruh\u016f, kte\u0159\u00ed \u0161li za sv\u00fdm snem<\/em>. Fragment 2019. 61 stran. Ilustrace Trond Bredesen.<\/p>\n<p>&nbsp;<\/p>\n<p><strong>James Cameron<\/strong> se v&nbsp;roce 2012 v&nbsp;ponorce potopil do hloubky 10&nbsp;908 metr\u016f.<\/p>\n<p><strong>Neil Armstrong<\/strong> 20. 7. 1969 stanul na povrchu M\u011bs\u00edce.<\/p>\n<p><strong>Amelia Earhartov\u00e1<\/strong> vytvo\u0159ila rychlostn\u00ed rekord v&nbsp;p\u0159eletu Atlantiku a v&nbsp;roce 1937 se vydala na let kolem sv\u011bta.<\/p>\n<p><strong>Alan Eustace<\/strong> se v&nbsp;roce 2014 nechal balonem vyn\u00e9st do stratosf\u00e9ry a pak ve v\u00fd\u0161ce 41&nbsp;419 m sko\u010dil ve speci\u00e1ln\u00edm skafandru dol\u016f. Pad\u00e1k rozev\u0159el po 4,5 minut\u00e1ch voln\u00e9ho p\u00e1du.<\/p>\n<p><strong>\u0160erpa Apa<\/strong> vylezl na Mount Everest (8&nbsp;848 m) celkem 21 x.<\/p>\n<p><strong>Gennadij Samochin<\/strong>, speleolog, kter\u00fd se v&nbsp;jeskyni v&nbsp;Abch\u00e1zii dostal do hloubky 2&nbsp;196 m. Pod zem\u00ed str\u00e1vil v\u00edc ne\u017e m\u011bs\u00edc.<\/p>\n<p><strong>Thor Heyerdahl<\/strong> s&nbsp;p\u011bti mu\u017ei v&nbsp;roce 1947 doplul z&nbsp;Peru do Polyn\u00e9sie (8&nbsp;000 km) na voru z&nbsp;balzov\u00e9ho d\u0159eva a dok\u00e1zal, \u017ee takto mohli oce\u00e1n p\u0159eplout Inkov\u00e9.<\/p>\n<p><strong>Dian Fosseyov\u00e1<\/strong> \u017eila 18 let v&nbsp;Africe pobl\u00ed\u017e goril\u00ed tlupy a zv\u00ed\u0159ata studovala v&nbsp;jejich p\u0159irozen\u00e9m prost\u0159ed\u00ed.<\/p>\n<p><strong>Fridtjof Nansen<\/strong> se v&nbsp;roce 1867 pokusil dos\u00e1hnout severn\u00edho p\u00f3lu.<\/p>\n<p><strong>Ellen MacArthurov\u00e1<\/strong> v&nbsp;roce 2005 sama na plachetnici obeplula zem\u011bkouli za 71 dn\u00ed.<\/p>\n<p>&nbsp;<\/p>\n<p>&nbsp;<\/p>\n<p><img loading=\"lazy\" decoding=\"async\" class=\"wp-image-1389 alignleft\" src=\"http:\/\/www.gangodvaznych.cz\/wp-content\/uploads\/2020\/01\/Legendy-\u010desk\u00e9ho-z\u00e1chran\u00e1\u0159stv\u00ed-207x300.jpg\" alt=\"\" width=\"250\" height=\"362\" srcset=\"https:\/\/www.gangodvaznych.cz\/wp-content\/uploads\/2020\/01\/Legendy-\u010desk\u00e9ho-z\u00e1chran\u00e1\u0159stv\u00ed-207x300.jpg 207w, https:\/\/www.gangodvaznych.cz\/wp-content\/uploads\/2020\/01\/Legendy-\u010desk\u00e9ho-z\u00e1chran\u00e1\u0159stv\u00ed-768x1115.jpg 768w, https:\/\/www.gangodvaznych.cz\/wp-content\/uploads\/2020\/01\/Legendy-\u010desk\u00e9ho-z\u00e1chran\u00e1\u0159stv\u00ed-706x1024.jpg 706w, https:\/\/www.gangodvaznych.cz\/wp-content\/uploads\/2020\/01\/Legendy-\u010desk\u00e9ho-z\u00e1chran\u00e1\u0159stv\u00ed-300x435.jpg 300w, https:\/\/www.gangodvaznych.cz\/wp-content\/uploads\/2020\/01\/Legendy-\u010desk\u00e9ho-z\u00e1chran\u00e1\u0159stv\u00ed-850x1234.jpg 850w, https:\/\/www.gangodvaznych.cz\/wp-content\/uploads\/2020\/01\/Legendy-\u010desk\u00e9ho-z\u00e1chran\u00e1\u0159stv\u00ed.jpg 1699w\" sizes=\"auto, (max-width: 250px) 100vw, 250px\" \/>Va\u0148ura, Miroslav. <em>Legendy \u010desk\u00e9ho z\u00e1chran\u00e1\u0159stv\u00ed. (Nejv\u011bt\u0161\u00ed p\u0159\u00edpady a pohled do z\u00e1kulis\u00ed pr\u00e1ce z\u00e1chran\u00e1\u0159\u016f, hasi\u010d\u016f, horsk\u00e9 slu\u017eby a dal\u0161\u00edch)<\/em>. XYZ 2019. 220 stran.<\/p>\n<p>&nbsp;<\/p>\n<p>Autentick\u00e9 report\u00e1\u017ee Mirka Va\u0148ury vych\u00e1zej\u00ed ze stejnojmenn\u00e9ho&nbsp;dokument\u00e1rn\u00edho seri\u00e1lu \u010cesk\u00e9 televize, kter\u00fd se nat\u00e1\u010del p\u0159i ostr\u00fdch akc\u00edch na \u00fazem\u00ed \u010cesk\u00e9 republiky. P\u0159in\u00e1\u0161\u00ed barvit\u00e9 l\u00ed\u010den\u00ed konkr\u00e9tn\u00edch nehod a ne\u0161t\u011bst\u00ed, p\u0159i nich\u017e zasahovaly z\u00e1chran\u00e1\u0159sk\u00e9 slo\u017eky. Dopln\u011bno \u010dernob\u00edl\u00fdmi fotografiemi z&nbsp;m\u00edsta z\u00e1sahu. Kapitoly: <strong>Srde\u010dn\u00ed z\u00e1stava, V&nbsp;zajet\u00ed ohn\u011b, V\u00fdbuchy plynu, Emergency, Unik\u00e1tn\u00ed z\u00e1chrany, Autobusy a tramvaje, Horsk\u00e1 slu\u017eba, Vlakov\u00e1 ne\u0161t\u011bst\u00ed, Vyjednava\u010di, Povodn\u011b, Mimo\u0159\u00e1dn\u00e9 ud\u00e1losti.<\/strong><\/p>\n<p>&nbsp;<\/p>\n","protected":false},"excerpt":{"rendered":"<p>&nbsp; Dowswell, Paul. Skute\u010dn\u00e9 p\u0159\u00edb\u011bhy o p\u0159e\u017eit\u00ed. Svojtka &amp; Va\u0161ut 1997. &nbsp; Zk\u00e1za vzducholodi Hindenburg, Apollo 13, Saint-Exup\u00e9ry na pou\u0161ti, potopen\u00ed lodi Bismarck a dal\u0161\u00ed katastrofy, z&nbsp;nich\u017e se n\u011bkter\u00e9mu z&nbsp;akt\u00e9r\u016f poda\u0159ilo uniknout. &nbsp; &nbsp; &nbsp; &nbsp; &nbsp; &nbsp; Forbes, Scott a kol. Cesty za dobrodru\u017estv\u00edm. P\u0159\u00edb\u011bhy velk\u00fdch \u010din\u016f. CooBoo 2012. 256 stran. Magalh\u00e3ens \u2013 obeplut\u00ed&#8230;<\/p>\n","protected":false},"author":1,"featured_media":0,"parent":0,"menu_order":0,"comment_status":"closed","ping_status":"closed","template":"","meta":{"ngg_post_thumbnail":0,"footnotes":""},"class_list":["post-1798","page","type-page","status-publish","hentry"],"_links":{"self":[{"href":"https:\/\/www.gangodvaznych.cz\/index.php\/wp-json\/wp\/v2\/pages\/1798","targetHints":{"allow":["GET"]}}],"collection":[{"href":"https:\/\/www.gangodvaznych.cz\/index.php\/wp-json\/wp\/v2\/pages"}],"about":[{"href":"https:\/\/www.gangodvaznych.cz\/index.php\/wp-json\/wp\/v2\/types\/page"}],"author":[{"embeddable":true,"href":"https:\/\/www.gangodvaznych.cz\/index.php\/wp-json\/wp\/v2\/users\/1"}],"replies":[{"embeddable":true,"href":"https:\/\/www.gangodvaznych.cz\/index.php\/wp-json\/wp\/v2\/comments?post=1798"}],"version-history":[{"count":9,"href":"https:\/\/www.gangodvaznych.cz\/index.php\/wp-json\/wp\/v2\/pages\/1798\/revisions"}],"predecessor-version":[{"id":3009,"href":"https:\/\/www.gangodvaznych.cz\/index.php\/wp-json\/wp\/v2\/pages\/1798\/revisions\/3009"}],"wp:attachment":[{"href":"https:\/\/www.gangodvaznych.cz\/index.php\/wp-json\/wp\/v2\/media?parent=1798"}],"curies":[{"name":"wp","href":"https:\/\/api.w.org\/{rel}","templated":true}]}}