{"id":18,"date":"2019-03-23T10:43:10","date_gmt":"2019-03-23T10:43:10","guid":{"rendered":"http:\/\/www.gangodvaznych.cz\/?page_id=18"},"modified":"2026-05-02T16:21:53","modified_gmt":"2026-05-02T16:21:53","slug":"mapy","status":"publish","type":"page","link":"https:\/\/www.gangodvaznych.cz\/index.php\/mapy\/","title":{"rendered":"Mapy"},"content":{"rendered":"<p>&nbsp;<\/p>\n<p><img loading=\"lazy\" decoding=\"async\" class=\"size-medium wp-image-910 alignleft\" src=\"http:\/\/www.gangodvaznych.cz\/wp-content\/uploads\/2019\/04\/smerova_ruzice-300x300.jpg\" alt=\"\" width=\"300\" height=\"300\" srcset=\"https:\/\/www.gangodvaznych.cz\/wp-content\/uploads\/2019\/04\/smerova_ruzice-300x300.jpg 300w, https:\/\/www.gangodvaznych.cz\/wp-content\/uploads\/2019\/04\/smerova_ruzice-150x150.jpg 150w, https:\/\/www.gangodvaznych.cz\/wp-content\/uploads\/2019\/04\/smerova_ruzice.jpg 713w\" sizes=\"auto, (max-width: 300px) 100vw, 300px\" \/><\/p>\n<p>&nbsp;<\/p>\n<p>Gang odv\u00e1\u017en\u00fdch cestuje do r\u016fzn\u00fdch kout\u016f sv\u011bta. Pod\u00edvejte se na mapky m\u00edst, kter\u00e1 u\u017e na\u0161i hrdinov\u00e9 nav\u0161t\u00edvili.<\/p>\n<p>&nbsp;<\/p>\n<p>MAPA SV\u011aTA<\/p>\n<p>&nbsp;<\/p>\n<p>&nbsp;<\/p>\n<p>&nbsp;<\/p>\n<p>&nbsp;<\/p>\n<ul>\n<li><a href=\"https:\/\/www.gangodvaznych.cz\/index.php\/mapy-ztraceni-ve-vlnach\/\">Ztraceni ve vln\u00e1ch &#8211; souostrov\u00ed Bahamy<\/a><\/li>\n<li><a href=\"https:\/\/www.gangodvaznych.cz\/index.php\/mapy-nevinna-lavina\/\">Nevinn\u00e1 lavina &#8211; Krkono\u0161e<\/a><\/li>\n<li><a href=\"https:\/\/www.gangodvaznych.cz\/index.php\/mapy-ve-sparech-dzungle\/\">Ve sp\u00e1rech d\u017eungle &#8211; Thajsko<\/a><\/li>\n<li><a href=\"https:\/\/www.gangodvaznych.cz\/index.php\/mapy-poust-vsude-poust\/\">Pou\u0161\u0165, v\u0161ude pou\u0161\u0165 &#8211; Tunisko<\/a><\/li>\n<li><a href=\"https:\/\/www.gangodvaznych.cz\/index.php\/netvor-trese-zemi\/\">Netvor t\u0159ese zem\u00ed &#8211; Tokio<\/a><\/li>\n<li><a href=\"https:\/\/www.gangodvaznych.cz\/index.php\/2021\/10\/15\/v-pasti-drave-reky-mapka\/\">V pasti drav\u00e9 \u0159eky &#8211; H\u0159ensko<\/a><\/li>\n<li><a href=\"https:\/\/www.gangodvaznych.cz\/index.php\/2023\/02\/17\/chapadla-ohne-ostrov-tenerife\/\">Chapadla ohn\u011b &#8211; ostrov Tenerife<\/a><\/li>\n<li><a href=\"https:\/\/www.gangodvaznych.cz\/index.php\/2023\/02\/17\/uder-tornada-stat-oklahoma\/\">\u00dader torn\u00e1da &#8211; st\u00e1t Oklahoma<\/a><\/li>\n<li><a href=\"https:\/\/www.gangodvaznych.cz\/index.php\/zraloci-zub-australie\/\">\u017dralo\u010d\u00ed zub &#8211; Queensland, Sydney, Velk\u00fd bari\u00e9rov\u00fd \u00fates<\/a><\/li>\n<li><a href=\"https:\/\/www.gangodvaznych.cz\/index.php\/2025\/04\/25\/medvedi-drap-moravskoslezske-beskydy\/\">Medv\u011bd\u00ed dr\u00e1p &#8211; Moravskoslezsk\u00e9 Beskydy<\/a><\/li>\n<li><a href=\"https:\/\/www.gangodvaznych.cz\/index.php\/2026\/05\/02\/mamuti-chlup-sever-kanady\/\">Mamut\u00ed chlup &#8211; sever Kanady<\/a><\/li>\n<li><a href=\"http:\/\/Lv\u00ed \u0159ev \u2013 Ke\u0148a a Tanzanie\">Lv\u00ed \u0159ev &#8211; Ke\u0148a a Tanzanie<\/a><\/li>\n<\/ul>\n","protected":false},"excerpt":{"rendered":"<p>&nbsp; &nbsp; Gang odv\u00e1\u017en\u00fdch cestuje do r\u016fzn\u00fdch kout\u016f sv\u011bta. Pod\u00edvejte se na mapky m\u00edst, kter\u00e1 u\u017e na\u0161i hrdinov\u00e9 nav\u0161t\u00edvili. &nbsp; MAPA SV\u011aTA &nbsp; &nbsp; &nbsp; &nbsp; Ztraceni ve vln\u00e1ch &#8211; souostrov\u00ed Bahamy Nevinn\u00e1 lavina &#8211; Krkono\u0161e Ve sp\u00e1rech d\u017eungle &#8211; Thajsko Pou\u0161\u0165, v\u0161ude pou\u0161\u0165 &#8211; Tunisko Netvor t\u0159ese zem\u00ed &#8211; Tokio V pasti drav\u00e9 \u0159eky&#8230;<\/p>\n","protected":false},"author":1,"featured_media":0,"parent":0,"menu_order":0,"comment_status":"closed","ping_status":"closed","template":"","meta":{"ngg_post_thumbnail":0,"footnotes":""},"class_list":["post-18","page","type-page","status-publish","hentry"],"_links":{"self":[{"href":"https:\/\/www.gangodvaznych.cz\/index.php\/wp-json\/wp\/v2\/pages\/18","targetHints":{"allow":["GET"]}}],"collection":[{"href":"https:\/\/www.gangodvaznych.cz\/index.php\/wp-json\/wp\/v2\/pages"}],"about":[{"href":"https:\/\/www.gangodvaznych.cz\/index.php\/wp-json\/wp\/v2\/types\/page"}],"author":[{"embeddable":true,"href":"https:\/\/www.gangodvaznych.cz\/index.php\/wp-json\/wp\/v2\/users\/1"}],"replies":[{"embeddable":true,"href":"https:\/\/www.gangodvaznych.cz\/index.php\/wp-json\/wp\/v2\/comments?post=18"}],"version-history":[{"count":24,"href":"https:\/\/www.gangodvaznych.cz\/index.php\/wp-json\/wp\/v2\/pages\/18\/revisions"}],"predecessor-version":[{"id":5797,"href":"https:\/\/www.gangodvaznych.cz\/index.php\/wp-json\/wp\/v2\/pages\/18\/revisions\/5797"}],"wp:attachment":[{"href":"https:\/\/www.gangodvaznych.cz\/index.php\/wp-json\/wp\/v2\/media?parent=18"}],"curies":[{"name":"wp","href":"https:\/\/api.w.org\/{rel}","templated":true}]}}