{"id":2026,"date":"2021-05-13T11:36:04","date_gmt":"2021-05-13T11:36:04","guid":{"rendered":"https:\/\/www.gangodvaznych.cz\/?page_id=2026"},"modified":"2025-08-20T16:19:53","modified_gmt":"2025-08-20T16:19:53","slug":"beletrie-jinych-autoru-zemetreseni","status":"publish","type":"page","link":"https:\/\/www.gangodvaznych.cz\/index.php\/beletrie-jinych-autoru-zemetreseni\/","title":{"rendered":"Beletrie jin\u00fdch autor\u016f &#8211; ZEM\u011aT\u0158ESEN\u00cd"},"content":{"rendered":"<p>&nbsp;<\/p>\n<p><img loading=\"lazy\" decoding=\"async\" class=\"wp-image-2027 alignleft\" src=\"http:\/\/www.gangodvaznych.cz\/wp-content\/uploads\/2021\/05\/Ganbare_Workshopy-smrti-208x300.jpg\" alt=\"\" width=\"250\" height=\"361\" srcset=\"https:\/\/www.gangodvaznych.cz\/wp-content\/uploads\/2021\/05\/Ganbare_Workshopy-smrti-208x300.jpg 208w, https:\/\/www.gangodvaznych.cz\/wp-content\/uploads\/2021\/05\/Ganbare_Workshopy-smrti-710x1024.jpg 710w, https:\/\/www.gangodvaznych.cz\/wp-content\/uploads\/2021\/05\/Ganbare_Workshopy-smrti-768x1107.jpg 768w, https:\/\/www.gangodvaznych.cz\/wp-content\/uploads\/2021\/05\/Ganbare_Workshopy-smrti-1065x1536.jpg 1065w, https:\/\/www.gangodvaznych.cz\/wp-content\/uploads\/2021\/05\/Ganbare_Workshopy-smrti-300x432.jpg 300w, https:\/\/www.gangodvaznych.cz\/wp-content\/uploads\/2021\/05\/Ganbare_Workshopy-smrti-850x1225.jpg 850w, https:\/\/www.gangodvaznych.cz\/wp-content\/uploads\/2021\/05\/Ganbare_Workshopy-smrti.jpg 1379w\" sizes=\"auto, (max-width: 250px) 100vw, 250px\" \/>Boni, Katarzyna. <em>Ganbare! Workshopy smrti<\/em>. Absynt 2017. 296 stran.<\/p>\n<p>P\u0159\u00edb\u011bhy lid\u00ed, kte\u0159\u00ed se p\u011bt let po mohutn\u00e9m zem\u011bt\u0159esen\u00ed, ni\u010div\u00fdch vln\u00e1ch cunami a katastrof\u011b v jadern\u00e9 elektr\u00e1rn\u011b Fuku\u0161ima pokou\u0161ej\u00ed vr\u00e1tit do norm\u00e1ln\u00edho \u017eivota. N\u011bkte\u0159\u00ed z t\u011bch, kte\u0159\u00ed p\u0159e\u017eili, se nau\u010dili pot\u00e1p\u011bt, aby mohli hledat t\u011bla sv\u00fdch ztracen\u00fdch bl\u00edzk\u00fdch na dn\u011b mo\u0159e. Jin\u00ed se sna\u017e\u00ed \u017e\u00edt tak, jako by se nic nestalo, dal\u0161\u00ed rozmlouvaj\u00ed s duchy a jsou i tac\u00ed, kte\u0159\u00ed se za\u010dali zapisovat na workshopy smrti. Proto\u017ee \u017e\u00edt se mus\u00ed. A um\u00edrat taky.<\/p>\n<p>&nbsp;<\/p>\n<p>&nbsp;<\/p>\n<p>&nbsp;<\/p>\n<p>&nbsp;<\/p>\n<p><img loading=\"lazy\" decoding=\"async\" class=\"wp-image-4412 alignleft\" src=\"http:\/\/www.gangodvaznych.cz\/wp-content\/uploads\/2025\/08\/Desaty-stupen_Clarke-182x300.jpg\" alt=\"\" width=\"250\" height=\"412\" srcset=\"https:\/\/www.gangodvaznych.cz\/wp-content\/uploads\/2025\/08\/Desaty-stupen_Clarke-182x300.jpg 182w, https:\/\/www.gangodvaznych.cz\/wp-content\/uploads\/2025\/08\/Desaty-stupen_Clarke-620x1024.jpg 620w, https:\/\/www.gangodvaznych.cz\/wp-content\/uploads\/2025\/08\/Desaty-stupen_Clarke-768x1268.jpg 768w, https:\/\/www.gangodvaznych.cz\/wp-content\/uploads\/2025\/08\/Desaty-stupen_Clarke-930x1536.jpg 930w, https:\/\/www.gangodvaznych.cz\/wp-content\/uploads\/2025\/08\/Desaty-stupen_Clarke-1241x2048.jpg 1241w, https:\/\/www.gangodvaznych.cz\/wp-content\/uploads\/2025\/08\/Desaty-stupen_Clarke-300x495.jpg 300w, https:\/\/www.gangodvaznych.cz\/wp-content\/uploads\/2025\/08\/Desaty-stupen_Clarke-850x1403.jpg 850w, https:\/\/www.gangodvaznych.cz\/wp-content\/uploads\/2025\/08\/Desaty-stupen_Clarke.jpg 1418w\" sizes=\"auto, (max-width: 250px) 100vw, 250px\" \/>Clarke, Arthur C. \u2013 McQuay, Mike. <em>Des\u00e1t\u00fd stupe\u0148<\/em>. Baronet 1997 (New York 1996). 463 stran.<\/p>\n<p>Lewis Craine jako sedmilet\u00fd p\u0159e\u017eil v roce 1994 zem\u011bt\u0159esen\u00ed v Kalifornii. Rodi\u010de zahynuli, jemu \u010d\u00e1ste\u010dn\u011b ochrnula lev\u00e1 ruka. P\u0159esouv\u00e1me se do roku 2024. Craine se stal uzn\u00e1van\u00fdm seizmologem s geni\u00e1ln\u00edmi schopnostmi p\u0159edpov\u00eddat bl\u00ed\u017e\u00edc\u00ed se ot\u0159esy. S Danem Newcombou a Lani\u00ed Kingovou vyv\u00edj\u00ed nov\u00e9 metody p\u0159esn\u00fdch p\u0159edpov\u011bd\u00ed pomoc\u00ed interaktivn\u00edho gl\u00f3bu. Jen\u017ee do v\u011bdy vstupuje politika, hlavn\u011b s\u00edl\u00edc\u00ed vliv muslim\u016f, boj o moc, z\u00e1vist, z\u00e1\u0161\u0165 i osobn\u00ed trag\u00e9die. Vinou zrady jedna z Crainov\u00fdch p\u0159edpov\u011bd\u00ed nevyjde, lid\u00e9 u\u017e mu nev\u011b\u0159\u00ed. P\u0159itom m\u011bl pl\u00e1n, jak lidstvo zem\u011bt\u0159esen\u00ed zbavit \u00fapln\u011b. Je rok 2058. Craine v\u00ed, \u017ee p\u0159ich\u00e1z\u00ed nejsiln\u011bj\u0161\u00ed zem\u011bt\u0159esen\u00ed lidsk\u00e9 historie, p\u0159ich\u00e1z\u00ed stupe\u0148 10\u2026<\/p>\n<p>&nbsp;<\/p>\n<p>&nbsp;<\/p>\n<p>&nbsp;<\/p>\n<p>&nbsp;<\/p>\n<p><img loading=\"lazy\" decoding=\"async\" class=\" wp-image-2028 alignleft\" src=\"http:\/\/www.gangodvaznych.cz\/wp-content\/uploads\/2021\/05\/Conan-a-dedictvi-Atlantidy-196x300.jpg\" alt=\"\" width=\"250\" height=\"383\" srcset=\"https:\/\/www.gangodvaznych.cz\/wp-content\/uploads\/2021\/05\/Conan-a-dedictvi-Atlantidy-196x300.jpg 196w, https:\/\/www.gangodvaznych.cz\/wp-content\/uploads\/2021\/05\/Conan-a-dedictvi-Atlantidy-668x1024.jpg 668w, https:\/\/www.gangodvaznych.cz\/wp-content\/uploads\/2021\/05\/Conan-a-dedictvi-Atlantidy-768x1177.jpg 768w, https:\/\/www.gangodvaznych.cz\/wp-content\/uploads\/2021\/05\/Conan-a-dedictvi-Atlantidy-1002x1536.jpg 1002w, https:\/\/www.gangodvaznych.cz\/wp-content\/uploads\/2021\/05\/Conan-a-dedictvi-Atlantidy-1336x2048.jpg 1336w, https:\/\/www.gangodvaznych.cz\/wp-content\/uploads\/2021\/05\/Conan-a-dedictvi-Atlantidy-300x460.jpg 300w, https:\/\/www.gangodvaznych.cz\/wp-content\/uploads\/2021\/05\/Conan-a-dedictvi-Atlantidy-850x1303.jpg 850w, https:\/\/www.gangodvaznych.cz\/wp-content\/uploads\/2021\/05\/Conan-a-dedictvi-Atlantidy.jpg 1367w\" sizes=\"auto, (max-width: 250px) 100vw, 250px\" \/>Courtier, Paul C. (Otomar Dvo\u0159\u00e1k) <em>Conan a D\u011bdictv\u00ed Atlantidy<\/em>. Viking 2001. 231 stran.<\/p>\n<p>Kniha v&nbsp;\u017e\u00e1nru fantasy je jednou z&nbsp;\u0159ady knih o barbaru Conanovi, sil\u00e1kovi, v\u00e1le\u010dn\u00edkovi a dobrodruhovi. Jeho p\u0159\u00edhody sepisuj\u00ed r\u016fzn\u00ed auto\u0159i. V&nbsp;<em>D\u011bdictv\u00ed Atlantidy<\/em> se hrdina po letech vrac\u00ed do rodn\u00e9 zem\u011b Cimmerie. M\u00e1 za \u00fakol organizovat ochranu tajemn\u00e9ho dolu pod horou Doom Endir, kterou \u010d\u00edm d\u00e1l \u010dast\u011bji ot\u0159\u00e1s\u00e1 zem\u011bt\u0159esen\u00ed. Conana \u010dekaj\u00ed nejen poty\u010dky znesv\u00e1\u0159en\u00fdch rod\u016f, st\u0159ety s&nbsp;vl\u010d\u00ed a vlkodla\u010d\u00ed sme\u010dkou a souboje s&nbsp;tajemn\u00fdmi monstry, ale i bitva s&nbsp;magi\u00ed jednoho ze Syn\u016f nebes, kter\u00fd chce zvr\u00e1tit chod d\u011bjin.<\/p>\n<p>&nbsp;<\/p>\n<p>&nbsp;<\/p>\n<p>&nbsp;<\/p>\n<p>&nbsp;<\/p>\n<p><img loading=\"lazy\" decoding=\"async\" class=\"wp-image-2987 alignleft\" src=\"http:\/\/www.gangodvaznych.cz\/wp-content\/uploads\/2021\/11\/8_4-stupnu-Richterovy-stupnice-216x300.jpg\" alt=\"\" width=\"250\" height=\"347\" srcset=\"https:\/\/www.gangodvaznych.cz\/wp-content\/uploads\/2021\/11\/8_4-stupnu-Richterovy-stupnice-216x300.jpg 216w, https:\/\/www.gangodvaznych.cz\/wp-content\/uploads\/2021\/11\/8_4-stupnu-Richterovy-stupnice-739x1024.jpg 739w, https:\/\/www.gangodvaznych.cz\/wp-content\/uploads\/2021\/11\/8_4-stupnu-Richterovy-stupnice-768x1064.jpg 768w, https:\/\/www.gangodvaznych.cz\/wp-content\/uploads\/2021\/11\/8_4-stupnu-Richterovy-stupnice-1108x1536.jpg 1108w, https:\/\/www.gangodvaznych.cz\/wp-content\/uploads\/2021\/11\/8_4-stupnu-Richterovy-stupnice-1478x2048.jpg 1478w, https:\/\/www.gangodvaznych.cz\/wp-content\/uploads\/2021\/11\/8_4-stupnu-Richterovy-stupnice-300x416.jpg 300w, https:\/\/www.gangodvaznych.cz\/wp-content\/uploads\/2021\/11\/8_4-stupnu-Richterovy-stupnice-850x1178.jpg 850w, https:\/\/www.gangodvaznych.cz\/wp-content\/uploads\/2021\/11\/8_4-stupnu-Richterovy-stupnice.jpg 1801w\" sizes=\"auto, (max-width: 250px) 100vw, 250px\" \/>Hernon, Peter. <em>8,4 Richterovy stupnice<\/em>. BB art 2002 (orig. 1999).&nbsp; 277 stran.<\/p>\n<p>Mlad\u00e1 seizmolo\u017eka Elizabeth Holleranov\u00e1 se specializuje na v\u00fdzkum zem\u011bt\u0159esen\u00ed pomoc\u00ed archeologick\u00fdch v\u00fdkop\u016f. Od b\u00fdval\u00e9ho u\u010ditele geologie z\u00edsk\u00e1 v\u00fdpo\u010dty, podle nich\u017e hroz\u00ed Spojen\u00fdm st\u00e1t\u016fm siln\u00e9 zem\u011bt\u0159esen\u00ed v oblasti New Madrid. Podivn\u00e9 chov\u00e1n\u00ed zv\u00ed\u0159at a sv\u011bteln\u00e9 \u00fakazy na obloze pozoruje i seizmolog John Atkins a varovn\u00e1 data sleduj\u00ed i dal\u0161\u00ed v\u011bdci. Ne\u017e v\u0161ak sta\u010d\u00ed varovat ve\u0159ejnost, vznikne siln\u00e9 zem\u011bt\u0159esn\u00ed na obrovsk\u00e9m \u00fazem\u00ed v \u00fadol\u00ed Mississippi a s n\u00edm povodn\u011b, po\u017e\u00e1ry, sesuvy p\u016fdy, rabov\u00e1n\u00ed. P\u0159ich\u00e1zej\u00ed dal\u0161\u00ed, je\u0161t\u011b siln\u011bj\u0161\u00ed ot\u0159esy. Vypad\u00e1 to, \u017ee za\u010d\u00edn\u00e1 katastrofa neb\u00fdval\u00fdch rozm\u011br\u016f. Jedinou mo\u017enost\u00ed, jak zabr\u00e1nit trag\u00e9dii, je zmen\u0161en\u00ed tlak\u016f v zemsk\u00e9 k\u016f\u0159e pomoc\u00ed podzemn\u00edho v\u00fdbuchu atomov\u00e9 bomby.<\/p>\n<p>&nbsp;<\/p>\n<p>&nbsp;<\/p>\n<p><img loading=\"lazy\" decoding=\"async\" class=\"wp-image-3395 alignleft\" src=\"http:\/\/www.gangodvaznych.cz\/wp-content\/uploads\/2023\/04\/Richterova-skala-207x300.jpg\" alt=\"\" width=\"250\" height=\"362\" srcset=\"https:\/\/www.gangodvaznych.cz\/wp-content\/uploads\/2023\/04\/Richterova-skala-207x300.jpg 207w, https:\/\/www.gangodvaznych.cz\/wp-content\/uploads\/2023\/04\/Richterova-skala-706x1024.jpg 706w, https:\/\/www.gangodvaznych.cz\/wp-content\/uploads\/2023\/04\/Richterova-skala-768x1114.jpg 768w, https:\/\/www.gangodvaznych.cz\/wp-content\/uploads\/2023\/04\/Richterova-skala-1059x1536.jpg 1059w, https:\/\/www.gangodvaznych.cz\/wp-content\/uploads\/2023\/04\/Richterova-skala-1411x2048.jpg 1411w, https:\/\/www.gangodvaznych.cz\/wp-content\/uploads\/2023\/04\/Richterova-skala-300x435.jpg 300w, https:\/\/www.gangodvaznych.cz\/wp-content\/uploads\/2023\/04\/Richterova-skala-850x1233.jpg 850w, https:\/\/www.gangodvaznych.cz\/wp-content\/uploads\/2023\/04\/Richterova-skala.jpg 1590w\" sizes=\"auto, (max-width: 250px) 100vw, 250px\" \/>Houghov\u00e1, Susan E. <em>Richterova \u0161k\u00e1la<\/em>. Mlad\u00e1 fronta 2009 (angl. orig. 2007).374 stran.<\/p>\n<p>\u017divotopisn\u00fd p\u0159\u00edb\u011bh seismologa Charlese Richtera, hlavn\u00edho autora stupnice, podle kter\u00e9 se m\u011b\u0159\u00ed magnitudo (velikost zem\u011bt\u0159esen\u00ed) \u2013 Richterova \u0161k\u00e1la. Autorka knihy je tak\u00e9 seismolo\u017eka, pe\u010dliv\u011b prostudovala Richterovu poz\u016fstalost, kterou tvo\u0159\u00ed jak v\u011bdeck\u00e9 pr\u00e1ce, tak den\u00edky, obs\u00e1hl\u00e1 korespondence, filozofick\u00e9 prozaick\u00e9 texty a velk\u00e9 mno\u017estv\u00ed poezie. Nahl\u00e9dneme tak nejen do z\u00e1kulis\u00ed vzniku seismologie jako v\u011bdy a vytv\u00e1\u0159en\u00ed badatelsk\u00e9 instituce v&nbsp;Kalifornii, ale pozn\u00e1me i velmi slo\u017eitou a origin\u00e1ln\u00ed osobnost \u010dlov\u011bka, kter\u00fd st\u00e1l u jej\u00edho zrodu.<\/p>\n<p>&nbsp;<\/p>\n<p>&nbsp;<\/p>\n<p>&nbsp;<\/p>\n<p><img loading=\"lazy\" decoding=\"async\" class=\"wp-image-2030 alignleft\" src=\"http:\/\/www.gangodvaznych.cz\/wp-content\/uploads\/2021\/05\/Vzdy-s-laskou-Petra-213x300.jpg\" alt=\"\" width=\"250\" height=\"352\" srcset=\"https:\/\/www.gangodvaznych.cz\/wp-content\/uploads\/2021\/05\/Vzdy-s-laskou-Petra-213x300.jpg 213w, https:\/\/www.gangodvaznych.cz\/wp-content\/uploads\/2021\/05\/Vzdy-s-laskou-Petra-729x1024.jpg 729w, https:\/\/www.gangodvaznych.cz\/wp-content\/uploads\/2021\/05\/Vzdy-s-laskou-Petra-768x1079.jpg 768w, https:\/\/www.gangodvaznych.cz\/wp-content\/uploads\/2021\/05\/Vzdy-s-laskou-Petra-1093x1536.jpg 1093w, https:\/\/www.gangodvaznych.cz\/wp-content\/uploads\/2021\/05\/Vzdy-s-laskou-Petra-1457x2048.jpg 1457w, https:\/\/www.gangodvaznych.cz\/wp-content\/uploads\/2021\/05\/Vzdy-s-laskou-Petra-300x422.jpg 300w, https:\/\/www.gangodvaznych.cz\/wp-content\/uploads\/2021\/05\/Vzdy-s-laskou-Petra-850x1195.jpg 850w, https:\/\/www.gangodvaznych.cz\/wp-content\/uploads\/2021\/05\/Vzdy-s-laskou-Petra.jpg 1764w\" sizes=\"auto, (max-width: 250px) 100vw, 250px\" \/>N\u011bmcov\u00e1, Petra \u2013 Scovell, Jane. <em>V\u017edy s&nbsp;l\u00e1skou, Petra. P\u0159\u00edb\u011bh o state\u010dnosti a nalezen\u00ed skryt\u00fdch dar\u016f \u017eivota<\/em>. BB\/art 2006. 191 stran.<\/p>\n<p>Autobiografie modelky Petry N\u011bmcov\u00e9. Posledn\u00ed \u010d\u00e1st knihy (od s. 155) nese n\u00e1zev <em>Zachr\u00e1n\u011bn\u00e1.<\/em> V n\u00ed autorka l\u00ed\u010d\u00ed, jak 26. prosince 2004 na dovolen\u00e9&nbsp; Thajsku p\u0159e\u017eila cunami vyvolan\u00e9m zem\u011bt\u0159esen\u00edm. Ob\u0159\u00ed vlna tehdy zpusto\u0161ila pob\u0159e\u017e\u00ed obrovsk\u00e9 \u010d\u00e1sti jihov\u00fdchodn\u00ed Asie. T\u011b\u017ece zran\u011bn\u00e1 Petra se zachytila na palm\u011b, kde se zbytkem sil \u010dekala na z\u00e1chran\u00e1\u0159e. Jej\u00ed snoubenec Simon v\u0161ak takov\u00e9 \u0161t\u011bst\u00ed nem\u011bl. Vlna m\u00edsty vysok\u00e1 a\u017e 30 metr\u016f tehdy usmrtila ve 14 st\u00e1tech 230 000 lid\u00ed.<\/p>\n<p>&nbsp;<\/p>\n<p>&nbsp;<\/p>\n<p>&nbsp;<\/p>\n<p><img loading=\"lazy\" decoding=\"async\" class=\"wp-image-2029 alignleft\" src=\"http:\/\/www.gangodvaznych.cz\/wp-content\/uploads\/2021\/05\/Cesta-konci-pod-Huascaranem-210x300.jpg\" alt=\"\" width=\"250\" height=\"357\" srcset=\"https:\/\/www.gangodvaznych.cz\/wp-content\/uploads\/2021\/05\/Cesta-konci-pod-Huascaranem-210x300.jpg 210w, https:\/\/www.gangodvaznych.cz\/wp-content\/uploads\/2021\/05\/Cesta-konci-pod-Huascaranem-300x428.jpg 300w, https:\/\/www.gangodvaznych.cz\/wp-content\/uploads\/2021\/05\/Cesta-konci-pod-Huascaranem.jpg 410w\" sizes=\"auto, (max-width: 250px) 100vw, 250px\" \/>Suchl, Jan. <em>Cesta kon\u010d\u00ed pod Huascar\u00e1nem<\/em>. Olympia 1972. 105 stran.<\/p>\n<p>Autentick\u00fd p\u0159\u00edb\u011bh je podrobnou rekonstrukc\u00ed \u010deskoslovensk\u00e9 horolezeck\u00e9 expedice, kter\u00e1 se v&nbsp;roce 1970 uskute\u010dnila v&nbsp;Peru. Nejprve se ne\u0161\u0165astnou shodou okolnost\u00ed zabil jeden z&nbsp;patn\u00e1cti\u010dlenn\u00e9ho t\u00fdmu. O p\u00e1r dn\u00ed pozd\u011bji (31. 5. 1970) v\u0161ak z\u00e1kladn\u00ed t\u00e1bor pod nejvy\u0161\u0161\u00ed peru\u00e1nskou horou Huascar\u00e1nem smetla gigantick\u00e1 lavina ledu a kamen\u00ed uvoln\u011bn\u00e1 zem\u011bt\u0159esen\u00edm o s\u00edle 7,9 Richterovy \u0161k\u00e1ly.<\/p>\n<p>&nbsp;<\/p>\n<p>&nbsp;<\/p>\n<p>&nbsp;<\/p>\n<p>&nbsp;<\/p>\n<p><img loading=\"lazy\" decoding=\"async\" class=\"wp-image-2031 alignleft\" src=\"http:\/\/www.gangodvaznych.cz\/wp-content\/uploads\/2021\/05\/Vlna-se-blizi-211x300.jpg\" alt=\"\" width=\"250\" height=\"355\" srcset=\"https:\/\/www.gangodvaznych.cz\/wp-content\/uploads\/2021\/05\/Vlna-se-blizi-211x300.jpg 211w, https:\/\/www.gangodvaznych.cz\/wp-content\/uploads\/2021\/05\/Vlna-se-blizi-721x1024.jpg 721w, https:\/\/www.gangodvaznych.cz\/wp-content\/uploads\/2021\/05\/Vlna-se-blizi-768x1090.jpg 768w, https:\/\/www.gangodvaznych.cz\/wp-content\/uploads\/2021\/05\/Vlna-se-blizi-1082x1536.jpg 1082w, https:\/\/www.gangodvaznych.cz\/wp-content\/uploads\/2021\/05\/Vlna-se-blizi-1443x2048.jpg 1443w, https:\/\/www.gangodvaznych.cz\/wp-content\/uploads\/2021\/05\/Vlna-se-blizi-300x426.jpg 300w, https:\/\/www.gangodvaznych.cz\/wp-content\/uploads\/2021\/05\/Vlna-se-blizi-850x1207.jpg 850w, https:\/\/www.gangodvaznych.cz\/wp-content\/uploads\/2021\/05\/Vlna-se-blizi.jpg 1728w\" sizes=\"auto, (max-width: 250px) 100vw, 250px\" \/>Tarshisov\u00e1, Lauren. <em>Vlna se bl\u00ed\u017e\u00ed. P\u0159e\u017eil jsem tsunami, 2011<\/em>. CPRESS, Brno 2017. 111 stran. Ilustrace Scott Dawson.<\/p>\n<p>Jeden\u00e1ctilet\u00fd Ben Kudo z&nbsp;Kalifornie je s&nbsp;maminkou a mlad\u0161\u00edm bratrem Harrym na n\u00e1v\u0161t\u011bv\u011b u str\u00fdce v&nbsp;japonsk\u00e9 vesnici Shogahama. Kdy\u017e oblast 11. 3. 2011 zas\u00e1hne zem\u011bt\u0159esen\u00ed, stihnou se oba kluci schovat pod postel. Ale sotva je maminka a str\u00fdc vyprost\u00ed, bl\u00ed\u017e\u00ed se dal\u0161\u00ed hrozba \u2013 k&nbsp;pob\u0159e\u017e\u00ed se val\u00ed ob\u0159\u00ed vlna \u2013 tsunami, kter\u00e1 v\u0161e smete, rozdrt\u00ed a pak spl\u00e1chne do mo\u0159e. Udr\u017e\u00ed se Ben v&nbsp;drav\u00e9m proudu na strom\u011b? A co je s&nbsp;ostatn\u00edmi? Vysv\u011btluj\u00edc\u00ed informace v&nbsp;doslovu.<\/p>\n<p><a href=\"https:\/\/www.gangodvaznych.cz\/index.php\/timovy-knizni-tipy\/\">Dal\u0161\u00ed d\u00edly t\u00e9to s\u00e9rie.<\/a><\/p>\n<p>&nbsp;<\/p>\n<p>&nbsp;<\/p>\n<p><img loading=\"lazy\" decoding=\"async\" class=\" wp-image-3097 alignleft\" src=\"http:\/\/www.gangodvaznych.cz\/wp-content\/uploads\/2022\/07\/Zemetreseni-Zniceni-San-Francisca-192x300.jpg\" alt=\"\" width=\"250\" height=\"391\" srcset=\"https:\/\/www.gangodvaznych.cz\/wp-content\/uploads\/2022\/07\/Zemetreseni-Zniceni-San-Francisca-192x300.jpg 192w, https:\/\/www.gangodvaznych.cz\/wp-content\/uploads\/2022\/07\/Zemetreseni-Zniceni-San-Francisca-657x1024.jpg 657w, https:\/\/www.gangodvaznych.cz\/wp-content\/uploads\/2022\/07\/Zemetreseni-Zniceni-San-Francisca-768x1198.jpg 768w, https:\/\/www.gangodvaznych.cz\/wp-content\/uploads\/2022\/07\/Zemetreseni-Zniceni-San-Francisca-985x1536.jpg 985w, https:\/\/www.gangodvaznych.cz\/wp-content\/uploads\/2022\/07\/Zemetreseni-Zniceni-San-Francisca-1313x2048.jpg 1313w, https:\/\/www.gangodvaznych.cz\/wp-content\/uploads\/2022\/07\/Zemetreseni-Zniceni-San-Francisca-300x468.jpg 300w, https:\/\/www.gangodvaznych.cz\/wp-content\/uploads\/2022\/07\/Zemetreseni-Zniceni-San-Francisca-850x1326.jpg 850w, https:\/\/www.gangodvaznych.cz\/wp-content\/uploads\/2022\/07\/Zemetreseni-Zniceni-San-Francisca.jpg 1582w\" sizes=\"auto, (max-width: 250px) 100vw, 250px\" \/>Thomas, Gordon a Witts, Max Morgan. <em>Zem\u011bt\u0159esen\u00ed<\/em>. <em>Zni\u010den\u00ed San Francisca<\/em>. Oldag 1999. 260 stran.<\/p>\n<p>Velmi podrobn\u00e1 rom\u00e1nov\u00e1 rekonstrukce zk\u00e1zy San Francisca p\u0159i zem\u011bt\u0159esen\u00ed roku 1906. L\u00ed\u010den\u00ed katastrofy, kter\u00e1 p\u0159inesla smrt v\u00edce ne\u017e 3000 lid\u00ed. Auto\u0159i \u010derpaj\u00ed z ov\u011b\u0159en\u00fdch informac\u00ed, dobov\u00fdch z\u00e1znam\u016f i odborn\u00e9ho tisku, a vyu\u017e\u00edvaj\u00ed tak postup\u016f literatury faktu. Den\u00edkov\u00e9 z\u00e1pisy zachycuj\u00ed p\u011bt kl\u00ed\u010dov\u00fdch dn\u016f od 17.4. 1906, kdy bylo San Francisco bohat\u00fdm kulturn\u00edm m\u011bstem (pr\u00e1v\u011b tu vystupoval Caruso), p\u0159es 18.4., kdy se v 5:12 r\u00e1no zem\u011b v zlomu San Andreas roztrhla. Zem\u011bt\u0159esen\u00ed ni\u010dilo a p\u0159eskupovalo zemsk\u00fd povrch. M\u011bsto zachv\u00e1tila panika, kter\u00e1 p\u0159erostla v humanit\u00e1rn\u00ed katastrofu, a po\u017e\u00e1ry, s nimi\u017e hasi\u010di dal\u0161\u00ed dny pro nedostatek vody bojovali pomoc\u00ed dynamitu. L\u00ed\u010den\u00ed kon\u010d\u00ed 21.4. 1906, kdy po\u017e\u00e1ry zp\u016fsoben\u00e9 ot\u0159esy pozvolna dohas\u00ednaly. V z\u00e1v\u011bru se auto\u0159i zam\u00fd\u0161lej\u00ed, co p\u0159ijde p\u0159\u00ed\u0161t\u011b.<\/p>\n<p>&nbsp;<\/p>\n<p><img loading=\"lazy\" decoding=\"async\" class=\" wp-image-3448 alignleft\" src=\"http:\/\/www.gangodvaznych.cz\/wp-content\/uploads\/2023\/07\/Zemetreseni_Jindra-Ticha-219x300.jpg\" alt=\"\" width=\"250\" height=\"342\" srcset=\"https:\/\/www.gangodvaznych.cz\/wp-content\/uploads\/2023\/07\/Zemetreseni_Jindra-Ticha-219x300.jpg 219w, https:\/\/www.gangodvaznych.cz\/wp-content\/uploads\/2023\/07\/Zemetreseni_Jindra-Ticha-746x1024.jpg 746w, https:\/\/www.gangodvaznych.cz\/wp-content\/uploads\/2023\/07\/Zemetreseni_Jindra-Ticha-768x1054.jpg 768w, https:\/\/www.gangodvaznych.cz\/wp-content\/uploads\/2023\/07\/Zemetreseni_Jindra-Ticha-1119x1536.jpg 1119w, https:\/\/www.gangodvaznych.cz\/wp-content\/uploads\/2023\/07\/Zemetreseni_Jindra-Ticha-300x412.jpg 300w, https:\/\/www.gangodvaznych.cz\/wp-content\/uploads\/2023\/07\/Zemetreseni_Jindra-Ticha-850x1166.jpg 850w, https:\/\/www.gangodvaznych.cz\/wp-content\/uploads\/2023\/07\/Zemetreseni_Jindra-Ticha.jpg 1470w\" sizes=\"auto, (max-width: 250px) 100vw, 250px\" \/>Tich\u00e1, Jindra. <em>Zem\u011bt\u0159esen\u00ed<\/em>. Akropolis 2012. 221 stran.<\/p>\n<p>Spole\u010densk\u00fd rom\u00e1n \u010desko-novoz\u00e9landsk\u00e9 autorky je sondou do rodiny \u010desk\u00e9 emigrantky \u017eij\u00edc\u00ed u\u017e n\u011bkolik des\u00edtek let na Nov\u00e9m Z\u00e9landu. P\u0159\u00edb\u011bh narozen\u00ed dlouho o\u010dek\u00e1van\u00e9 vnu\u010dky se prol\u00edn\u00e1 s&nbsp;p\u0159\u00edb\u011bhem \u00famrt\u00ed \u017eeny, jej\u00ed\u017e syn je souzen za asistenci p\u0159i jej\u00ed sebevra\u017ed\u011b. Tato symbolick\u00e1 rodinn\u00e1 zem\u011bt\u0159esen\u00ed jsou paralelou ke skute\u010dn\u00e9mu zem\u011bt\u0159esen\u00ed, kter\u00e9 postihlo novoz\u00e9landsk\u00e9 m\u011bsto Christchurch 22. 2. 2011. P\u0159i ot\u0159esech zahynuly stovky lid\u00ed i proto, \u017ee spousta staveb nebyla postavena podle norem. Zk\u00e1za druh\u00e9ho nejv\u011bt\u0161\u00edho m\u011bsta Nov\u00e9ho Z\u00e9landu byla tak obrovsk\u00e1, \u017ee \u00fa\u0159ady nejd\u0159\u00edv rozhodly, \u017ee se v\u00fdstavba neobnov\u00ed. Dnes je v\u0161ak Christchurch nov\u00e1 modern\u00ed metropole.<\/p>\n<p>&nbsp;<\/p>\n<p>&nbsp;<\/p>\n<p><img loading=\"lazy\" decoding=\"async\" class=\"wp-image-3411 alignleft\" src=\"http:\/\/www.gangodvaznych.cz\/wp-content\/uploads\/2023\/04\/Zkaza-ostrova-Sachalin-195x300.jpg\" alt=\"\" width=\"250\" height=\"385\" srcset=\"https:\/\/www.gangodvaznych.cz\/wp-content\/uploads\/2023\/04\/Zkaza-ostrova-Sachalin-195x300.jpg 195w, https:\/\/www.gangodvaznych.cz\/wp-content\/uploads\/2023\/04\/Zkaza-ostrova-Sachalin-664x1024.jpg 664w, https:\/\/www.gangodvaznych.cz\/wp-content\/uploads\/2023\/04\/Zkaza-ostrova-Sachalin-768x1184.jpg 768w, https:\/\/www.gangodvaznych.cz\/wp-content\/uploads\/2023\/04\/Zkaza-ostrova-Sachalin-996x1536.jpg 996w, https:\/\/www.gangodvaznych.cz\/wp-content\/uploads\/2023\/04\/Zkaza-ostrova-Sachalin-1329x2048.jpg 1329w, https:\/\/www.gangodvaznych.cz\/wp-content\/uploads\/2023\/04\/Zkaza-ostrova-Sachalin-300x462.jpg 300w, https:\/\/www.gangodvaznych.cz\/wp-content\/uploads\/2023\/04\/Zkaza-ostrova-Sachalin-850x1310.jpg 850w, https:\/\/www.gangodvaznych.cz\/wp-content\/uploads\/2023\/04\/Zkaza-ostrova-Sachalin.jpg 1566w\" sizes=\"auto, (max-width: 250px) 100vw, 250px\" \/>Verkin, Eduard. <em>Zk\u00e1za ostrova Sachalin<\/em>. Kniha Zl\u00edn 2021 (rusky 2018). 452 stran.<\/p>\n<p>Sv\u011bt je po jadern\u00e9 v\u00e1lce mezi USA a Severn\u00ed Koreou v&nbsp;rozkladu. Ty, kte\u0159\u00ed p\u0159e\u017eili, nav\u00edc napad\u00e1 virus, kter\u00fd z&nbsp;lid\u00ed d\u011bl\u00e1 chod\u00edc\u00ed mrtvoly. Nedot\u010den\u00e9 z\u016fstalo jen Japonsko a rusk\u00fd ostrov Sachalin, kter\u00fd je v\u0161ak p\u0159epln\u011bn a podm\u00ednky v&nbsp;pracovn\u00edch t\u00e1borech jsou nelidsk\u00e9. Hlavn\u00ed hrdinka, mlad\u00e1 Lila, je dcera Rusky a Japonce. Coby doktorandka v&nbsp;oboru aplikovan\u00e9 futurologie se vyd\u00e1v\u00e1 na Sachalin zkoumat podm\u00ednky v&nbsp;m\u00edstn\u00edch v\u011bznic\u00edch. Doprovod j\u00ed d\u011bl\u00e1 Ar\u0165om, profesion\u00e1ln\u00ed zabij\u00e1k, kter\u00fd v\u0161ak v&nbsp;sob\u011b m\u00e1 spoustu lidskosti. Nebezpe\u010dn\u00e1 v\u00fdprava se zm\u011bn\u00ed v&nbsp;boj o p\u0159e\u017eit\u00ed, kdy\u017e ostrov postihne zem\u011bt\u0159esen\u00ed a pokles hladiny mo\u0159e umo\u017en\u00ed vp\u00e1d naka\u017een\u00fdch na ostrov.<\/p>\n","protected":false},"excerpt":{"rendered":"<p>&nbsp; Boni, Katarzyna. Ganbare! Workshopy smrti. Absynt 2017. 296 stran. P\u0159\u00edb\u011bhy lid\u00ed, kte\u0159\u00ed se p\u011bt let po mohutn\u00e9m zem\u011bt\u0159esen\u00ed, ni\u010div\u00fdch vln\u00e1ch cunami a katastrof\u011b v jadern\u00e9 elektr\u00e1rn\u011b Fuku\u0161ima pokou\u0161ej\u00ed vr\u00e1tit do norm\u00e1ln\u00edho \u017eivota. N\u011bkte\u0159\u00ed z t\u011bch, kte\u0159\u00ed p\u0159e\u017eili, se nau\u010dili pot\u00e1p\u011bt, aby mohli hledat t\u011bla sv\u00fdch ztracen\u00fdch bl\u00edzk\u00fdch na dn\u011b mo\u0159e. Jin\u00ed se sna\u017e\u00ed \u017e\u00edt&#8230;<\/p>\n","protected":false},"author":1,"featured_media":0,"parent":0,"menu_order":0,"comment_status":"closed","ping_status":"closed","template":"","meta":{"ngg_post_thumbnail":0,"footnotes":""},"class_list":["post-2026","page","type-page","status-publish","hentry"],"_links":{"self":[{"href":"https:\/\/www.gangodvaznych.cz\/index.php\/wp-json\/wp\/v2\/pages\/2026","targetHints":{"allow":["GET"]}}],"collection":[{"href":"https:\/\/www.gangodvaznych.cz\/index.php\/wp-json\/wp\/v2\/pages"}],"about":[{"href":"https:\/\/www.gangodvaznych.cz\/index.php\/wp-json\/wp\/v2\/types\/page"}],"author":[{"embeddable":true,"href":"https:\/\/www.gangodvaznych.cz\/index.php\/wp-json\/wp\/v2\/users\/1"}],"replies":[{"embeddable":true,"href":"https:\/\/www.gangodvaznych.cz\/index.php\/wp-json\/wp\/v2\/comments?post=2026"}],"version-history":[{"count":32,"href":"https:\/\/www.gangodvaznych.cz\/index.php\/wp-json\/wp\/v2\/pages\/2026\/revisions"}],"predecessor-version":[{"id":4413,"href":"https:\/\/www.gangodvaznych.cz\/index.php\/wp-json\/wp\/v2\/pages\/2026\/revisions\/4413"}],"wp:attachment":[{"href":"https:\/\/www.gangodvaznych.cz\/index.php\/wp-json\/wp\/v2\/media?parent=2026"}],"curies":[{"name":"wp","href":"https:\/\/api.w.org\/{rel}","templated":true}]}}