{"id":2045,"date":"2021-05-13T13:22:01","date_gmt":"2021-05-13T13:22:01","guid":{"rendered":"https:\/\/www.gangodvaznych.cz\/?page_id=2045"},"modified":"2026-03-28T23:42:39","modified_gmt":"2026-03-28T23:42:39","slug":"zemetreseni","status":"publish","type":"page","link":"https:\/\/www.gangodvaznych.cz\/index.php\/bonusy\/zemetreseni\/","title":{"rendered":"ZEM\u011aT\u0158ESEN\u00cd &#8211; bonusy"},"content":{"rendered":"<p><img loading=\"lazy\" decoding=\"async\" class=\" wp-image-2006 alignright\" src=\"http:\/\/www.gangodvaznych.cz\/wp-content\/uploads\/2021\/05\/Netvor-trese-zemi-OBALKA-205x300.jpg\" alt=\"\" width=\"120\" height=\"176\" srcset=\"https:\/\/www.gangodvaznych.cz\/wp-content\/uploads\/2021\/05\/Netvor-trese-zemi-OBALKA-205x300.jpg 205w, https:\/\/www.gangodvaznych.cz\/wp-content\/uploads\/2021\/05\/Netvor-trese-zemi-OBALKA-700x1024.jpg 700w, https:\/\/www.gangodvaznych.cz\/wp-content\/uploads\/2021\/05\/Netvor-trese-zemi-OBALKA-768x1123.jpg 768w, https:\/\/www.gangodvaznych.cz\/wp-content\/uploads\/2021\/05\/Netvor-trese-zemi-OBALKA-1050x1536.jpg 1050w, https:\/\/www.gangodvaznych.cz\/wp-content\/uploads\/2021\/05\/Netvor-trese-zemi-OBALKA-1401x2048.jpg 1401w, https:\/\/www.gangodvaznych.cz\/wp-content\/uploads\/2021\/05\/Netvor-trese-zemi-OBALKA-300x439.jpg 300w, https:\/\/www.gangodvaznych.cz\/wp-content\/uploads\/2021\/05\/Netvor-trese-zemi-OBALKA-850x1243.jpg 850w, https:\/\/www.gangodvaznych.cz\/wp-content\/uploads\/2021\/05\/Netvor-trese-zemi-OBALKA-scaled.jpg 1751w\" sizes=\"auto, (max-width: 120px) 100vw, 120px\" \/>\u010cl\u00e1nky k t\u00e9matu ZEM\u011aT\u0158ESEN\u00cd se vztahuj\u00ed ke knize <a href=\"https:\/\/www.gangodvaznych.cz\/index.php\/go-netvor-trese-zemi\/\"><em>NETVOR T\u0158ESE ZEM\u00cd<\/em><\/a><\/p>\n<p>\u010cl\u00e1nky k t\u00e9matu:<\/p>\n<p>&nbsp;<\/p>\n<p><img loading=\"lazy\" decoding=\"async\" class=\" wp-image-2279 alignleft\" src=\"http:\/\/www.gangodvaznych.cz\/wp-content\/uploads\/2021\/05\/Asakusa_Kimiko-a-Beta-95x300.jpg\" alt=\"\" width=\"136\" height=\"429\"><\/p>\n<ul id=\"lcp_instance_0\" class=\"lcp_catlist\">\n<li><a href=\"https:\/\/www.gangodvaznych.cz\/index.php\/2021\/05\/13\/co-je-zavalovy-syndrom-mariana\/\">Co je to z\u00e1valov\u00fd syndrom (Mariana)<\/a><\/li>\n<li><a href=\"https:\/\/www.gangodvaznych.cz\/index.php\/2021\/05\/13\/japonsky-vodnik-kappa-tim\/\">Japonsk\u00fd vodn\u00edk Kappa (Tim)<\/a><\/li>\n<li><a href=\"https:\/\/www.gangodvaznych.cz\/index.php\/2021\/05\/13\/mohou-zvirata-predvidat-zemetreseni-jonas\/\">Mohou zv\u00ed\u0159ata p\u0159edv\u00eddat zem\u011bt\u0159esen\u00ed? (Jon\u00e1\u0161)<\/a><\/li>\n<li><a href=\"https:\/\/www.gangodvaznych.cz\/index.php\/2021\/05\/13\/pribeh-psa-haciko-beta\/\">P\u0159\u00edb\u011bh psa Ha\u010dik\u00f3 (Beta)<\/a><\/li>\n<li><a href=\"https:\/\/www.gangodvaznych.cz\/index.php\/2021\/05\/13\/ryze-na-tisic-zpusobu-alfa\/\">R\u00fd\u017ee na tis\u00edc zp\u016fsob\u016f (Alfa)<\/a><\/li>\n<li><a href=\"https:\/\/www.gangodvaznych.cz\/index.php\/2021\/05\/13\/aby-stavby-pri-zemetreseni-nespadly-hardy\/\">Pro\u010d n\u011bkter\u00e9 stavby p\u0159i ot\u0159esech nespadnou (Hardy)<\/a><\/li>\n<li><a href=\"https:\/\/www.gangodvaznych.cz\/index.php\/2021\/06\/12\/demoni-a-strasidla-japonska-tim\/\">D\u00e9moni a stra\u0161idla Japonska (Tim)<\/a><\/li>\n<li><a href=\"https:\/\/www.gangodvaznych.cz\/index.php\/2021\/06\/12\/hana-znamena-v-japonstine-kvetina-beta\/\">Hana znamen\u00e1 v japon\u0161tin\u011b kv\u011btina (Beta)<\/a><\/li>\n<li><a href=\"https:\/\/www.gangodvaznych.cz\/index.php\/2021\/06\/13\/hello-kitty-alfa\/\">Hello Kitty (Alfa)<\/a><\/li>\n<li><a href=\"https:\/\/www.gangodvaznych.cz\/index.php\/2021\/06\/14\/princezna-mio-san-a-chram-sensodzi-mariana\/\">Princezna Miao-\u0161an a chr\u00e1m Sens\u00f3d\u017ei (Mariana)<\/a><\/li>\n<\/ul>\n<p>&nbsp;<\/p>\n","protected":false},"excerpt":{"rendered":"<p>\u010cl\u00e1nky k t\u00e9matu ZEM\u011aT\u0158ESEN\u00cd se vztahuj\u00ed ke knize NETVOR T\u0158ESE ZEM\u00cd \u010cl\u00e1nky k t\u00e9matu: &nbsp; Co je to z\u00e1valov\u00fd syndrom (Mariana) Japonsk\u00fd vodn\u00edk Kappa (Tim) Mohou zv\u00ed\u0159ata p\u0159edv\u00eddat zem\u011bt\u0159esen\u00ed? (Jon\u00e1\u0161) P\u0159\u00edb\u011bh psa Ha\u010dik\u00f3 (Beta) R\u00fd\u017ee na tis\u00edc zp\u016fsob\u016f (Alfa) Pro\u010d n\u011bkter\u00e9 stavby p\u0159i ot\u0159esech nespadnou (Hardy) D\u00e9moni a stra\u0161idla Japonska (Tim) Hana znamen\u00e1 v japon\u0161tin\u011b&#8230;<\/p>\n","protected":false},"author":1,"featured_media":0,"parent":12,"menu_order":0,"comment_status":"closed","ping_status":"closed","template":"","meta":{"ngg_post_thumbnail":0,"footnotes":""},"class_list":["post-2045","page","type-page","status-publish","hentry"],"_links":{"self":[{"href":"https:\/\/www.gangodvaznych.cz\/index.php\/wp-json\/wp\/v2\/pages\/2045","targetHints":{"allow":["GET"]}}],"collection":[{"href":"https:\/\/www.gangodvaznych.cz\/index.php\/wp-json\/wp\/v2\/pages"}],"about":[{"href":"https:\/\/www.gangodvaznych.cz\/index.php\/wp-json\/wp\/v2\/types\/page"}],"author":[{"embeddable":true,"href":"https:\/\/www.gangodvaznych.cz\/index.php\/wp-json\/wp\/v2\/users\/1"}],"replies":[{"embeddable":true,"href":"https:\/\/www.gangodvaznych.cz\/index.php\/wp-json\/wp\/v2\/comments?post=2045"}],"version-history":[{"count":22,"href":"https:\/\/www.gangodvaznych.cz\/index.php\/wp-json\/wp\/v2\/pages\/2045\/revisions"}],"predecessor-version":[{"id":5643,"href":"https:\/\/www.gangodvaznych.cz\/index.php\/wp-json\/wp\/v2\/pages\/2045\/revisions\/5643"}],"up":[{"embeddable":true,"href":"https:\/\/www.gangodvaznych.cz\/index.php\/wp-json\/wp\/v2\/pages\/12"}],"wp:attachment":[{"href":"https:\/\/www.gangodvaznych.cz\/index.php\/wp-json\/wp\/v2\/media?parent=2045"}],"curies":[{"name":"wp","href":"https:\/\/api.w.org\/{rel}","templated":true}]}}