{"id":2159,"date":"2021-05-14T12:21:52","date_gmt":"2021-05-14T12:21:52","guid":{"rendered":"https:\/\/www.gangodvaznych.cz\/?page_id=2159"},"modified":"2021-05-14T15:38:29","modified_gmt":"2021-05-14T15:38:29","slug":"netvor-trese-zemi","status":"publish","type":"page","link":"https:\/\/www.gangodvaznych.cz\/index.php\/netvor-trese-zemi\/","title":{"rendered":"Netvor t\u0159ese zem\u00ed &#8211; Tokio"},"content":{"rendered":"<p><img loading=\"lazy\" decoding=\"async\" class=\"alignnone wp-image-2008\" src=\"http:\/\/www.gangodvaznych.cz\/wp-content\/uploads\/2021\/05\/Netvor_zadni-predsadka-300x231.jpg\" alt=\"\" width=\"728\" height=\"561\" srcset=\"https:\/\/www.gangodvaznych.cz\/wp-content\/uploads\/2021\/05\/Netvor_zadni-predsadka-300x231.jpg 300w, https:\/\/www.gangodvaznych.cz\/wp-content\/uploads\/2021\/05\/Netvor_zadni-predsadka-1024x788.jpg 1024w, https:\/\/www.gangodvaznych.cz\/wp-content\/uploads\/2021\/05\/Netvor_zadni-predsadka-768x591.jpg 768w, https:\/\/www.gangodvaznych.cz\/wp-content\/uploads\/2021\/05\/Netvor_zadni-predsadka-1536x1182.jpg 1536w, https:\/\/www.gangodvaznych.cz\/wp-content\/uploads\/2021\/05\/Netvor_zadni-predsadka-2048x1576.jpg 2048w, https:\/\/www.gangodvaznych.cz\/wp-content\/uploads\/2021\/05\/Netvor_zadni-predsadka-850x654.jpg 850w\" sizes=\"auto, (max-width: 728px) 100vw, 728px\" \/><\/p>\n<p>Tokio &#8211; hlavn\u00ed m\u011bsto Japonska.<\/p>\n<p>Po prohl\u00eddce chr\u00e1mov\u00e9ho komplexu v tokijsk\u00e9 \u010dtvrti Asakusa se v\u00fdprava rozd\u011blila. Jedna \u010d\u00e1st ode\u0161la na v\u011b\u017e Skytree, druh\u00e1 do Muzea d\u00e9mon\u016f a t\u0159et\u00ed z\u016fstala u Pagody. Jen\u017ee zem\u011bt\u0159esen\u00ed si nevyb\u00edr\u00e1&#8230;<\/p>\n","protected":false},"excerpt":{"rendered":"<p>Tokio &#8211; hlavn\u00ed m\u011bsto Japonska. Po prohl\u00eddce chr\u00e1mov\u00e9ho komplexu v tokijsk\u00e9 \u010dtvrti Asakusa se v\u00fdprava rozd\u011blila. Jedna \u010d\u00e1st ode\u0161la na v\u011b\u017e Skytree, druh\u00e1 do Muzea d\u00e9mon\u016f a t\u0159et\u00ed z\u016fstala u Pagody. Jen\u017ee zem\u011bt\u0159esen\u00ed si nevyb\u00edr\u00e1&#8230;<\/p>\n","protected":false},"author":1,"featured_media":0,"parent":0,"menu_order":0,"comment_status":"closed","ping_status":"closed","template":"","meta":{"ngg_post_thumbnail":0,"footnotes":""},"class_list":["post-2159","page","type-page","status-publish","hentry"],"_links":{"self":[{"href":"https:\/\/www.gangodvaznych.cz\/index.php\/wp-json\/wp\/v2\/pages\/2159","targetHints":{"allow":["GET"]}}],"collection":[{"href":"https:\/\/www.gangodvaznych.cz\/index.php\/wp-json\/wp\/v2\/pages"}],"about":[{"href":"https:\/\/www.gangodvaznych.cz\/index.php\/wp-json\/wp\/v2\/types\/page"}],"author":[{"embeddable":true,"href":"https:\/\/www.gangodvaznych.cz\/index.php\/wp-json\/wp\/v2\/users\/1"}],"replies":[{"embeddable":true,"href":"https:\/\/www.gangodvaznych.cz\/index.php\/wp-json\/wp\/v2\/comments?post=2159"}],"version-history":[{"count":2,"href":"https:\/\/www.gangodvaznych.cz\/index.php\/wp-json\/wp\/v2\/pages\/2159\/revisions"}],"predecessor-version":[{"id":2222,"href":"https:\/\/www.gangodvaznych.cz\/index.php\/wp-json\/wp\/v2\/pages\/2159\/revisions\/2222"}],"wp:attachment":[{"href":"https:\/\/www.gangodvaznych.cz\/index.php\/wp-json\/wp\/v2\/media?parent=2159"}],"curies":[{"name":"wp","href":"https:\/\/api.w.org\/{rel}","templated":true}]}}