{"id":2188,"date":"2021-05-14T13:47:51","date_gmt":"2021-05-14T13:47:51","guid":{"rendered":"https:\/\/www.gangodvaznych.cz\/?page_id=2188"},"modified":"2021-05-14T13:47:51","modified_gmt":"2021-05-14T13:47:51","slug":"pexeso","status":"publish","type":"page","link":"https:\/\/www.gangodvaznych.cz\/index.php\/pexeso\/","title":{"rendered":"PEXESO"},"content":{"rendered":"<p><a href=\"http:\/\/www.gangodvaznych.cz\/hry\/pexesoGO.htm\" target=\"_blank\" rel=\"noopener noreferrer\">PEXESO 6 x 6 karti\u010dek s ilustracemi GO!<img loading=\"lazy\" decoding=\"async\" class=\"wp-image-1385 alignright\" src=\"http:\/\/www.gangodvaznych.cz\/wp-content\/uploads\/2020\/01\/PEXESO_GO_OB%C3%81LKY-300x300.jpg\" sizes=\"auto, (max-width: 213px) 100vw, 213px\" srcset=\"https:\/\/www.gangodvaznych.cz\/wp-content\/uploads\/2020\/01\/PEXESO_GO_OB\u00c1LKY-300x300.jpg 300w, https:\/\/www.gangodvaznych.cz\/wp-content\/uploads\/2020\/01\/PEXESO_GO_OB\u00c1LKY-150x150.jpg 150w, https:\/\/www.gangodvaznych.cz\/wp-content\/uploads\/2020\/01\/PEXESO_GO_OB\u00c1LKY-768x768.jpg 768w, https:\/\/www.gangodvaznych.cz\/wp-content\/uploads\/2020\/01\/PEXESO_GO_OB\u00c1LKY-850x850.jpg 850w, https:\/\/www.gangodvaznych.cz\/wp-content\/uploads\/2020\/01\/PEXESO_GO_OB\u00c1LKY.jpg 881w\" alt=\"\" width=\"213\" height=\"213\"><\/a><\/p>\n<p><a href=\"http:\/\/www.brezinova.cz\/hry\/pexesoVelbloudi\/pexesoVelbloudi.htm\" target=\"_blank\" rel=\"noopener noreferrer\">PEXESO \u2013 velbloudi<\/a><\/p>\n<p><a href=\"http:\/\/www.brezinova.cz\/hry\/pexesoMore\/pexesoMore.htm\" target=\"_blank\" rel=\"noopener noreferrer\">PEXESO \u2013 mo\u0159e<\/a><\/p>\n<p><a href=\"http:\/\/www.brezinova.cz\/hry\/pexesoDzungle\/pexesoSparyDzungle.htm\" target=\"_blank\" rel=\"noopener noreferrer\">PEXESO \u2013 d\u017eungle<\/a>&nbsp;&nbsp;&nbsp;(POZOR! P\u00e1rujete dva r\u016fzn\u00e9 obr\u00e1zky stejn\u00e9ho motivu, nap\u0159. termit a termiti\u0161t\u011b.)<\/p>\n<p><a href=\"http:\/\/www.brezinova.cz\/hry\/pexesoSnih\/pexesoSnih.htm\" target=\"_blank\" rel=\"noopener noreferrer\">PEXESO \u2013 sn\u011bhov\u00e9 vlo\u010dky<\/a><\/p>\n<p>&nbsp;<\/p>\n<p><a href=\"http:\/\/www.gangodvaznych.cz\/index.php\/2020\/06\/30\/pexeso-go-od-albatrosu\/\">PEXESO&nbsp;<em>GO!<\/em> od Albatrosu (k tisku)<\/a><\/p>\n","protected":false},"excerpt":{"rendered":"<p>PEXESO 6 x 6 karti\u010dek s ilustracemi GO! PEXESO \u2013 velbloudi PEXESO \u2013 mo\u0159e PEXESO \u2013 d\u017eungle&nbsp;&nbsp;&nbsp;(POZOR! P\u00e1rujete dva r\u016fzn\u00e9 obr\u00e1zky stejn\u00e9ho motivu, nap\u0159. termit a termiti\u0161t\u011b.) PEXESO \u2013 sn\u011bhov\u00e9 vlo\u010dky &nbsp; PEXESO&nbsp;GO! od Albatrosu (k tisku)<\/p>\n","protected":false},"author":1,"featured_media":0,"parent":0,"menu_order":0,"comment_status":"closed","ping_status":"closed","template":"","meta":{"ngg_post_thumbnail":0,"footnotes":""},"class_list":["post-2188","page","type-page","status-publish","hentry"],"_links":{"self":[{"href":"https:\/\/www.gangodvaznych.cz\/index.php\/wp-json\/wp\/v2\/pages\/2188","targetHints":{"allow":["GET"]}}],"collection":[{"href":"https:\/\/www.gangodvaznych.cz\/index.php\/wp-json\/wp\/v2\/pages"}],"about":[{"href":"https:\/\/www.gangodvaznych.cz\/index.php\/wp-json\/wp\/v2\/types\/page"}],"author":[{"embeddable":true,"href":"https:\/\/www.gangodvaznych.cz\/index.php\/wp-json\/wp\/v2\/users\/1"}],"replies":[{"embeddable":true,"href":"https:\/\/www.gangodvaznych.cz\/index.php\/wp-json\/wp\/v2\/comments?post=2188"}],"version-history":[{"count":1,"href":"https:\/\/www.gangodvaznych.cz\/index.php\/wp-json\/wp\/v2\/pages\/2188\/revisions"}],"predecessor-version":[{"id":2189,"href":"https:\/\/www.gangodvaznych.cz\/index.php\/wp-json\/wp\/v2\/pages\/2188\/revisions\/2189"}],"wp:attachment":[{"href":"https:\/\/www.gangodvaznych.cz\/index.php\/wp-json\/wp\/v2\/media?parent=2188"}],"curies":[{"name":"wp","href":"https:\/\/api.w.org\/{rel}","templated":true}]}}