{"id":2845,"date":"2021-10-21T14:50:11","date_gmt":"2021-10-21T14:50:11","guid":{"rendered":"https:\/\/www.gangodvaznych.cz\/?page_id=2845"},"modified":"2023-11-25T11:46:38","modified_gmt":"2023-11-25T11:46:38","slug":"zasady-preziti","status":"publish","type":"page","link":"https:\/\/www.gangodvaznych.cz\/index.php\/zasady-preziti\/","title":{"rendered":"Z\u00e1sady p\u0159e\u017eit\u00ed"},"content":{"rendered":"<p>&nbsp;<\/p>\n<h3><img loading=\"lazy\" decoding=\"async\" class=\" wp-image-2820 alignright\" src=\"http:\/\/www.gangodvaznych.cz\/wp-content\/uploads\/2021\/10\/Hardy_portret_skica_SOS_3_-221x300.jpg\" alt=\"\" width=\"267\" height=\"362\" srcset=\"https:\/\/www.gangodvaznych.cz\/wp-content\/uploads\/2021\/10\/Hardy_portret_skica_SOS_3_-221x300.jpg 221w, https:\/\/www.gangodvaznych.cz\/wp-content\/uploads\/2021\/10\/Hardy_portret_skica_SOS_3_-754x1024.jpg 754w, https:\/\/www.gangodvaznych.cz\/wp-content\/uploads\/2021\/10\/Hardy_portret_skica_SOS_3_-768x1043.jpg 768w, https:\/\/www.gangodvaznych.cz\/wp-content\/uploads\/2021\/10\/Hardy_portret_skica_SOS_3_-300x408.jpg 300w, https:\/\/www.gangodvaznych.cz\/wp-content\/uploads\/2021\/10\/Hardy_portret_skica_SOS_3_-850x1155.jpg 850w, https:\/\/www.gangodvaznych.cz\/wp-content\/uploads\/2021\/10\/Hardy_portret_skica_SOS_3_.jpg 859w\" sizes=\"auto, (max-width: 267px) 100vw, 267px\" \/><strong>V z\u00e1v\u011bru jednotliv\u00fdch knih v\u017edy najdete bonusovou kapitolu Z\u00e1sady p\u0159e\u017eit\u00ed, kter\u00e1 v bodech shrnuje z\u00e1kladn\u00ed instrukce pot\u0159ebn\u00e9 k tomu, abyste si v dan\u00e9 nebezpe\u010dn\u00e9 situaci zachr\u00e1nili \u017eivot.<\/strong><\/h3>\n<p>&nbsp;<\/p>\n<p>V\u00edte, jak p\u0159ivolat pomoc?<\/p>\n<p>Um\u00edte rozd\u011blat ohe\u0148?<\/p>\n<p>Najdete na pou\u0161ti vodu?<\/p>\n<p>Dok\u00e1\u017eete si poradit ve sn\u011bhov\u00e9 bou\u0159i?<\/p>\n<p>&nbsp;<\/p>\n<p>&nbsp;<\/p>\n<p><img loading=\"lazy\" decoding=\"async\" class=\"alignnone wp-image-710\" src=\"http:\/\/www.gangodvaznych.cz\/wp-content\/uploads\/2019\/04\/Zasady_preziti-copy-198x300.jpg\" alt=\"\" width=\"166\" height=\"251\" srcset=\"https:\/\/www.gangodvaznych.cz\/wp-content\/uploads\/2019\/04\/Zasady_preziti-copy-198x300.jpg 198w, https:\/\/www.gangodvaznych.cz\/wp-content\/uploads\/2019\/04\/Zasady_preziti-copy-768x1165.jpg 768w, https:\/\/www.gangodvaznych.cz\/wp-content\/uploads\/2019\/04\/Zasady_preziti-copy-675x1024.jpg 675w, https:\/\/www.gangodvaznych.cz\/wp-content\/uploads\/2019\/04\/Zasady_preziti-copy.jpg 1713w\" sizes=\"auto, (max-width: 166px) 100vw, 166px\" \/> <img loading=\"lazy\" decoding=\"async\" class=\"alignnone wp-image-805\" src=\"http:\/\/www.gangodvaznych.cz\/wp-content\/uploads\/2019\/04\/Lavina_Z\u00e1sady_p\u0159e\u017eit\u00ed-001-191x300.jpg\" alt=\"\" width=\"160\" height=\"251\" srcset=\"https:\/\/www.gangodvaznych.cz\/wp-content\/uploads\/2019\/04\/Lavina_Z\u00e1sady_p\u0159e\u017eit\u00ed-001-191x300.jpg 191w, https:\/\/www.gangodvaznych.cz\/wp-content\/uploads\/2019\/04\/Lavina_Z\u00e1sady_p\u0159e\u017eit\u00ed-001-768x1209.jpg 768w, https:\/\/www.gangodvaznych.cz\/wp-content\/uploads\/2019\/04\/Lavina_Z\u00e1sady_p\u0159e\u017eit\u00ed-001-650x1024.jpg 650w, https:\/\/www.gangodvaznych.cz\/wp-content\/uploads\/2019\/04\/Lavina_Z\u00e1sady_p\u0159e\u017eit\u00ed-001-300x472.jpg 300w, https:\/\/www.gangodvaznych.cz\/wp-content\/uploads\/2019\/04\/Lavina_Z\u00e1sady_p\u0159e\u017eit\u00ed-001-850x1338.jpg 850w, https:\/\/www.gangodvaznych.cz\/wp-content\/uploads\/2019\/04\/Lavina_Z\u00e1sady_p\u0159e\u017eit\u00ed-001.jpg 987w\" sizes=\"auto, (max-width: 160px) 100vw, 160px\" \/> <img loading=\"lazy\" decoding=\"async\" class=\"alignnone wp-image-727\" src=\"http:\/\/www.gangodvaznych.cz\/wp-content\/uploads\/2019\/04\/Zasady_preziti_D\u017eungle-198x300.jpg\" alt=\"\" width=\"165\" height=\"250\" srcset=\"https:\/\/www.gangodvaznych.cz\/wp-content\/uploads\/2019\/04\/Zasady_preziti_D\u017eungle-198x300.jpg 198w, https:\/\/www.gangodvaznych.cz\/wp-content\/uploads\/2019\/04\/Zasady_preziti_D\u017eungle-768x1165.jpg 768w, https:\/\/www.gangodvaznych.cz\/wp-content\/uploads\/2019\/04\/Zasady_preziti_D\u017eungle-675x1024.jpg 675w, https:\/\/www.gangodvaznych.cz\/wp-content\/uploads\/2019\/04\/Zasady_preziti_D\u017eungle.jpg 1427w\" sizes=\"auto, (max-width: 165px) 100vw, 165px\" \/><img loading=\"lazy\" decoding=\"async\" class=\"alignnone wp-image-802\" src=\"http:\/\/www.gangodvaznych.cz\/wp-content\/uploads\/2019\/04\/Zasady_preziti_POU\u0160\u0164-198x300.jpg\" alt=\"\" width=\"164\" height=\"248\" srcset=\"https:\/\/www.gangodvaznych.cz\/wp-content\/uploads\/2019\/04\/Zasady_preziti_POU\u0160\u0164-198x300.jpg 198w, https:\/\/www.gangodvaznych.cz\/wp-content\/uploads\/2019\/04\/Zasady_preziti_POU\u0160\u0164-768x1165.jpg 768w, https:\/\/www.gangodvaznych.cz\/wp-content\/uploads\/2019\/04\/Zasady_preziti_POU\u0160\u0164-675x1024.jpg 675w, https:\/\/www.gangodvaznych.cz\/wp-content\/uploads\/2019\/04\/Zasady_preziti_POU\u0160\u0164-300x455.jpg 300w, https:\/\/www.gangodvaznych.cz\/wp-content\/uploads\/2019\/04\/Zasady_preziti_POU\u0160\u0164-850x1289.jpg 850w, https:\/\/www.gangodvaznych.cz\/wp-content\/uploads\/2019\/04\/Zasady_preziti_POU\u0160\u0164.jpg 1142w\" sizes=\"auto, (max-width: 164px) 100vw, 164px\" \/><\/p>\n<p><img loading=\"lazy\" decoding=\"async\" class=\"alignnone wp-image-2024\" src=\"http:\/\/www.gangodvaznych.cz\/wp-content\/uploads\/2021\/05\/Zasady_preziti_zemetreseni-198x300.jpg\" alt=\"\" width=\"163\" height=\"247\" srcset=\"https:\/\/www.gangodvaznych.cz\/wp-content\/uploads\/2021\/05\/Zasady_preziti_zemetreseni-198x300.jpg 198w, https:\/\/www.gangodvaznych.cz\/wp-content\/uploads\/2021\/05\/Zasady_preziti_zemetreseni-675x1024.jpg 675w, https:\/\/www.gangodvaznych.cz\/wp-content\/uploads\/2021\/05\/Zasady_preziti_zemetreseni-768x1165.jpg 768w, https:\/\/www.gangodvaznych.cz\/wp-content\/uploads\/2021\/05\/Zasady_preziti_zemetreseni-1013x1536.jpg 1013w, https:\/\/www.gangodvaznych.cz\/wp-content\/uploads\/2021\/05\/Zasady_preziti_zemetreseni-300x455.jpg 300w, https:\/\/www.gangodvaznych.cz\/wp-content\/uploads\/2021\/05\/Zasady_preziti_zemetreseni-850x1289.jpg 850w, https:\/\/www.gangodvaznych.cz\/wp-content\/uploads\/2021\/05\/Zasady_preziti_zemetreseni.jpg 1142w\" sizes=\"auto, (max-width: 163px) 100vw, 163px\" \/> <img loading=\"lazy\" decoding=\"async\" class=\"alignnone wp-image-2751\" src=\"http:\/\/www.gangodvaznych.cz\/wp-content\/uploads\/2021\/10\/Zasady_preziti-1-198x300.jpg\" alt=\"\" width=\"164\" height=\"248\" srcset=\"https:\/\/www.gangodvaznych.cz\/wp-content\/uploads\/2021\/10\/Zasady_preziti-1-198x300.jpg 198w, https:\/\/www.gangodvaznych.cz\/wp-content\/uploads\/2021\/10\/Zasady_preziti-1-675x1024.jpg 675w, https:\/\/www.gangodvaznych.cz\/wp-content\/uploads\/2021\/10\/Zasady_preziti-1-768x1165.jpg 768w, https:\/\/www.gangodvaznych.cz\/wp-content\/uploads\/2021\/10\/Zasady_preziti-1-1013x1536.jpg 1013w, https:\/\/www.gangodvaznych.cz\/wp-content\/uploads\/2021\/10\/Zasady_preziti-1-1350x2048.jpg 1350w, https:\/\/www.gangodvaznych.cz\/wp-content\/uploads\/2021\/10\/Zasady_preziti-1-300x455.jpg 300w, https:\/\/www.gangodvaznych.cz\/wp-content\/uploads\/2021\/10\/Zasady_preziti-1-850x1289.jpg 850w, https:\/\/www.gangodvaznych.cz\/wp-content\/uploads\/2021\/10\/Zasady_preziti-1-scaled.jpg 1688w\" sizes=\"auto, (max-width: 164px) 100vw, 164px\" \/><img loading=\"lazy\" decoding=\"async\" class=\"alignnone wp-image-3041\" src=\"http:\/\/www.gangodvaznych.cz\/wp-content\/uploads\/2022\/05\/Zasady_preziti-198x300.jpg\" alt=\"\" width=\"164\" height=\"249\" srcset=\"https:\/\/www.gangodvaznych.cz\/wp-content\/uploads\/2022\/05\/Zasady_preziti-198x300.jpg 198w, https:\/\/www.gangodvaznych.cz\/wp-content\/uploads\/2022\/05\/Zasady_preziti-675x1024.jpg 675w, https:\/\/www.gangodvaznych.cz\/wp-content\/uploads\/2022\/05\/Zasady_preziti-768x1165.jpg 768w, https:\/\/www.gangodvaznych.cz\/wp-content\/uploads\/2022\/05\/Zasady_preziti-1013x1536.jpg 1013w, https:\/\/www.gangodvaznych.cz\/wp-content\/uploads\/2022\/05\/Zasady_preziti-1350x2048.jpg 1350w, https:\/\/www.gangodvaznych.cz\/wp-content\/uploads\/2022\/05\/Zasady_preziti-300x455.jpg 300w, https:\/\/www.gangodvaznych.cz\/wp-content\/uploads\/2022\/05\/Zasady_preziti-850x1289.jpg 850w, https:\/\/www.gangodvaznych.cz\/wp-content\/uploads\/2022\/05\/Zasady_preziti-scaled.jpg 1688w\" sizes=\"auto, (max-width: 164px) 100vw, 164px\" \/><img loading=\"lazy\" decoding=\"async\" class=\"alignnone wp-image-3602\" src=\"http:\/\/www.gangodvaznych.cz\/wp-content\/uploads\/2023\/11\/Zasady_preziti-1-198x300.jpg\" alt=\"\" width=\"164\" height=\"249\" srcset=\"https:\/\/www.gangodvaznych.cz\/wp-content\/uploads\/2023\/11\/Zasady_preziti-1-198x300.jpg 198w, https:\/\/www.gangodvaznych.cz\/wp-content\/uploads\/2023\/11\/Zasady_preziti-1-675x1024.jpg 675w, https:\/\/www.gangodvaznych.cz\/wp-content\/uploads\/2023\/11\/Zasady_preziti-1-768x1165.jpg 768w, https:\/\/www.gangodvaznych.cz\/wp-content\/uploads\/2023\/11\/Zasady_preziti-1-1013x1536.jpg 1013w, https:\/\/www.gangodvaznych.cz\/wp-content\/uploads\/2023\/11\/Zasady_preziti-1-1350x2048.jpg 1350w, https:\/\/www.gangodvaznych.cz\/wp-content\/uploads\/2023\/11\/Zasady_preziti-1-300x455.jpg 300w, https:\/\/www.gangodvaznych.cz\/wp-content\/uploads\/2023\/11\/Zasady_preziti-1-850x1289.jpg 850w, https:\/\/www.gangodvaznych.cz\/wp-content\/uploads\/2023\/11\/Zasady_preziti-1-scaled.jpg 1688w\" sizes=\"auto, (max-width: 164px) 100vw, 164px\" \/><\/p>\n<p><img loading=\"lazy\" decoding=\"async\" class=\"alignnone wp-image-3519\" src=\"http:\/\/www.gangodvaznych.cz\/wp-content\/uploads\/2023\/11\/Zasady_preziti-198x300.jpg\" alt=\"\" width=\"164\" height=\"249\" srcset=\"https:\/\/www.gangodvaznych.cz\/wp-content\/uploads\/2023\/11\/Zasady_preziti-198x300.jpg 198w, https:\/\/www.gangodvaznych.cz\/wp-content\/uploads\/2023\/11\/Zasady_preziti-675x1024.jpg 675w, https:\/\/www.gangodvaznych.cz\/wp-content\/uploads\/2023\/11\/Zasady_preziti-768x1165.jpg 768w, https:\/\/www.gangodvaznych.cz\/wp-content\/uploads\/2023\/11\/Zasady_preziti-1013x1536.jpg 1013w, https:\/\/www.gangodvaznych.cz\/wp-content\/uploads\/2023\/11\/Zasady_preziti-1350x2048.jpg 1350w, https:\/\/www.gangodvaznych.cz\/wp-content\/uploads\/2023\/11\/Zasady_preziti-300x455.jpg 300w, https:\/\/www.gangodvaznych.cz\/wp-content\/uploads\/2023\/11\/Zasady_preziti-850x1289.jpg 850w, https:\/\/www.gangodvaznych.cz\/wp-content\/uploads\/2023\/11\/Zasady_preziti-scaled.jpg 1688w\" sizes=\"auto, (max-width: 164px) 100vw, 164px\" \/><\/p>\n<p>&nbsp;<\/p>\n<p>&nbsp;<\/p>\n<p>&nbsp;<\/p>\n","protected":false},"excerpt":{"rendered":"<p>&nbsp; V z\u00e1v\u011bru jednotliv\u00fdch knih v\u017edy najdete bonusovou kapitolu Z\u00e1sady p\u0159e\u017eit\u00ed, kter\u00e1 v bodech shrnuje z\u00e1kladn\u00ed instrukce pot\u0159ebn\u00e9 k tomu, abyste si v dan\u00e9 nebezpe\u010dn\u00e9 situaci zachr\u00e1nili \u017eivot. &nbsp; V\u00edte, jak p\u0159ivolat pomoc? Um\u00edte rozd\u011blat ohe\u0148? Najdete na pou\u0161ti vodu? Dok\u00e1\u017eete si poradit ve sn\u011bhov\u00e9 bou\u0159i? &nbsp; &nbsp; &nbsp; &nbsp; &nbsp;<\/p>\n","protected":false},"author":1,"featured_media":0,"parent":0,"menu_order":0,"comment_status":"closed","ping_status":"closed","template":"","meta":{"ngg_post_thumbnail":0,"footnotes":""},"class_list":["post-2845","page","type-page","status-publish","hentry"],"_links":{"self":[{"href":"https:\/\/www.gangodvaznych.cz\/index.php\/wp-json\/wp\/v2\/pages\/2845","targetHints":{"allow":["GET"]}}],"collection":[{"href":"https:\/\/www.gangodvaznych.cz\/index.php\/wp-json\/wp\/v2\/pages"}],"about":[{"href":"https:\/\/www.gangodvaznych.cz\/index.php\/wp-json\/wp\/v2\/types\/page"}],"author":[{"embeddable":true,"href":"https:\/\/www.gangodvaznych.cz\/index.php\/wp-json\/wp\/v2\/users\/1"}],"replies":[{"embeddable":true,"href":"https:\/\/www.gangodvaznych.cz\/index.php\/wp-json\/wp\/v2\/comments?post=2845"}],"version-history":[{"count":12,"href":"https:\/\/www.gangodvaznych.cz\/index.php\/wp-json\/wp\/v2\/pages\/2845\/revisions"}],"predecessor-version":[{"id":3607,"href":"https:\/\/www.gangodvaznych.cz\/index.php\/wp-json\/wp\/v2\/pages\/2845\/revisions\/3607"}],"wp:attachment":[{"href":"https:\/\/www.gangodvaznych.cz\/index.php\/wp-json\/wp\/v2\/media?parent=2845"}],"curies":[{"name":"wp","href":"https:\/\/api.w.org\/{rel}","templated":true}]}}