{"id":30,"date":"2019-03-23T10:50:11","date_gmt":"2019-03-23T10:50:11","guid":{"rendered":"http:\/\/www.gangodvaznych.cz\/?page_id=30"},"modified":"2020-06-26T15:08:54","modified_gmt":"2020-06-26T15:08:54","slug":"ve-sparech-dzungle","status":"publish","type":"page","link":"https:\/\/www.gangodvaznych.cz\/index.php\/ve-sparech-dzungle\/","title":{"rendered":"GO! &#8211; Ve sp\u00e1rech d\u017eungle"},"content":{"rendered":"\r\n<div class=\"wp-block-media-text alignwide\" style=\"grid-template-columns: 45% auto;\">\r\n<p>&nbsp;<\/p>\r\n<\/div>\r\n<p>&nbsp;<\/p>\r\n<div class=\"wp-block-media-text alignwide\" style=\"grid-template-columns: 45% auto;\">\r\n<p>\u0160est \u010dlen\u016f Gangu odv\u00e1\u017en\u00fdch ud\u011bl\u00e1 p\u0159i cestov\u00e1n\u00ed thajskou d\u017eungl\u00ed velkou chybu. Nerozv\u00e1\u017en\u00e9 rozhodnut\u00ed dostane partu do opravdu sv\u00edzeln\u00e9 situace. Co ud\u011blaj\u00ed, aby vyv\u00e1zli se zdravou k\u016f\u017e\u00ed?<\/p>\r\n<p><img loading=\"lazy\" decoding=\"async\" class=\"alignnone  wp-image-1569\" src=\"http:\/\/www.gangodvaznych.cz\/wp-content\/uploads\/2020\/06\/Ob\u00e1lka-GO_3-198x300.jpg\" alt=\"\" width=\"328\" height=\"497\" srcset=\"https:\/\/www.gangodvaznych.cz\/wp-content\/uploads\/2020\/06\/Ob\u00e1lka-GO_3-198x300.jpg 198w, https:\/\/www.gangodvaznych.cz\/wp-content\/uploads\/2020\/06\/Ob\u00e1lka-GO_3-768x1166.jpg 768w, https:\/\/www.gangodvaznych.cz\/wp-content\/uploads\/2020\/06\/Ob\u00e1lka-GO_3-675x1024.jpg 675w, https:\/\/www.gangodvaznych.cz\/wp-content\/uploads\/2020\/06\/Ob\u00e1lka-GO_3-300x455.jpg 300w, https:\/\/www.gangodvaznych.cz\/wp-content\/uploads\/2020\/06\/Ob\u00e1lka-GO_3-850x1290.jpg 850w, https:\/\/www.gangodvaznych.cz\/wp-content\/uploads\/2020\/06\/Ob\u00e1lka-GO_3.jpg 1437w\" sizes=\"auto, (max-width: 328px) 100vw, 328px\" \/><\/p>\r\n<\/div>\r\n<p>&nbsp;<\/p>\r\n<ul>\r\n<li>Rok vyd\u00e1n\u00ed: 2018<\/li>\r\n<li>Naps\u00e1no: 2017<\/li>\r\n<li>Stran: 119<\/li>\r\n<li>\u017d\u00e1nr:&nbsp;dobrodru\u017en\u00e9 p\u0159\u00edb\u011bhy<\/li>\r\n<li>Ilustr\u00e1tor:&nbsp;Maty\u00e1\u0161 Namai<\/li>\r\n<li>Nakladatel:&nbsp;Albatros<\/li>\r\n<li>N\u00e1klad: \/&nbsp;<\/li>\r\n<li>ISBN&nbsp;978-80-00-05074-4<\/li>\r\n<li>Pozn\u00e1mka 1: Kniha ze s\u00e9rie&nbsp;<em>GO!<\/em>&nbsp;(Gang odv\u00e1\u017en\u00fdch). Dal\u0161\u00ed d\u00edly:&nbsp;<br><em><a href=\"http:\/\/www.brezinova.cz\/go-ztraceni-ve-vlnach\/\">Ztraceni ve vln\u00e1ch<\/a><br><a href=\"http:\/\/www.brezinova.cz\/go-nevinna-lavina\/\">Nevinn\u00e1 lavina<\/a><\/em><em><br><a href=\"http:\/\/www.gangodvaznych.cz\/index.php\/poust-vsude-poust\/\">Pou\u0161\u0165, v\u0161ude pou\u0161\u0165<\/a><\/em><\/li>\r\n<li>Pozn\u00e1mka 2: Sou\u010d\u00e1st\u00ed knihy jsou Z\u00e1sady p\u0159e\u017eit\u00ed p\u0159i zabloud\u011bn\u00ed v d\u017eungli<\/li>\r\n<\/ul>\r\n<p>&nbsp;<\/p>\r\n<p>MAPA OBLASTI, KDE SE P\u0158\u00cdB\u011aH ODEHR\u00c1V\u00c1:<\/p>\r\n<p><a href=\"http:\/\/www.brezinova.cz\/go-ve-sparech-dzungle\/go_dzungle_mapa\/\" rel=\"attachment wp-att-8598\"><img loading=\"lazy\" decoding=\"async\" class=\"alignnone size-full wp-image-8598\" src=\"http:\/\/www.brezinova.cz\/wp-content\/uploads\/2018\/06\/GO_D%C5%BEungle_mapa.jpg\" sizes=\"auto, (max-width: 3476px) 100vw, 3476px\" srcset=\"http:\/\/www.brezinova.cz\/wp-content\/uploads\/2018\/06\/GO_D\u017eungle_mapa.jpg 3476w, http:\/\/www.brezinova.cz\/wp-content\/uploads\/2018\/06\/GO_D\u017eungle_mapa-300x230.jpg 300w, http:\/\/www.brezinova.cz\/wp-content\/uploads\/2018\/06\/GO_D\u017eungle_mapa-768x588.jpg 768w, http:\/\/www.brezinova.cz\/wp-content\/uploads\/2018\/06\/GO_D\u017eungle_mapa-1024x784.jpg 1024w, http:\/\/www.brezinova.cz\/wp-content\/uploads\/2018\/06\/GO_D\u017eungle_mapa-624x478.jpg 624w\" alt=\"\" width=\"3476\" height=\"2662\"><\/a><\/p>\r\n<p>ANOTACE:<\/p>\r\n<div class=\"wp-block-media-text alignwide\" style=\"grid-template-columns: 45% auto;\">\r\n<div class=\"wp-block-media-text__content\">\r\n<p>D\u017eungle \u2013 \u00fachvatn\u00e1 i nebezpe\u010dn\u00e1. Zvl\u00e1\u0161\u0165 pro toho, kdo ji nezn\u00e1. Poprv\u00e9 se v n\u00ed ocitne i \u0161estice kamar\u00e1d\u016f \u2013 Mariana, Jon\u00e1\u0161, Tim, Hardy a dvoj\u010data Alfa a Beta. Jedn\u00e9 noci se vydaj\u00ed na cestu thajsk\u00fdm de\u0161tn\u00fdm pralesem, ale nane\u0161t\u011bst\u00ed zabloud\u00ed, a mus\u00ed pod zelen\u00fdm p\u0159\u00edkrovem p\u0159enocovat. Jen\u017ee to nen\u00ed tak jednoduch\u00e9. Je v\u016fbec mo\u017en\u00e9 naj\u00edt z neprostupn\u00e9ho bludi\u0161t\u011b bujn\u00e9ho porostu cestu ven?P\u0159e\u017eije Gang odv\u00e1\u017en\u00fdch strastipln\u00e9 hodiny v m\u00edstech pln\u00fdch n\u00e1strah, parna, lij\u00e1k\u016f a divok\u00fdch zv\u00ed\u0159at? Co v\u0161echno se v d\u017eungli skr\u00fdv\u00e1? A je v\u016fbec mo\u017en\u00e9 naj\u00edt z neprostupn\u00e9ho bludi\u0161t\u011b cestu ven?<\/p>\r\n<p>\u0160est \u010dlen\u016f Gangu odv\u00e1\u017en\u00fdch&nbsp;ud\u011bl\u00e1 p\u0159i cestov\u00e1n\u00ed thajskou d\u017eungl\u00ed velkou chybu. Nerozv\u00e1\u017en\u00e9 rozhodnut\u00ed dostane partu do opravdu sv\u00edzeln\u00e9 situace. Co ud\u011blaj\u00ed, aby vyv\u00e1zli se zdravou k\u016f\u017e\u00ed?<\/p>\r\n<\/div>\r\n<\/div>\r\n<p><a href=\"http:\/\/www.brezinova.cz\/go-ve-sparech-dzungle\/ve_sparech_dzungle_4\/\" rel=\"attachment wp-att-8600\"><img loading=\"lazy\" decoding=\"async\" class=\"wp-image-8600 alignright\" src=\"http:\/\/www.brezinova.cz\/wp-content\/uploads\/2018\/06\/Ve_Sparech_Dzungle_4.jpg\" sizes=\"auto, (max-width: 357px) 100vw, 357px\" srcset=\"http:\/\/www.brezinova.cz\/wp-content\/uploads\/2018\/06\/Ve_Sparech_Dzungle_4.jpg 1526w, http:\/\/www.brezinova.cz\/wp-content\/uploads\/2018\/06\/Ve_Sparech_Dzungle_4-202x300.jpg 202w, http:\/\/www.brezinova.cz\/wp-content\/uploads\/2018\/06\/Ve_Sparech_Dzungle_4-768x1139.jpg 768w, http:\/\/www.brezinova.cz\/wp-content\/uploads\/2018\/06\/Ve_Sparech_Dzungle_4-690x1024.jpg 690w, http:\/\/www.brezinova.cz\/wp-content\/uploads\/2018\/06\/Ve_Sparech_Dzungle_4-624x926.jpg 624w\" alt=\"\" width=\"357\" height=\"530\"><\/a><\/p>\r\n<p>&nbsp;<\/p>\r\n<p>UK\u00c1ZKA:<\/p>\r\n<p>\u201e\u00c1\u00e1\u00e1\u00e1, pomoct! Dejte je pry\u010d! Sundejte je ze m\u011b!\u201c je\u010dela Beta, kterou s&nbsp;rann\u00edm rozb\u0159eskem probudilo bodav\u00e9 hryz\u00e1n\u00ed.<br>To u\u017e za\u010dala v\u0159\u00edskat i Alfa, a ani ostatn\u00ed nem\u011bli ke k\u0159iku daleko.<br>\u201eCo to\u2026 kde se to tady\u2026 fujtajbl, potvory nenechav\u00fd!\u201c nad\u00e1val Hardy a zoufale se ze sebe sna\u017eil set\u0159\u00e1st hrozny mravenc\u016f.<br>\u201eDol\u016f!\u201c zavelel Jon\u00e1\u0161. \u201eSko\u010dte dol\u016f a vyv\u00e1lejte se v&nbsp;bl\u00e1t\u011b!\u201c sko\u010dil jako prvn\u00ed a po chv\u00edli se mu opravdu poda\u0159ilo se v\u011bt\u0161iny drav\u00fdch \u00fato\u010dn\u00edk\u016f zbavit.<br>V\u0161ichni ho s&nbsp;jekotem n\u00e1sledovali a v&nbsp;bahn\u011b ze sebe strh\u00e1vali boty i oble\u010den\u00ed.<br>\u201eTeda, \u017ee se na m\u011b vrhnou moskyti, to jsem je\u0161t\u011b s&nbsp;vyp\u011bt\u00edm sil skousnul, ale takov\u00fdhle podn\u00e1jemn\u00edky jsem fakt ne\u010dekal,\u201c lamentoval Hardy. \u201ePro\u010d za n\u00e1mi vylezli a\u017e nahoru?\u201c<br>\u201eAsi mi p\u0159i\u0161li se\u0161\u00edt ruku,\u201c bl\u00e1bolil Tim, kter\u00e9ho na\u0161t\u011bst\u00ed napadlo dr\u017eet zran\u011bnou pa\u017ei mimo dosah bl\u00e1ta, zbytkem t\u011bla ale p\u0159ipom\u00ednal \u010dokol\u00e1dovou figurku.<br>\u201eSp\u00ed\u0161 jim lij\u00e1k vyplavil hn\u00edzdo,\u201c uk\u00e1zal Jon\u00e1\u0161 na kaln\u00fd proud, kter\u00fd se \u0159inul \u00fazk\u00fdm korytem t\u011bsn\u011b vedle jejich p\u0159\u00edst\u0159e\u0161ku. \u201eZacha\u0148ujou si zadek.\u201c<br>\u201eV na\u0161em byt\u011b?\u201c v\u0159\u00edskla Beta.<br>Mariana s&nbsp;povzdechem pohl\u00e9dla na nohy. Sotva je vyzula, aby z&nbsp;nich vyhnala mravence, p\u0159is\u00e1ly se j\u00ed na k\u016f\u017ei t\u0159i mal\u00e9 pijavice.<br>\u201eNem\u016f\u017eeme tu z\u016fstat,\u201c za\u0161eptala potichu.<br>\u201eCo jsi \u0159\u00edkala?\u201c<br>\u201e\u017de tu nem\u016f\u017eeme z\u016fstat. D\u017eungle n\u00e1s se\u017eere za\u017eiva.\u201c<br>\u201eMariano\u2026\u201c vydechla Alfa. \u201ePro\u010d n\u00e1s d\u011bs\u00ed\u0161? Oni n\u00e1s tu p\u0159ece najdou!\u201c<br>\u201eTicho!\u201c k\u0159ikla Beta a prudce se postavila. \u201eSly\u0161\u00edte to? Sly\u0161\u00edte?\u201c<br>\u201eTo je\u2026 to je\u2026 motor helikopt\u00e9ry,\u201c mumlal Hardy vzru\u0161en\u011b.<br>\u201eNa\u0161li n\u00e1s! Na\u0161li!\u201c j\u00e1sal Tim.<br>\u201eTady jsme!\u201c \u0159val Jon\u00e1\u0161 s&nbsp;rukama nad hlavou a s&nbsp;hlavou vyvr\u00e1cenou vzh\u016fru. \u201eTady! Tady\u2026 Ta\u2026dy\u2026\u201c za\u0161eptal zdeptan\u011b a pohl\u00e9dl na Marianu.<br>Ta ani nezvedla hlavu. Po Jon\u00e1\u0161ovi utichl hlas Hardyho. I Tim zmlkl. Potom Alfa. Jedin\u00e1 Beta d\u00e1l vyskakovala do v\u00fd\u0161ky a ochrapt\u011bl\u00fdm hlasem ne\u00fanavn\u011b volala a volala a volala.<br>\u201eP\u0159esta\u0148!\u201c ok\u0159ikl ji Hardy.<br>\u201eOni\u2026 oni n\u00e1s nevid\u011bli?\u201c zaj\u00edkla se, kdy\u017e j\u00ed do\u0161lo, \u017ee hluk motoru miz\u00ed v&nbsp;d\u00e1lce. \u201eTo nevad\u00ed. Polet\u00ed zp\u00e1tky a pak u\u017e n\u00e1s ur\u010dit\u011b uvid\u00ed.\u201c<br>\u201eBeto, neuvid\u00ed,\u201c hlesla Alfa a vzala sestru kolem ramen. \u201eCopak tys tu helikopt\u00e9ru vid\u011bla?\u201c<br>\u201eNe.\u201c<br>\u201eTak vid\u00ed\u0161. Jak by teprve mohli vid\u011bt oni n\u00e1s? P\u0159es tu hustou vrstvu korun strom\u016f, p\u0159es v\u0161echny ty v\u011btve propleten\u00fd li\u00e1nama a porostl\u00fd v\u0161\u00edm mo\u017en\u00fdm.\u201c<br>\u201eT\u0159eba maj\u00ed termokameru?\u201c<br>\u201eTady?\u201c zasm\u00e1la se hystericky Alfa.<br>\u201eAle\u2026 to p\u0159ece\u2026 \u0159\u00edkali jste\u2026 to tu jako um\u0159eme?\u201c rozbre\u010dela se Beta.<br>\u201eTo v\u00ed\u0161, \u017ee ne,\u201c odporoval Hardy zadrhl\u00fdm hlasem.<br>\u201eNo jo, ale co teda?\u201c zaj\u00edkla se Alfa a p\u0159itiskla si uplakanou Betu bl\u00ed\u017e.<br>\u201eMus\u00edme si pomoct sami,\u201c pronesla najednou Mariana sv\u00fdm obvykl\u00fdm pevn\u00fdm hlasem, Jon\u00e1\u0161ovi se zd\u00e1lo, \u017ee mo\u017en\u00e1 je\u0161t\u011b pevn\u011bj\u0161\u00edm ne\u017e jindy.<\/p>\r\n<p><a href=\"http:\/\/www.brezinova.cz\/go-ve-sparech-dzungle\/ve_sparech_dzungle_10\/\" rel=\"attachment wp-att-8601\"><img loading=\"lazy\" decoding=\"async\" class=\"alignnone size-full wp-image-8601\" src=\"http:\/\/www.brezinova.cz\/wp-content\/uploads\/2018\/06\/Ve_Sparech_Dzungle_10.jpg\" sizes=\"auto, (max-width: 1526px) 100vw, 1526px\" srcset=\"http:\/\/www.brezinova.cz\/wp-content\/uploads\/2018\/06\/Ve_Sparech_Dzungle_10.jpg 1526w, http:\/\/www.brezinova.cz\/wp-content\/uploads\/2018\/06\/Ve_Sparech_Dzungle_10-202x300.jpg 202w, http:\/\/www.brezinova.cz\/wp-content\/uploads\/2018\/06\/Ve_Sparech_Dzungle_10-768x1139.jpg 768w, http:\/\/www.brezinova.cz\/wp-content\/uploads\/2018\/06\/Ve_Sparech_Dzungle_10-690x1024.jpg 690w, http:\/\/www.brezinova.cz\/wp-content\/uploads\/2018\/06\/Ve_Sparech_Dzungle_10-624x926.jpg 624w\" alt=\"\" width=\"1526\" height=\"2264\"><\/a><\/p>\r\n<h1 id=\"main-title\">\u010cten\u00e1\u0159sk\u00e1 recenze: Ivona B\u0159ezinov\u00e1 \u2013 Ve sp\u00e1rech d\u017eungle<\/h1>\r\n<p class=\"perex\">Dal\u0161\u00ed vypr\u00e1v\u011bn\u00ed ze s\u00e9rie Gang odv\u00e1\u017en\u00fdch GO! tentokr\u00e1t zavede povedenou parti\u010dku \u0161esti d\u011bt\u00ed rovnou do d\u017eungle. P\u0159i dovolen\u00e9 v Thajsku cht\u011bj\u00ed nav\u0161t\u00edvit d\u00edvku s \u017eiraf\u00edm krkem, kter\u00e1 je okouzlila a naprosto jim u\u010darovala, a tak se vydaj\u00ed na cestu za n\u00ed, aby poznali, jak \u017eije. Samoz\u0159ejm\u011b bez rodi\u010d\u016f a na taj\u0148a\u010dku. To, \u017ee p\u0159i tom ud\u011blaj\u00ed spoustu chyb a jen taktak vyv\u00e1znou \u017eiv\u00ed, je v\u00edce ne\u017e jasn\u00e9 :-).<\/p>\r\n<div class=\"body\">\r\n<p>Je fakt, \u017ee b\u00fdt rodi\u010dem nen\u00ed n\u011bkdy jednoduch\u00e9. Jen p\u0159i p\u0159edstav\u011b, \u017ee se mi ztrat\u00ed d\u00edt\u011b v&nbsp;noci v&nbsp;d\u017eungli, bych nejsp\u00ed\u0161 um\u0159ela hr\u016fzou z&nbsp;toho, co v\u0161echno se mu m\u016f\u017ee st\u00e1t. Alba, Beta, Hardy, Jon\u00e1\u0161, Mariana a Tim se vydaj\u00ed do osady ke Karen\u016fm, za d\u00edvkou s&nbsp;\u017eiraf\u00edm krkem jm\u00e9nem Ma Nank, aby j\u00ed mohli d\u00e1t pen\u00edze na studium. Nevydr\u017e\u00ed po\u010dkat do r\u00e1na, poradit se s&nbsp;dosp\u011bl\u00fdmi, a tak vyraz\u00ed na cestu hned. Co by \u010dekali? V\u017edy\u0165 to nem\u016f\u017ee b\u00fdt slo\u017eit\u00e9, jsou to jen t\u0159i kilometry. I kdy\u017e se na cestu \u0159\u00e1dn\u011b vybav\u00ed pevn\u00fdmi botami, oble\u010den\u00edm s&nbsp;dlouh\u00fdmi ruk\u00e1vy a nohavicemi, a tak\u00e9 pl\u00e1\u0161t\u011bnkou a baterkou, stejn\u011b je to vybaven\u00ed nedostate\u010dn\u00e9.<\/p>\r\n<p>To \u017ee se ztrat\u00ed, za\u017eij\u00ed hlad, \u017e\u00edze\u0148, tmu, strach, napaden\u00ed moskyty, jsou podr\u00e1pan\u00ed, to je asi to nejmen\u0161\u00ed. Nejhor\u0161\u00ed je, \u017ee v\u016fbec nev\u011bd\u00ed, kde jsou, ale dob\u0159e v\u011bd\u00ed, \u017ee to tentokr\u00e1t tro\u0161ku p\u0159ep\u00edskli a jestli\u017ee p\u0159e\u017eij\u00ed bez \u00fahony, bude to doma po\u0159\u00e1dn\u00fd sekec mazec.<\/p>\r\n<p>O tom, co v\u0161echno kamar\u00e1di za\u017eij\u00ed, si, mil\u00e9 d\u011bti, p\u0159e\u010dt\u011bte samy. Je to dobrodru\u017en\u00e9 \u010dten\u00ed, nap\u00ednav\u00e9, pou\u010dn\u00e9 a hlavn\u011b se od n\u011bj nedok\u00e1\u017eete odlepit, jak v\u00e1s p\u0159\u00edb\u011bh pohlt\u00ed. Je vlastn\u011b z\u00e1zrak, \u017ee v\u0161echno nakonec dob\u0159e dopadlo, i kdy\u017e si d\u011bti uv\u011bdomily, jak stra\u0161n\u011b moc je \u010dlov\u011bk v&nbsp;d\u017eungli zraniteln\u00fd a jak\u00e1 v\u0161elijak\u00e1 nebezpe\u010d\u00ed na n\u011bj mohou \u010d\u00edhat, zvl\u00e1\u0161\u0165 kdy\u017e chyb\u00ed dostate\u010dn\u00e9 vybaven\u00ed a zku\u0161enosti. Hlavn\u011b si ale dob\u0159e zapamatujte&nbsp;<em>Z\u00e1sady p\u0159e\u017eit\u00ed v&nbsp;d\u017eungli<\/em>, kter\u00e9 se v\u00e1m jednou t\u0159eba mohou hodit.<\/p>\r\n<p>A n\u011bco m\u00e1lo z&nbsp;thajsk\u00e9ho slovn\u00ed\u010dku: Savat d\u00fd. Khop Khun kh\u00e1. Kd araj kh\u00fan? A\u017e si knihu p\u0159e\u010dtete, snadno porozum\u00edte\u2026 \ud83d\ude42<\/p>\r\n<div class=\"thumbnail thumbnail-big\">&nbsp;<\/div>\r\n<p>V&nbsp;t\u00e9to edici ji\u017e vy\u0161lo:&nbsp;<a href=\"https:\/\/www.knizniklub.cz\/knihy\/302614-nevinna-lavina.html\"><em>Nevinn\u00e1 lavina<\/em><\/a>&nbsp;a&nbsp;<a href=\"https:\/\/www.knizniklub.cz\/knihy\/255908-ztraceni-ve-vlnach.html\"><em>Ztraceni ve vln\u00e1ch<\/em><\/a>. Autorkou je spisovatelka&nbsp;<a href=\"https:\/\/www.knizniklub.cz\/autori\/3743-ivona-brezinova.html\">Ivona B\u0159ezinov\u00e1<\/a>, kter\u00e1 m\u00e1 na sv\u00e9m kont\u011b v\u00edce ne\u017e 100 knih pro d\u011bti (nap\u0159. v&nbsp;edici&nbsp;<a href=\"https:\/\/www.knizniklub.cz\/edice\/383-prvni-cteni.html\">Prvn\u00ed \u010dten\u00ed<\/a>) a tak\u00e9 pro ml\u00e1de\u017e (ty se vyzna\u010duj\u00ed v\u017edy siln\u00fdm p\u0159\u00edb\u011bhem, uv\u011b\u0159iteln\u00fdm d\u011bjem a v\u017edy je za t\u00edm pou\u010den\u00ed a hlavn\u011b po\u0159\u00e1dn\u00e9 dobrodru\u017estv\u00ed). M\u00ed kluci (dvoj\u010data) p\u0159e\u010detli v\u0161echny kn\u00ed\u017eky z edice&nbsp;<a href=\"https:\/\/www.knizniklub.cz\/serie\/4818-go-gang-odvaznych.html\">GO! \u2013 Gang odv\u00e1\u017en\u00fdch<\/a>&nbsp;a byli nad\u0161en\u00ed, kolik se toho d\u00e1 za\u017e\u00edt.<\/p>\r\n<\/div>\r\n<div class=\"body\">\r\n<p><em><br>Autorkou recenze je Lucie Bedn\u00e1\u0159ov\u00e1<\/em><\/p>\r\n<p><a href=\"https:\/\/www.knizniklub.cz\/literarni-kavarna\/recenze\/ve-sparech-dzungle.html\">https:\/\/www.knizniklub.cz\/literarni-kavarna\/recenze\/ve-sparech-dzungle.html<\/a><\/p>\r\n<\/div>\r\n<p>&nbsp;<\/p>\r\n<h1 id=\"main-title\">\u010cten\u00e1\u0159sk\u00e1 recenze: Ivona B\u0159ezinov\u00e1 \u2013 Ve sp\u00e1rech d\u017eungle<\/h1>\r\n<p class=\"perex\">Kniha Ve sp\u00e1rech d\u017eungle od spisovatelky Ivony B\u0159ezinov\u00e9 je dobrodru\u017en\u00fd p\u0159\u00edb\u011bh pro mal\u00e9 a velk\u00e9 \u010dten\u00e1\u0159e. Podle m\u011b je to \u00fa\u017easn\u00e1 kniha pln\u00e1 nap\u011bt\u00ed, pou\u010dn\u00fdch situac\u00ed a vtipn\u00fdch okam\u017eik\u016f. Je to o skupin\u011b d\u011bt\u00ed, kter\u00e9 si \u0159\u00edkaj\u00ed Gang odv\u00e1\u017en\u00fdch \u201eGo!\u201c. Pat\u0159\u00ed tam Mariana, Jon\u00e1\u0161, Tim, dvoj\u010data Alfa a Beta a jejich bratr Hardy.<\/p>\r\n<div class=\"body\">\r\n<p>Spole\u010dn\u011b s rodi\u010di jeli na dovolenou do Thajska, kde cht\u011bli pozn\u00e1vat p\u0159\u00edrodu, obyvatele a jin\u00e9 zvyky. Na svoji cestu d\u017eungl\u00ed si domluvili pr\u016fvodce, kter\u00fd jim organizoval cel\u00fd v\u00fdlet. Prvn\u00ed den byl zaj\u00edmav\u00fd t\u00edm, \u017ee vyst\u0159\u00eddali n\u011bkolik dopravn\u00edch prost\u0159edk\u016f. Jeli autobusem, autem a pot\u00e9 se vezli na slonech a pluli na voru. Ten je dopravil na prvn\u00ed ur\u010den\u00e9 m\u00edsto. Byla to osada Karen\u016f. Karensk\u00e9 \u017eeny si pro n\u011b p\u0159ipravily kulturn\u00ed program.<\/p>\r\n<p>V\u0161echny zaj\u00edmalo, pro\u010d \u017eeny nos\u00ed mosazn\u00e9 obru\u010de na krku. Pr\u016fvodce Takat\u00e9n jim to \u0159ekl: Je to jejich tradice. \u017deny a d\u00edvky tak vyd\u011bl\u00e1vaj\u00ed pen\u00edze pro sv\u00e9 rodiny. Byla mezi nimi i mlad\u00e1 d\u00edvka Ma Nank s \u017eiraf\u00edm krkem, kterou Takat\u00e9n miloval. Ten necht\u011bl, aby si jeho mil\u00e1 ni\u010dila zdrav\u00ed a \u017eivot. Jej\u00edm snem je studovat ve m\u011bst\u011b, ale tradice a nedostatek pen\u011bz j\u00ed to nedovoluj\u00ed. To partu zarazilo a bylo jim ji to l\u00edto. Ve\u010der odjeli do vedlej\u0161\u00ed vesnice, kde m\u011bli zaji\u0161t\u011bn\u00fd nocleh. Alfa ve\u010der p\u0159em\u00fd\u0161lela o Ma Nank a \u0159ekla si, \u017ee se chce vr\u00e1tit do osady a d\u00e1t j\u00ed pen\u00edze. Sv\u011b\u0159ila se Bet\u011b a ta \u0159ekla, \u017ee je u\u017e pozd\u011b. Alfu to neodradilo, cht\u011bla j\u00edt hned. K dvoj\u010dat\u016fm se p\u0159idala i Mariana. Byl v tom ale h\u00e1\u010dek. Jak se dostanou nepozorovan\u011b ven? A nevzbud\u00ed se rodi\u010de? Kluci se probudili a necht\u011bli, aby \u0161ly holky samy. Nakonec se na no\u010dn\u00ed v\u00fdpravu vydali v\u0161ichni. Jsou p\u0159ece parta. \u0160li d\u017eungl\u00ed, kde se po chv\u00edli ztratili a nastal jejich boj o p\u0159e\u017eit\u00ed.<\/p>\r\n<p>Z\u016fstali bez vody, j\u00eddla a ohro\u017eeni nezn\u00e1m\u00fdm zv\u00ed\u0159ectvem. M\u011b se moc l\u00edbilo, \u017ee se dok\u00e1zali nap\u00edt z l\u00e1\u010dkovky, co\u017e je maso\u017erav\u00e1 kv\u011btina, kter\u00e1 m\u00e1 na konci n\u011bkter\u00fdch list\u016f \u00faponky zakon\u010den\u00e9 jakousi ba\u0148kou s v\u00ed\u010dkem. T\u011bm n\u00e1dob\u00e1m se \u0159\u00edk\u00e1 l\u00e1\u010dky, ve kter\u00fdch je tekutina, kterou ty kytky vylu\u010dujou a chytaj do n\u00ed hmyz. N\u011bkdy i mal\u00e9 je\u0161t\u011brky, nebo hlodavce. Ta l\u00e1\u010dka je vlastn\u011b past. Tak\u017ee l\u00e9\u010dka. J\u00e1 bych tu lepkavou tekutinu nedok\u00e1zala ochutnat, proto\u017ee bych nev\u011bd\u011bla, jestli je to pitn\u00e9. Kdybych ale um\u00edrala \u017e\u00edzn\u00ed, tak by mi nic jin\u00e9ho nezbylo. Rad\u011bji bych se napila, ne\u017e abych um\u0159ela. Potom tam bylo super, \u017ee Tim v\u011bd\u011bl jak z\u00edskat vodu. A to tak, \u017ee na\u0161li vydlaban\u00fd kmen ban\u00e1novn\u00edku, kde voda vzl\u00edn\u00e1 z ko\u0159en\u016f do kmenu. Tak\u00e9 si dok\u00e1zali z bambusov\u00fdch ty\u010d\u00ed a ban\u00e1nov\u00fdch list\u016f vytvo\u0159it p\u0159\u00edst\u0159e\u0161ek. Co\u017e m\u011b zaujalo a hned jsem si o tom zjistila vice. Bylo mi jich l\u00edto, kdy\u017e na n\u011b po\u0159\u00e1d lezla kdejak\u00e1 hav\u011b\u0165 a pijavice. To mus\u00ed bolet, kdy\u017e se pijavice p\u0159isaje. Rad\u011bji to ani nechci v\u011bd\u011bt.<\/p>\r\n<p>Jak to v\u0161echno dopadlo? Na\u0161li cestu zp\u011bt nebo je na\u0161li jejich rodi\u010de? Pro tentokr\u00e1t to dob\u0159e dopadlo. Rodi\u010de je na\u0161li a nakonec do\u0161li i do osady, kde dali Ma Nank pen\u00edze na studium. Co\u017e mne velice pot\u011b\u0161ilo. Jedno pou\u010den\u00ed z&nbsp;toho ale plyne: V\u017edy se mus\u00edme \u0159\u00eddit ur\u010dit\u00fdmi z\u00e1sadami nebo pravidly! V d\u017eungli jsou to z\u00e1sady p\u0159e\u017eit\u00ed.<\/p>\r\n<p>Kn\u00ed\u017eka se mi moc l\u00edbila. Byla nap\u00ednav\u00e1, vtipn\u00e1 a je\u0161t\u011b jsem se dozv\u011bd\u011bla spoustu zajimavost\u00ed o rostlin\u00e1ch a zv\u00ed\u0159atech. R\u00e1da bych si p\u0159e\u010detla dal\u0161\u00ed p\u0159\u00edb\u011bhy party&nbsp;<a href=\"https:\/\/www.knizniklub.cz\/serie\/4818-go-gang-odvaznych.html\">Gangu odv\u00e1\u017en\u00fdch \u201eGo!\u201c<\/a>. Tak\u00e9 ji doporu\u010duji t\u011bm, kte\u0159\u00ed maj\u00ed r\u00e1di dobrodru\u017estv\u00ed a nap\u011bt\u00ed.<\/p>\r\n<p><em>Autorkou recenze a ilustrace je Aneta Ad\u00e1mkov\u00e1, 13 let<\/em><\/p>\r\n<p><img decoding=\"async\" class=\"figure-center\" src=\"https:\/\/www.knizniklub.cz\/file\/59580\/GO_dzungle.jpg\"><\/p>\r\n<p><a href=\"https:\/\/www.knizniklub.cz\/literarni-kavarna\/recenze\/ve-sparech-dzungle-1.html\">https:\/\/www.knizniklub.cz\/literarni-kavarna\/recenze\/ve-sparech-dzungle-1.html<\/a><\/p>\r\n<\/div>\r\n\r\n\r\n\r\n<p>&nbsp;<\/p>\r\n","protected":false},"excerpt":{"rendered":"<p>&nbsp; &nbsp; \u0160est \u010dlen\u016f Gangu odv\u00e1\u017en\u00fdch ud\u011bl\u00e1 p\u0159i cestov\u00e1n\u00ed thajskou d\u017eungl\u00ed velkou chybu. Nerozv\u00e1\u017en\u00e9 rozhodnut\u00ed dostane partu do opravdu sv\u00edzeln\u00e9 situace. Co ud\u011blaj\u00ed, aby vyv\u00e1zli se zdravou k\u016f\u017e\u00ed? &nbsp; Rok vyd\u00e1n\u00ed: 2018 Naps\u00e1no: 2017 Stran: 119 \u017d\u00e1nr:&nbsp;dobrodru\u017en\u00e9 p\u0159\u00edb\u011bhy Ilustr\u00e1tor:&nbsp;Maty\u00e1\u0161 Namai Nakladatel:&nbsp;Albatros N\u00e1klad: \/&nbsp; ISBN&nbsp;978-80-00-05074-4 Pozn\u00e1mka 1: Kniha ze s\u00e9rie&nbsp;GO!&nbsp;(Gang odv\u00e1\u017en\u00fdch). Dal\u0161\u00ed d\u00edly:&nbsp;Ztraceni ve vln\u00e1chNevinn\u00e1 lavinaPou\u0161\u0165,&#8230;<\/p>\n","protected":false},"author":1,"featured_media":0,"parent":0,"menu_order":0,"comment_status":"closed","ping_status":"closed","template":"","meta":{"ngg_post_thumbnail":0,"footnotes":""},"class_list":["post-30","page","type-page","status-publish","hentry"],"_links":{"self":[{"href":"https:\/\/www.gangodvaznych.cz\/index.php\/wp-json\/wp\/v2\/pages\/30","targetHints":{"allow":["GET"]}}],"collection":[{"href":"https:\/\/www.gangodvaznych.cz\/index.php\/wp-json\/wp\/v2\/pages"}],"about":[{"href":"https:\/\/www.gangodvaznych.cz\/index.php\/wp-json\/wp\/v2\/types\/page"}],"author":[{"embeddable":true,"href":"https:\/\/www.gangodvaznych.cz\/index.php\/wp-json\/wp\/v2\/users\/1"}],"replies":[{"embeddable":true,"href":"https:\/\/www.gangodvaznych.cz\/index.php\/wp-json\/wp\/v2\/comments?post=30"}],"version-history":[{"count":79,"href":"https:\/\/www.gangodvaznych.cz\/index.php\/wp-json\/wp\/v2\/pages\/30\/revisions"}],"predecessor-version":[{"id":1577,"href":"https:\/\/www.gangodvaznych.cz\/index.php\/wp-json\/wp\/v2\/pages\/30\/revisions\/1577"}],"wp:attachment":[{"href":"https:\/\/www.gangodvaznych.cz\/index.php\/wp-json\/wp\/v2\/media?parent=30"}],"curies":[{"name":"wp","href":"https:\/\/api.w.org\/{rel}","templated":true}]}}