{"id":3589,"date":"2023-11-25T11:12:42","date_gmt":"2023-11-25T11:12:42","guid":{"rendered":"https:\/\/www.gangodvaznych.cz\/?page_id=3589"},"modified":"2023-11-25T11:13:10","modified_gmt":"2023-11-25T11:13:10","slug":"zraloci-zub-australie","status":"publish","type":"page","link":"https:\/\/www.gangodvaznych.cz\/index.php\/zraloci-zub-australie\/","title":{"rendered":"\u017dralo\u010d\u00ed zub &#8211; Austr\u00e1lie"},"content":{"rendered":"<p><img loading=\"lazy\" decoding=\"async\" class=\"alignnone wp-image-3520\" src=\"http:\/\/www.gangodvaznych.cz\/wp-content\/uploads\/2023\/11\/Zralok-Obalka-fin_Mapa-300x230.jpg\" alt=\"\" width=\"702\" height=\"538\" srcset=\"https:\/\/www.gangodvaznych.cz\/wp-content\/uploads\/2023\/11\/Zralok-Obalka-fin_Mapa-300x230.jpg 300w, https:\/\/www.gangodvaznych.cz\/wp-content\/uploads\/2023\/11\/Zralok-Obalka-fin_Mapa-1024x785.jpg 1024w, https:\/\/www.gangodvaznych.cz\/wp-content\/uploads\/2023\/11\/Zralok-Obalka-fin_Mapa-768x589.jpg 768w, https:\/\/www.gangodvaznych.cz\/wp-content\/uploads\/2023\/11\/Zralok-Obalka-fin_Mapa-1536x1178.jpg 1536w, https:\/\/www.gangodvaznych.cz\/wp-content\/uploads\/2023\/11\/Zralok-Obalka-fin_Mapa-2048x1570.jpg 2048w, https:\/\/www.gangodvaznych.cz\/wp-content\/uploads\/2023\/11\/Zralok-Obalka-fin_Mapa-850x652.jpg 850w\" sizes=\"auto, (max-width: 702px) 100vw, 702px\" \/><\/p>\n<p>Po p\u0159ist\u00e1n\u00ed v Sydney si Gang odv\u00e1\u017en\u00fdch u\u017e\u00edv\u00e1 surfov\u00e1n\u00ed ve vln\u00e1ch u pl\u00e1\u017ee Bondi v Sydney. Pak se letadlem p\u0159esunuj\u00ed do m\u011bsta Cairns, odkud podniknou plavbu k Velk\u00e9mu bari\u00e9rov\u00e9mu \u00fatesu. Australsk\u00e9 vody v\u0161ak dovedou b\u00fdt zr\u00e1dn\u011b nebezpe\u010dn\u00e9.<\/p>\n","protected":false},"excerpt":{"rendered":"<p>Po p\u0159ist\u00e1n\u00ed v Sydney si Gang odv\u00e1\u017en\u00fdch u\u017e\u00edv\u00e1 surfov\u00e1n\u00ed ve vln\u00e1ch u pl\u00e1\u017ee Bondi v Sydney. Pak se letadlem p\u0159esunuj\u00ed do m\u011bsta Cairns, odkud podniknou plavbu k Velk\u00e9mu bari\u00e9rov\u00e9mu \u00fatesu. Australsk\u00e9 vody v\u0161ak dovedou b\u00fdt zr\u00e1dn\u011b nebezpe\u010dn\u00e9.<\/p>\n","protected":false},"author":1,"featured_media":0,"parent":0,"menu_order":0,"comment_status":"closed","ping_status":"closed","template":"","meta":{"ngg_post_thumbnail":0,"footnotes":""},"class_list":["post-3589","page","type-page","status-publish","hentry"],"_links":{"self":[{"href":"https:\/\/www.gangodvaznych.cz\/index.php\/wp-json\/wp\/v2\/pages\/3589","targetHints":{"allow":["GET"]}}],"collection":[{"href":"https:\/\/www.gangodvaznych.cz\/index.php\/wp-json\/wp\/v2\/pages"}],"about":[{"href":"https:\/\/www.gangodvaznych.cz\/index.php\/wp-json\/wp\/v2\/types\/page"}],"author":[{"embeddable":true,"href":"https:\/\/www.gangodvaznych.cz\/index.php\/wp-json\/wp\/v2\/users\/1"}],"replies":[{"embeddable":true,"href":"https:\/\/www.gangodvaznych.cz\/index.php\/wp-json\/wp\/v2\/comments?post=3589"}],"version-history":[{"count":1,"href":"https:\/\/www.gangodvaznych.cz\/index.php\/wp-json\/wp\/v2\/pages\/3589\/revisions"}],"predecessor-version":[{"id":3590,"href":"https:\/\/www.gangodvaznych.cz\/index.php\/wp-json\/wp\/v2\/pages\/3589\/revisions\/3590"}],"wp:attachment":[{"href":"https:\/\/www.gangodvaznych.cz\/index.php\/wp-json\/wp\/v2\/media?parent=3589"}],"curies":[{"name":"wp","href":"https:\/\/api.w.org\/{rel}","templated":true}]}}