{"id":3962,"date":"2024-03-27T14:05:43","date_gmt":"2024-03-27T14:05:43","guid":{"rendered":"https:\/\/www.gangodvaznych.cz\/?page_id=3962"},"modified":"2026-03-28T23:40:54","modified_gmt":"2026-03-28T23:40:54","slug":"australie","status":"publish","type":"page","link":"https:\/\/www.gangodvaznych.cz\/index.php\/australie\/","title":{"rendered":"AUSTR\u00c1LIE &#8211; bonusy"},"content":{"rendered":"<p><img loading=\"lazy\" decoding=\"async\" class=\" wp-image-3518 alignright\" src=\"http:\/\/www.gangodvaznych.cz\/wp-content\/uploads\/2023\/11\/Zraloci-zub_OBALKA-199x300.jpg\" alt=\"\" width=\"133\" height=\"201\" srcset=\"https:\/\/www.gangodvaznych.cz\/wp-content\/uploads\/2023\/11\/Zraloci-zub_OBALKA-199x300.jpg 199w, https:\/\/www.gangodvaznych.cz\/wp-content\/uploads\/2023\/11\/Zraloci-zub_OBALKA-680x1024.jpg 680w, https:\/\/www.gangodvaznych.cz\/wp-content\/uploads\/2023\/11\/Zraloci-zub_OBALKA-768x1157.jpg 768w, https:\/\/www.gangodvaznych.cz\/wp-content\/uploads\/2023\/11\/Zraloci-zub_OBALKA-1020x1536.jpg 1020w, https:\/\/www.gangodvaznych.cz\/wp-content\/uploads\/2023\/11\/Zraloci-zub_OBALKA-1360x2048.jpg 1360w, https:\/\/www.gangodvaznych.cz\/wp-content\/uploads\/2023\/11\/Zraloci-zub_OBALKA-300x452.jpg 300w, https:\/\/www.gangodvaznych.cz\/wp-content\/uploads\/2023\/11\/Zraloci-zub_OBALKA-850x1280.jpg 850w, https:\/\/www.gangodvaznych.cz\/wp-content\/uploads\/2023\/11\/Zraloci-zub_OBALKA-scaled.jpg 1700w\" sizes=\"auto, (max-width: 133px) 100vw, 133px\" \/>\u010cl\u00e1nky k t\u00e9matu AUSTR\u00c1LIE se vztahuj\u00ed ke knize <a href=\"https:\/\/www.gangodvaznych.cz\/index.php\/2023\/11\/24\/go-zraloci-zub\/\"><em>\u017dRALO\u010c\u00cd ZUB<\/em><\/a>.<\/p>\n<p>\u010cL\u00c1NKY:<\/p>\n<ul>\n<li><a href=\"https:\/\/www.gangodvaznych.cz\/index.php\/2024\/03\/27\/bumerang-hardy\/\">Bumerang (Hardy)<\/a><\/li>\n<li><a href=\"https:\/\/www.gangodvaznych.cz\/index.php\/2024\/03\/27\/krokodyl-tim\/\">Krokod\u00fdl (Tim)<\/a><\/li>\n<li><a href=\"https:\/\/www.gangodvaznych.cz\/index.php\/2024\/03\/27\/opera-v-sydney-mariana\/\">Opera v Sydney (Mariana)<\/a><\/li>\n<li><a href=\"https:\/\/www.gangodvaznych.cz\/index.php\/2024\/03\/27\/podivin-z-vychodni-australie-alfa\/\">Podiv\u00edn z&nbsp;v\u00fdchodn\u00ed Austr\u00e1lie (Alfa)<\/a><\/li>\n<li><a href=\"https:\/\/www.gangodvaznych.cz\/index.php\/2024\/03\/27\/jak-zni-didgeridoo-beta\/\">Jak zn\u00ed didgeridoo (Beta)<\/a><\/li>\n<li><a href=\"https:\/\/www.gangodvaznych.cz\/index.php\/2024\/03\/27\/surfing-jonas\/\">Surfing (Jon\u00e1\u0161)<\/a><\/li>\n<\/ul>\n<p>&nbsp;<\/p>\n","protected":false},"excerpt":{"rendered":"<p>\u010cl\u00e1nky k t\u00e9matu AUSTR\u00c1LIE se vztahuj\u00ed ke knize \u017dRALO\u010c\u00cd ZUB. \u010cL\u00c1NKY: Bumerang (Hardy) Krokod\u00fdl (Tim) Opera v Sydney (Mariana) Podiv\u00edn z&nbsp;v\u00fdchodn\u00ed Austr\u00e1lie (Alfa) Jak zn\u00ed didgeridoo (Beta) Surfing (Jon\u00e1\u0161) &nbsp;<\/p>\n","protected":false},"author":1,"featured_media":0,"parent":0,"menu_order":0,"comment_status":"closed","ping_status":"closed","template":"","meta":{"ngg_post_thumbnail":0,"footnotes":""},"class_list":["post-3962","page","type-page","status-publish","hentry"],"_links":{"self":[{"href":"https:\/\/www.gangodvaznych.cz\/index.php\/wp-json\/wp\/v2\/pages\/3962","targetHints":{"allow":["GET"]}}],"collection":[{"href":"https:\/\/www.gangodvaznych.cz\/index.php\/wp-json\/wp\/v2\/pages"}],"about":[{"href":"https:\/\/www.gangodvaznych.cz\/index.php\/wp-json\/wp\/v2\/types\/page"}],"author":[{"embeddable":true,"href":"https:\/\/www.gangodvaznych.cz\/index.php\/wp-json\/wp\/v2\/users\/1"}],"replies":[{"embeddable":true,"href":"https:\/\/www.gangodvaznych.cz\/index.php\/wp-json\/wp\/v2\/comments?post=3962"}],"version-history":[{"count":9,"href":"https:\/\/www.gangodvaznych.cz\/index.php\/wp-json\/wp\/v2\/pages\/3962\/revisions"}],"predecessor-version":[{"id":5641,"href":"https:\/\/www.gangodvaznych.cz\/index.php\/wp-json\/wp\/v2\/pages\/3962\/revisions\/5641"}],"wp:attachment":[{"href":"https:\/\/www.gangodvaznych.cz\/index.php\/wp-json\/wp\/v2\/media?parent=3962"}],"curies":[{"name":"wp","href":"https:\/\/api.w.org\/{rel}","templated":true}]}}