{"id":4088,"date":"2025-03-08T19:53:44","date_gmt":"2025-03-08T19:53:44","guid":{"rendered":"https:\/\/www.gangodvaznych.cz\/?page_id=4088"},"modified":"2025-03-08T20:17:38","modified_gmt":"2025-03-08T20:17:38","slug":"beletrie-jinych-autoru-medved","status":"publish","type":"page","link":"https:\/\/www.gangodvaznych.cz\/index.php\/beletrie-jinych-autoru-medved\/","title":{"rendered":"Beletrie jin\u00fdch autor\u016f &#8211; MEDV\u011aD"},"content":{"rendered":"<p>&nbsp;<\/p>\n<p><img loading=\"lazy\" decoding=\"async\" class=\"size-medium wp-image-4089 alignleft\" src=\"http:\/\/www.gangodvaznych.cz\/wp-content\/uploads\/2025\/03\/Kocovnici-severu-212x300.jpg\" alt=\"\" width=\"212\" height=\"300\" srcset=\"https:\/\/www.gangodvaznych.cz\/wp-content\/uploads\/2025\/03\/Kocovnici-severu-212x300.jpg 212w, https:\/\/www.gangodvaznych.cz\/wp-content\/uploads\/2025\/03\/Kocovnici-severu-725x1024.jpg 725w, https:\/\/www.gangodvaznych.cz\/wp-content\/uploads\/2025\/03\/Kocovnici-severu-768x1085.jpg 768w, https:\/\/www.gangodvaznych.cz\/wp-content\/uploads\/2025\/03\/Kocovnici-severu-1088x1536.jpg 1088w, https:\/\/www.gangodvaznych.cz\/wp-content\/uploads\/2025\/03\/Kocovnici-severu-1450x2048.jpg 1450w, https:\/\/www.gangodvaznych.cz\/wp-content\/uploads\/2025\/03\/Kocovnici-severu-300x424.jpg 300w, https:\/\/www.gangodvaznych.cz\/wp-content\/uploads\/2025\/03\/Kocovnici-severu-850x1200.jpg 850w, https:\/\/www.gangodvaznych.cz\/wp-content\/uploads\/2025\/03\/Kocovnici-severu.jpg 1790w\" sizes=\"auto, (max-width: 212px) 100vw, 212px\" \/>Curwood, James Oliver. Ko\u010dovn\u00edci severu. SNDK Praha 1962. Edice KOD. (P\u0159elo\u017eeno z angli\u010dtiny.) 164 stran.<br \/>\nStrhuj\u00edc\u00ed p\u0159\u00edb\u011bh neoby\u010dejn\u00e9ho p\u0159\u00e1telstv\u00ed \u010dern\u00e9ho medv\u011bda jm\u00e9nem N\u00fdwa a velk\u00e9ho ps\u00edho k\u0159\u00ed\u017eence Mikiho. Medv\u00edd\u011b N\u00fdwa p\u0159i\u0161lo o m\u00e1mu, \u010dernou medv\u011bdici N\u00fazak, a lovec Challoner se ho pokou\u0161\u00ed ocho\u010dit. U\u017e se star\u00e1 o \u0161t\u011bn\u011b Mikiho, velk\u00e9ho ps\u00edho k\u0159\u00ed\u017eence. Ob\u011b ml\u00e1\u010fata se sp\u0159\u00e1tel\u00ed, a kdy\u017e se b\u011bhem putov\u00e1n\u00ed Challonerovi ztrat\u00ed, jsou odk\u00e1z\u00e1na jeden na druh\u00e9ho. \u010cek\u00e1 je dobrodru\u017en\u00e1 cesta kanadskou divo\u010dinou, pln\u00e1 n\u00e1strah a boj\u016f o \u017eivot, ale i zkou\u0161ek pramen\u00edc\u00edch z rozd\u00edln\u00e9ho zp\u016fsobu \u017eivota medv\u011bda a psa. A\u010dkoliv nejv\u011bt\u0161\u00ed nebezpe\u010d\u00ed jim hroz\u00ed od lid\u00ed, nakonec najdou \u00fato\u010di\u0161t\u011b pr\u00e1v\u011b u \u010dlov\u011bka.<\/p>\n<p>&nbsp;<\/p>\n<p>&nbsp;<\/p>\n<p><img loading=\"lazy\" decoding=\"async\" class=\"size-medium wp-image-4090 alignleft\" src=\"http:\/\/www.gangodvaznych.cz\/wp-content\/uploads\/2025\/03\/Sam-sobe-pomahej-213x300.jpg\" alt=\"\" width=\"213\" height=\"300\" srcset=\"https:\/\/www.gangodvaznych.cz\/wp-content\/uploads\/2025\/03\/Sam-sobe-pomahej-213x300.jpg 213w, https:\/\/www.gangodvaznych.cz\/wp-content\/uploads\/2025\/03\/Sam-sobe-pomahej-727x1024.jpg 727w, https:\/\/www.gangodvaznych.cz\/wp-content\/uploads\/2025\/03\/Sam-sobe-pomahej-768x1082.jpg 768w, https:\/\/www.gangodvaznych.cz\/wp-content\/uploads\/2025\/03\/Sam-sobe-pomahej-1091x1536.jpg 1091w, https:\/\/www.gangodvaznych.cz\/wp-content\/uploads\/2025\/03\/Sam-sobe-pomahej-1454x2048.jpg 1454w, https:\/\/www.gangodvaznych.cz\/wp-content\/uploads\/2025\/03\/Sam-sobe-pomahej-300x422.jpg 300w, https:\/\/www.gangodvaznych.cz\/wp-content\/uploads\/2025\/03\/Sam-sobe-pomahej-850x1197.jpg 850w, https:\/\/www.gangodvaznych.cz\/wp-content\/uploads\/2025\/03\/Sam-sobe-pomahej-scaled.jpg 1818w\" sizes=\"auto, (max-width: 213px) 100vw, 213px\" \/>Habr, V\u00e1clav. S\u00e1m sob\u011b pom\u00e1hej! Edice State\u010dn\u00e1 srdce. R\u016f\u017ee, \u010cesk\u00e9 Bud\u011bjovice 1970. 103 stran. P\u0159epracov\u00e1no podle motiv\u016f rom\u00e1nu V.I N\u011bmirovi\u010de \u2013 Dan\u010denka.<br \/>\nHistorick\u00fd p\u0159\u00edb\u011bh z Ruska. \u010ctrn\u00e1ctilet\u00fd hrab\u011b Pavel Stohrad-Steck\u00fd je arogantn\u00ed mlad\u00edk, chov\u00e1 se nad\u0159azen\u011b a je py\u0161n\u00fd na sv\u016fj p\u016fvod. Otec mu zem\u0159el a maminka ho rozmazlila. S t\u00edm se nehodl\u00e1 sm\u00ed\u0159it Pavl\u016fv str\u00fdc, hrab\u011b Lev. Vezme synovce a chud\u00e9ho kluka Vl\u010dka, kter\u00fd se m\u00e1 st\u00e1t Pavlov\u00fdm spole\u010dn\u00edkem (a vlastn\u011b i vzorem) a se psem K\u00e1ro je odveze je daleko do odlehl\u00fdch les\u016f. Tak za\u010d\u00edn\u00e1 p\u0159ev\u00fdchova nesnesiteln\u00e9ho chlapce v odv\u00e1\u017en\u00e9ho a spravedliv\u00e9ho mlad\u00edka. Dramatick\u00e1 epizoda s medv\u011bdem se odehr\u00e1v\u00e1 v kapitole Setk\u00e1n\u00ed s p\u00e1nem lesa.<\/p>\n<p>&nbsp;<\/p>\n<p>&nbsp;<\/p>\n<p><img loading=\"lazy\" decoding=\"async\" class=\" wp-image-4091 alignleft\" src=\"http:\/\/www.gangodvaznych.cz\/wp-content\/uploads\/2025\/03\/Medvedi-drap-206x300.jpg\" alt=\"\" width=\"210\" height=\"306\" srcset=\"https:\/\/www.gangodvaznych.cz\/wp-content\/uploads\/2025\/03\/Medvedi-drap-206x300.jpg 206w, https:\/\/www.gangodvaznych.cz\/wp-content\/uploads\/2025\/03\/Medvedi-drap-703x1024.jpg 703w, https:\/\/www.gangodvaznych.cz\/wp-content\/uploads\/2025\/03\/Medvedi-drap-768x1118.jpg 768w, https:\/\/www.gangodvaznych.cz\/wp-content\/uploads\/2025\/03\/Medvedi-drap-1055x1536.jpg 1055w, https:\/\/www.gangodvaznych.cz\/wp-content\/uploads\/2025\/03\/Medvedi-drap-1407x2048.jpg 1407w, https:\/\/www.gangodvaznych.cz\/wp-content\/uploads\/2025\/03\/Medvedi-drap-300x437.jpg 300w, https:\/\/www.gangodvaznych.cz\/wp-content\/uploads\/2025\/03\/Medvedi-drap-850x1237.jpg 850w, https:\/\/www.gangodvaznych.cz\/wp-content\/uploads\/2025\/03\/Medvedi-drap.jpg 1694w\" sizes=\"auto, (max-width: 210px) 100vw, 210px\" \/>Kol. Medv\u011bd\u00ed dr\u00e1p a jin\u00e9 loveck\u00e9 p\u0159\u00edb\u011bhy. Albatros 1981. 246 stran.<br \/>\nSb\u00edrka 16 pov\u00eddek od 5 rusk\u00fdch autor\u016f-lovc\u016f (Babu\u0161kin, Aramilev, Permitin, Pri\u0161vin, Astafjev). Autentick\u00e9 p\u0159\u00edb\u011bhy se odehr\u00e1vaj\u00ed v sibi\u0159sk\u00e9 tajze, ve step\u00edch za Uralem, v kraji pod\u00e9l \u0159eky Jenisej i v les\u00edch st\u0159edn\u00edho Ruska. Hrdiny jsou \u010dasto d\u011bti, kte\u0159\u00ed se od \u00fatl\u00e9ho v\u011bku u\u010dili loveck\u00e9mu povol\u00e1n\u00ed, kter\u00e9 p\u0159edpokl\u00e1d\u00e1 znalost p\u0159\u00edrody, fyzickou zdatnost, otu\u017eilost, vytrvalost a odvahu. Pov\u00eddka Na medv\u011bda l\u00ed\u010d\u00ed odst\u0159el medv\u011bda zab\u00edjej\u00edc\u00edho kr\u00e1vy. Pov\u00eddka Kamar\u00e1di je o p\u0159\u00e1telstv\u00ed kluka Nikodyma a zran\u011bn\u00e9ho medv\u00edd\u011bte, kter\u00e9 si ocho\u010dil. Pov\u00eddka Medv\u011bd\u00ed dr\u00e1p vypr\u00e1v\u00ed o osudov\u00e9m setk\u00e1n\u00ed sedmilet\u00e9ho Zot\u00edka s medv\u011bdem, kdy\u017e zabil jeho otce a pozd\u011bji je vesni\u010dany uloven a pozn\u00e1n podle chyb\u011bj\u00edc\u00edho dr\u00e1pu.<\/p>\n<p>&nbsp;<\/p>\n<p>&nbsp;<\/p>\n<p><img loading=\"lazy\" decoding=\"async\" class=\"size-medium wp-image-4092 alignleft\" src=\"http:\/\/www.gangodvaznych.cz\/wp-content\/uploads\/2025\/03\/Cerny-sobol-hnedy-medved-219x300.jpg\" alt=\"\" width=\"219\" height=\"300\" srcset=\"https:\/\/www.gangodvaznych.cz\/wp-content\/uploads\/2025\/03\/Cerny-sobol-hnedy-medved-219x300.jpg 219w, https:\/\/www.gangodvaznych.cz\/wp-content\/uploads\/2025\/03\/Cerny-sobol-hnedy-medved-746x1024.jpg 746w, https:\/\/www.gangodvaznych.cz\/wp-content\/uploads\/2025\/03\/Cerny-sobol-hnedy-medved-768x1054.jpg 768w, https:\/\/www.gangodvaznych.cz\/wp-content\/uploads\/2025\/03\/Cerny-sobol-hnedy-medved-1120x1536.jpg 1120w, https:\/\/www.gangodvaznych.cz\/wp-content\/uploads\/2025\/03\/Cerny-sobol-hnedy-medved-1493x2048.jpg 1493w, https:\/\/www.gangodvaznych.cz\/wp-content\/uploads\/2025\/03\/Cerny-sobol-hnedy-medved-300x412.jpg 300w, https:\/\/www.gangodvaznych.cz\/wp-content\/uploads\/2025\/03\/Cerny-sobol-hnedy-medved-850x1166.jpg 850w, https:\/\/www.gangodvaznych.cz\/wp-content\/uploads\/2025\/03\/Cerny-sobol-hnedy-medved-scaled.jpg 1866w\" sizes=\"auto, (max-width: 219px) 100vw, 219px\" \/>Koz\u00e1k, Jan. \u010cern\u00fd sobol, hn\u011bd\u00fd medv\u011bd. \u010ceskoslovensk\u00fd spisovatel, Praha 1987. 274 stran.<br \/>\nRodi\u010de 13let\u00e9 Helky jsou biologov\u00e9 a jsou na ro\u010dn\u00edm v\u00fdzkumn\u00e9m pobytu u jezera Bajkal. Po ne\u010dekan\u00e9 smrti Hel\u010diny babi\u010dky odj\u00ed\u017ed\u00ed do sibi\u0159sk\u00e9 tajgy i Helka. \u010cek\u00e1 ji tam drsn\u00e1, ale kr\u00e1sn\u00e1 p\u0159\u00edroda, kterou si zamiluje. S rodi\u010d a s m\u00edstn\u00edm chlapcem Sa\u0161kou, kter\u00fd j\u00ed \u0159\u00edk\u00e1 Lena, za\u017e\u00edv\u00e1 na v\u00fdprav\u00e1ch dobrodru\u017estv\u00ed p\u0159i zna\u010den\u00ed sobol\u016f, pozorov\u00e1n\u00ed los\u016f, sob\u016f a tule\u0148\u016f, kdy ob\u011b d\u011bti s psy Sn\u00ed\u017ekem a \u010c\u00edrkou uv\u00edznou na k\u0159e. Ale dojde i na setk\u00e1n\u00ed s medv\u011bdy a pokus o ocho\u010den\u00ed vl\u010dete. Rok na Sibi\u0159i p\u0159in\u00e1\u0161\u00ed Helce spoustu radosti, ale i smutek z prod\u011blan\u00fdch ztr\u00e1t. Je to v\u0161ak rok, na kter\u00fd nikdy nezapomene. Detailn\u00ed l\u00ed\u010den\u00ed p\u0159\u00edrody a \u017eivota lid\u00ed v tajze. Dopln\u011bno fotografiemi.<\/p>\n<p>&nbsp;<\/p>\n<p><img loading=\"lazy\" decoding=\"async\" class=\" wp-image-4093 alignleft\" src=\"http:\/\/www.gangodvaznych.cz\/wp-content\/uploads\/2025\/03\/Grizzly-z-Vevercich-hor-200x300.jpg\" alt=\"\" width=\"215\" height=\"323\" srcset=\"https:\/\/www.gangodvaznych.cz\/wp-content\/uploads\/2025\/03\/Grizzly-z-Vevercich-hor-200x300.jpg 200w, https:\/\/www.gangodvaznych.cz\/wp-content\/uploads\/2025\/03\/Grizzly-z-Vevercich-hor-681x1024.jpg 681w, https:\/\/www.gangodvaznych.cz\/wp-content\/uploads\/2025\/03\/Grizzly-z-Vevercich-hor-768x1155.jpg 768w, https:\/\/www.gangodvaznych.cz\/wp-content\/uploads\/2025\/03\/Grizzly-z-Vevercich-hor-1022x1536.jpg 1022w, https:\/\/www.gangodvaznych.cz\/wp-content\/uploads\/2025\/03\/Grizzly-z-Vevercich-hor-1362x2048.jpg 1362w, https:\/\/www.gangodvaznych.cz\/wp-content\/uploads\/2025\/03\/Grizzly-z-Vevercich-hor-300x451.jpg 300w, https:\/\/www.gangodvaznych.cz\/wp-content\/uploads\/2025\/03\/Grizzly-z-Vevercich-hor-850x1278.jpg 850w, https:\/\/www.gangodvaznych.cz\/wp-content\/uploads\/2025\/03\/Grizzly-z-Vevercich-hor.jpg 1543w\" sizes=\"auto, (max-width: 215px) 100vw, 215px\" \/>Lamy, Marcel. Grizzly z Vever\u010d\u00edch hor. Nakladatelstv\u00ed FDT Praha 1992 (Pa\u0159\u00ed\u017e 1989) 95 stran.<br \/>\nVelk\u00fd grizzly Lur Hoo (pojmenovan\u00fd podle charakteristick\u00e9ho \u0159evu) je prav\u00fdm p\u00e1nem Vever\u010d\u00edch hor. M\u00e1 jedin\u00e9ho p\u0159\u00edtele, \u0161ed\u00e9ho skaln\u00edho orla Kama, kter\u00fd ho upozor\u0148uje na nebezpe\u010d\u00ed, a s n\u00edm\u017e se medv\u011bd d\u011bl\u00ed o \u00falovek. Jednou Lur Hoo spat\u0159\u00ed \u0161est lovc\u016f pron\u00e1sleduj\u00edc\u00edch mlad\u00e9ho medv\u011bda, kter\u00fd zabloudil do jeho teritoria. Lur Hoo v\u00ed, \u017ee mlad\u00fd nem\u00e1 dost zku\u0161enost\u00ed, aby lovc\u016fm unikl. A proto\u017ee miluje dobrodru\u017estv\u00ed, rozhodne se medv\u011bda zachr\u00e1nit. Svede lovce na svou stopu a l\u00e1k\u00e1 je do prudk\u00fdch horsk\u00fdch svah\u016f. V \u010dele lovc\u016f je zku\u0161en\u00fd John Hobson. V\u00ed, \u017ee Lur Hoo je siln\u00fd a mazan\u00fd, a lovce varuje. Ti v\u0161ak tou\u017e\u00ed po ko\u0159isti. Lov pln\u00fd nebezpe\u010d\u00ed pro ob\u011b strany za\u010d\u00edn\u00e1. Komu se poda\u0159\u00ed vyv\u00e1znout se zdravou k\u016f\u017ei? Lovc\u016fm, nebo grizzlymu?<\/p>\n<p>&nbsp;<\/p>\n<p><img loading=\"lazy\" decoding=\"async\" class=\"size-medium wp-image-4094 alignleft\" src=\"http:\/\/www.gangodvaznych.cz\/wp-content\/uploads\/2025\/03\/Dobrodruzne-pribehy-z-kanadskych-211x300.jpg\" alt=\"\" width=\"211\" height=\"300\" srcset=\"https:\/\/www.gangodvaznych.cz\/wp-content\/uploads\/2025\/03\/Dobrodruzne-pribehy-z-kanadskych-211x300.jpg 211w, https:\/\/www.gangodvaznych.cz\/wp-content\/uploads\/2025\/03\/Dobrodruzne-pribehy-z-kanadskych-722x1024.jpg 722w, https:\/\/www.gangodvaznych.cz\/wp-content\/uploads\/2025\/03\/Dobrodruzne-pribehy-z-kanadskych-768x1089.jpg 768w, https:\/\/www.gangodvaznych.cz\/wp-content\/uploads\/2025\/03\/Dobrodruzne-pribehy-z-kanadskych-1083x1536.jpg 1083w, https:\/\/www.gangodvaznych.cz\/wp-content\/uploads\/2025\/03\/Dobrodruzne-pribehy-z-kanadskych-1444x2048.jpg 1444w, https:\/\/www.gangodvaznych.cz\/wp-content\/uploads\/2025\/03\/Dobrodruzne-pribehy-z-kanadskych-300x426.jpg 300w, https:\/\/www.gangodvaznych.cz\/wp-content\/uploads\/2025\/03\/Dobrodruzne-pribehy-z-kanadskych-850x1206.jpg 850w, https:\/\/www.gangodvaznych.cz\/wp-content\/uploads\/2025\/03\/Dobrodruzne-pribehy-z-kanadskych.jpg 1751w\" sizes=\"auto, (max-width: 211px) 100vw, 211px\" \/>Los, Zdenek. Dobrodru\u017en\u00e9 p\u0159\u00edb\u011bhy z kanadsk\u00fdch hor a prales\u016f. ArtPorte, Praha 2019. 192 stran.<br \/>\nAutor je zku\u0161en\u00fd z\u00e1les\u00e1k a lovec, kter\u00fd u\u017e des\u00edtky let \u017eije na kraji hor a hlubok\u00fdch les\u016f Britsk\u00e9 Kolumbie v jihoz\u00e1padn\u00ed Kanad\u011b. P\u0159\u00edhody, kter\u00e9 v knize l\u00ed\u010d\u00ed, se mu opravdu staly. P\u0159i loveck\u00fdch v\u00fdprav\u00e1ch za jeleny wapiti, jelenci, losy, ale i p\u0159i rybolovu za\u017eil situace, kdy st\u00e1l tv\u00e1\u0159\u00ed v tv\u00e1\u0159 nejen medv\u011bd\u016fm \u010dern\u00fdm, ale i medv\u011bd\u016fm grizzly, pum\u00e1m a vlk\u016fm. V civilizac\u00ed nedot\u010den\u00e9 pustin\u011b se se sv\u00fdmi p\u0159\u00e1teli pohybuje sebejist\u011b, ale p\u0159esto s ostra\u017eitost\u00ed, proto\u017ee nebezpe\u010dn\u00e1 zv\u00ed\u0159ata tu maj\u00ed sv\u016fj domov a na vet\u0159elce mohou za\u00fato\u010dit kdekoliv a kdykoliv. A n\u011bkdy mus\u00ed m\u00edt \u010dlov\u011bk i \u0161t\u011bst\u00ed (sugestivn\u00ed p\u0159\u00edb\u011bh Nebezpe\u010dn\u00e9 setk\u00e1n\u00ed o odvr\u00e1cen\u00ed \u00fatoku medv\u011bdice s ml\u00e1\u010faty).<\/p>\n<p>&nbsp;<\/p>\n<p><img loading=\"lazy\" decoding=\"async\" class=\"wp-image-4095 alignleft\" src=\"http:\/\/www.gangodvaznych.cz\/wp-content\/uploads\/2025\/03\/Leto-ve-znameni-medveda-193x300.jpg\" alt=\"\" width=\"211\" height=\"328\" srcset=\"https:\/\/www.gangodvaznych.cz\/wp-content\/uploads\/2025\/03\/Leto-ve-znameni-medveda-193x300.jpg 193w, https:\/\/www.gangodvaznych.cz\/wp-content\/uploads\/2025\/03\/Leto-ve-znameni-medveda-659x1024.jpg 659w, https:\/\/www.gangodvaznych.cz\/wp-content\/uploads\/2025\/03\/Leto-ve-znameni-medveda-768x1194.jpg 768w, https:\/\/www.gangodvaznych.cz\/wp-content\/uploads\/2025\/03\/Leto-ve-znameni-medveda-988x1536.jpg 988w, https:\/\/www.gangodvaznych.cz\/wp-content\/uploads\/2025\/03\/Leto-ve-znameni-medveda-1318x2048.jpg 1318w, https:\/\/www.gangodvaznych.cz\/wp-content\/uploads\/2025\/03\/Leto-ve-znameni-medveda-300x466.jpg 300w, https:\/\/www.gangodvaznych.cz\/wp-content\/uploads\/2025\/03\/Leto-ve-znameni-medveda-850x1321.jpg 850w, https:\/\/www.gangodvaznych.cz\/wp-content\/uploads\/2025\/03\/Leto-ve-znameni-medveda.jpg 1537w\" sizes=\"auto, (max-width: 211px) 100vw, 211px\" \/>Loughead, Deb. L\u00e9to ve znamen\u00ed medv\u011bda. S\u00e9rie Stezkami Severn\u00edho hvozdu. Nakladatelstv\u00ed Stabenfeldt 2011 (angl.2011) 157 stran.<br \/>\nP\u0159\u00edb\u011bh z kanadsk\u00fdch les\u016f pro milovn\u00edky kon\u00ed. \u010ctrn\u00e1ctilet\u00e1 Mona se s rodi\u010di a star\u0161\u00edm bratrem p\u0159est\u011bhovala z m\u011bsta na d\u011bde\u010dk\u016fv statek, kde cht\u011bj\u00ed vybudovat mal\u00fd penzion. Mona v\u0161echen \u010das tr\u00e1v\u00ed na sv\u00e9m koni Tarotovi a vzorn\u011b se star\u00e1 i o druh\u00e9ho kon\u011b, Burbona, proto\u017ee bratr Joey dal p\u0159ednost motorce. Pak ale p\u0159ij\u00ed\u017ed\u00ed mamin\u010dina kamar\u00e1dka Jenny s \u010dtrn\u00e1ctilet\u00fdm synem Calebem a Mona m\u00e1 starosti. S ciz\u00edm klukem, br\u00e1chou, \u017e\u00e1rlivou kamar\u00e1dkou, nemocn\u00fdm d\u011bdou, kter\u00fd se vyh\u00fdb\u00e1 d\u00e1vn\u00e9mu kamar\u00e1dovi z ran\u010de. A do toho se v okol\u00ed op\u011bt vyskytuj\u00ed medv\u011bdi, kte\u0159\u00ed se nerozpakuj\u00ed vl\u00e9zt a\u017e do st\u00e1je.<\/p>\n<p>&nbsp;<\/p>\n<p>&nbsp;<\/p>\n<p><img loading=\"lazy\" decoding=\"async\" class=\"wp-image-4096 alignleft\" src=\"http:\/\/www.gangodvaznych.cz\/wp-content\/uploads\/2025\/03\/Sever-muj-domov-205x300.jpg\" alt=\"\" width=\"210\" height=\"307\" srcset=\"https:\/\/www.gangodvaznych.cz\/wp-content\/uploads\/2025\/03\/Sever-muj-domov-205x300.jpg 205w, https:\/\/www.gangodvaznych.cz\/wp-content\/uploads\/2025\/03\/Sever-muj-domov-701x1024.jpg 701w, https:\/\/www.gangodvaznych.cz\/wp-content\/uploads\/2025\/03\/Sever-muj-domov-768x1121.jpg 768w, https:\/\/www.gangodvaznych.cz\/wp-content\/uploads\/2025\/03\/Sever-muj-domov-1052x1536.jpg 1052w, https:\/\/www.gangodvaznych.cz\/wp-content\/uploads\/2025\/03\/Sever-muj-domov-1402x2048.jpg 1402w, https:\/\/www.gangodvaznych.cz\/wp-content\/uploads\/2025\/03\/Sever-muj-domov-300x438.jpg 300w, https:\/\/www.gangodvaznych.cz\/wp-content\/uploads\/2025\/03\/Sever-muj-domov-850x1241.jpg 850w, https:\/\/www.gangodvaznych.cz\/wp-content\/uploads\/2025\/03\/Sever-muj-domov.jpg 1736w\" sizes=\"auto, (max-width: 210px) 100vw, 210px\" \/>Morey, Walt. Sever, m\u016fj domov. Albatros, Praha 1973. (New York 1967) 183 stran.<br \/>\nPatn\u00e1ctilet\u00fd sirotek Brad z\u016fstal po smrti babi\u010dky s\u00e1m v srubu na ostrov\u011b. Jedin\u00fdm p\u0159\u00edtelem je mu velk\u00fd eskym\u00e1ck\u00fd pes Mickie, podobn\u00fd vlku. Ryb\u00e1\u0159i Ed Bishop a Hab\u00e1n George oba odvezou na alja\u0161skou pevninu a Brad se st\u00e1v\u00e1 \u010dlenem jejich rodiny. S Edovou \u017eenou Annou chod\u00ed l\u00ed\u010dit pasti, lovit a sb\u00edrat lesn\u00ed plody, s Edem a Georgem se na lodi Anna B u\u010d\u00ed ryb\u00e1\u0159sk\u00e9mu \u0159emeslu. Prok\u00e1\u017ee odvahu, kdy\u017e zabije rosom\u00e1ka a pak i medv\u011bda, kter\u00fd napadl Annu. S Mickiem jsou nerozlu\u010dn\u00e1 dvojice. Kdy\u017e si pro chlapce p\u0159ijede ze Seattlu teta Kl\u00e1ra, d\u011bl\u00e1 Bred v\u0161echno, aby mohl z\u016fstat na Alja\u0161ce. Jak se nakonec rozhodne?<\/p>\n<p>&nbsp;<\/p>\n<p>&nbsp;<\/p>\n<p><img loading=\"lazy\" decoding=\"async\" class=\" wp-image-4097 alignleft\" src=\"http:\/\/www.gangodvaznych.cz\/wp-content\/uploads\/2025\/03\/Medvedi-zabijaci-189x300.jpg\" alt=\"\" width=\"209\" height=\"332\" srcset=\"https:\/\/www.gangodvaznych.cz\/wp-content\/uploads\/2025\/03\/Medvedi-zabijaci-189x300.jpg 189w, https:\/\/www.gangodvaznych.cz\/wp-content\/uploads\/2025\/03\/Medvedi-zabijaci-645x1024.jpg 645w, https:\/\/www.gangodvaznych.cz\/wp-content\/uploads\/2025\/03\/Medvedi-zabijaci-768x1219.jpg 768w, https:\/\/www.gangodvaznych.cz\/wp-content\/uploads\/2025\/03\/Medvedi-zabijaci-968x1536.jpg 968w, https:\/\/www.gangodvaznych.cz\/wp-content\/uploads\/2025\/03\/Medvedi-zabijaci-1290x2048.jpg 1290w, https:\/\/www.gangodvaznych.cz\/wp-content\/uploads\/2025\/03\/Medvedi-zabijaci-300x476.jpg 300w, https:\/\/www.gangodvaznych.cz\/wp-content\/uploads\/2025\/03\/Medvedi-zabijaci-850x1349.jpg 850w, https:\/\/www.gangodvaznych.cz\/wp-content\/uploads\/2025\/03\/Medvedi-zabijaci.jpg 1540w\" sizes=\"auto, (max-width: 209px) 100vw, 209px\" \/>Mueller, Larry, Reiss, Marguerite. Medv\u011bdi zabij\u00e1ci. Z\u00e1pas \u010dlov\u011bka s medv\u011bdem na \u017eivot a na smrt. Alpress 2006. 175 stran.<br \/>\nStrhuj\u00edc\u00ed l\u00ed\u010den\u00ed patn\u00e1cti skute\u010dn\u00fdch p\u0159\u00edpad\u016f napaden\u00ed medv\u011bdem grizzlym. Auto\u0159i vych\u00e1zeli z autentick\u00fdch rozhovor\u016f s lidmi, kte\u0159\u00ed krok za krokem detailn\u011b popisuj\u00ed sv\u00e9 hr\u016fzn\u00e9 z\u00e1\u017eitky, kdy na n\u011b medv\u011bd za\u00fato\u010dil. Lid\u00e9, kte\u0159\u00ed se pod\u011blili o hr\u016fzn\u00e9 vzpom\u00ednky pln\u00e9 strachu a krve, se ocitli v ohro\u017een\u00ed \u017eivota, ale d\u00edky odvaze a hou\u017eevnatosti p\u0159e\u017eili, by\u0165 n\u011bkdy za cenu v\u00e1\u017en\u00fdch zran\u011bn\u00ed. P\u0159\u00edpady zahrnut\u00e9 v knize se odehr\u00e1ly na Alja\u0161ce, v odlehl\u00e9 tund\u0159e za pol\u00e1rn\u00edm kruhem. Jejich hrdinov\u00e9 jsou v\u011bt\u0161inou lovci, ale i zem\u011bm\u011b\u0159i\u010di, fotografov\u00e9, cestovatel\u00e9. Kniha obsahuje i u\u017eite\u010dn\u00e9 rady pro setk\u00e1n\u00ed s medv\u011bdem.<\/p>\n<p>&nbsp;<\/p>\n<p>&nbsp;<\/p>\n<p><img loading=\"lazy\" decoding=\"async\" class=\"size-medium wp-image-4098 alignleft\" src=\"http:\/\/www.gangodvaznych.cz\/wp-content\/uploads\/2025\/03\/Smlouva-s-medvedem-216x300.jpg\" alt=\"\" width=\"216\" height=\"300\" srcset=\"https:\/\/www.gangodvaznych.cz\/wp-content\/uploads\/2025\/03\/Smlouva-s-medvedem-216x300.jpg 216w, https:\/\/www.gangodvaznych.cz\/wp-content\/uploads\/2025\/03\/Smlouva-s-medvedem-737x1024.jpg 737w, https:\/\/www.gangodvaznych.cz\/wp-content\/uploads\/2025\/03\/Smlouva-s-medvedem-768x1067.jpg 768w, https:\/\/www.gangodvaznych.cz\/wp-content\/uploads\/2025\/03\/Smlouva-s-medvedem-1105x1536.jpg 1105w, https:\/\/www.gangodvaznych.cz\/wp-content\/uploads\/2025\/03\/Smlouva-s-medvedem-1474x2048.jpg 1474w, https:\/\/www.gangodvaznych.cz\/wp-content\/uploads\/2025\/03\/Smlouva-s-medvedem-300x417.jpg 300w, https:\/\/www.gangodvaznych.cz\/wp-content\/uploads\/2025\/03\/Smlouva-s-medvedem-850x1181.jpg 850w, https:\/\/www.gangodvaznych.cz\/wp-content\/uploads\/2025\/03\/Smlouva-s-medvedem.jpg 1727w\" sizes=\"auto, (max-width: 216px) 100vw, 216px\" \/>Roberts, Charles G.D. a kol. Smlouva s medv\u011bdem. Vydalo SZ s.r.o. a Adonai s.r.o. 2002. 94 stran.<br \/>\nT\u0159i pov\u00eddky od t\u0159\u00ed autor\u016f (Roberts, St. Havelka, Milan \u017d\u00eddek). Pov\u00eddka P\u0159\u00edm\u011b\u0159\u00ed (Roberts) l\u00ed\u010d\u00ed z\u00e1\u017eitek lovce a trapera, kter\u00fd se cestou pro z\u00e1soby setk\u00e1 s hladov\u00fdm medv\u011bdem. Mu\u017e nem\u00e1 zbra\u0148 a zkou\u0161\u00ed medv\u011bda zahnat k\u0159ikem, pak ho ob\u011bhne a prch\u00e1 k zamrzl\u00e9 \u0159ece, za n\u00ed\u017e m\u00e1 srub. Jen\u017ee medv\u011bd ho pron\u00e1sleduje. Traper odhod\u00ed batoh se z\u00e1sobami, ale ani to nepom\u016f\u017ee. P\u0159i divok\u00e9 honi\u010dce oba sko\u010d\u00ed na led, ale kry se za\u010dnou l\u00e1mat a \u010dlov\u011bk i medv\u011bd spadnou do \u0159eky, kter\u00e1 je \u017eene k vodop\u00e1du. \u010clov\u011bk se v posledn\u00ed chv\u00edli zachyt\u00ed sk\u00e1ly a pak bez rozm\u00fd\u0161len\u00ed pom\u016f\u017ee i medv\u011bdovi. Oba se pak ostra\u017eit\u011b pozoruj\u00ed. Kdy\u017e kry vytvo\u0159\u00ed most ke b\u0159ehu, jejich cesty se v m\u00edru rozejdou.<\/p>\n<p>&nbsp;<\/p>\n<p><img loading=\"lazy\" decoding=\"async\" class=\"size-medium wp-image-4099 alignleft\" src=\"http:\/\/www.gangodvaznych.cz\/wp-content\/uploads\/2025\/03\/Ve-sparech-selmy-216x300.jpg\" alt=\"\" width=\"216\" height=\"300\" srcset=\"https:\/\/www.gangodvaznych.cz\/wp-content\/uploads\/2025\/03\/Ve-sparech-selmy-216x300.jpg 216w, https:\/\/www.gangodvaznych.cz\/wp-content\/uploads\/2025\/03\/Ve-sparech-selmy-736x1024.jpg 736w, https:\/\/www.gangodvaznych.cz\/wp-content\/uploads\/2025\/03\/Ve-sparech-selmy-768x1068.jpg 768w, https:\/\/www.gangodvaznych.cz\/wp-content\/uploads\/2025\/03\/Ve-sparech-selmy-1104x1536.jpg 1104w, https:\/\/www.gangodvaznych.cz\/wp-content\/uploads\/2025\/03\/Ve-sparech-selmy-1473x2048.jpg 1473w, https:\/\/www.gangodvaznych.cz\/wp-content\/uploads\/2025\/03\/Ve-sparech-selmy-300x417.jpg 300w, https:\/\/www.gangodvaznych.cz\/wp-content\/uploads\/2025\/03\/Ve-sparech-selmy-850x1182.jpg 850w, https:\/\/www.gangodvaznych.cz\/wp-content\/uploads\/2025\/03\/Ve-sparech-selmy.jpg 1684w\" sizes=\"auto, (max-width: 216px) 100vw, 216px\" \/>Tarshisov\u00e1, Lauren. Ve sp\u00e1rech \u0161elmy. P\u0159e\u017eila jsem \u00fatok grizzly\u016f, 1967. CPRESS, Brno 2021. (Scholastic 2018). 136 stran.&nbsp;<br \/>\nJeden\u00e1ctilet\u00e1 Melody je s d\u011bdou a mal\u00fdm bratrem na pr\u00e1zdnin\u00e1ch v n\u00e1rodn\u00edm parku Glacier. Jednou ve\u010der na Melody kousek od srubu za\u00fato\u010dil medv\u011bd grizzly. D\u00edvka prchla dovnit\u0159, ale medv\u011bd se dob\u00fdval oknem za potravou. Na\u0161t\u011bst\u00ed se d\u011bdovi poda\u0159ilo medv\u011bda zahnat. Jen\u017ee podobn\u00fdch p\u0159\u00edpad\u016f p\u0159ib\u00fdv\u00e1. Melody s tetou a mlad\u00fdm v\u011bdcem se vyd\u00e1vaj\u00ed na odlehlou chatu v Granit Park, aby prov\u011b\u0159ili nez\u00e1konn\u00e9 krmen\u00ed medv\u011bd\u016f na skl\u00e1dce odpadk\u016f. Zde je Melody op\u011bt napadena medv\u011bdem a jde j\u00ed o \u017eivot. P\u0159\u00edb\u011bh inspirovan\u00fd skute\u010dn\u00fdmi ud\u00e1lostmi roku 1967, kdy grizzlyov\u00e9 v parku Glacier zabili dv\u011b devaten\u00e1ctilet\u00e9 d\u00edvky, co\u017e zm\u011bnilo pravidla pobytu v n\u00e1rodn\u00edch parc\u00edch.<\/p>\n<p>&nbsp;<\/p>\n<p>&nbsp;<\/p>\n","protected":false},"excerpt":{"rendered":"<p>&nbsp; Curwood, James Oliver. Ko\u010dovn\u00edci severu. SNDK Praha 1962. Edice KOD. (P\u0159elo\u017eeno z angli\u010dtiny.) 164 stran. Strhuj\u00edc\u00ed p\u0159\u00edb\u011bh neoby\u010dejn\u00e9ho p\u0159\u00e1telstv\u00ed \u010dern\u00e9ho medv\u011bda jm\u00e9nem N\u00fdwa a velk\u00e9ho ps\u00edho k\u0159\u00ed\u017eence Mikiho. Medv\u00edd\u011b N\u00fdwa p\u0159i\u0161lo o m\u00e1mu, \u010dernou medv\u011bdici N\u00fazak, a lovec Challoner se ho pokou\u0161\u00ed ocho\u010dit. U\u017e se star\u00e1 o \u0161t\u011bn\u011b Mikiho, velk\u00e9ho ps\u00edho k\u0159\u00ed\u017eence. Ob\u011b ml\u00e1\u010fata&#8230;<\/p>\n","protected":false},"author":1,"featured_media":0,"parent":0,"menu_order":0,"comment_status":"closed","ping_status":"closed","template":"","meta":{"ngg_post_thumbnail":0,"footnotes":""},"class_list":["post-4088","page","type-page","status-publish","hentry"],"_links":{"self":[{"href":"https:\/\/www.gangodvaznych.cz\/index.php\/wp-json\/wp\/v2\/pages\/4088","targetHints":{"allow":["GET"]}}],"collection":[{"href":"https:\/\/www.gangodvaznych.cz\/index.php\/wp-json\/wp\/v2\/pages"}],"about":[{"href":"https:\/\/www.gangodvaznych.cz\/index.php\/wp-json\/wp\/v2\/types\/page"}],"author":[{"embeddable":true,"href":"https:\/\/www.gangodvaznych.cz\/index.php\/wp-json\/wp\/v2\/users\/1"}],"replies":[{"embeddable":true,"href":"https:\/\/www.gangodvaznych.cz\/index.php\/wp-json\/wp\/v2\/comments?post=4088"}],"version-history":[{"count":5,"href":"https:\/\/www.gangodvaznych.cz\/index.php\/wp-json\/wp\/v2\/pages\/4088\/revisions"}],"predecessor-version":[{"id":4105,"href":"https:\/\/www.gangodvaznych.cz\/index.php\/wp-json\/wp\/v2\/pages\/4088\/revisions\/4105"}],"wp:attachment":[{"href":"https:\/\/www.gangodvaznych.cz\/index.php\/wp-json\/wp\/v2\/media?parent=4088"}],"curies":[{"name":"wp","href":"https:\/\/api.w.org\/{rel}","templated":true}]}}