{"id":4207,"date":"2025-03-14T16:08:41","date_gmt":"2025-03-14T16:08:41","guid":{"rendered":"https:\/\/www.gangodvaznych.cz\/?page_id=4207"},"modified":"2026-03-28T23:48:01","modified_gmt":"2026-03-28T23:48:01","slug":"tornado","status":"publish","type":"page","link":"https:\/\/www.gangodvaznych.cz\/index.php\/tornado\/","title":{"rendered":"TORN\u00c1DO &#8211; bonusy"},"content":{"rendered":"<p><img loading=\"lazy\" decoding=\"async\" class=\" wp-image-3044 alignright\" src=\"http:\/\/www.gangodvaznych.cz\/wp-content\/uploads\/2022\/05\/Uder-tornada-Obalka-image_barva-202x300.png\" alt=\"\" width=\"136\" height=\"202\" srcset=\"https:\/\/www.gangodvaznych.cz\/wp-content\/uploads\/2022\/05\/Uder-tornada-Obalka-image_barva-202x300.png 202w, https:\/\/www.gangodvaznych.cz\/wp-content\/uploads\/2022\/05\/Uder-tornada-Obalka-image_barva-300x445.png 300w, https:\/\/www.gangodvaznych.cz\/wp-content\/uploads\/2022\/05\/Uder-tornada-Obalka-image_barva.png 664w\" sizes=\"auto, (max-width: 136px) 100vw, 136px\" \/>\u010cl\u00e1nky k t\u00e9matu TORN\u00c1DO se vztahuj\u00ed ke knize <a href=\"https:\/\/www.gangodvaznych.cz\/index.php\/2022\/10\/30\/go-uder-tornada\/\"><em>\u00daDER TORN\u00c1DA<\/em><\/a><\/p>\n<p>&nbsp;<\/p>\n<p>&nbsp;<\/p>\n<p>\u010cl\u00e1nky k t\u00e9matu:<\/p>\n<ul>\n<li><a href=\"https:\/\/www.gangodvaznych.cz\/index.php\/2025\/03\/14\/16-kilometru-po-silnici-66-hardy\/\">16 kilometr\u016f po silnici 66 (Hardy)<\/a><\/li>\n<li><a href=\"https:\/\/www.gangodvaznych.cz\/index.php\/2025\/03\/14\/indianska-cesta-slz-alfa\/\">Indi\u00e1nsk\u00e1 Cesta slz (Alfa)<\/a><\/li>\n<li><a href=\"https:\/\/www.gangodvaznych.cz\/index.php\/2025\/03\/14\/potkat-tak-kryptida-tim\/\">Potkat tak kryptida (Tim)<\/a><\/li>\n<li><a href=\"https:\/\/www.gangodvaznych.cz\/index.php\/2025\/03\/14\/praha-v-americe-beta\/\">Praha v Americe (Beta)<\/a><\/li>\n<li><a href=\"https:\/\/www.gangodvaznych.cz\/index.php\/2025\/03\/14\/smrtici-sport-jonas\/\">Smrt\u00edc\u00ed sport (Jon\u00e1\u0161)<\/a><\/li>\n<li><a href=\"https:\/\/www.gangodvaznych.cz\/index.php\/2025\/03\/14\/tornadem-do-zeme-oz-mariana\/\">Torn\u00e1dem do zem\u011b Oz (Mariana)<\/a><\/li>\n<\/ul>\n","protected":false},"excerpt":{"rendered":"<p>\u010cl\u00e1nky k t\u00e9matu TORN\u00c1DO se vztahuj\u00ed ke knize \u00daDER TORN\u00c1DA &nbsp; &nbsp; \u010cl\u00e1nky k t\u00e9matu: 16 kilometr\u016f po silnici 66 (Hardy) Indi\u00e1nsk\u00e1 Cesta slz (Alfa) Potkat tak kryptida (Tim) Praha v Americe (Beta) Smrt\u00edc\u00ed sport (Jon\u00e1\u0161) Torn\u00e1dem do zem\u011b Oz (Mariana)<\/p>\n","protected":false},"author":1,"featured_media":0,"parent":0,"menu_order":0,"comment_status":"closed","ping_status":"closed","template":"","meta":{"ngg_post_thumbnail":0,"footnotes":""},"class_list":["post-4207","page","type-page","status-publish","hentry"],"_links":{"self":[{"href":"https:\/\/www.gangodvaznych.cz\/index.php\/wp-json\/wp\/v2\/pages\/4207","targetHints":{"allow":["GET"]}}],"collection":[{"href":"https:\/\/www.gangodvaznych.cz\/index.php\/wp-json\/wp\/v2\/pages"}],"about":[{"href":"https:\/\/www.gangodvaznych.cz\/index.php\/wp-json\/wp\/v2\/types\/page"}],"author":[{"embeddable":true,"href":"https:\/\/www.gangodvaznych.cz\/index.php\/wp-json\/wp\/v2\/users\/1"}],"replies":[{"embeddable":true,"href":"https:\/\/www.gangodvaznych.cz\/index.php\/wp-json\/wp\/v2\/comments?post=4207"}],"version-history":[{"count":2,"href":"https:\/\/www.gangodvaznych.cz\/index.php\/wp-json\/wp\/v2\/pages\/4207\/revisions"}],"predecessor-version":[{"id":5650,"href":"https:\/\/www.gangodvaznych.cz\/index.php\/wp-json\/wp\/v2\/pages\/4207\/revisions\/5650"}],"wp:attachment":[{"href":"https:\/\/www.gangodvaznych.cz\/index.php\/wp-json\/wp\/v2\/media?parent=4207"}],"curies":[{"name":"wp","href":"https:\/\/api.w.org\/{rel}","templated":true}]}}