{"id":4281,"date":"2025-03-21T15:41:31","date_gmt":"2025-03-21T15:41:31","guid":{"rendered":"https:\/\/www.gangodvaznych.cz\/?page_id=4281"},"modified":"2026-03-29T16:46:05","modified_gmt":"2026-03-29T16:46:05","slug":"beletrie-jinych-autoru-mamut","status":"publish","type":"page","link":"https:\/\/www.gangodvaznych.cz\/index.php\/beletrie-jinych-autoru-mamut\/","title":{"rendered":"Beletrie jin\u00fdch autor\u016f &#8211; MAMUT"},"content":{"rendered":"<p>&nbsp;<\/p>\n<p><img loading=\"lazy\" decoding=\"async\" class=\"wp-image-4282 alignleft\" src=\"http:\/\/www.gangodvaznych.cz\/wp-content\/uploads\/2025\/03\/Mamut_Baxter-198x300.jpg\" alt=\"\" width=\"250\" height=\"379\" srcset=\"https:\/\/www.gangodvaznych.cz\/wp-content\/uploads\/2025\/03\/Mamut_Baxter-198x300.jpg 198w, https:\/\/www.gangodvaznych.cz\/wp-content\/uploads\/2025\/03\/Mamut_Baxter-675x1024.jpg 675w, https:\/\/www.gangodvaznych.cz\/wp-content\/uploads\/2025\/03\/Mamut_Baxter-768x1165.jpg 768w, https:\/\/www.gangodvaznych.cz\/wp-content\/uploads\/2025\/03\/Mamut_Baxter-1013x1536.jpg 1013w, https:\/\/www.gangodvaznych.cz\/wp-content\/uploads\/2025\/03\/Mamut_Baxter-300x455.jpg 300w, https:\/\/www.gangodvaznych.cz\/wp-content\/uploads\/2025\/03\/Mamut_Baxter-850x1289.jpg 850w, https:\/\/www.gangodvaznych.cz\/wp-content\/uploads\/2025\/03\/Mamut_Baxter.jpg 1296w\" sizes=\"auto, (max-width: 250px) 100vw, 250px\" \/>Baxter, Stephen. <em>Mamut<\/em>. Laser, Plze\u0148 2006. 256 stran.<\/p>\n<p>Fascinuj\u00edc\u00ed p\u0159\u00edb\u011bh posledn\u00edch mamut\u016f na odlehl\u00e9m ostrov\u011b l\u00ed\u010den\u00fd sugestivn\u011b z pozic mlad\u00e9 mamutice \u0160edivky. Intenzivn\u011b vn\u00edm\u00e1me jej\u00ed pocity, touhy, starost o zmen\u0161uj\u00edc\u00ed se mo\u017enosti ob\u017eivy, ale i obavy z vyhynut\u00ed druhu. A aby toho nebylo m\u00e1lo, zv\u00eddav\u00e1 \u0160edivka jednoho dne spat\u0159\u00ed na pob\u0159e\u017e\u00ed ledoko\u017ece vyzbrojen\u00e9 hol\u00ed schopnou zab\u00edjet i z d\u00e1lky. Jak\u00fd osud p\u0159inesou mamut\u00ed rodin\u011b tvo\u0159en\u00e9 \u0160ediv\u010dinou babi\u010dkou Sovidu\u0161\u00ed, matkou Vlkonoskou, tetou Vykotlankou, sestrou Li\u0161koo\u010dkou (m\u00e1 syna Oc\u00e1ska a novorozen\u011b Jit\u0159enku), star\u00fdm mamutem Vejcoklem a mlad\u00fdm Ranboltcem?<\/p>\n<p>&nbsp;<\/p>\n<p>&nbsp;<\/p>\n<p>&nbsp;<\/p>\n<p>&nbsp;<\/p>\n<p><img loading=\"lazy\" decoding=\"async\" class=\"wp-image-4286 alignleft\" src=\"http:\/\/www.gangodvaznych.cz\/wp-content\/uploads\/2025\/03\/Stromovic-dvojcata_Mamut-235x300.jpg\" alt=\"\" width=\"250\" height=\"319\" srcset=\"https:\/\/www.gangodvaznych.cz\/wp-content\/uploads\/2025\/03\/Stromovic-dvojcata_Mamut-235x300.jpg 235w, https:\/\/www.gangodvaznych.cz\/wp-content\/uploads\/2025\/03\/Stromovic-dvojcata_Mamut-802x1024.jpg 802w, https:\/\/www.gangodvaznych.cz\/wp-content\/uploads\/2025\/03\/Stromovic-dvojcata_Mamut-768x980.jpg 768w, https:\/\/www.gangodvaznych.cz\/wp-content\/uploads\/2025\/03\/Stromovic-dvojcata_Mamut-1203x1536.jpg 1203w, https:\/\/www.gangodvaznych.cz\/wp-content\/uploads\/2025\/03\/Stromovic-dvojcata_Mamut-300x383.jpg 300w, https:\/\/www.gangodvaznych.cz\/wp-content\/uploads\/2025\/03\/Stromovic-dvojcata_Mamut-850x1085.jpg 850w, https:\/\/www.gangodvaznych.cz\/wp-content\/uploads\/2025\/03\/Stromovic-dvojcata_Mamut.jpg 1414w\" sizes=\"auto, (max-width: 250px) 100vw, 250px\" \/>Cowell, Cressida. <em>Stromovic dvoj\u010data a jejich dobrodru\u017estv\u00ed v divo\u010din\u011b. Dvoj\u010data putuj\u00ed s mamutem srstnat\u00fdm.<br \/>\n<\/em> Hodder Childern\u00b4s Books 2020.<\/p>\n<p>Stroj \u010dasu rodiny Stromov\u00fdch zaveze velk\u00e1 dvoj\u010data Ashu a Alfieho a mal\u00e1 dvoj\u010data Teda a Tulip spole\u010dn\u011b s rodi\u010di v\u00fdzkumn\u00edky dvacet tis\u00edc let nazp\u00e1tek, kdy v Severn\u00ed Americe panovala doba ledov\u00e1. V\u0161echny \u010dty\u0159i d\u011bti i rodi\u010de si nasad\u00ed ly\u017ee a vyd\u00e1vaj\u00ed se hledat mamuty srstnat\u00e9. Na zasn\u011b\u017een\u00e9 pl\u00e1ni objev\u00ed velk\u00e9 st\u00e1do. Z pozorov\u00e1n\u00ed je v\u0161ak vyru\u0161\u00ed \u00fatok \u0161avlozub\u00e9ho tygra, kter\u00e9mu v\u0161ak na ly\u017e\u00edch ujedou a p\u0159enocuj\u00ed v jeskyni. Kn\u00ed\u017eka pro mal\u00e9 d\u011bti se vejde do kapsy.<\/p>\n<p>&nbsp;<\/p>\n<p>&nbsp;<\/p>\n<p>&nbsp;<\/p>\n<p><img loading=\"lazy\" decoding=\"async\" class=\"wp-image-4283 alignleft\" src=\"http:\/\/www.gangodvaznych.cz\/wp-content\/uploads\/2025\/03\/Mamuti-tahnou-do-bazin-216x300.jpg\" alt=\"\" width=\"250\" height=\"347\" srcset=\"https:\/\/www.gangodvaznych.cz\/wp-content\/uploads\/2025\/03\/Mamuti-tahnou-do-bazin-216x300.jpg 216w, https:\/\/www.gangodvaznych.cz\/wp-content\/uploads\/2025\/03\/Mamuti-tahnou-do-bazin-737x1024.jpg 737w, https:\/\/www.gangodvaznych.cz\/wp-content\/uploads\/2025\/03\/Mamuti-tahnou-do-bazin-768x1067.jpg 768w, https:\/\/www.gangodvaznych.cz\/wp-content\/uploads\/2025\/03\/Mamuti-tahnou-do-bazin-1105x1536.jpg 1105w, https:\/\/www.gangodvaznych.cz\/wp-content\/uploads\/2025\/03\/Mamuti-tahnou-do-bazin-1474x2048.jpg 1474w, https:\/\/www.gangodvaznych.cz\/wp-content\/uploads\/2025\/03\/Mamuti-tahnou-do-bazin-300x417.jpg 300w, https:\/\/www.gangodvaznych.cz\/wp-content\/uploads\/2025\/03\/Mamuti-tahnou-do-bazin-850x1181.jpg 850w, https:\/\/www.gangodvaznych.cz\/wp-content\/uploads\/2025\/03\/Mamuti-tahnou-do-bazin.jpg 1771w\" sizes=\"auto, (max-width: 250px) 100vw, 250px\" \/>Fiala, Bohum\u00edr. <em>Mamuti t\u00e1hnou do ba\u017ein.<\/em> P\u0159\u00edb\u011bh z prav\u011bku. Profil, Ostrava 1978. 216 stran. Ilustroval Zden\u011bk Burian.<\/p>\n<p>Tlupa prav\u011bk\u00fdch lovc\u016f \u017eij\u00edc\u00edch na \u00fazem\u00ed Moravy zji\u0161\u0165uje, \u017ee na Zelen\u00e9m n\u00e1vr\u0161\u00ed ub\u00fdv\u00e1 zv\u011b\u0159e, hlavn\u011b mamut\u016f, kte\u0159\u00ed d\u00e1vaj\u00ed v\u00edc masa ne\u017e srstnat\u00ed nosoro\u017eci, divoc\u00ed kon\u011b a sobi. Lid\u00e9 se proto rozhodnou p\u0159est\u011bhovat se do Kraje dvou \u0159ek k Mamut\u00ed sk\u00e1le. Dosp\u00edvaj\u00edc\u00ed Klen p\u0159ijde p\u0159i \u00fatoku nep\u0159\u00e1telsk\u00e9 tlupy o matku Ost\u0159ici a sestra Jit\u0159enka je unesena. \u010carod\u011bj Plesnivec hodl\u00e1 Klena a mlad\u00e9ho zajatce Lum\u00edka ob\u011btovat bohyni Karin. Rozhodnou se pro \u00fat\u011bk do zem\u011b Onug\u016f, naj\u00edt Jit\u0159enku a nov\u00e1 mamut\u00ed st\u00e1da.<\/p>\n<p>&nbsp;<\/p>\n<p>&nbsp;<\/p>\n<p>&nbsp;<\/p>\n<p><img loading=\"lazy\" decoding=\"async\" class=\"wp-image-5694 alignleft\" src=\"http:\/\/www.gangodvaznych.cz\/wp-content\/uploads\/2026\/03\/Lov-na-mamuta-213x300.jpg\" alt=\"\" width=\"250\" height=\"352\" srcset=\"https:\/\/www.gangodvaznych.cz\/wp-content\/uploads\/2026\/03\/Lov-na-mamuta-213x300.jpg 213w, https:\/\/www.gangodvaznych.cz\/wp-content\/uploads\/2026\/03\/Lov-na-mamuta-726x1024.jpg 726w, https:\/\/www.gangodvaznych.cz\/wp-content\/uploads\/2026\/03\/Lov-na-mamuta-768x1084.jpg 768w, https:\/\/www.gangodvaznych.cz\/wp-content\/uploads\/2026\/03\/Lov-na-mamuta-1089x1536.jpg 1089w, https:\/\/www.gangodvaznych.cz\/wp-content\/uploads\/2026\/03\/Lov-na-mamuta-1451x2048.jpg 1451w, https:\/\/www.gangodvaznych.cz\/wp-content\/uploads\/2026\/03\/Lov-na-mamuta-300x423.jpg 300w, https:\/\/www.gangodvaznych.cz\/wp-content\/uploads\/2026\/03\/Lov-na-mamuta-850x1199.jpg 850w, https:\/\/www.gangodvaznych.cz\/wp-content\/uploads\/2026\/03\/Lov-na-mamuta.jpg 1630w\" sizes=\"auto, (max-width: 250px) 100vw, 250px\" \/>Gehmov\u00e1, Franziska. <em>Lov na mamuta. Dobrodru\u017estv\u00ed z&nbsp;doby ledov\u00e9<\/em>. Argo 2010 (Mnichov 2008), 126 stran.<\/p>\n<p>P\u0159ed 40&nbsp;000 lety se dva chlapci, Rys\u00ed ucho a jeho kamar\u00e1d Tlapka, u\u010d\u00ed lovit drobn\u00e1 zv\u00ed\u0159ata. Rys\u00ed ucho ale poka\u017ed\u00e9 mine a drz\u00fd kluk Tyg\u0159\u00ed zub si z&nbsp;n\u011bj neust\u00e1le utahuje. Kdy\u017e se pak \u010d\u00e1st tlupy vyd\u00e1 na lov zubr\u016f, chlapci p\u0159ijdou s&nbsp;p\u0159evratn\u00fdmi n\u00e1pady. Rys\u00ed ucho vymysl\u00ed, \u017ee nebezpe\u010dn\u00e9 mamuty lze vl\u00e1kat do hlubok\u00fdch past\u00ed, a Tlapka p\u0159edvede na sv\u00e9m Wolf\u00edkovi, \u017ee vlka je mo\u017en\u00e9 ocho\u010dit. P\u0159\u00edb\u011bh dopln\u011bn stru\u010dn\u00fdmi nau\u010dn\u00fdmi odstavci v&nbsp;r\u00e1me\u010dc\u00edch.<\/p>\n<p>&nbsp;<\/p>\n<p>&nbsp;<\/p>\n<p>&nbsp;<\/p>\n<p>&nbsp;<\/p>\n<p><img loading=\"lazy\" decoding=\"async\" class=\" wp-image-5510 alignleft\" src=\"http:\/\/www.gangodvaznych.cz\/wp-content\/uploads\/2026\/02\/Mega-mamutice-Matylda-240x300.jpg\" alt=\"\" width=\"250\" height=\"313\" srcset=\"https:\/\/www.gangodvaznych.cz\/wp-content\/uploads\/2026\/02\/Mega-mamutice-Matylda-240x300.jpg 240w, https:\/\/www.gangodvaznych.cz\/wp-content\/uploads\/2026\/02\/Mega-mamutice-Matylda-818x1024.jpg 818w, https:\/\/www.gangodvaznych.cz\/wp-content\/uploads\/2026\/02\/Mega-mamutice-Matylda-768x961.jpg 768w, https:\/\/www.gangodvaznych.cz\/wp-content\/uploads\/2026\/02\/Mega-mamutice-Matylda-300x375.jpg 300w, https:\/\/www.gangodvaznych.cz\/wp-content\/uploads\/2026\/02\/Mega-mamutice-Matylda-850x1064.jpg 850w, https:\/\/www.gangodvaznych.cz\/wp-content\/uploads\/2026\/02\/Mega-mamutice-Matylda.jpg 910w\" sizes=\"auto, (max-width: 250px) 100vw, 250px\" \/>Hylliard, Kim. <em>Mega mamutice Matylda. P\u0159\u00edb\u011bh o p\u0159ekon\u00e1v\u00e1n\u00ed \u00fazkosti.<\/em> Albatros 2023 (orig. 2022).<\/p>\n<p>Obr\u00e1zkov\u00e1 kniha pro d\u011bti od t\u0159\u00ed let vypr\u00e1v\u00ed p\u0159\u00edb\u011bh mamutice, kter\u00e1 se po dlouh\u00e9, velmi dlouh\u00e9 dob\u011b probudila ze sp\u00e1nku, kdy\u017e praskla ledov\u00e1 kra, kter\u00e1 ji ukr\u00fdvala. Jen\u017ee sv\u011bt se za dobu Matyldina sp\u00e1nku zm\u011bnil. Matylda nic nepozn\u00e1v\u00e1, a nav\u00edc zji\u0161\u0165uje, \u017ee je na sv\u011bt\u011b posledn\u00ed sv\u00e9ho druhu. C\u00edt\u00ed se osam\u011bl\u00e1 a p\u0159epad\u00e1 ji \u00fazkost. Ale teprve tehdy, kdy\u017e p\u0159estane sv\u00e9 pocity skr\u00fdvat, kdy\u017e se s&nbsp;nimi sv\u011b\u0159\u00ed, ulev\u00ed se j\u00ed. M\u016f\u017ee hledat nov\u00e9 v\u011bci, kter\u00e9 j\u00ed ud\u011blaj\u00ed radost, a b\u00fdt zase \u0161\u0165astn\u00e1.<\/p>\n<p>&nbsp;<\/p>\n<p>&nbsp;<\/p>\n<p>&nbsp;<\/p>\n<p><img loading=\"lazy\" decoding=\"async\" class=\"wp-image-4292 alignleft\" src=\"http:\/\/www.gangodvaznych.cz\/wp-content\/uploads\/2025\/03\/Lovci-mamutu_PetrSida-252x300.jpg\" alt=\"\" width=\"250\" height=\"298\" srcset=\"https:\/\/www.gangodvaznych.cz\/wp-content\/uploads\/2025\/03\/Lovci-mamutu_PetrSida-252x300.jpg 252w, https:\/\/www.gangodvaznych.cz\/wp-content\/uploads\/2025\/03\/Lovci-mamutu_PetrSida-861x1024.jpg 861w, https:\/\/www.gangodvaznych.cz\/wp-content\/uploads\/2025\/03\/Lovci-mamutu_PetrSida-768x913.jpg 768w, https:\/\/www.gangodvaznych.cz\/wp-content\/uploads\/2025\/03\/Lovci-mamutu_PetrSida-1291x1536.jpg 1291w, https:\/\/www.gangodvaznych.cz\/wp-content\/uploads\/2025\/03\/Lovci-mamutu_PetrSida-1722x2048.jpg 1722w, https:\/\/www.gangodvaznych.cz\/wp-content\/uploads\/2025\/03\/Lovci-mamutu_PetrSida-300x357.jpg 300w, https:\/\/www.gangodvaznych.cz\/wp-content\/uploads\/2025\/03\/Lovci-mamutu_PetrSida-850x1011.jpg 850w\" sizes=\"auto, (max-width: 250px) 100vw, 250px\" \/>\u0160\u00edda, Petr a kol. <em>Lovci mamut\u016f<\/em>. Ottovo nakladatelstv\u00ed 2007. 120 stran<br \/>\nPopul\u00e1rn\u011b nau\u010dn\u00e1 publikace m\u00e1 encyklopedick\u00fd charakter, ale informace pod\u00e1v\u00e1 tak, \u017ee se \u010dtou jedn\u00edm dechem. Je to strhuj\u00edc\u00ed p\u0159\u00edb\u011bh o historii na\u0161ich p\u0159edk\u016f z doby ledov\u00e9 p\u0159ed v\u00edce ne\u017e 25 000 lety, kdy Moravou t\u00e1hla ob\u0159\u00ed st\u00e1da mamut\u016f. Ilustrace, fotografie, mapky a grafy o podneb\u00ed, druz\u00edch zv\u011b\u0159e, \u017eivot\u011b lovc\u016f, o jejich n\u00e1stroj\u00edch, obydl\u00ed i um\u011bleck\u00fdch schopnostech. Spousta zaj\u00edmavost\u00ed o mamutech (stavba t\u011bla, zp\u016fsob \u017eivota, roz\u0161\u00ed\u0159en\u00ed, porovn\u00e1n\u00ed s jin\u00fdmi chobotnatci, nejzachovalej\u0161\u00ed n\u00e1lezy).<\/p>\n<p>&nbsp;<\/p>\n<p>&nbsp;<\/p>\n<p>&nbsp;<\/p>\n<p><img loading=\"lazy\" decoding=\"async\" class=\"wp-image-4290 alignleft\" src=\"http:\/\/www.gangodvaznych.cz\/wp-content\/uploads\/2025\/03\/big_lovci-mamutu-65a4d82dcf0a0-198x300.jpg\" alt=\"\" width=\"250\" height=\"379\" srcset=\"https:\/\/www.gangodvaznych.cz\/wp-content\/uploads\/2025\/03\/big_lovci-mamutu-65a4d82dcf0a0-198x300.jpg 198w, https:\/\/www.gangodvaznych.cz\/wp-content\/uploads\/2025\/03\/big_lovci-mamutu-65a4d82dcf0a0-300x454.jpg 300w, https:\/\/www.gangodvaznych.cz\/wp-content\/uploads\/2025\/03\/big_lovci-mamutu-65a4d82dcf0a0.jpg 319w\" sizes=\"auto, (max-width: 250px) 100vw, 250px\" \/>\u0160torch, Eduard. <em>Lovci mamut\u016f.<\/em> Poprv\u00e9 vy\u0161lo v roce 1918.<\/p>\n<p>P\u0159\u00edb\u011bh tlupy prav\u011bk\u00fdch lid\u00ed se odehr\u00e1v\u00e1 na na\u0161em \u00fazem\u00ed p\u0159ed 20 a\u017e 30 tis\u00edci lety. Hlavn\u00edmi hrdiny jsou chlapci Kop\u010dem, Vever\u010d\u00e1k a Mamut\u00edk. Kniha ukazuje zp\u016fsob \u017eivota prav\u011bk\u00fdch lid\u00ed, nebezpe\u010d\u00ed, kter\u00fdm museli \u010delit, i radost, kdy\u017e se vyda\u0159il lov. Dne\u0161n\u00ed v\u00fdzkum u\u017e mnoh\u00e9 informace o prav\u011bk\u00fdch lovc\u00edch zpochybnil, ale kniha si st\u00e1le ponech\u00e1v\u00e1 \u010dtivost a dobrodru\u017en\u00e9 nap\u011bt\u00ed.<\/p>\n<p>&nbsp;<\/p>\n<p>&nbsp;<\/p>\n","protected":false},"excerpt":{"rendered":"<p>&nbsp; Baxter, Stephen. Mamut. Laser, Plze\u0148 2006. 256 stran. Fascinuj\u00edc\u00ed p\u0159\u00edb\u011bh posledn\u00edch mamut\u016f na odlehl\u00e9m ostrov\u011b l\u00ed\u010den\u00fd sugestivn\u011b z pozic mlad\u00e9 mamutice \u0160edivky. Intenzivn\u011b vn\u00edm\u00e1me jej\u00ed pocity, touhy, starost o zmen\u0161uj\u00edc\u00ed se mo\u017enosti ob\u017eivy, ale i obavy z vyhynut\u00ed druhu. A aby toho nebylo m\u00e1lo, zv\u00eddav\u00e1 \u0160edivka jednoho dne spat\u0159\u00ed na pob\u0159e\u017e\u00ed ledoko\u017ece vyzbrojen\u00e9 hol\u00ed&#8230;<\/p>\n","protected":false},"author":1,"featured_media":0,"parent":0,"menu_order":0,"comment_status":"closed","ping_status":"closed","template":"","meta":{"ngg_post_thumbnail":0,"footnotes":""},"class_list":["post-4281","page","type-page","status-publish","hentry"],"_links":{"self":[{"href":"https:\/\/www.gangodvaznych.cz\/index.php\/wp-json\/wp\/v2\/pages\/4281","targetHints":{"allow":["GET"]}}],"collection":[{"href":"https:\/\/www.gangodvaznych.cz\/index.php\/wp-json\/wp\/v2\/pages"}],"about":[{"href":"https:\/\/www.gangodvaznych.cz\/index.php\/wp-json\/wp\/v2\/types\/page"}],"author":[{"embeddable":true,"href":"https:\/\/www.gangodvaznych.cz\/index.php\/wp-json\/wp\/v2\/users\/1"}],"replies":[{"embeddable":true,"href":"https:\/\/www.gangodvaznych.cz\/index.php\/wp-json\/wp\/v2\/comments?post=4281"}],"version-history":[{"count":11,"href":"https:\/\/www.gangodvaznych.cz\/index.php\/wp-json\/wp\/v2\/pages\/4281\/revisions"}],"predecessor-version":[{"id":5697,"href":"https:\/\/www.gangodvaznych.cz\/index.php\/wp-json\/wp\/v2\/pages\/4281\/revisions\/5697"}],"wp:attachment":[{"href":"https:\/\/www.gangodvaznych.cz\/index.php\/wp-json\/wp\/v2\/media?parent=4281"}],"curies":[{"name":"wp","href":"https:\/\/api.w.org\/{rel}","templated":true}]}}