{"id":4294,"date":"2025-03-21T18:00:19","date_gmt":"2025-03-21T18:00:19","guid":{"rendered":"https:\/\/www.gangodvaznych.cz\/?page_id=4294"},"modified":"2026-05-02T20:13:18","modified_gmt":"2026-05-02T20:13:18","slug":"beletrie-jinych-autoru-safari","status":"publish","type":"page","link":"https:\/\/www.gangodvaznych.cz\/index.php\/beletrie-jinych-autoru-safari\/","title":{"rendered":"Beletrie jin\u00fdch autor\u016f &#8211; SAFARI"},"content":{"rendered":"<p>&nbsp;<\/p>\n<p><img loading=\"lazy\" decoding=\"async\" class=\" wp-image-4295 alignleft\" src=\"http:\/\/www.gangodvaznych.cz\/wp-content\/uploads\/2025\/03\/Pribeh-lvice-Elsy-209x300.jpg\" alt=\"\" width=\"250\" height=\"359\" srcset=\"https:\/\/www.gangodvaznych.cz\/wp-content\/uploads\/2025\/03\/Pribeh-lvice-Elsy-209x300.jpg 209w, https:\/\/www.gangodvaznych.cz\/wp-content\/uploads\/2025\/03\/Pribeh-lvice-Elsy-715x1024.jpg 715w, https:\/\/www.gangodvaznych.cz\/wp-content\/uploads\/2025\/03\/Pribeh-lvice-Elsy-768x1101.jpg 768w, https:\/\/www.gangodvaznych.cz\/wp-content\/uploads\/2025\/03\/Pribeh-lvice-Elsy-1072x1536.jpg 1072w, https:\/\/www.gangodvaznych.cz\/wp-content\/uploads\/2025\/03\/Pribeh-lvice-Elsy-1429x2048.jpg 1429w, https:\/\/www.gangodvaznych.cz\/wp-content\/uploads\/2025\/03\/Pribeh-lvice-Elsy-300x430.jpg 300w, https:\/\/www.gangodvaznych.cz\/wp-content\/uploads\/2025\/03\/Pribeh-lvice-Elsy-850x1218.jpg 850w, https:\/\/www.gangodvaznych.cz\/wp-content\/uploads\/2025\/03\/Pribeh-lvice-Elsy.jpg 1596w\" sizes=\"auto, (max-width: 250px) 100vw, 250px\" \/>Adamsonov\u00e1, Joy. <em>P\u0159\u00edb\u011bh lvice Elsy<\/em>. Orbis, Praha 1973. (Orig. Lond\u00fdn 1960.) 193 stran.<\/p>\n<p>Skute\u010dn\u00fd p\u0159\u00edb\u011bh z\u00e1chrany mal\u00e9 lv\u00ed sami\u010dky Elsy a jej\u00edho sou\u017eit\u00ed s lidmi \u2013 biolo\u017ekou Joy, narozenou v Opav\u011b, a str\u00e1\u017ecem parku Peterem Ballym. Autorka podrobn\u011b zapisuje v\u0161echny Elsiny pokroky p\u0159i ocho\u010den\u00ed, ale i d\u016fslednou snahu, aby lvice um\u011bla v\u0161e, co j\u00ed umo\u017en\u00ed n\u00e1vrat do voln\u00e9 p\u0159\u00edrody. Elsa se \u201esv\u00fdmi lidmi\u201c jezd\u00ed autem, sp\u00ed ve stanu nebo na leh\u00e1tku v dom\u011b, ale u\u010d\u00ed se lovit a vych\u00e1zet se skute\u010dnou lv\u00ed sme\u010dkou, aby nakonec lidem p\u0159ivedla uk\u00e1zat t\u0159i lv\u00ed\u010data, kter\u00e1 pozd\u011bji \u017eila v divo\u010din\u011b na pl\u00e1n\u00edch Serengeti.<\/p>\n<p>&nbsp;<\/p>\n<p>&nbsp;<\/p>\n<p>&nbsp;<\/p>\n<p>&nbsp;<\/p>\n<p><img loading=\"lazy\" decoding=\"async\" class=\"wp-image-5692 alignleft\" src=\"http:\/\/www.gangodvaznych.cz\/wp-content\/uploads\/2026\/03\/Klub-Tygru-Safari-v-ohrozeni-200x300.jpg\" alt=\"\" width=\"250\" height=\"375\" srcset=\"https:\/\/www.gangodvaznych.cz\/wp-content\/uploads\/2026\/03\/Klub-Tygru-Safari-v-ohrozeni-200x300.jpg 200w, https:\/\/www.gangodvaznych.cz\/wp-content\/uploads\/2026\/03\/Klub-Tygru-Safari-v-ohrozeni-683x1024.jpg 683w, https:\/\/www.gangodvaznych.cz\/wp-content\/uploads\/2026\/03\/Klub-Tygru-Safari-v-ohrozeni-768x1152.jpg 768w, https:\/\/www.gangodvaznych.cz\/wp-content\/uploads\/2026\/03\/Klub-Tygru-Safari-v-ohrozeni-1024x1536.jpg 1024w, https:\/\/www.gangodvaznych.cz\/wp-content\/uploads\/2026\/03\/Klub-Tygru-Safari-v-ohrozeni-1365x2048.jpg 1365w, https:\/\/www.gangodvaznych.cz\/wp-content\/uploads\/2026\/03\/Klub-Tygru-Safari-v-ohrozeni-300x450.jpg 300w, https:\/\/www.gangodvaznych.cz\/wp-content\/uploads\/2026\/03\/Klub-Tygru-Safari-v-ohrozeni-850x1275.jpg 850w, https:\/\/www.gangodvaznych.cz\/wp-content\/uploads\/2026\/03\/Klub-Tygru-Safari-v-ohrozeni.jpg 1453w\" sizes=\"auto, (max-width: 250px) 100vw, 250px\" \/>Brezina, Thomas. <em>Safari v ohro\u017een\u00ed<\/em>. (S\u00e9rie <em>P\u0159\u00edpad pro tebe a<\/em> <em>Klub Tygr\u016f<\/em>). Fragment 2022, (orig. 2010). 136 stran. Ilustrace Caroline Kintzelov\u00e1.<\/p>\n<p>Klub Tygr\u016f (Patrik, kter\u00fd je siln\u00fd jako tygr, Biggi, kter\u00e1 je rychl\u00e1 jako tygr, a Luk, kter\u00fd je lstiv\u00fd jako tygr) tr\u00e1v\u00ed dny v&nbsp;africk\u00e9 rezervaci na pozv\u00e1n\u00ed str\u00e1\u017ece parku Jana. Brzy se uk\u00e1\u017ee, \u017ee v&nbsp;okol\u00ed \u0159\u00e1d\u00ed nebezpe\u010dn\u00ed pytl\u00e1ci a Klub Tygr\u016f m\u00e1 hned n\u011bkolik podez\u0159el\u00fdch. K&nbsp;part\u011b se p\u0159id\u00e1 i ne\u0161\u0165astn\u00e1 Diana, jej\u00ed\u017e tat\u00ednek, v\u011bdec zanechal p\u0159ed smrt\u00ed sv\u00e9 dce\u0159i \u0161ifrovan\u00fd vzkaz.<\/p>\n<p>Sou\u010d\u00e1st\u00ed knihy je p\u0159ilo\u017een\u00e1 speci\u00e1ln\u00ed lupa.<\/p>\n<p>&nbsp;<\/p>\n<p>&nbsp;<\/p>\n<p>&nbsp;<\/p>\n<p>&nbsp;<\/p>\n<p><img loading=\"lazy\" decoding=\"async\" class=\"wp-image-4296 alignleft\" src=\"http:\/\/www.gangodvaznych.cz\/wp-content\/uploads\/2025\/03\/Levhart-Zlaty-stin-213x300.jpg\" alt=\"\" width=\"250\" height=\"352\" srcset=\"https:\/\/www.gangodvaznych.cz\/wp-content\/uploads\/2025\/03\/Levhart-Zlaty-stin-213x300.jpg 213w, https:\/\/www.gangodvaznych.cz\/wp-content\/uploads\/2025\/03\/Levhart-Zlaty-stin-728x1024.jpg 728w, https:\/\/www.gangodvaznych.cz\/wp-content\/uploads\/2025\/03\/Levhart-Zlaty-stin-768x1081.jpg 768w, https:\/\/www.gangodvaznych.cz\/wp-content\/uploads\/2025\/03\/Levhart-Zlaty-stin-1091x1536.jpg 1091w, https:\/\/www.gangodvaznych.cz\/wp-content\/uploads\/2025\/03\/Levhart-Zlaty-stin-1455x2048.jpg 1455w, https:\/\/www.gangodvaznych.cz\/wp-content\/uploads\/2025\/03\/Levhart-Zlaty-stin-300x422.jpg 300w, https:\/\/www.gangodvaznych.cz\/wp-content\/uploads\/2025\/03\/Levhart-Zlaty-stin-850x1196.jpg 850w, https:\/\/www.gangodvaznych.cz\/wp-content\/uploads\/2025\/03\/Levhart-Zlaty-stin.jpg 1745w\" sizes=\"auto, (max-width: 250px) 100vw, 250px\" \/>Cornelus, Henri. Levhart Zlat\u00fd st\u00edn. Albatros 1978. (Brusel 1965), 92 stran.<br \/>\nSedmero \u00fasm\u011bvn\u00fdch bajek o zv\u00ed\u0159ec\u00edch dobr\u00e1c\u00edch z africk\u00e9ho Konga. Levhart Zlat\u00fd st\u00edn. Sl\u016fn\u011b Bachrounek. O hro\u0161\u00edm ml\u00e1d\u011bti Bimbuchovi. Zlat\u00fd st\u00edn a divo\u010d\u00e1ci. Tetovan\u00e1 Seraf\u00edna. Co pro\u017eil Postrach pirog. Tramvaj zvan\u00e1 Bimbuch.<\/p>\n<p>&nbsp;<\/p>\n<p>&nbsp;<\/p>\n<p>&nbsp;<\/p>\n<p>&nbsp;<\/p>\n<p>&nbsp;<\/p>\n<p>&nbsp;<\/p>\n<p>&nbsp;<\/p>\n<p><img loading=\"lazy\" decoding=\"async\" class=\"wp-image-5800 alignleft\" src=\"http:\/\/www.gangodvaznych.cz\/wp-content\/uploads\/2026\/05\/Skener_20260502-3-226x300.jpg\" alt=\"\" width=\"250\" height=\"332\" srcset=\"https:\/\/www.gangodvaznych.cz\/wp-content\/uploads\/2026\/05\/Skener_20260502-3-226x300.jpg 226w, https:\/\/www.gangodvaznych.cz\/wp-content\/uploads\/2026\/05\/Skener_20260502-3-772x1024.jpg 772w, https:\/\/www.gangodvaznych.cz\/wp-content\/uploads\/2026\/05\/Skener_20260502-3-768x1018.jpg 768w, https:\/\/www.gangodvaznych.cz\/wp-content\/uploads\/2026\/05\/Skener_20260502-3-300x398.jpg 300w, https:\/\/www.gangodvaznych.cz\/wp-content\/uploads\/2026\/05\/Skener_20260502-3.jpg 841w\" sizes=\"auto, (max-width: 250px) 100vw, 250px\" \/>Ka\u0161par, Jan. <em>Safari dobrodru\u017estv\u00ed pro chytr\u00e9 d\u011bti<\/em>. Aventinum, Praha 1993. 61 stran. Ilustrace Rudolf Luke\u0161.<\/p>\n<p>Z\u00e1bavn\u00e9 vypr\u00e1v\u011bn\u00ed o spolu\u017e\u00e1c\u00edch Petrovi a Pavlovi, kte\u0159\u00ed ve \u0161kole chytali lelky, ale pak prob\u011bhli \u010dernou tabul\u00ed p\u0159\u00edmo do Afriky. Safari pln\u00e9 setk\u00e1n\u00ed se zaj\u00edmav\u00fdmi zv\u00ed\u0159aty m\u016f\u017ee za\u010d\u00edt! Kniha pro mal\u00e9 \u010dten\u00e1\u0159e.<\/p>\n<p>&nbsp;<\/p>\n<p>&nbsp;<\/p>\n<p>&nbsp;<\/p>\n<p>&nbsp;<\/p>\n<p>&nbsp;<\/p>\n<p>&nbsp;<\/p>\n<p><img loading=\"lazy\" decoding=\"async\" class=\"wp-image-5698 alignleft\" src=\"http:\/\/www.gangodvaznych.cz\/wp-content\/uploads\/2026\/03\/Rodina-z-divociny-191x300.jpg\" alt=\"\" width=\"250\" height=\"393\" srcset=\"https:\/\/www.gangodvaznych.cz\/wp-content\/uploads\/2026\/03\/Rodina-z-divociny-191x300.jpg 191w, https:\/\/www.gangodvaznych.cz\/wp-content\/uploads\/2026\/03\/Rodina-z-divociny-653x1024.jpg 653w, https:\/\/www.gangodvaznych.cz\/wp-content\/uploads\/2026\/03\/Rodina-z-divociny-768x1204.jpg 768w, https:\/\/www.gangodvaznych.cz\/wp-content\/uploads\/2026\/03\/Rodina-z-divociny-980x1536.jpg 980w, https:\/\/www.gangodvaznych.cz\/wp-content\/uploads\/2026\/03\/Rodina-z-divociny-1307x2048.jpg 1307w, https:\/\/www.gangodvaznych.cz\/wp-content\/uploads\/2026\/03\/Rodina-z-divociny-300x470.jpg 300w, https:\/\/www.gangodvaznych.cz\/wp-content\/uploads\/2026\/03\/Rodina-z-divociny-850x1332.jpg 850w, https:\/\/www.gangodvaznych.cz\/wp-content\/uploads\/2026\/03\/Rodina-z-divociny-scaled.jpg 1633w\" sizes=\"auto, (max-width: 250px) 100vw, 250px\" \/>Kr\u00fcgerov\u00e1, Kobie. <em>Rodina z&nbsp;divo\u010diny<\/em>. Ikar, Praha 2003 (angl. 2001), 448 stran.<\/p>\n<p>Autobiografick\u00fd p\u0159\u00edb\u011bh \u017eeny, kter\u00e1 str\u00e1vila n\u011bkolik let v odlehl\u00e9 oblasti Mahlangeni v Jihoafrick\u00e9 republice, kde jej\u00ed mu\u017e pracoval jako str\u00e1\u017ece n\u00e1rodn\u00edho parku. Kobie s man\u017eelem a t\u0159emi dcerami \u2013 Hettie (8), Sandra (7) a Karin (2) a fenkou Simbou \u017eij\u00ed v dom\u011b uprost\u0159ed pustiny. Za plotem jim chod\u00ed lvi, sloni a levharti, nedalek\u00e1 \u0159eka je pln\u00e1 hroch\u016f, hyeny kradou vybaven\u00ed p\u0159\u00edmo ze dvorku a ob\u010das zav\u00edt\u00e1 do domu n\u011bjak\u00fd had. Jednoho dne v\u0161ak Kobus, kter\u00fd byl v\u00e1\u017en\u011b zran\u011bn lvem, objev\u00ed v bu\u0161i opu\u0161t\u011bn\u00e9 n\u011bkolikadenn\u00ed lv\u00ed\u010de. Rodina se ho ujme a Leo se st\u00e1v\u00e1 \u010dlenem rodiny, kter\u00e9ho je v\u0161ak t\u0159eba p\u0159ipravit i na \u017eivot ve voln\u00e9 p\u0159\u00edrod\u011b.<\/p>\n<p>&nbsp;<\/p>\n<p>&nbsp;<\/p>\n<p>&nbsp;<\/p>\n<p><img loading=\"lazy\" decoding=\"async\" class=\"wp-image-4302 alignleft\" src=\"http:\/\/www.gangodvaznych.cz\/wp-content\/uploads\/2025\/03\/Lev-neni-kralem-zvirat-278x300.jpg\" alt=\"\" width=\"250\" height=\"270\" srcset=\"https:\/\/www.gangodvaznych.cz\/wp-content\/uploads\/2025\/03\/Lev-neni-kralem-zvirat-278x300.jpg 278w, https:\/\/www.gangodvaznych.cz\/wp-content\/uploads\/2025\/03\/Lev-neni-kralem-zvirat-947x1024.jpg 947w, https:\/\/www.gangodvaznych.cz\/wp-content\/uploads\/2025\/03\/Lev-neni-kralem-zvirat-768x830.jpg 768w, https:\/\/www.gangodvaznych.cz\/wp-content\/uploads\/2025\/03\/Lev-neni-kralem-zvirat-1421x1536.jpg 1421w, https:\/\/www.gangodvaznych.cz\/wp-content\/uploads\/2025\/03\/Lev-neni-kralem-zvirat-1894x2048.jpg 1894w, https:\/\/www.gangodvaznych.cz\/wp-content\/uploads\/2025\/03\/Lev-neni-kralem-zvirat-300x324.jpg 300w, https:\/\/www.gangodvaznych.cz\/wp-content\/uploads\/2025\/03\/Lev-neni-kralem-zvirat-850x919.jpg 850w\" sizes=\"auto, (max-width: 250px) 100vw, 250px\" \/>V\u00e1gner, Josef, Schneiderov\u00e1, Na\u010fa. <em>Lev nen\u00ed kr\u00e1lem zv\u00ed\u0159at<\/em>. Obzor a Profil 1990. 168 stran.<\/p>\n<p>Z\u00e1\u017eitky \u010desk\u00e9ho zoologa Josefa V\u00e1gnera a jeho p\u0159\u00edtele Murraye na expedici za zv\u00ed\u0159aty africk\u00e9 divo\u010diny. Kniha je p\u0159ehledn\u011b strukturovan\u00e1 do blok\u016f, vypr\u00e1v\u011bn\u00e9 situace jsou prokl\u00e1dan\u00e9 nau\u010dn\u00fdmi bannery a ilustracemi Miroslava Cip\u00e1ra s detailn\u00edmi popisky. Nechyb\u00ed velkoform\u00e1tov\u00e9 barevn\u00e9 fotografie africk\u00e9 p\u0159\u00edrody.<\/p>\n<p>&nbsp;<\/p>\n<p>&nbsp;<\/p>\n<p>&nbsp;<\/p>\n<p><img loading=\"lazy\" decoding=\"async\" class=\"wp-image-4297 alignleft\" src=\"http:\/\/www.gangodvaznych.cz\/wp-content\/uploads\/2025\/03\/Pet-nedel-v-balonu_Verne-212x300.jpg\" alt=\"\" width=\"250\" height=\"354\" srcset=\"https:\/\/www.gangodvaznych.cz\/wp-content\/uploads\/2025\/03\/Pet-nedel-v-balonu_Verne-212x300.jpg 212w, https:\/\/www.gangodvaznych.cz\/wp-content\/uploads\/2025\/03\/Pet-nedel-v-balonu_Verne-723x1024.jpg 723w, https:\/\/www.gangodvaznych.cz\/wp-content\/uploads\/2025\/03\/Pet-nedel-v-balonu_Verne-768x1087.jpg 768w, https:\/\/www.gangodvaznych.cz\/wp-content\/uploads\/2025\/03\/Pet-nedel-v-balonu_Verne-1085x1536.jpg 1085w, https:\/\/www.gangodvaznych.cz\/wp-content\/uploads\/2025\/03\/Pet-nedel-v-balonu_Verne-1446x2048.jpg 1446w, https:\/\/www.gangodvaznych.cz\/wp-content\/uploads\/2025\/03\/Pet-nedel-v-balonu_Verne-300x425.jpg 300w, https:\/\/www.gangodvaznych.cz\/wp-content\/uploads\/2025\/03\/Pet-nedel-v-balonu_Verne-850x1204.jpg 850w, https:\/\/www.gangodvaznych.cz\/wp-content\/uploads\/2025\/03\/Pet-nedel-v-balonu_Verne-scaled.jpg 1808w\" sizes=\"auto, (max-width: 250px) 100vw, 250px\" \/>Verne, Jules. <em>P\u011bt ned\u011bl v bal\u00f3nu<\/em>. Albatros 1977. (Orig. 1874.) 231 stran.<\/p>\n<p>Dobrodru\u017en\u00fd rom\u00e1n s\u00e9rie Podivuhodn\u00e9 cesty l\u00ed\u010d\u00ed prvn\u00ed p\u0159elet africk\u00e9ho kontinentu z ostrova Zanzibar na v\u00fdchodn\u00edm pob\u0159e\u017e\u00ed a\u017e k Gouinsk\u00fdm vodop\u00e1d\u016fm na z\u00e1pad\u011b bal\u00f3nem Viktoria. Cestu trvaj\u00edc\u00ed p\u011bt t\u00fddn\u016f absolvoval vyn\u00e1lezce doktor Fergusson se sv\u00fdm p\u0159\u00edtelem Richardem Kennedym a sluhou Joem Wilsonem. Museli p\u0159ekonat nebezpe\u010d\u00ed v d\u017eungli i na pou\u0161ti, \u010delit nebezpe\u010dn\u00fdm zv\u00ed\u0159at\u016fm, nep\u0159\u00e1telsk\u00fdm kmen\u016fm i rozmar\u016fm po\u010das\u00ed.<\/p>\n<p>&nbsp;<\/p>\n<p>&nbsp;<\/p>\n<p>&nbsp;<\/p>\n<p>&nbsp;<\/p>\n<p>&nbsp;<\/p>\n<p><img loading=\"lazy\" decoding=\"async\" class=\"wp-image-4257 alignleft\" src=\"http:\/\/www.gangodvaznych.cz\/wp-content\/uploads\/2025\/03\/Prutrz_Wilbur-Smith-193x300.jpg\" alt=\"\" width=\"250\" height=\"389\" srcset=\"https:\/\/www.gangodvaznych.cz\/wp-content\/uploads\/2025\/03\/Prutrz_Wilbur-Smith-193x300.jpg 193w, https:\/\/www.gangodvaznych.cz\/wp-content\/uploads\/2025\/03\/Prutrz_Wilbur-Smith-658x1024.jpg 658w, https:\/\/www.gangodvaznych.cz\/wp-content\/uploads\/2025\/03\/Prutrz_Wilbur-Smith-768x1195.jpg 768w, https:\/\/www.gangodvaznych.cz\/wp-content\/uploads\/2025\/03\/Prutrz_Wilbur-Smith-987x1536.jpg 987w, https:\/\/www.gangodvaznych.cz\/wp-content\/uploads\/2025\/03\/Prutrz_Wilbur-Smith-1316x2048.jpg 1316w, https:\/\/www.gangodvaznych.cz\/wp-content\/uploads\/2025\/03\/Prutrz_Wilbur-Smith-300x467.jpg 300w, https:\/\/www.gangodvaznych.cz\/wp-content\/uploads\/2025\/03\/Prutrz_Wilbur-Smith-850x1323.jpg 850w, https:\/\/www.gangodvaznych.cz\/wp-content\/uploads\/2025\/03\/Prutrz_Wilbur-Smith.jpg 1501w\" sizes=\"auto, (max-width: 250px) 100vw, 250px\" \/>Smith, Wilbur. Dobrodru\u017estv\u00ed Jacka Courtneyho (1. d\u00edl). Pr\u016ftr\u017e. (3- d\u00edln\u00e1 s\u00e9rie Pr\u016ftr\u017e, Blesk, P\u0159\u00edval). Bookmedia, Ostrava 2021. (Orig. Cloudburst,&nbsp;2020.) 344 stran.<\/p>\n<p>\u010ctrn\u00e1ctilet\u00fd Jack Courtney a jeho kamar\u00e1di Xander a Amelie odl\u00e9taj\u00ed do africk\u00e9ho Konga, kam jsou Jackovi rodi\u010de pozvan\u00ed na konferenci. Jack s&nbsp;p\u0159\u00e1teli &nbsp;a s&nbsp;bratrancem Calebem se zat\u00edm vyd\u00e1vaj\u00ed na safari pozorovat gorily, jsou v\u0161ak p\u0159ekvapeni podivn\u00fdmi ozbrojenci a zavle\u010deni do nebezpe\u010dn\u00fdch dol\u016f Jackova str\u00fdce. Po n\u00e1vratu je \u010dek\u00e1 dal\u0161\u00ed p\u0159ekvapen\u00ed \u2013 rodi\u010de n\u011bkdo unesl. Dobrodru\u017en\u00fd p\u0159\u00edb\u011bh pln\u00fd nap\u011bt\u00ed a ne\u010dekan\u00fdch zvrat\u016f.<\/p>\n","protected":false},"excerpt":{"rendered":"<p>&nbsp; Adamsonov\u00e1, Joy. P\u0159\u00edb\u011bh lvice Elsy. Orbis, Praha 1973. (Orig. Lond\u00fdn 1960.) 193 stran. Skute\u010dn\u00fd p\u0159\u00edb\u011bh z\u00e1chrany mal\u00e9 lv\u00ed sami\u010dky Elsy a jej\u00edho sou\u017eit\u00ed s lidmi \u2013 biolo\u017ekou Joy, narozenou v Opav\u011b, a str\u00e1\u017ecem parku Peterem Ballym. Autorka podrobn\u011b zapisuje v\u0161echny Elsiny pokroky p\u0159i ocho\u010den\u00ed, ale i d\u016fslednou snahu, aby lvice um\u011bla v\u0161e, co j\u00ed&#8230;<\/p>\n","protected":false},"author":1,"featured_media":0,"parent":0,"menu_order":0,"comment_status":"closed","ping_status":"closed","template":"","meta":{"ngg_post_thumbnail":0,"footnotes":""},"class_list":["post-4294","page","type-page","status-publish","hentry"],"_links":{"self":[{"href":"https:\/\/www.gangodvaznych.cz\/index.php\/wp-json\/wp\/v2\/pages\/4294","targetHints":{"allow":["GET"]}}],"collection":[{"href":"https:\/\/www.gangodvaznych.cz\/index.php\/wp-json\/wp\/v2\/pages"}],"about":[{"href":"https:\/\/www.gangodvaznych.cz\/index.php\/wp-json\/wp\/v2\/types\/page"}],"author":[{"embeddable":true,"href":"https:\/\/www.gangodvaznych.cz\/index.php\/wp-json\/wp\/v2\/users\/1"}],"replies":[{"embeddable":true,"href":"https:\/\/www.gangodvaznych.cz\/index.php\/wp-json\/wp\/v2\/comments?post=4294"}],"version-history":[{"count":10,"href":"https:\/\/www.gangodvaznych.cz\/index.php\/wp-json\/wp\/v2\/pages\/4294\/revisions"}],"predecessor-version":[{"id":5802,"href":"https:\/\/www.gangodvaznych.cz\/index.php\/wp-json\/wp\/v2\/pages\/4294\/revisions\/5802"}],"wp:attachment":[{"href":"https:\/\/www.gangodvaznych.cz\/index.php\/wp-json\/wp\/v2\/media?parent=4294"}],"curies":[{"name":"wp","href":"https:\/\/api.w.org\/{rel}","templated":true}]}}