{"id":4306,"date":"2025-03-21T19:33:17","date_gmt":"2025-03-21T19:33:17","guid":{"rendered":"https:\/\/www.gangodvaznych.cz\/?page_id=4306"},"modified":"2025-11-24T19:12:27","modified_gmt":"2025-11-24T19:12:27","slug":"nebezpecni-tvorove","status":"publish","type":"page","link":"https:\/\/www.gangodvaznych.cz\/index.php\/nebezpecni-tvorove\/","title":{"rendered":"Nebezpe\u010dn\u00ed tvorov\u00e9"},"content":{"rendered":"<p><a href=\"https:\/\/www.gangodvaznych.cz\/index.php\/2023\/08\/11\/medvedi-vse-o-nich\/\">MEDV\u011aDI<\/a><\/p>\n<p><a href=\"https:\/\/www.gangodvaznych.cz\/index.php\/2023\/08\/11\/zraloci-popularne-naucna-literatura\/\">\u017dRALOCI<\/a><\/p>\n<p>&nbsp;<\/p>\n<p>A TI DAL\u0160\u00cd&#8230;<\/p>\n<p>&nbsp;<\/p>\n<p><img loading=\"lazy\" decoding=\"async\" class=\"wp-image-1658 alignleft\" src=\"http:\/\/www.gangodvaznych.cz\/wp-content\/uploads\/2020\/09\/P\u0159\u00edru\u010dka-pro-za\u010d\u00ednaj\u00edc\u00ed-dobrodruhy_Bear_2-219x300.jpg\" alt=\"\" width=\"250\" height=\"342\" srcset=\"https:\/\/www.gangodvaznych.cz\/wp-content\/uploads\/2020\/09\/P\u0159\u00edru\u010dka-pro-za\u010d\u00ednaj\u00edc\u00ed-dobrodruhy_Bear_2-219x300.jpg 219w, https:\/\/www.gangodvaznych.cz\/wp-content\/uploads\/2020\/09\/P\u0159\u00edru\u010dka-pro-za\u010d\u00ednaj\u00edc\u00ed-dobrodruhy_Bear_2-768x1053.jpg 768w, https:\/\/www.gangodvaznych.cz\/wp-content\/uploads\/2020\/09\/P\u0159\u00edru\u010dka-pro-za\u010d\u00ednaj\u00edc\u00ed-dobrodruhy_Bear_2-747x1024.jpg 747w, https:\/\/www.gangodvaznych.cz\/wp-content\/uploads\/2020\/09\/P\u0159\u00edru\u010dka-pro-za\u010d\u00ednaj\u00edc\u00ed-dobrodruhy_Bear_2-300x411.jpg 300w, https:\/\/www.gangodvaznych.cz\/wp-content\/uploads\/2020\/09\/P\u0159\u00edru\u010dka-pro-za\u010d\u00ednaj\u00edc\u00ed-dobrodruhy_Bear_2-850x1165.jpg 850w, https:\/\/www.gangodvaznych.cz\/wp-content\/uploads\/2020\/09\/P\u0159\u00edru\u010dka-pro-za\u010d\u00ednaj\u00edc\u00ed-dobrodruhy_Bear_2.jpg 1626w\" sizes=\"auto, (max-width: 250px) 100vw, 250px\" \/>Grylls, Bear. <em>P\u0159\u00edru\u010dka pro za\u010d\u00ednaj\u00edc\u00ed dobrodruhy.<\/em> Nebezpe\u010dn\u00e1 zv\u00ed\u0159ata, stopov\u00e1n\u00ed, nebezpe\u010dn\u00e9 rostliny, signalizace. Euromedia 2020. 192 stran.<\/p>\n<p>Tipy a rady pro p\u0159e\u017eit\u00ed v divo\u010din\u011b. P\u0159ehledn\u011b, stru\u010dn\u011b, s n\u00e1zorn\u00fdmi n\u00e1kresy. Form\u00e1t vhodn\u00fd i na cesty.<\/p>\n<p>&nbsp;<\/p>\n<p>&nbsp;<\/p>\n<p>&nbsp;<\/p>\n<p>&nbsp;<\/p>\n<p>&nbsp;<\/p>\n<p>&nbsp;<\/p>\n<p><img loading=\"lazy\" decoding=\"async\" class=\"size-medium wp-image-4712 alignleft\" src=\"http:\/\/www.gangodvaznych.cz\/wp-content\/uploads\/2025\/11\/V-divocine-250x300.jpg\" alt=\"\" width=\"250\" height=\"300\" srcset=\"https:\/\/www.gangodvaznych.cz\/wp-content\/uploads\/2025\/11\/V-divocine-250x300.jpg 250w, https:\/\/www.gangodvaznych.cz\/wp-content\/uploads\/2025\/11\/V-divocine-853x1024.jpg 853w, https:\/\/www.gangodvaznych.cz\/wp-content\/uploads\/2025\/11\/V-divocine-768x922.jpg 768w, https:\/\/www.gangodvaznych.cz\/wp-content\/uploads\/2025\/11\/V-divocine-1279x1536.jpg 1279w, https:\/\/www.gangodvaznych.cz\/wp-content\/uploads\/2025\/11\/V-divocine-1705x2048.jpg 1705w, https:\/\/www.gangodvaznych.cz\/wp-content\/uploads\/2025\/11\/V-divocine-300x360.jpg 300w, https:\/\/www.gangodvaznych.cz\/wp-content\/uploads\/2025\/11\/V-divocine-850x1021.jpg 850w\" sizes=\"auto, (max-width: 250px) 100vw, 250px\" \/>Hawcock, David. <em>V divo\u010din\u011b<\/em>. Kni\u017en\u00ed klub 2023. Edice Pikola. Ilustrace Rudolf Farkas.<\/p>\n<p>4 velk\u00e9 rozkl\u00e1dac\u00ed dvoustrany s&nbsp;3D prvky, kter\u00e9 se automaticky rozlo\u017e\u00ed p\u0159i otev\u0159en\u00ed dvoustrany. Rozkl\u00e1dac\u00ed a trojrozm\u011brn\u00e9 jsou i v\u0161echny bo\u010dn\u00ed li\u0161ty dvoustran. Pl\u00e1n\u011b (rozkl\u00e1dac\u00ed slon). P\u00f3ly (rozkl\u00e1dac\u00ed kra s&nbsp;ledn\u00edmi medv\u011bdy). Hory (rozkl\u00e1dac\u00ed medv\u011bd hn\u011bd\u00fd). Oce\u00e1ny (rozkl\u00e1dac\u00ed \u017eralok). Obr\u00e1zky dopln\u011bny stru\u010dn\u00fdmi popisky.<\/p>\n<p>&nbsp;<\/p>\n<p>&nbsp;<\/p>\n<p>&nbsp;<\/p>\n<p><img loading=\"lazy\" decoding=\"async\" class=\"wp-image-2536 alignleft\" src=\"http:\/\/www.gangodvaznych.cz\/wp-content\/uploads\/2021\/10\/Jedovata-zvirata-264x300.jpg\" alt=\"\" width=\"250\" height=\"284\" srcset=\"https:\/\/www.gangodvaznych.cz\/wp-content\/uploads\/2021\/10\/Jedovata-zvirata-264x300.jpg 264w, https:\/\/www.gangodvaznych.cz\/wp-content\/uploads\/2021\/10\/Jedovata-zvirata-902x1024.jpg 902w, https:\/\/www.gangodvaznych.cz\/wp-content\/uploads\/2021\/10\/Jedovata-zvirata-768x872.jpg 768w, https:\/\/www.gangodvaznych.cz\/wp-content\/uploads\/2021\/10\/Jedovata-zvirata-1353x1536.jpg 1353w, https:\/\/www.gangodvaznych.cz\/wp-content\/uploads\/2021\/10\/Jedovata-zvirata-1804x2048.jpg 1804w, https:\/\/www.gangodvaznych.cz\/wp-content\/uploads\/2021\/10\/Jedovata-zvirata-300x341.jpg 300w, https:\/\/www.gangodvaznych.cz\/wp-content\/uploads\/2021\/10\/Jedovata-zvirata-850x965.jpg 850w\" sizes=\"auto, (max-width: 250px) 100vw, 250px\" \/>Chinery, Michael. <em>Jedovat\u00e1 zv\u00ed\u0159ata<\/em>. Jak vyu\u017e\u00edvaj\u00ed \u017eivo\u010dichov\u00e9 jedu v boji o p\u0159e\u017eit\u00ed. Orbis Pictus 1993. (Velk\u00e1 Brit\u00e1nie 1992). 108 stran.<\/p>\n<p>Jed jako prost\u0159edek obrany. Varovn\u00e9 zbarven\u00ed. Ne\u0161kodn\u00ed napodobova\u010di. Hadi. Pavouci. \u0160t\u00ed\u0159i. V\u010dely, \u010dmel\u00e1ci a vosy. Mravenci. Stono\u017eky a mnohono\u017eky. Perut\u00edni, \u010dtverzubci a je\u017e\u00edci. Trnuchy. Ropuchy, blatnice a mloci. Pralesni\u010dky. Med\u00fazy, sasanky, hv\u011bzdice a je\u017eovky. M\u011bch\u00fd\u0159ovka portugalsk\u00e1. Homolice. Chobotnice. Skunk. Rejsci, \u0161t\u011btinatci a ptakopysk. Detailn\u00ed fotografie. P\u0159ehledn\u011b podan\u00e1 fakta. Rejst\u0159\u00edk.<\/p>\n<p>&nbsp;<\/p>\n<p>&nbsp;<\/p>\n<p>&nbsp;<\/p>\n<p><img loading=\"lazy\" decoding=\"async\" class=\"wp-image-4309 alignleft\" src=\"http:\/\/www.gangodvaznych.cz\/wp-content\/uploads\/2025\/03\/Nebezpecna-zvirata-251x300.jpg\" alt=\"\" width=\"250\" height=\"299\" srcset=\"https:\/\/www.gangodvaznych.cz\/wp-content\/uploads\/2025\/03\/Nebezpecna-zvirata-251x300.jpg 251w, https:\/\/www.gangodvaznych.cz\/wp-content\/uploads\/2025\/03\/Nebezpecna-zvirata-858x1024.jpg 858w, https:\/\/www.gangodvaznych.cz\/wp-content\/uploads\/2025\/03\/Nebezpecna-zvirata-768x916.jpg 768w, https:\/\/www.gangodvaznych.cz\/wp-content\/uploads\/2025\/03\/Nebezpecna-zvirata-1288x1536.jpg 1288w, https:\/\/www.gangodvaznych.cz\/wp-content\/uploads\/2025\/03\/Nebezpecna-zvirata-1717x2048.jpg 1717w, https:\/\/www.gangodvaznych.cz\/wp-content\/uploads\/2025\/03\/Nebezpecna-zvirata-300x358.jpg 300w, https:\/\/www.gangodvaznych.cz\/wp-content\/uploads\/2025\/03\/Nebezpecna-zvirata-850x1014.jpg 850w\" sizes=\"auto, (max-width: 250px) 100vw, 250px\" \/>Kol.: <em>Nebezpe\u010dn\u00e1 zv\u00ed\u0159ata<\/em>. Troufnete si setkat se s nejv\u011bt\u0161\u00edmi zabij\u00e1ky z \u0159\u00ed\u0161e zv\u00ed\u0159at? Bookmedia Ostrava 2021. (angl. 2019) 64 stran.<\/p>\n<p>Obrazov\u00e1 publikace tvo\u0159en\u00e1 fotografiemi a ilustracemi zv\u00ed\u0159at. Stru\u010dn\u00e9 popisky. Slovn\u00ed\u010dek. Rejst\u0159\u00edk. Zv\u00ed\u0159ec\u00ed zbran\u011b: kly, rohy, parohy, zuby, dr\u00e1py, zob\u00e1ky, jed, bodliny, ostny, \u017eihadla, siln\u00e9 nohy, velikost, rychlost, s\u00edla, po\u010detn\u00ed v\u00fdhoda. P\u0159ena\u0161e\u010di nemoc\u00ed. Uprost\u0159ed knihy je velk\u00e1 rozkl\u00e1dac\u00ed dvoustrana s hadem.<\/p>\n<p>&nbsp;<\/p>\n<p>&nbsp;<\/p>\n<p>&nbsp;<\/p>\n<p>&nbsp;<\/p>\n<p><img loading=\"lazy\" decoding=\"async\" class=\"wp-image-1745 alignleft\" src=\"http:\/\/www.gangodvaznych.cz\/wp-content\/uploads\/2020\/11\/Nejnebezpe\u010dn\u011bj\u0161\u00ed-zv\u00ed\u0159ata-sv\u011bta-218x300.jpg\" alt=\"\" width=\"250\" height=\"344\" srcset=\"https:\/\/www.gangodvaznych.cz\/wp-content\/uploads\/2020\/11\/Nejnebezpe\u010dn\u011bj\u0161\u00ed-zv\u00ed\u0159ata-sv\u011bta-218x300.jpg 218w, https:\/\/www.gangodvaznych.cz\/wp-content\/uploads\/2020\/11\/Nejnebezpe\u010dn\u011bj\u0161\u00ed-zv\u00ed\u0159ata-sv\u011bta-768x1055.jpg 768w, https:\/\/www.gangodvaznych.cz\/wp-content\/uploads\/2020\/11\/Nejnebezpe\u010dn\u011bj\u0161\u00ed-zv\u00ed\u0159ata-sv\u011bta-745x1024.jpg 745w, https:\/\/www.gangodvaznych.cz\/wp-content\/uploads\/2020\/11\/Nejnebezpe\u010dn\u011bj\u0161\u00ed-zv\u00ed\u0159ata-sv\u011bta-300x412.jpg 300w, https:\/\/www.gangodvaznych.cz\/wp-content\/uploads\/2020\/11\/Nejnebezpe\u010dn\u011bj\u0161\u00ed-zv\u00ed\u0159ata-sv\u011bta-850x1168.jpg 850w\" sizes=\"auto, (max-width: 250px) 100vw, 250px\" \/>Kol. <em>Nejnebezpe\u010dn\u011bj\u0161\u00ed zv\u00ed\u0159ata sv\u011bta<\/em>. Edika, Brno 2014. 112 stran.<\/p>\n<p>Ve v\u00fdb\u011bru najdete p\u0159ehledn\u00e9 informace o 26 nejnebezpe\u010dn\u011bj\u0161\u00edch tvorech sv\u011bta. (Panter, kobra, varan, chobotnice, \u010dern\u00e1 vdova, \u010dtverzubec, slon, \u0161\u00edpov\u00e1 \u017e\u00e1ba, hrozn\u00fd\u0161, hroch, kom\u00e1r Anopheles, m\u011bch\u00fd\u0159ovka portugalsk\u00e1, mo\u0159sk\u00fd had, grizzly, \u017eralok, ropucha, je\u017eovka, tygr, odranec, nosoro\u017eec, mamba, korovec, ledn\u00ed medv\u011bd, trnucha, krokod\u00fdl, perut\u00fdn.) Popis tvora, m\u00edra nebezpe\u010dnosti, prvn\u00ed pomoc p\u0159i napaden\u00ed. V z\u00e1v\u011bru kv\u00edz a slovn\u00ed\u010dek pojm\u016f.<\/p>\n<p>&nbsp;<\/p>\n<p>&nbsp;<\/p>\n<p>&nbsp;<\/p>\n<p>&nbsp;<\/p>\n<p>&nbsp;<\/p>\n<p><img loading=\"lazy\" decoding=\"async\" class=\"wp-image-3617 alignleft\" src=\"http:\/\/www.gangodvaznych.cz\/wp-content\/uploads\/2023\/11\/Predatori-275x300.jpg\" alt=\"\" width=\"250\" height=\"273\" srcset=\"https:\/\/www.gangodvaznych.cz\/wp-content\/uploads\/2023\/11\/Predatori-275x300.jpg 275w, https:\/\/www.gangodvaznych.cz\/wp-content\/uploads\/2023\/11\/Predatori-939x1024.jpg 939w, https:\/\/www.gangodvaznych.cz\/wp-content\/uploads\/2023\/11\/Predatori-768x837.jpg 768w, https:\/\/www.gangodvaznych.cz\/wp-content\/uploads\/2023\/11\/Predatori-1409x1536.jpg 1409w, https:\/\/www.gangodvaznych.cz\/wp-content\/uploads\/2023\/11\/Predatori-1879x2048.jpg 1879w, https:\/\/www.gangodvaznych.cz\/wp-content\/uploads\/2023\/11\/Predatori-300x327.jpg 300w, https:\/\/www.gangodvaznych.cz\/wp-content\/uploads\/2023\/11\/Predatori-850x927.jpg 850w\" sizes=\"auto, (max-width: 250px) 100vw, 250px\" \/>Kol.&nbsp;<em>Pred\u00e1to\u0159i. Nel\u00edtostn\u00e9 \u0161elmy. Jedovat\u00ed plazi. Drav\u00e9 ryby.<\/em>&nbsp;Fragment 2009. (London 2008). 48 stran.<\/p>\n<p>\u017divot mnoha tvor\u016f je bojem o p\u0159e\u017eit\u00ed. Zabij, nebo t\u011b zabij\u00ed. Tvorov\u00e9 na vrcholu potravn\u00edho \u0159et\u011bzce. Jejich techniky lovu a zbran\u011b, kter\u00e9 maj\u00ed k&nbsp;dispozici. Velk\u00e9 ko\u010dky. Vlci. Piran\u011b. \u017draloci. Kosatky. Krokod\u00fdli. Jedovat\u00ed oboj\u017eiveln\u00edci. Hadi. Jedovat\u00ed obyvatel\u00e9 mo\u0159\u00ed. Pavouci a \u0161t\u00ed\u0159i. Drav\u00ed pt\u00e1ci. P\u0159ena\u0161e\u010di nemoc\u00ed. Vyhynul\u00ed lovci. Kniha je pln\u00e1 fascinuj\u00edc\u00edch barevn\u00fdch z\u00e1b\u011br\u016f zv\u00ed\u0159at. Slovn\u00ed\u010dek. Rejst\u0159\u00edk.<\/p>\n<p>&nbsp;<\/p>\n<p>&nbsp;<\/p>\n<p>&nbsp;<\/p>\n<p><img loading=\"lazy\" decoding=\"async\" class=\"wp-image-1749 alignleft\" src=\"http:\/\/www.gangodvaznych.cz\/wp-content\/uploads\/2020\/11\/Jedovat\u00ed-\u017eivo\u010dichov\u00e9_Academia-211x300.jpg\" alt=\"\" width=\"250\" height=\"355\" srcset=\"https:\/\/www.gangodvaznych.cz\/wp-content\/uploads\/2020\/11\/Jedovat\u00ed-\u017eivo\u010dichov\u00e9_Academia-211x300.jpg 211w, https:\/\/www.gangodvaznych.cz\/wp-content\/uploads\/2020\/11\/Jedovat\u00ed-\u017eivo\u010dichov\u00e9_Academia-768x1094.jpg 768w, https:\/\/www.gangodvaznych.cz\/wp-content\/uploads\/2020\/11\/Jedovat\u00ed-\u017eivo\u010dichov\u00e9_Academia-719x1024.jpg 719w, https:\/\/www.gangodvaznych.cz\/wp-content\/uploads\/2020\/11\/Jedovat\u00ed-\u017eivo\u010dichov\u00e9_Academia-300x427.jpg 300w, https:\/\/www.gangodvaznych.cz\/wp-content\/uploads\/2020\/11\/Jedovat\u00ed-\u017eivo\u010dichov\u00e9_Academia-850x1210.jpg 850w, https:\/\/www.gangodvaznych.cz\/wp-content\/uploads\/2020\/11\/Jedovat\u00ed-\u017eivo\u010dichov\u00e9_Academia.jpg 2007w\" sizes=\"auto, (max-width: 250px) 100vw, 250px\" \/>K\u016frka, A. \u2013 Pfleger, V. <em>Jedovat\u00ed \u017eivo\u010dichov\u00e9.<\/em> Academia, Praha 1984. 168 stran.<\/p>\n<p>Popul\u00e1rn\u011b v\u011bdeck\u00e1 kniha systematicky a podrobn\u011b p\u0159edstavuje mno\u017estv\u00ed jedovat\u00fdch \u017eivo\u010dich\u016f od prvok\u016f a\u017e po savce. Auto\u0159i se zam\u011b\u0159ili hlavn\u011b na druhy ohro\u017euj\u00edc\u00ed \u010dlov\u011bka, ale upozor\u0148uj\u00ed i na tvory nebezpe\u010dn\u00e9 jin\u00fdm biologick\u00fdm druh\u016fm. Najdeme tu hlavn\u011b hmyz, pavouky, \u0161t\u00edry, oboj\u017eiveln\u00edky a hady, ale i celou \u0159adu mo\u0159sk\u00fdch jedovat\u00fdch \u017eivo\u010dich\u016f. Sou\u010d\u00e1st\u00ed textu jsou p\u0159\u00edznaky otrav a jejich l\u00e9\u010dba. Autorkou realistick\u00fdch ilustrac\u00ed je akademick\u00e1 mal\u00ed\u0159ka Alena \u010cepick\u00e1.<\/p>\n<p>&nbsp;<\/p>\n<p>&nbsp;<\/p>\n<p>&nbsp;<\/p>\n<p>&nbsp;<\/p>\n<p><img loading=\"lazy\" decoding=\"async\" class=\"wp-image-1752 alignleft\" src=\"http:\/\/www.gangodvaznych.cz\/wp-content\/uploads\/2020\/11\/55-nejnebezpe\u010dn\u011bj\u0161\u00edch-zv\u00ed\u0159at-planety-227x300.jpg\" alt=\"\" width=\"250\" height=\"330\" srcset=\"https:\/\/www.gangodvaznych.cz\/wp-content\/uploads\/2020\/11\/55-nejnebezpe\u010dn\u011bj\u0161\u00edch-zv\u00ed\u0159at-planety-227x300.jpg 227w, https:\/\/www.gangodvaznych.cz\/wp-content\/uploads\/2020\/11\/55-nejnebezpe\u010dn\u011bj\u0161\u00edch-zv\u00ed\u0159at-planety-768x1013.jpg 768w, https:\/\/www.gangodvaznych.cz\/wp-content\/uploads\/2020\/11\/55-nejnebezpe\u010dn\u011bj\u0161\u00edch-zv\u00ed\u0159at-planety-776x1024.jpg 776w, https:\/\/www.gangodvaznych.cz\/wp-content\/uploads\/2020\/11\/55-nejnebezpe\u010dn\u011bj\u0161\u00edch-zv\u00ed\u0159at-planety-300x396.jpg 300w, https:\/\/www.gangodvaznych.cz\/wp-content\/uploads\/2020\/11\/55-nejnebezpe\u010dn\u011bj\u0161\u00edch-zv\u00ed\u0159at-planety-850x1122.jpg 850w, https:\/\/www.gangodvaznych.cz\/wp-content\/uploads\/2020\/11\/55-nejnebezpe\u010dn\u011bj\u0161\u00edch-zv\u00ed\u0159at-planety.jpg 1875w\" sizes=\"auto, (max-width: 250px) 100vw, 250px\" \/>Ludwig, Mario \u2013 Gebhardt, Harald. <em>55 nejnebezpe\u010dn\u011bj\u0161\u00edch zv\u00ed\u0159at na\u0161\u00ed planety<\/em>. Fortuna Libri, Praha 2007. 128 stran.<\/p>\n<p>Nejnebezpe\u010dn\u011bj\u0161\u00ed zv\u00ed\u0159ata jsou v knize p\u0159ehledn\u011b rozd\u011blena do kategori\u00ed: savci (nap\u0159. lev, tygr, hroch, slon, nosoro\u017eec \u010di medv\u011bd), plazi (nap\u0159. krokod\u00fdl, mamba, ch\u0159est\u00fd\u0161, kobra, krajta), oboj\u017eiveln\u00edci (pralesni\u010dky), ryby (nap\u0159. odranec, perut\u00fdn, \u010dty\u0159zubec, barakuda, trnucha, \u017eralok), hmyz (nap\u0159. blecha morov\u00e1, kom\u00e1r, moucha tse-tse, vosa, v\u010dela, ohniv\u00fd mravenec) a ostatn\u00ed bezobratl\u00ed (kl\u00ed\u0161t\u011b, \u010dern\u00e1 vdova, \u0161t\u00edr, krakatice, chobotnice, homolice, \u010dty\u0159hranka, m\u011bch\u00fd\u0159ovka portugalsk\u00e1). Barevn\u00e9 fotografie.<\/p>\n<p>&nbsp;<\/p>\n<p>&nbsp;<\/p>\n<p>&nbsp;<\/p>\n<p><img loading=\"lazy\" decoding=\"async\" class=\"wp-image-3288 alignleft\" src=\"http:\/\/www.gangodvaznych.cz\/wp-content\/uploads\/2023\/02\/Protreli-predatori-198x300.jpg\" alt=\"\" width=\"250\" height=\"379\" srcset=\"https:\/\/www.gangodvaznych.cz\/wp-content\/uploads\/2023\/02\/Protreli-predatori-198x300.jpg 198w, https:\/\/www.gangodvaznych.cz\/wp-content\/uploads\/2023\/02\/Protreli-predatori-677x1024.jpg 677w, https:\/\/www.gangodvaznych.cz\/wp-content\/uploads\/2023\/02\/Protreli-predatori-768x1162.jpg 768w, https:\/\/www.gangodvaznych.cz\/wp-content\/uploads\/2023\/02\/Protreli-predatori-1015x1536.jpg 1015w, https:\/\/www.gangodvaznych.cz\/wp-content\/uploads\/2023\/02\/Protreli-predatori-1353x2048.jpg 1353w, https:\/\/www.gangodvaznych.cz\/wp-content\/uploads\/2023\/02\/Protreli-predatori-300x454.jpg 300w, https:\/\/www.gangodvaznych.cz\/wp-content\/uploads\/2023\/02\/Protreli-predatori-850x1286.jpg 850w, https:\/\/www.gangodvaznych.cz\/wp-content\/uploads\/2023\/02\/Protreli-predatori-scaled.jpg 1692w\" sizes=\"auto, (max-width: 250px) 100vw, 250px\" \/>Pech\u00e1\u010dek, Pavel. <em>Prot\u0159el\u00ed pred\u00e1to\u0159i<\/em>. Edika, Brno 2022. 112 stran.<\/p>\n<p>Sb\u00edrka 26 nejob\u00e1van\u011bj\u0161\u00edch lovc\u016f zv\u00ed\u0159ec\u00ed \u0159\u00ed\u0161e. (Pa\u00faho\u0159, pes hyenovit\u00fd, bolasov\u00ed pavouci, korovec, \u010f\u00e1bel medv\u011bdovit\u00fd, sasanka, levhart, stonoha, velkotlamec, rosom\u00e1k, krakatice, kudlanka, kosatka, anakonda, z\u00e1ke\u0159nice, velemlok, \u010dty\u0159hranka, harpyje, kajmanka, tule\u0148, skl\u00edpkan, medojed, taipan, \u017eralok, n\u00e1jezdn\u00ed mravenci, vlk.) Stru\u010dn\u00e9 texty, mno\u017estv\u00ed barevn\u00fdch fotografi\u00ed.<\/p>\n<p>&nbsp;<\/p>\n<p>&nbsp;<\/p>\n<p>&nbsp;<\/p>\n<p>&nbsp;<\/p>\n<p>&nbsp;<\/p>\n<p>&nbsp;<\/p>\n<p><img loading=\"lazy\" decoding=\"async\" class=\"wp-image-1753 alignleft\" src=\"http:\/\/www.gangodvaznych.cz\/wp-content\/uploads\/2020\/11\/Nebezpe\u010dn\u00e1-zv\u00ed\u0159ata_Albatros-261x300.jpg\" alt=\"\" width=\"252\" height=\"289\" srcset=\"https:\/\/www.gangodvaznych.cz\/wp-content\/uploads\/2020\/11\/Nebezpe\u010dn\u00e1-zv\u00ed\u0159ata_Albatros-261x300.jpg 261w, https:\/\/www.gangodvaznych.cz\/wp-content\/uploads\/2020\/11\/Nebezpe\u010dn\u00e1-zv\u00ed\u0159ata_Albatros-768x882.jpg 768w, https:\/\/www.gangodvaznych.cz\/wp-content\/uploads\/2020\/11\/Nebezpe\u010dn\u00e1-zv\u00ed\u0159ata_Albatros-891x1024.jpg 891w, https:\/\/www.gangodvaznych.cz\/wp-content\/uploads\/2020\/11\/Nebezpe\u010dn\u00e1-zv\u00ed\u0159ata_Albatros-300x345.jpg 300w, https:\/\/www.gangodvaznych.cz\/wp-content\/uploads\/2020\/11\/Nebezpe\u010dn\u00e1-zv\u00ed\u0159ata_Albatros-850x977.jpg 850w\" sizes=\"auto, (max-width: 252px) 100vw, 252px\" \/>Weinhold, Angela. <em>Nebezpe\u010dn\u00e1 zv\u00ed\u0159ata<\/em>. Albatros, Praha 2019. (Ravensburg 2010.) 16 stran. Kniha v krou\u017ekov\u00e9 vazb\u011b s tvrd\u00fdmi listy. N\u00e1zorn\u00e9 ilustrace. Pohybliv\u00e9 interaktivn\u00ed prvky. Pro d\u011bti od 4 let.<\/p>\n<p>Pro\u010d jsou zv\u00ed\u0159ata nebezpe\u010dn\u00e1? \u010c\u00edh\u00e1n\u00ed na ko\u0159ist a tvorba past\u00ed. Pro\u010d jsou n\u011bkter\u00e1 zv\u00ed\u0159ata jedovat\u00e1? Jak se zv\u00ed\u0159ata br\u00e1n\u00ed? Zp\u016fsob obrany zv\u00ed\u0159at. Co je to maskov\u00e1n\u00ed. Nebezpe\u010d\u00ed v mo\u0159i. Pro\u010d mus\u00edme i nebezpe\u010dn\u00e1 zv\u00ed\u0159ata chr\u00e1nit?<\/p>\n<p>&nbsp;<\/p>\n<p>&nbsp;<\/p>\n<p>&nbsp;<\/p>\n<p>&nbsp;<\/p>\n<p><img loading=\"lazy\" decoding=\"async\" class=\"wp-image-4320 alignleft\" src=\"http:\/\/www.gangodvaznych.cz\/wp-content\/uploads\/2025\/03\/Predatori_Moderni-encyklopedie-240x300.jpg\" alt=\"\" width=\"250\" height=\"313\" srcset=\"https:\/\/www.gangodvaznych.cz\/wp-content\/uploads\/2025\/03\/Predatori_Moderni-encyklopedie-240x300.jpg 240w, https:\/\/www.gangodvaznych.cz\/wp-content\/uploads\/2025\/03\/Predatori_Moderni-encyklopedie-818x1024.jpg 818w, https:\/\/www.gangodvaznych.cz\/wp-content\/uploads\/2025\/03\/Predatori_Moderni-encyklopedie-768x962.jpg 768w, https:\/\/www.gangodvaznych.cz\/wp-content\/uploads\/2025\/03\/Predatori_Moderni-encyklopedie-300x376.jpg 300w, https:\/\/www.gangodvaznych.cz\/wp-content\/uploads\/2025\/03\/Predatori_Moderni-encyklopedie-850x1065.jpg 850w, https:\/\/www.gangodvaznych.cz\/wp-content\/uploads\/2025\/03\/Predatori_Moderni-encyklopedie.jpg 1022w\" sizes=\"auto, (max-width: 250px) 100vw, 250px\" \/>Wolf, Alex a Philipov\u00e1 Claire. Pred\u00e1to\u0159i. Modern\u00ed encyklopedie pro d\u011bti. Fragment 2022, 128 stran.<br \/>\nNejnebezpe\u010dn\u011bj\u0161\u00ed lovci p\u0159ehledn\u011b v sedmi kapitol\u00e1ch. Vlk a dal\u0161\u00ed psovit\u00e9 \u0161elmy. Medv\u011bdovit\u00e9 \u0161elmy. Velk\u00e9 ko\u010dky. Krokod\u00fdli a alig\u00e1to\u0159i. \u017draloci. Hadi. Pavouci. Barevn\u00e9 fotografie s v\u00fdkladov\u00fdmi popisky, p\u0159ehledy, zaj\u00edmavosti.<\/p>\n","protected":false},"excerpt":{"rendered":"<p>MEDV\u011aDI \u017dRALOCI &nbsp; A TI DAL\u0160\u00cd&#8230; &nbsp; Grylls, Bear. P\u0159\u00edru\u010dka pro za\u010d\u00ednaj\u00edc\u00ed dobrodruhy. Nebezpe\u010dn\u00e1 zv\u00ed\u0159ata, stopov\u00e1n\u00ed, nebezpe\u010dn\u00e9 rostliny, signalizace. Euromedia 2020. 192 stran. Tipy a rady pro p\u0159e\u017eit\u00ed v divo\u010din\u011b. P\u0159ehledn\u011b, stru\u010dn\u011b, s n\u00e1zorn\u00fdmi n\u00e1kresy. Form\u00e1t vhodn\u00fd i na cesty. &nbsp; &nbsp; &nbsp; &nbsp; &nbsp; &nbsp; Hawcock, David. V divo\u010din\u011b. Kni\u017en\u00ed klub 2023. Edice Pikola&#8230;.<\/p>\n","protected":false},"author":1,"featured_media":0,"parent":0,"menu_order":0,"comment_status":"closed","ping_status":"closed","template":"","meta":{"ngg_post_thumbnail":0,"footnotes":""},"class_list":["post-4306","page","type-page","status-publish","hentry"],"_links":{"self":[{"href":"https:\/\/www.gangodvaznych.cz\/index.php\/wp-json\/wp\/v2\/pages\/4306","targetHints":{"allow":["GET"]}}],"collection":[{"href":"https:\/\/www.gangodvaznych.cz\/index.php\/wp-json\/wp\/v2\/pages"}],"about":[{"href":"https:\/\/www.gangodvaznych.cz\/index.php\/wp-json\/wp\/v2\/types\/page"}],"author":[{"embeddable":true,"href":"https:\/\/www.gangodvaznych.cz\/index.php\/wp-json\/wp\/v2\/users\/1"}],"replies":[{"embeddable":true,"href":"https:\/\/www.gangodvaznych.cz\/index.php\/wp-json\/wp\/v2\/comments?post=4306"}],"version-history":[{"count":12,"href":"https:\/\/www.gangodvaznych.cz\/index.php\/wp-json\/wp\/v2\/pages\/4306\/revisions"}],"predecessor-version":[{"id":4713,"href":"https:\/\/www.gangodvaznych.cz\/index.php\/wp-json\/wp\/v2\/pages\/4306\/revisions\/4713"}],"wp:attachment":[{"href":"https:\/\/www.gangodvaznych.cz\/index.php\/wp-json\/wp\/v2\/media?parent=4306"}],"curies":[{"name":"wp","href":"https:\/\/api.w.org\/{rel}","templated":true}]}}