{"id":47,"date":"2019-03-23T10:54:50","date_gmt":"2019-03-23T10:54:50","guid":{"rendered":"http:\/\/www.gangodvaznych.cz\/?page_id=47"},"modified":"2026-03-29T15:18:35","modified_gmt":"2026-03-29T15:18:35","slug":"hrdinove-beta","status":"publish","type":"page","link":"https:\/\/www.gangodvaznych.cz\/index.php\/hrdinove-beta\/","title":{"rendered":"Beta"},"content":{"rendered":"\r\n<div class=\"wp-block-image\">\r\n<figure class=\"alignleft is-resized\"><img loading=\"lazy\" decoding=\"async\" class=\"wp-image-577\" src=\"http:\/\/www.gangodvaznych.cz\/wp-content\/uploads\/2019\/03\/Beta_portr\u00e9t_skica-715x1024.jpg\" alt=\"\" width=\"326\" height=\"467\" srcset=\"https:\/\/www.gangodvaznych.cz\/wp-content\/uploads\/2019\/03\/Beta_portr\u00e9t_skica-715x1024.jpg 715w, https:\/\/www.gangodvaznych.cz\/wp-content\/uploads\/2019\/03\/Beta_portr\u00e9t_skica-209x300.jpg 209w, https:\/\/www.gangodvaznych.cz\/wp-content\/uploads\/2019\/03\/Beta_portr\u00e9t_skica-768x1100.jpg 768w, https:\/\/www.gangodvaznych.cz\/wp-content\/uploads\/2019\/03\/Beta_portr\u00e9t_skica.jpg 893w\" sizes=\"auto, (max-width: 326px) 100vw, 326px\" \/><\/figure>\r\n<\/div>\r\n\r\n\r\n\r\n<p>Ve skute\u010dnosti se jmenuje Al\u017eb\u011bta. Je netrp\u011bliv\u00e1, n\u011bkdy m\u00e1 sklony chovat se jako rozmazlen\u00e1 hysterka, ale d\u00e1 se to zvl\u00e1dnout. Nejl\u00e9pe ji dok\u00e1\u017ee srovnat jej\u00ed o patn\u00e1ct minut star\u0161\u00ed dvoj\u010de Alfa. A pochopiteln\u011b Hardy, ke kter\u00e9mu stejn\u011b jako Alfa vzhl\u00ed\u017e\u00ed.<\/p>\r\n\r\n\r\n\r\n<p>V\u011bk: 13 let<\/p>\r\n\r\n\r\n\r\n<p>Z\u00e1liby: prudit okol\u00ed hysterick\u00fdmi v\u00fdlevy (to byl vtip, ale ob\u010das to sed\u00ed)<\/p>\r\n<p>Miluje psy.<\/p>\r\n\r\n\r\n\r\n<p>M\u00e1 nad\u00e1n\u00ed na jazyky. P\u0159ed ka\u017edou cestou si nastuduje aspo\u0148 z\u00e1kladn\u00ed fr\u00e1ze, tak\u017ee je schopn\u00e1 se domluvit.<\/p>\r\n\r\n\r\n\r\n<p>Zvl\u00e1\u0161tn\u00ed znamen\u00ed: na rozd\u00edl od Alfy nem\u00e1 na krku pihu, zato je \u010dast\u011bji sly\u0161et<\/p>\r\n\r\n\r\n\r\n<p>&nbsp;<\/p>\r\n<p>&nbsp;<\/p>\r\n<p>BETA O SOB\u011a:<\/p>\r\n<p><em>Jsem Al\u017eb\u011bta Kleinov\u00e1. Jm\u00e9no Al\u017eb\u011bta mi zas tak moc nevad\u00ed, ale stejn\u011b m\u00e1m rad\u0161i, kdy\u017e mi v\u0161ichni \u0159\u00edkaj\u00ed Beto. V part\u011b funguju jako tlumo\u010dnice a p\u0159ekladatelka. M\u011b toti\u017e jazyky stra\u0161n\u011b bav\u00ed. V\u017edycky kdy\u017e jedeme do n\u011bjak\u00e9 ciz\u00ed zem\u011b, sna\u017e\u00edm se nau\u010dit aspo\u0148 p\u00e1r z\u00e1kladn\u00edch fr\u00e1z\u00ed. Jinak v\u011bk a t\u0159\u00edda jsou stejn\u00e9 jako u s\u00e9gry. T\u0159in\u00e1ct let, sedm\u00e1 t\u0159\u00edda z\u00e1kladn\u00ed \u0161koly. S Alfou spolu sed\u00edme i v lavici. Ale neopisujeme!<\/em><\/p>\r\n<p>&nbsp;<\/p>\r\n<p>&nbsp;<\/p>\r\n<p>RODI\u010cE<\/p>\r\n<p><img loading=\"lazy\" decoding=\"async\" class=\"wp-image-3360 alignleft\" src=\"http:\/\/www.gangodvaznych.cz\/wp-content\/uploads\/2023\/02\/rodice-Kleinovi_2-300x161.jpg\" alt=\"\" width=\"326\" height=\"175\" srcset=\"https:\/\/www.gangodvaznych.cz\/wp-content\/uploads\/2023\/02\/rodice-Kleinovi_2-300x161.jpg 300w, https:\/\/www.gangodvaznych.cz\/wp-content\/uploads\/2023\/02\/rodice-Kleinovi_2-768x413.jpg 768w, https:\/\/www.gangodvaznych.cz\/wp-content\/uploads\/2023\/02\/rodice-Kleinovi_2-850x457.jpg 850w, https:\/\/www.gangodvaznych.cz\/wp-content\/uploads\/2023\/02\/rodice-Kleinovi_2.jpg 880w\" sizes=\"auto, (max-width: 326px) 100vw, 326px\" \/><\/p>\r\n<p>Irma Kleinov\u00e1<br>Bruno Klein<\/p>\r\n<p><img loading=\"lazy\" decoding=\"async\" class=\"size-medium wp-image-5652 alignright\" src=\"http:\/\/www.gangodvaznych.cz\/wp-content\/uploads\/2026\/03\/Bruno-Klein_Poust_1-300x230.jpg\" alt=\"\" width=\"300\" height=\"230\" srcset=\"https:\/\/www.gangodvaznych.cz\/wp-content\/uploads\/2026\/03\/Bruno-Klein_Poust_1-300x230.jpg 300w, https:\/\/www.gangodvaznych.cz\/wp-content\/uploads\/2026\/03\/Bruno-Klein_Poust_1-1024x786.jpg 1024w, https:\/\/www.gangodvaznych.cz\/wp-content\/uploads\/2026\/03\/Bruno-Klein_Poust_1-768x590.jpg 768w, https:\/\/www.gangodvaznych.cz\/wp-content\/uploads\/2026\/03\/Bruno-Klein_Poust_1-850x653.jpg 850w, https:\/\/www.gangodvaznych.cz\/wp-content\/uploads\/2026\/03\/Bruno-Klein_Poust_1.jpg 1033w\" sizes=\"auto, (max-width: 300px) 100vw, 300px\" \/><\/p>\r\n<p>*<\/p>\r\n<p>&nbsp;<\/p>\r\n<p>&nbsp;<\/p>\r\n<p><img loading=\"lazy\" decoding=\"async\" class=\"wp-image-5651 alignnone\" src=\"http:\/\/www.gangodvaznych.cz\/wp-content\/uploads\/2026\/03\/Klein_Zralok-116x300.jpg\" alt=\"\" width=\"155\" height=\"401\" srcset=\"https:\/\/www.gangodvaznych.cz\/wp-content\/uploads\/2026\/03\/Klein_Zralok-116x300.jpg 116w, https:\/\/www.gangodvaznych.cz\/wp-content\/uploads\/2026\/03\/Klein_Zralok-396x1024.jpg 396w, https:\/\/www.gangodvaznych.cz\/wp-content\/uploads\/2026\/03\/Klein_Zralok-594x1536.jpg 594w, https:\/\/www.gangodvaznych.cz\/wp-content\/uploads\/2026\/03\/Klein_Zralok-300x775.jpg 300w, https:\/\/www.gangodvaznych.cz\/wp-content\/uploads\/2026\/03\/Klein_Zralok.jpg 697w\" sizes=\"auto, (max-width: 155px) 100vw, 155px\" \/><\/p>\r\n<p>&nbsp;<\/p>\r\n<p>&nbsp;<\/p>\r\n<p>\u010cl\u00e1nky t\u00e9to postavy:<\/p>\r\n\r\n\r\n<ul class=\"lcp_catlist\" id=\"lcp_instance_0\"><li><a href=\"https:\/\/www.gangodvaznych.cz\/index.php\/2025\/09\/09\/domov-bileho-tesaka-beta\/\">Domov B\u00edl\u00e9ho tes\u00e1ka (Beta)<\/a><\/li><li><a href=\"https:\/\/www.gangodvaznych.cz\/index.php\/2025\/03\/14\/jak-se-rekne-medved-beta\/\">Jak se \u0159ekne medv\u011bd (Beta)<\/a><\/li><li><a href=\"https:\/\/www.gangodvaznych.cz\/index.php\/2025\/03\/14\/praha-v-americe-beta\/\">Praha v Americe (Beta)<\/a><\/li><li><a href=\"https:\/\/www.gangodvaznych.cz\/index.php\/2024\/03\/27\/jak-zni-didgeridoo-beta\/\">Jak zn\u00ed didgeridoo (Beta)<\/a><\/li><li><a href=\"https:\/\/www.gangodvaznych.cz\/index.php\/2023\/02\/20\/mluvici-ptaci-beta\/\">Mluv\u00edc\u00ed pt\u00e1ci (Beta)<\/a><\/li><li><a href=\"https:\/\/www.gangodvaznych.cz\/index.php\/2021\/10\/15\/noemova-archa-beta\/\">Noemova archa (Beta)<\/a><\/li><li><a href=\"https:\/\/www.gangodvaznych.cz\/index.php\/2021\/06\/12\/hana-znamena-v-japonstine-kvetina-beta\/\">Hana znamen\u00e1 v\u00a0japon\u0161tin\u011b kv\u011btina (Beta)<\/a><\/li><li><a href=\"https:\/\/www.gangodvaznych.cz\/index.php\/2021\/05\/13\/pribeh-psa-haciko-beta\/\">P\u0159\u00edb\u011bh psa Ha\u010dik\u00f3 (Beta)<\/a><\/li><li><a href=\"https:\/\/www.gangodvaznych.cz\/index.php\/2019\/09\/15\/velbloudi-v-arabstine-beta\/\">Velbloudi v arab\u0161tin\u011b (Beta)<\/a><\/li><li><a href=\"https:\/\/www.gangodvaznych.cz\/index.php\/2019\/06\/27\/adoptovali-jsme-velblouda-beta\/\">Adoptovali jsme velblouda (Beta)<\/a><\/li><\/ul>\n<p>&nbsp;<\/p>\n","protected":false},"excerpt":{"rendered":"<p>Ve skute\u010dnosti se jmenuje Al\u017eb\u011bta. Je netrp\u011bliv\u00e1, n\u011bkdy m\u00e1 sklony chovat se jako rozmazlen\u00e1 hysterka, ale d\u00e1 se to zvl\u00e1dnout. Nejl\u00e9pe ji dok\u00e1\u017ee srovnat jej\u00ed o patn\u00e1ct minut star\u0161\u00ed dvoj\u010de Alfa. A pochopiteln\u011b Hardy, ke kter\u00e9mu stejn\u011b jako Alfa vzhl\u00ed\u017e\u00ed. V\u011bk: 13 let Z\u00e1liby: prudit okol\u00ed hysterick\u00fdmi v\u00fdlevy (to byl vtip, ale ob\u010das to sed\u00ed)&#8230;<\/p>\n","protected":false},"author":1,"featured_media":0,"parent":0,"menu_order":0,"comment_status":"closed","ping_status":"closed","template":"","meta":{"ngg_post_thumbnail":0,"footnotes":""},"class_list":["post-47","page","type-page","status-publish","hentry"],"_links":{"self":[{"href":"https:\/\/www.gangodvaznych.cz\/index.php\/wp-json\/wp\/v2\/pages\/47","targetHints":{"allow":["GET"]}}],"collection":[{"href":"https:\/\/www.gangodvaznych.cz\/index.php\/wp-json\/wp\/v2\/pages"}],"about":[{"href":"https:\/\/www.gangodvaznych.cz\/index.php\/wp-json\/wp\/v2\/types\/page"}],"author":[{"embeddable":true,"href":"https:\/\/www.gangodvaznych.cz\/index.php\/wp-json\/wp\/v2\/users\/1"}],"replies":[{"embeddable":true,"href":"https:\/\/www.gangodvaznych.cz\/index.php\/wp-json\/wp\/v2\/comments?post=47"}],"version-history":[{"count":26,"href":"https:\/\/www.gangodvaznych.cz\/index.php\/wp-json\/wp\/v2\/pages\/47\/revisions"}],"predecessor-version":[{"id":5671,"href":"https:\/\/www.gangodvaznych.cz\/index.php\/wp-json\/wp\/v2\/pages\/47\/revisions\/5671"}],"wp:attachment":[{"href":"https:\/\/www.gangodvaznych.cz\/index.php\/wp-json\/wp\/v2\/media?parent=47"}],"curies":[{"name":"wp","href":"https:\/\/api.w.org\/{rel}","templated":true}]}}