{"id":53,"date":"2019-03-23T10:55:26","date_gmt":"2019-03-23T10:55:26","guid":{"rendered":"http:\/\/www.gangodvaznych.cz\/?page_id=53"},"modified":"2026-03-29T15:39:34","modified_gmt":"2026-03-29T15:39:34","slug":"hrdinove-mariana","status":"publish","type":"page","link":"https:\/\/www.gangodvaznych.cz\/index.php\/hrdinove-mariana\/","title":{"rendered":"Mariana"},"content":{"rendered":"\r\n<div class=\"wp-block-image\">\r\n<figure class=\"alignleft is-resized\"><img loading=\"lazy\" decoding=\"async\" class=\"wp-image-592\" src=\"http:\/\/www.gangodvaznych.cz\/wp-content\/uploads\/2019\/03\/Mariana_port\u00e9t_skica-881x1024.jpg\" alt=\"\" width=\"386\" height=\"448\" srcset=\"https:\/\/www.gangodvaznych.cz\/wp-content\/uploads\/2019\/03\/Mariana_port\u00e9t_skica-881x1024.jpg 881w, https:\/\/www.gangodvaznych.cz\/wp-content\/uploads\/2019\/03\/Mariana_port\u00e9t_skica-258x300.jpg 258w, https:\/\/www.gangodvaznych.cz\/wp-content\/uploads\/2019\/03\/Mariana_port\u00e9t_skica-768x892.jpg 768w, https:\/\/www.gangodvaznych.cz\/wp-content\/uploads\/2019\/03\/Mariana_port\u00e9t_skica.jpg 975w\" sizes=\"auto, (max-width: 386px) 100vw, 386px\" \/><\/figure>\r\n<\/div>\r\n\r\n\r\n\r\n<p>Na prvn\u00ed pohled vypad\u00e1 jako fiflena, ale ve skute\u010dnosti je to holka do nepohody. Ob\u010das se chov\u00e1 jako drs\u0148a\u010dka, um\u00ed b\u00fdt ironick\u00e1 a sarkastick\u00e1, n\u011bkdy je trochu snob. Skv\u011ble se orientuje v prostoru, je odv\u00e1\u017en\u00e1, p\u016fsob\u00ed chladnokrevn\u011b, ale i j\u00ed tu a tam ujedou nervy a pak to stoj\u00ed zato.&nbsp; Zvl\u00e1\u0161\u0165 kdy\u017e se dostane do situace, kter\u00e1 spust\u00ed jej\u00ed klaustrofobii. Nad partou m\u00e1 zdravotn\u00ed dohled.<\/p>\r\n\r\n\r\n\r\n<p>V\u011bk: 14 let<\/p>\r\n\r\n\r\n\r\n<p>Z\u00e1liby: medic\u00edna, cestov\u00e1n\u00ed, sport<\/p>\r\n\r\n\r\n\r\n<p>Zvl\u00e1\u0161tn\u00ed znamen\u00ed: dlouh\u00e9 temn\u011b zrzav\u00e9 vlasy pr\u00fd\u0161t\u00edc\u00ed j\u00ed z hlavy v bujn\u00fdch kudrn\u00e1ch, neud\u011bl\u00e1 krok bez ledvinky pln\u00e9 u\u017eite\u010dn\u00fdch drobnost\u00ed<\/p>\r\n<p>&nbsp;<\/p>\r\n<p>&nbsp;<\/p>\r\n<p>MARIANA O SOB\u011a:<\/p>\r\n<p><em>Jmenuji se Mariana Jandov\u00e1 a je mi \u010dtrn\u00e1ct let. Chod\u00edm na osmilet\u00e9 gymn\u00e1zium a pozd\u011bji bych cht\u011bla studovat medic\u00ednu. U\u017e te\u010f m\u00e1m v na\u0161\u00ed part\u011b roli o\u0161et\u0159ovatelky puch\u00fd\u0159\u016f, od\u0159enin, pop\u00e1lenin, zabodnut\u00fdch trn\u016f, vymknut\u00fdch kotn\u00edk\u016f, vyra\u017een\u00e9ho dechu\u2026 prost\u011b co se komu stane. Z\u00e1kladn\u00ed v\u011bci k poskytnut\u00ed prvn\u00ed pomoci nos\u00edm po\u0159\u00e1d s sebou. Moje ledvinka u\u017e je opravdu pov\u011bstn\u00e1.<\/em><\/p>\r\n<p>&nbsp;<\/p>\r\n<p>&nbsp;<\/p>\r\n<p>RODI\u010cE:<\/p>\r\n<p><img loading=\"lazy\" decoding=\"async\" class=\" wp-image-3369 alignleft\" src=\"http:\/\/www.gangodvaznych.cz\/wp-content\/uploads\/2023\/02\/Rodice_Madla-Jandova-s-Marianou_2-229x300.jpg\" alt=\"\" width=\"269\" height=\"352\" srcset=\"https:\/\/www.gangodvaznych.cz\/wp-content\/uploads\/2023\/02\/Rodice_Madla-Jandova-s-Marianou_2-229x300.jpg 229w, https:\/\/www.gangodvaznych.cz\/wp-content\/uploads\/2023\/02\/Rodice_Madla-Jandova-s-Marianou_2-300x393.jpg 300w, https:\/\/www.gangodvaznych.cz\/wp-content\/uploads\/2023\/02\/Rodice_Madla-Jandova-s-Marianou_2.jpg 366w\" sizes=\"auto, (max-width: 269px) 100vw, 269px\" \/><\/p>\r\n<p>Madla Jandov\u00e1 (s Marianou si jsou opravdu podobn\u00e9)<br>Radim Janda<\/p>\r\n<p>&nbsp;<\/p>\r\n<p><img loading=\"lazy\" decoding=\"async\" class=\"alignnone  wp-image-5673\" src=\"http:\/\/www.gangodvaznych.cz\/wp-content\/uploads\/2026\/03\/Radim-Janda_Zralok-300x239.jpg\" alt=\"\" width=\"369\" height=\"294\" srcset=\"https:\/\/www.gangodvaznych.cz\/wp-content\/uploads\/2026\/03\/Radim-Janda_Zralok-300x239.jpg 300w, https:\/\/www.gangodvaznych.cz\/wp-content\/uploads\/2026\/03\/Radim-Janda_Zralok-1024x816.jpg 1024w, https:\/\/www.gangodvaznych.cz\/wp-content\/uploads\/2026\/03\/Radim-Janda_Zralok-768x612.jpg 768w, https:\/\/www.gangodvaznych.cz\/wp-content\/uploads\/2026\/03\/Radim-Janda_Zralok-1536x1224.jpg 1536w, https:\/\/www.gangodvaznych.cz\/wp-content\/uploads\/2026\/03\/Radim-Janda_Zralok-850x678.jpg 850w, https:\/\/www.gangodvaznych.cz\/wp-content\/uploads\/2026\/03\/Radim-Janda_Zralok.jpg 1577w\" sizes=\"auto, (max-width: 369px) 100vw, 369px\" \/><\/p>\r\n<p>&nbsp;<\/p>\r\n<p>&nbsp;<\/p>\r\n<p>&nbsp;<\/p>\r\n<p>&nbsp;<\/p>\r\n<p>&nbsp;<\/p>\r\n\r\n\r\n\r\n<p>\u010cl\u00e1nky t\u00e9to postavy:<\/p>\r\n\r\n\r\n<ul class=\"lcp_catlist\" id=\"lcp_instance_0\"><li><a href=\"https:\/\/www.gangodvaznych.cz\/index.php\/2026\/03\/28\/jak-chytit-spavou-nemoc-mariana\/\">Jak chytit spavou nemoc (Mariana)<\/a><\/li><li><a href=\"https:\/\/www.gangodvaznych.cz\/index.php\/2025\/09\/09\/sipkove-ruzenky-v-tajicim-permafrostu-mariana\/\">\u0160\u00edpkov\u00e9 R\u016f\u017eenky v taj\u00edc\u00edm permafrostu (Mariana)<\/a><\/li><li><a href=\"https:\/\/www.gangodvaznych.cz\/index.php\/2025\/03\/14\/osetreni-ran-po-napadeni-medvedem-mariana\/\">O\u0161et\u0159en\u00ed ran po napaden\u00ed medv\u011bdem (Mariana)<\/a><\/li><li><a href=\"https:\/\/www.gangodvaznych.cz\/index.php\/2025\/03\/14\/tornadem-do-zeme-oz-mariana\/\">Torn\u00e1dem do zem\u011b Oz (Mariana)<\/a><\/li><li><a href=\"https:\/\/www.gangodvaznych.cz\/index.php\/2024\/03\/27\/opera-v-sydney-mariana\/\">Opera v\u00a0Sydney (Mariana)<\/a><\/li><li><a href=\"https:\/\/www.gangodvaznych.cz\/index.php\/2024\/03\/27\/popaleniny-mariana\/\">Pop\u00e1leniny (Mariana)<\/a><\/li><li><a href=\"https:\/\/www.gangodvaznych.cz\/index.php\/2021\/10\/15\/prvni-pomoc-pri-tonuti-mariana\/\">Prvn\u00ed pomoc p\u0159i tonut\u00ed (Mariana)<\/a><\/li><li><a href=\"https:\/\/www.gangodvaznych.cz\/index.php\/2021\/06\/14\/princezna-mio-san-a-chram-sensodzi-mariana\/\">Princezna Miao-\u0161an a chr\u00e1m Sens\u00f3d\u017ei (Mariana)<\/a><\/li><li><a href=\"https:\/\/www.gangodvaznych.cz\/index.php\/2021\/05\/13\/co-je-zavalovy-syndrom-mariana\/\">Co je z\u00e1valov\u00fd syndrom (Mariana)<\/a><\/li><li><a href=\"https:\/\/www.gangodvaznych.cz\/index.php\/2019\/09\/17\/maly-princ-mariana\/\">Mal\u00fd princ (Mariana)<\/a><\/li><\/ul>\n","protected":false},"excerpt":{"rendered":"<p>Na prvn\u00ed pohled vypad\u00e1 jako fiflena, ale ve skute\u010dnosti je to holka do nepohody. Ob\u010das se chov\u00e1 jako drs\u0148a\u010dka, um\u00ed b\u00fdt ironick\u00e1 a sarkastick\u00e1, n\u011bkdy je trochu snob. Skv\u011ble se orientuje v prostoru, je odv\u00e1\u017en\u00e1, p\u016fsob\u00ed chladnokrevn\u011b, ale i j\u00ed tu a tam ujedou nervy a pak to stoj\u00ed zato.&nbsp; Zvl\u00e1\u0161\u0165 kdy\u017e se dostane do&#8230;<\/p>\n","protected":false},"author":1,"featured_media":0,"parent":0,"menu_order":0,"comment_status":"closed","ping_status":"closed","template":"","meta":{"ngg_post_thumbnail":0,"footnotes":""},"class_list":["post-53","page","type-page","status-publish","hentry"],"_links":{"self":[{"href":"https:\/\/www.gangodvaznych.cz\/index.php\/wp-json\/wp\/v2\/pages\/53","targetHints":{"allow":["GET"]}}],"collection":[{"href":"https:\/\/www.gangodvaznych.cz\/index.php\/wp-json\/wp\/v2\/pages"}],"about":[{"href":"https:\/\/www.gangodvaznych.cz\/index.php\/wp-json\/wp\/v2\/types\/page"}],"author":[{"embeddable":true,"href":"https:\/\/www.gangodvaznych.cz\/index.php\/wp-json\/wp\/v2\/users\/1"}],"replies":[{"embeddable":true,"href":"https:\/\/www.gangodvaznych.cz\/index.php\/wp-json\/wp\/v2\/comments?post=53"}],"version-history":[{"count":20,"href":"https:\/\/www.gangodvaznych.cz\/index.php\/wp-json\/wp\/v2\/pages\/53\/revisions"}],"predecessor-version":[{"id":5688,"href":"https:\/\/www.gangodvaznych.cz\/index.php\/wp-json\/wp\/v2\/pages\/53\/revisions\/5688"}],"wp:attachment":[{"href":"https:\/\/www.gangodvaznych.cz\/index.php\/wp-json\/wp\/v2\/media?parent=53"}],"curies":[{"name":"wp","href":"https:\/\/api.w.org\/{rel}","templated":true}]}}