{"id":58,"date":"2019-03-23T10:57:20","date_gmt":"2019-03-23T10:57:20","guid":{"rendered":"http:\/\/www.gangodvaznych.cz\/?page_id=58"},"modified":"2026-03-28T23:41:50","modified_gmt":"2026-03-28T23:41:50","slug":"bonusy-dzungle","status":"publish","type":"page","link":"https:\/\/www.gangodvaznych.cz\/index.php\/bonusy-dzungle\/","title":{"rendered":"D\u017dUNGLE &#8211; bonusy"},"content":{"rendered":"<p><!--StartFragment--><\/p>\r\n\r\n<p><a href=\"https:\/\/www.gangodvaznych.cz\/index.php\/ve-sparech-dzungle\/\"><img loading=\"lazy\" decoding=\"async\" class=\" wp-image-2165 alignright\" src=\"http:\/\/www.gangodvaznych.cz\/wp-content\/uploads\/2021\/05\/Obalka-GO_3-198x300.jpg\" alt=\"\" width=\"120\" height=\"181\" srcset=\"https:\/\/www.gangodvaznych.cz\/wp-content\/uploads\/2021\/05\/Obalka-GO_3-198x300.jpg 198w, https:\/\/www.gangodvaznych.cz\/wp-content\/uploads\/2021\/05\/Obalka-GO_3-675x1024.jpg 675w, https:\/\/www.gangodvaznych.cz\/wp-content\/uploads\/2021\/05\/Obalka-GO_3-768x1166.jpg 768w, https:\/\/www.gangodvaznych.cz\/wp-content\/uploads\/2021\/05\/Obalka-GO_3-1012x1536.jpg 1012w, https:\/\/www.gangodvaznych.cz\/wp-content\/uploads\/2021\/05\/Obalka-GO_3-1349x2048.jpg 1349w, https:\/\/www.gangodvaznych.cz\/wp-content\/uploads\/2021\/05\/Obalka-GO_3-300x455.jpg 300w, https:\/\/www.gangodvaznych.cz\/wp-content\/uploads\/2021\/05\/Obalka-GO_3-850x1290.jpg 850w, https:\/\/www.gangodvaznych.cz\/wp-content\/uploads\/2021\/05\/Obalka-GO_3.jpg 1437w\" sizes=\"auto, (max-width: 120px) 100vw, 120px\" \/><\/a>\u010cl\u00e1nky k t\u00e9matu D\u017dUNGLE se vztahuj\u00ed ke knize <a href=\"https:\/\/www.gangodvaznych.cz\/index.php\/ve-sparech-dzungle\/\"><em>VE SP\u00c1RECH D\u017dUNGLE<\/em><\/a><\/p>\r\n<p>&nbsp;<\/p>\r\n<p>\u010cl\u00e1nky k t\u00e9matu:<\/p>\r\n\r\n\r\n<p><img loading=\"lazy\" decoding=\"async\" class=\" wp-image-815 alignleft\" src=\"http:\/\/www.gangodvaznych.cz\/wp-content\/uploads\/2019\/04\/Ve_Sparech_Dzungle_8-101x300.jpg\" alt=\"\" width=\"214\" height=\"636\" srcset=\"https:\/\/www.gangodvaznych.cz\/wp-content\/uploads\/2019\/04\/Ve_Sparech_Dzungle_8-101x300.jpg 101w, https:\/\/www.gangodvaznych.cz\/wp-content\/uploads\/2019\/04\/Ve_Sparech_Dzungle_8-344x1024.jpg 344w, https:\/\/www.gangodvaznych.cz\/wp-content\/uploads\/2019\/04\/Ve_Sparech_Dzungle_8-300x893.jpg 300w, https:\/\/www.gangodvaznych.cz\/wp-content\/uploads\/2019\/04\/Ve_Sparech_Dzungle_8.jpg 687w\" sizes=\"auto, (max-width: 214px) 100vw, 214px\" \/><ul class=\"lcp_catlist\" id=\"lcp_instance_0\"><li><a href=\"https:\/\/www.gangodvaznych.cz\/index.php\/2019\/06\/24\/recepty-na-thajska-jidla-alfa\/\">Recepty na thajsk\u00e1 j\u00eddla (Alfa)<\/a><\/li><li><a href=\"https:\/\/www.gangodvaznych.cz\/index.php\/2019\/03\/24\/rychlokurz-thajstiny-beta\/\">Rychlokurz thaj\u0161tiny (Beta)<\/a><\/li><li><a href=\"https:\/\/www.gangodvaznych.cz\/index.php\/2019\/03\/24\/co-rvalo-v-dzungli-jonas\/\">Co \u0159valo v d\u017eungli (Jon\u00e1\u0161)<\/a><\/li><li><a href=\"https:\/\/www.gangodvaznych.cz\/index.php\/2019\/03\/24\/malarie-mariana\/\">Mal\u00e1rie (Mariana)<\/a><\/li><li><a href=\"https:\/\/www.gangodvaznych.cz\/index.php\/2019\/03\/24\/dlouhe-krky-a-dalsi-podivne-upravy-lidskeho-tela-alfa\/\">Dlouh\u00e9 krky a dal\u0161\u00ed podivn\u00e9 \u00fapravy lidsk\u00e9ho t\u011bla (Alfa)<\/a><\/li><li><a href=\"https:\/\/www.gangodvaznych.cz\/index.php\/2019\/03\/24\/vyuziti-pijavic-v-lekarstvi-mariana\/\">Vyu\u017eit\u00ed pijavic v l\u00e9ka\u0159stv\u00ed (Mariana)<\/a><\/li><\/ul><\/p>\n<p>&nbsp;<\/p>\n<p>&nbsp;<\/p>\n\r\n<p><!--EndFragment--><\/p>\r\n<p>&nbsp;<\/p>","protected":false},"excerpt":{"rendered":"<p>\u010cl\u00e1nky k t\u00e9matu D\u017dUNGLE se vztahuj\u00ed ke knize VE SP\u00c1RECH D\u017dUNGLE &nbsp; \u010cl\u00e1nky k t\u00e9matu: &nbsp;<\/p>\n","protected":false},"author":1,"featured_media":0,"parent":0,"menu_order":0,"comment_status":"closed","ping_status":"closed","template":"","meta":{"ngg_post_thumbnail":0,"footnotes":""},"class_list":["post-58","page","type-page","status-publish","hentry"],"_links":{"self":[{"href":"https:\/\/www.gangodvaznych.cz\/index.php\/wp-json\/wp\/v2\/pages\/58","targetHints":{"allow":["GET"]}}],"collection":[{"href":"https:\/\/www.gangodvaznych.cz\/index.php\/wp-json\/wp\/v2\/pages"}],"about":[{"href":"https:\/\/www.gangodvaznych.cz\/index.php\/wp-json\/wp\/v2\/types\/page"}],"author":[{"embeddable":true,"href":"https:\/\/www.gangodvaznych.cz\/index.php\/wp-json\/wp\/v2\/users\/1"}],"replies":[{"embeddable":true,"href":"https:\/\/www.gangodvaznych.cz\/index.php\/wp-json\/wp\/v2\/comments?post=58"}],"version-history":[{"count":15,"href":"https:\/\/www.gangodvaznych.cz\/index.php\/wp-json\/wp\/v2\/pages\/58\/revisions"}],"predecessor-version":[{"id":5642,"href":"https:\/\/www.gangodvaznych.cz\/index.php\/wp-json\/wp\/v2\/pages\/58\/revisions\/5642"}],"wp:attachment":[{"href":"https:\/\/www.gangodvaznych.cz\/index.php\/wp-json\/wp\/v2\/media?parent=58"}],"curies":[{"name":"wp","href":"https:\/\/api.w.org\/{rel}","templated":true}]}}