{"id":60,"date":"2019-03-23T10:57:32","date_gmt":"2019-03-23T10:57:32","guid":{"rendered":"http:\/\/www.gangodvaznych.cz\/?page_id=60"},"modified":"2026-03-28T23:43:54","modified_gmt":"2026-03-28T23:43:54","slug":"bonusy-hory","status":"publish","type":"page","link":"https:\/\/www.gangodvaznych.cz\/index.php\/bonusy-hory\/","title":{"rendered":"HORY &#8211; bonusy"},"content":{"rendered":"\r\n<p><img loading=\"lazy\" decoding=\"async\" class=\" wp-image-2164 alignright\" src=\"http:\/\/www.gangodvaznych.cz\/wp-content\/uploads\/2021\/05\/Nevinna-lavina_obalka-199x300.jpg\" alt=\"\" width=\"120\" height=\"181\" srcset=\"https:\/\/www.gangodvaznych.cz\/wp-content\/uploads\/2021\/05\/Nevinna-lavina_obalka-199x300.jpg 199w, https:\/\/www.gangodvaznych.cz\/wp-content\/uploads\/2021\/05\/Nevinna-lavina_obalka-678x1024.jpg 678w, https:\/\/www.gangodvaznych.cz\/wp-content\/uploads\/2021\/05\/Nevinna-lavina_obalka-768x1160.jpg 768w, https:\/\/www.gangodvaznych.cz\/wp-content\/uploads\/2021\/05\/Nevinna-lavina_obalka-1017x1536.jpg 1017w, https:\/\/www.gangodvaznych.cz\/wp-content\/uploads\/2021\/05\/Nevinna-lavina_obalka-1356x2048.jpg 1356w, https:\/\/www.gangodvaznych.cz\/wp-content\/uploads\/2021\/05\/Nevinna-lavina_obalka-300x453.jpg 300w, https:\/\/www.gangodvaznych.cz\/wp-content\/uploads\/2021\/05\/Nevinna-lavina_obalka-850x1284.jpg 850w, https:\/\/www.gangodvaznych.cz\/wp-content\/uploads\/2021\/05\/Nevinna-lavina_obalka-scaled.jpg 1695w\" sizes=\"auto, (max-width: 120px) 100vw, 120px\" \/>\u010cl\u00e1nky k t\u00e9matu HORY se vztahuj\u00ed ke knize <a href=\"https:\/\/www.gangodvaznych.cz\/index.php\/nevinna-lavina\/\"><em>NEVINN\u00c1 LAVINA<\/em><\/a><\/p>\r\n\r\n\r\n\r\n<p>\u010cl\u00e1nky k t\u00e9matu:<\/p>\r\n\r\n\r\n<p><img loading=\"lazy\" decoding=\"async\" class=\" wp-image-820 alignleft\" src=\"http:\/\/www.gangodvaznych.cz\/wp-content\/uploads\/2019\/04\/Nevinna_Lavina_2-85x300.jpg\" alt=\"\" width=\"134\" height=\"472\" srcset=\"https:\/\/www.gangodvaznych.cz\/wp-content\/uploads\/2019\/04\/Nevinna_Lavina_2-85x300.jpg 85w, https:\/\/www.gangodvaznych.cz\/wp-content\/uploads\/2019\/04\/Nevinna_Lavina_2-768x2706.jpg 768w, https:\/\/www.gangodvaznych.cz\/wp-content\/uploads\/2019\/04\/Nevinna_Lavina_2-291x1024.jpg 291w, https:\/\/www.gangodvaznych.cz\/wp-content\/uploads\/2019\/04\/Nevinna_Lavina_2-300x1057.jpg 300w, https:\/\/www.gangodvaznych.cz\/wp-content\/uploads\/2019\/04\/Nevinna_Lavina_2.jpg 771w\" sizes=\"auto, (max-width: 134px) 100vw, 134px\" \/><ul class=\"lcp_catlist\" id=\"lcp_instance_0\"><li><a href=\"https:\/\/www.gangodvaznych.cz\/index.php\/2019\/03\/24\/tragicky-lyzarsky-zavod-v-krkonosich-roku-1913-jonas\/\">Tragick\u00fd ly\u017ea\u0159sk\u00fd z\u00e1vod v Krkono\u0161\u00edch roku 1913 (Jon\u00e1\u0161)<\/a><\/li><li><a href=\"https:\/\/www.gangodvaznych.cz\/index.php\/2019\/03\/24\/lavinovi-psi-beta\/\">Lavinov\u00ed psi (Beta)<\/a><\/li><li><a href=\"https:\/\/www.gangodvaznych.cz\/index.php\/2019\/03\/24\/historie-horske-sluzby-alfa\/\">Historie Horsk\u00e9 slu\u017eby (Alfa)<\/a><\/li><li><a href=\"https:\/\/www.gangodvaznych.cz\/index.php\/2019\/03\/24\/inuite-a-druhy-snehu-beta\/\">Inuit\u00e9 a druhy sn\u011bhu (Beta)<\/a><\/li><li><a href=\"https:\/\/www.gangodvaznych.cz\/index.php\/2019\/03\/24\/nejnicivejsi-laviny-historie-tim\/\">Nejni\u010div\u011bj\u0161\u00ed laviny historie (Tim)<\/a><\/li><li><a href=\"https:\/\/www.gangodvaznych.cz\/index.php\/2019\/03\/24\/vybaveni-na-freeride-jonas\/\">Vybaven\u00ed na freeride (Jon\u00e1\u0161)<\/a><\/li><\/ul><\/p>\n","protected":false},"excerpt":{"rendered":"<p>\u010cl\u00e1nky k t\u00e9matu HORY se vztahuj\u00ed ke knize NEVINN\u00c1 LAVINA \u010cl\u00e1nky k t\u00e9matu:<\/p>\n","protected":false},"author":1,"featured_media":0,"parent":0,"menu_order":0,"comment_status":"closed","ping_status":"closed","template":"","meta":{"ngg_post_thumbnail":0,"footnotes":""},"class_list":["post-60","page","type-page","status-publish","hentry"],"_links":{"self":[{"href":"https:\/\/www.gangodvaznych.cz\/index.php\/wp-json\/wp\/v2\/pages\/60","targetHints":{"allow":["GET"]}}],"collection":[{"href":"https:\/\/www.gangodvaznych.cz\/index.php\/wp-json\/wp\/v2\/pages"}],"about":[{"href":"https:\/\/www.gangodvaznych.cz\/index.php\/wp-json\/wp\/v2\/types\/page"}],"author":[{"embeddable":true,"href":"https:\/\/www.gangodvaznych.cz\/index.php\/wp-json\/wp\/v2\/users\/1"}],"replies":[{"embeddable":true,"href":"https:\/\/www.gangodvaznych.cz\/index.php\/wp-json\/wp\/v2\/comments?post=60"}],"version-history":[{"count":15,"href":"https:\/\/www.gangodvaznych.cz\/index.php\/wp-json\/wp\/v2\/pages\/60\/revisions"}],"predecessor-version":[{"id":5644,"href":"https:\/\/www.gangodvaznych.cz\/index.php\/wp-json\/wp\/v2\/pages\/60\/revisions\/5644"}],"wp:attachment":[{"href":"https:\/\/www.gangodvaznych.cz\/index.php\/wp-json\/wp\/v2\/media?parent=60"}],"curies":[{"name":"wp","href":"https:\/\/api.w.org\/{rel}","templated":true}]}}