{"id":64,"date":"2019-03-23T10:57:51","date_gmt":"2019-03-23T10:57:51","guid":{"rendered":"http:\/\/www.gangodvaznych.cz\/?page_id=64"},"modified":"2026-03-28T23:46:24","modified_gmt":"2026-03-28T23:46:24","slug":"bonusy-poust","status":"publish","type":"page","link":"https:\/\/www.gangodvaznych.cz\/index.php\/bonusy-poust\/","title":{"rendered":"POU\u0160\u0164 &#8211; bonusy"},"content":{"rendered":"\r\n<p><img loading=\"lazy\" decoding=\"async\" class=\" wp-image-2152 alignright\" src=\"http:\/\/www.gangodvaznych.cz\/wp-content\/uploads\/2021\/05\/Poust-vsude-poust_OBALKA-195x300.jpg\" alt=\"\" width=\"120\" height=\"184\" srcset=\"https:\/\/www.gangodvaznych.cz\/wp-content\/uploads\/2021\/05\/Poust-vsude-poust_OBALKA-195x300.jpg 195w, https:\/\/www.gangodvaznych.cz\/wp-content\/uploads\/2021\/05\/Poust-vsude-poust_OBALKA-667x1024.jpg 667w, https:\/\/www.gangodvaznych.cz\/wp-content\/uploads\/2021\/05\/Poust-vsude-poust_OBALKA-768x1179.jpg 768w, https:\/\/www.gangodvaznych.cz\/wp-content\/uploads\/2021\/05\/Poust-vsude-poust_OBALKA-1001x1536.jpg 1001w, https:\/\/www.gangodvaznych.cz\/wp-content\/uploads\/2021\/05\/Poust-vsude-poust_OBALKA-1334x2048.jpg 1334w, https:\/\/www.gangodvaznych.cz\/wp-content\/uploads\/2021\/05\/Poust-vsude-poust_OBALKA-300x461.jpg 300w, https:\/\/www.gangodvaznych.cz\/wp-content\/uploads\/2021\/05\/Poust-vsude-poust_OBALKA-850x1305.jpg 850w, https:\/\/www.gangodvaznych.cz\/wp-content\/uploads\/2021\/05\/Poust-vsude-poust_OBALKA-scaled.jpg 1668w\" sizes=\"auto, (max-width: 120px) 100vw, 120px\" \/>\u010cl\u00e1nky k t\u00e9matu POU\u0160\u0164 se vztahuj\u00ed ke knize <a href=\"https:\/\/www.gangodvaznych.cz\/index.php\/poust-vsude-poust\/\"><em>POU\u0160\u0164, V\u0160UDE POU\u0160\u0164<\/em><\/a><\/p>\r\n\r\n\r\n\r\n<p>\u010cl\u00e1nky k t\u00e9matu:<\/p>\r\n\r\n\r\n<p><img loading=\"lazy\" decoding=\"async\" class=\" wp-image-829 alignleft\" src=\"http:\/\/www.gangodvaznych.cz\/wp-content\/uploads\/2019\/04\/GO-4-Pou\u0161\u0165-v\u0161ude-pou\u0161\u0165_010-86x300.jpg\" alt=\"\" width=\"164\" height=\"572\" srcset=\"https:\/\/www.gangodvaznych.cz\/wp-content\/uploads\/2019\/04\/GO-4-Pou\u0161\u0165-v\u0161ude-pou\u0161\u0165_010-86x300.jpg 86w, https:\/\/www.gangodvaznych.cz\/wp-content\/uploads\/2019\/04\/GO-4-Pou\u0161\u0165-v\u0161ude-pou\u0161\u0165_010-294x1024.jpg 294w, https:\/\/www.gangodvaznych.cz\/wp-content\/uploads\/2019\/04\/GO-4-Pou\u0161\u0165-v\u0161ude-pou\u0161\u0165_010-300x1044.jpg 300w, https:\/\/www.gangodvaznych.cz\/wp-content\/uploads\/2019\/04\/GO-4-Pou\u0161\u0165-v\u0161ude-pou\u0161\u0165_010.jpg 682w\" sizes=\"auto, (max-width: 164px) 100vw, 164px\" \/><ul class=\"lcp_catlist\" id=\"lcp_instance_0\"><li><a href=\"https:\/\/www.gangodvaznych.cz\/index.php\/2021\/03\/09\/hledej-rozdily-poust\/\">HLEDEJ ROZD\u00cdLY &#8211; POU\u0160\u0164<\/a><\/li><li><a href=\"https:\/\/www.gangodvaznych.cz\/index.php\/2019\/10\/11\/jidlo-v-tunisku-alfa\/\">J\u00eddlo v Tunisku (Alfa)<\/a><\/li><li><a href=\"https:\/\/www.gangodvaznych.cz\/index.php\/2019\/09\/17\/maly-princ-mariana\/\">Mal\u00fd princ (Mariana)<\/a><\/li><li><a href=\"https:\/\/www.gangodvaznych.cz\/index.php\/2019\/09\/15\/najdeme-v-evrope-poust-tim\/\">Najdeme v Evrop\u011b pou\u0161\u0165? (Tim)<\/a><\/li><li><a href=\"https:\/\/www.gangodvaznych.cz\/index.php\/2019\/09\/15\/velbloudi-v-arabstine-beta\/\">Velbloudi v arab\u0161tin\u011b (Beta)<\/a><\/li><li><a href=\"https:\/\/www.gangodvaznych.cz\/index.php\/2019\/06\/27\/adoptovali-jsme-velblouda-beta\/\">Adoptovali jsme velblouda (Beta)<\/a><\/li><li><a href=\"https:\/\/www.gangodvaznych.cz\/index.php\/2019\/06\/26\/poustni-ruze-pro-johanku-mariana\/\">Pou\u0161tn\u00ed r\u016f\u017ee pro Johanku (Mariana)<\/a><\/li><li><a href=\"https:\/\/www.gangodvaznych.cz\/index.php\/2019\/06\/24\/ucesy-princezny-ley-beta\/\">\u00da\u010desy princezny Ley (Alfa)<\/a><\/li><li><a href=\"https:\/\/www.gangodvaznych.cz\/index.php\/2019\/06\/23\/pouste-sveta-tim\/\">Pou\u0161t\u011b sv\u011bta (Tim)<\/a><\/li><li><a href=\"https:\/\/www.gangodvaznych.cz\/index.php\/2019\/06\/18\/zajimavosti-o-stirech-jonas\/\">Zaj\u00edmavosti o \u0161t\u00edrech (Jon\u00e1\u0161)<\/a><\/li><\/ul><\/p>\n","protected":false},"excerpt":{"rendered":"<p>\u010cl\u00e1nky k t\u00e9matu POU\u0160\u0164 se vztahuj\u00ed ke knize POU\u0160\u0164, V\u0160UDE POU\u0160\u0164 \u010cl\u00e1nky k t\u00e9matu:<\/p>\n","protected":false},"author":1,"featured_media":0,"parent":0,"menu_order":0,"comment_status":"closed","ping_status":"closed","template":"","meta":{"ngg_post_thumbnail":0,"footnotes":""},"class_list":["post-64","page","type-page","status-publish","hentry"],"_links":{"self":[{"href":"https:\/\/www.gangodvaznych.cz\/index.php\/wp-json\/wp\/v2\/pages\/64","targetHints":{"allow":["GET"]}}],"collection":[{"href":"https:\/\/www.gangodvaznych.cz\/index.php\/wp-json\/wp\/v2\/pages"}],"about":[{"href":"https:\/\/www.gangodvaznych.cz\/index.php\/wp-json\/wp\/v2\/types\/page"}],"author":[{"embeddable":true,"href":"https:\/\/www.gangodvaznych.cz\/index.php\/wp-json\/wp\/v2\/users\/1"}],"replies":[{"embeddable":true,"href":"https:\/\/www.gangodvaznych.cz\/index.php\/wp-json\/wp\/v2\/comments?post=64"}],"version-history":[{"count":10,"href":"https:\/\/www.gangodvaznych.cz\/index.php\/wp-json\/wp\/v2\/pages\/64\/revisions"}],"predecessor-version":[{"id":5647,"href":"https:\/\/www.gangodvaznych.cz\/index.php\/wp-json\/wp\/v2\/pages\/64\/revisions\/5647"}],"wp:attachment":[{"href":"https:\/\/www.gangodvaznych.cz\/index.php\/wp-json\/wp\/v2\/media?parent=64"}],"curies":[{"name":"wp","href":"https:\/\/api.w.org\/{rel}","templated":true}]}}