{"id":71,"date":"2019-03-23T11:00:41","date_gmt":"2019-03-23T11:00:41","guid":{"rendered":"http:\/\/www.gangodvaznych.cz\/?page_id=71"},"modified":"2021-05-14T15:39:06","modified_gmt":"2021-05-14T15:39:06","slug":"mapy-nevinna-lavina","status":"publish","type":"page","link":"https:\/\/www.gangodvaznych.cz\/index.php\/mapy-nevinna-lavina\/","title":{"rendered":"Nevinn\u00e1 lavina &#8211; Krkono\u0161e"},"content":{"rendered":"\r\n<figure class=\"wp-block-image\"><img loading=\"lazy\" decoding=\"async\" width=\"1024\" height=\"783\" class=\"wp-image-430\" src=\"http:\/\/www.gangodvaznych.cz\/wp-content\/uploads\/2019\/03\/Lavina_p\u0159eds\u00e1dka_mapa-e1553423601101-1024x783.jpg\" alt=\"\" srcset=\"https:\/\/www.gangodvaznych.cz\/wp-content\/uploads\/2019\/03\/Lavina_p\u0159eds\u00e1dka_mapa-e1553423601101-1024x783.jpg 1024w, https:\/\/www.gangodvaznych.cz\/wp-content\/uploads\/2019\/03\/Lavina_p\u0159eds\u00e1dka_mapa-e1553423601101-300x229.jpg 300w, https:\/\/www.gangodvaznych.cz\/wp-content\/uploads\/2019\/03\/Lavina_p\u0159eds\u00e1dka_mapa-e1553423601101-768x587.jpg 768w\" sizes=\"auto, (max-width: 1024px) 100vw, 1024px\" \/>\r\n<figcaption>Gang odv\u00e1\u017en\u00fdch se vydal po h\u0159ebeni z Richtrov\u00fdch bud na V\u00fdrovku. Cestou je p\u0159epadla v\u00e1nice, ztratili orientaci a do c\u00edle u\u017e nedo\u0161li.<\/figcaption>\r\n<\/figure>\r\n","protected":false},"excerpt":{"rendered":"","protected":false},"author":1,"featured_media":0,"parent":0,"menu_order":0,"comment_status":"closed","ping_status":"closed","template":"","meta":{"ngg_post_thumbnail":0,"footnotes":""},"class_list":["post-71","page","type-page","status-publish","hentry"],"_links":{"self":[{"href":"https:\/\/www.gangodvaznych.cz\/index.php\/wp-json\/wp\/v2\/pages\/71","targetHints":{"allow":["GET"]}}],"collection":[{"href":"https:\/\/www.gangodvaznych.cz\/index.php\/wp-json\/wp\/v2\/pages"}],"about":[{"href":"https:\/\/www.gangodvaznych.cz\/index.php\/wp-json\/wp\/v2\/types\/page"}],"author":[{"embeddable":true,"href":"https:\/\/www.gangodvaznych.cz\/index.php\/wp-json\/wp\/v2\/users\/1"}],"replies":[{"embeddable":true,"href":"https:\/\/www.gangodvaznych.cz\/index.php\/wp-json\/wp\/v2\/comments?post=71"}],"version-history":[{"count":5,"href":"https:\/\/www.gangodvaznych.cz\/index.php\/wp-json\/wp\/v2\/pages\/71\/revisions"}],"predecessor-version":[{"id":2223,"href":"https:\/\/www.gangodvaznych.cz\/index.php\/wp-json\/wp\/v2\/pages\/71\/revisions\/2223"}],"wp:attachment":[{"href":"https:\/\/www.gangodvaznych.cz\/index.php\/wp-json\/wp\/v2\/media?parent=71"}],"curies":[{"name":"wp","href":"https:\/\/api.w.org\/{rel}","templated":true}]}}