{"id":73,"date":"2019-03-23T11:00:46","date_gmt":"2019-03-23T11:00:46","guid":{"rendered":"http:\/\/www.gangodvaznych.cz\/?page_id=73"},"modified":"2021-05-14T15:39:59","modified_gmt":"2021-05-14T15:39:59","slug":"mapy-poust-vsude-poust","status":"publish","type":"page","link":"https:\/\/www.gangodvaznych.cz\/index.php\/mapy-poust-vsude-poust\/","title":{"rendered":"Pou\u0161\u0165, v\u0161ude pou\u0161\u0165 &#8211; Tunisko"},"content":{"rendered":"\r\n<figure class=\"wp-block-image\"><img loading=\"lazy\" decoding=\"async\" width=\"1024\" height=\"786\" class=\"wp-image-441\" src=\"http:\/\/www.gangodvaznych.cz\/wp-content\/uploads\/2019\/03\/Pou\u0161\u0165_Mapa-1024x786.jpg\" alt=\"\" srcset=\"https:\/\/www.gangodvaznych.cz\/wp-content\/uploads\/2019\/03\/Pou\u0161\u0165_Mapa-1024x786.jpg 1024w, https:\/\/www.gangodvaznych.cz\/wp-content\/uploads\/2019\/03\/Pou\u0161\u0165_Mapa-300x230.jpg 300w, https:\/\/www.gangodvaznych.cz\/wp-content\/uploads\/2019\/03\/Pou\u0161\u0165_Mapa-768x589.jpg 768w, https:\/\/www.gangodvaznych.cz\/wp-content\/uploads\/2019\/03\/Pou\u0161\u0165_Mapa.jpg 1417w\" sizes=\"auto, (max-width: 1024px) 100vw, 1024px\" \/>\r\n<figcaption>Z Djerby autobusem a potom na velbloudech i ter\u00e9nn\u00edmi auty do nitra tunisk\u00e9 pou\u0161t\u011b.<\/figcaption>\r\n<\/figure>\r\n","protected":false},"excerpt":{"rendered":"","protected":false},"author":1,"featured_media":0,"parent":0,"menu_order":0,"comment_status":"closed","ping_status":"closed","template":"","meta":{"ngg_post_thumbnail":0,"footnotes":""},"class_list":["post-73","page","type-page","status-publish","hentry"],"_links":{"self":[{"href":"https:\/\/www.gangodvaznych.cz\/index.php\/wp-json\/wp\/v2\/pages\/73","targetHints":{"allow":["GET"]}}],"collection":[{"href":"https:\/\/www.gangodvaznych.cz\/index.php\/wp-json\/wp\/v2\/pages"}],"about":[{"href":"https:\/\/www.gangodvaznych.cz\/index.php\/wp-json\/wp\/v2\/types\/page"}],"author":[{"embeddable":true,"href":"https:\/\/www.gangodvaznych.cz\/index.php\/wp-json\/wp\/v2\/users\/1"}],"replies":[{"embeddable":true,"href":"https:\/\/www.gangodvaznych.cz\/index.php\/wp-json\/wp\/v2\/comments?post=73"}],"version-history":[{"count":5,"href":"https:\/\/www.gangodvaznych.cz\/index.php\/wp-json\/wp\/v2\/pages\/73\/revisions"}],"predecessor-version":[{"id":2224,"href":"https:\/\/www.gangodvaznych.cz\/index.php\/wp-json\/wp\/v2\/pages\/73\/revisions\/2224"}],"wp:attachment":[{"href":"https:\/\/www.gangodvaznych.cz\/index.php\/wp-json\/wp\/v2\/media?parent=73"}],"curies":[{"name":"wp","href":"https:\/\/api.w.org\/{rel}","templated":true}]}}