{"id":75,"date":"2019-03-23T11:00:50","date_gmt":"2019-03-23T11:00:50","guid":{"rendered":"http:\/\/www.gangodvaznych.cz\/?page_id=75"},"modified":"2021-05-14T15:40:34","modified_gmt":"2021-05-14T15:40:34","slug":"mapy-ve-sparech-dzungle","status":"publish","type":"page","link":"https:\/\/www.gangodvaznych.cz\/index.php\/mapy-ve-sparech-dzungle\/","title":{"rendered":"Ve sp\u00e1rech d\u017eungle &#8211; Thajsko"},"content":{"rendered":"\r\n<figure class=\"wp-block-image\"><img loading=\"lazy\" decoding=\"async\" width=\"1024\" height=\"784\" class=\"wp-image-436\" src=\"http:\/\/www.gangodvaznych.cz\/wp-content\/uploads\/2019\/03\/GO_D\u017eungle_mapa-1024x784.jpg\" alt=\"\" srcset=\"https:\/\/www.gangodvaznych.cz\/wp-content\/uploads\/2019\/03\/GO_D\u017eungle_mapa-1024x784.jpg 1024w, https:\/\/www.gangodvaznych.cz\/wp-content\/uploads\/2019\/03\/GO_D\u017eungle_mapa-300x230.jpg 300w, https:\/\/www.gangodvaznych.cz\/wp-content\/uploads\/2019\/03\/GO_D\u017eungle_mapa-768x588.jpg 768w\" sizes=\"auto, (max-width: 1024px) 100vw, 1024px\" \/>\r\n<figcaption>Cesta Gangu odv\u00e1\u017en\u00fdch do horsk\u00e9 d\u017eungle na severu Thajska.<\/figcaption>\r\n<\/figure>\r\n","protected":false},"excerpt":{"rendered":"","protected":false},"author":1,"featured_media":0,"parent":0,"menu_order":0,"comment_status":"closed","ping_status":"closed","template":"","meta":{"ngg_post_thumbnail":0,"footnotes":""},"class_list":["post-75","page","type-page","status-publish","hentry"],"_links":{"self":[{"href":"https:\/\/www.gangodvaznych.cz\/index.php\/wp-json\/wp\/v2\/pages\/75","targetHints":{"allow":["GET"]}}],"collection":[{"href":"https:\/\/www.gangodvaznych.cz\/index.php\/wp-json\/wp\/v2\/pages"}],"about":[{"href":"https:\/\/www.gangodvaznych.cz\/index.php\/wp-json\/wp\/v2\/types\/page"}],"author":[{"embeddable":true,"href":"https:\/\/www.gangodvaznych.cz\/index.php\/wp-json\/wp\/v2\/users\/1"}],"replies":[{"embeddable":true,"href":"https:\/\/www.gangodvaznych.cz\/index.php\/wp-json\/wp\/v2\/comments?post=75"}],"version-history":[{"count":5,"href":"https:\/\/www.gangodvaznych.cz\/index.php\/wp-json\/wp\/v2\/pages\/75\/revisions"}],"predecessor-version":[{"id":2225,"href":"https:\/\/www.gangodvaznych.cz\/index.php\/wp-json\/wp\/v2\/pages\/75\/revisions\/2225"}],"wp:attachment":[{"href":"https:\/\/www.gangodvaznych.cz\/index.php\/wp-json\/wp\/v2\/media?parent=75"}],"curies":[{"name":"wp","href":"https:\/\/api.w.org\/{rel}","templated":true}]}}