{"id":755,"date":"2019-04-14T16:29:23","date_gmt":"2019-04-14T16:29:23","guid":{"rendered":"http:\/\/www.gangodvaznych.cz\/?page_id=755"},"modified":"2020-06-29T13:35:37","modified_gmt":"2020-06-29T13:35:37","slug":"uzitecne-odkazy","status":"publish","type":"page","link":"https:\/\/www.gangodvaznych.cz\/index.php\/uzitecne-odkazy\/","title":{"rendered":"U\u017eite\u010dn\u00e9 odkazy"},"content":{"rendered":"<p>D\u016fle\u017eit\u00e9 kontakty<img loading=\"lazy\" decoding=\"async\" class=\" wp-image-807 alignright\" src=\"http:\/\/www.gangodvaznych.cz\/wp-content\/uploads\/2019\/04\/Nevinna_Lavina_3-300x194.jpg\" alt=\"\" width=\"301\" height=\"195\" srcset=\"https:\/\/www.gangodvaznych.cz\/wp-content\/uploads\/2019\/04\/Nevinna_Lavina_3-300x194.jpg 300w, https:\/\/www.gangodvaznych.cz\/wp-content\/uploads\/2019\/04\/Nevinna_Lavina_3-768x498.jpg 768w, https:\/\/www.gangodvaznych.cz\/wp-content\/uploads\/2019\/04\/Nevinna_Lavina_3-1024x664.jpg 1024w, https:\/\/www.gangodvaznych.cz\/wp-content\/uploads\/2019\/04\/Nevinna_Lavina_3-850x551.jpg 850w, https:\/\/www.gangodvaznych.cz\/wp-content\/uploads\/2019\/04\/Nevinna_Lavina_3.jpg 1831w\" sizes=\"auto, (max-width: 301px) 100vw, 301px\" \/><\/p>\n<p><strong>Z\u00e1chranka&nbsp; &nbsp; <\/strong>&nbsp; &nbsp; &nbsp; &nbsp; <span style=\"color: #ff0000;\"><strong>155<\/strong><\/span><\/p>\n<p><strong>Policie&nbsp; &nbsp; &nbsp;<\/strong> &nbsp; &nbsp; &nbsp; &nbsp; &nbsp; &nbsp; &nbsp; <span style=\"color: #ff0000;\"><strong>158<\/strong><\/span><\/p>\n<p><strong>Hasi\u010di&nbsp; &nbsp; &nbsp;&nbsp;<\/strong> &nbsp; &nbsp; &nbsp; &nbsp; &nbsp; &nbsp; &nbsp; <span style=\"color: #ff0000;\"><strong>150<\/strong><\/span><\/p>\n<p><strong>T\u00eds\u0148ov\u00e9 vol\u00e1n\u00ed<\/strong>&nbsp; &nbsp; <span style=\"color: #ff0000;\"><strong>112<\/strong><\/span>&nbsp; (plat\u00ed pro celou EU)<\/p>\n<p><strong>T\u00eds\u0148ov\u00e1 linka pro nesly\u0161\u00edc\u00ed<\/strong>&nbsp;&nbsp;<b> 603 111&nbsp;158&nbsp;<\/b>&nbsp;(ps\u00e1t sms)<\/p>\n<p><strong>Horsk\u00e1 slu\u017eba<\/strong> &nbsp;&nbsp;&nbsp; <span style=\"color: #ff0000;\"><strong>1210<\/strong><\/span> &nbsp;(\u010c\u00edslo bude z m\u00edsta vol\u00e1n\u00ed&nbsp;automaticky p\u0159esm\u011brov\u00e1no na nejbli\u017e\u0161\u00ed stanici Horsk\u00e9 slu\u017eby.)<\/p>\n<p><em>Konkr\u00e9tn\u00ed stanice v&nbsp;jednotliv\u00fdch hor\u00e1ch. P\u0159ed odjezdem zkontrolujte, zda jsou \u010d\u00edsla st\u00e1le aktu\u00e1ln\u00ed!<\/em><\/p>\n<p><em>Horsk\u00e1 slu\u017eba Beskydy: &nbsp;+420 558 677 393, +420 597 431 700<img loading=\"lazy\" decoding=\"async\" class=\" wp-image-809 alignright\" src=\"http:\/\/www.gangodvaznych.cz\/wp-content\/uploads\/2019\/04\/logo_Horsk\u00e1-slu\u017eba.jpg\" alt=\"\" width=\"105\" height=\"120\"><br \/>\n<\/em><em>Horsk\u00e1 slu\u017eba Jesen\u00edky: &nbsp;+420 601 302 611<br \/>\n<\/em><em>Horsk\u00e1 slu\u017eba Jizersk\u00e9 hory: +420 483 380 073<br \/>\n<\/em><em>Horsk\u00e1 slu\u017eba Krkono\u0161e: &nbsp;+420 499 433 230 (239)<br \/>\n<\/em><em>Horsk\u00e1 slu\u017eba Kru\u0161n\u00e9 hory: +420 353 815&nbsp;140<br \/>\n<\/em><em>Horsk\u00e1 slu\u017eba Orlick\u00e9 hory: +420&nbsp;494&nbsp;663&nbsp;152, +420&nbsp;601&nbsp;302&nbsp;605<br \/>\n<\/em><em>Horsk\u00e1 slu\u017eba \u0160umava: +420 376 397 273<\/em><\/p>\n<p><strong>Koronavirus &#8211; info linka<\/strong>&nbsp; &nbsp; <span style=\"color: #ff0000;\"><strong>1212<\/strong><\/span><\/p>\n<p><strong>Toxikologick\u00e9 st\u0159edisko<\/strong> \u2013 volat p\u0159i otrav\u011b&nbsp; <strong>224&nbsp;919&nbsp;293, 224&nbsp;915&nbsp;402<\/strong><\/p>\n<p><strong>Otrava houbami<\/strong>&nbsp; <strong>224&nbsp;911&nbsp;267<\/strong><\/p>\n<p><strong>Linka bezpe\u010d\u00ed<\/strong> (krizov\u00e1 pomoc a poradenstv\u00ed pro d\u011bti a mladistv\u00e9)&nbsp; <strong>116 111<\/strong><\/p>\n<p><strong>Poh\u0159e\u0161ov\u00e1n\u00ed d\u00edt\u011bte<\/strong> (\u010d\u00edslo plat\u00ed pro celou EU)&nbsp; <strong>116 000<\/strong><\/p>\n<p><strong>B\u00edl\u00fd kruh bezpe\u010d\u00ed<\/strong> (pomoc ob\u011btem trestn\u00fdch \u010din\u016f)&nbsp; <strong>116 006<\/strong><\/p>\n<p><strong>Modr\u00e1 linka d\u016fv\u011bry <\/strong>(telefonick\u00e1 pomoc v obt\u00ed\u017en\u00fdch \u017eivotn\u00edch situac\u00edch) <strong>549 241 010, 608 902 410<\/strong><\/p>\n<p><strong>L\u00e9ka\u0159sk\u00e9 informa\u010dn\u00ed centrum<\/strong>: <a href=\"mailto:info@help-lic.cz\">info@help-lic.cz<\/a><\/p>\n<p><strong>Z\u00e1chranka<\/strong> \u2013 aplikace pro mobiln\u00ed telefony. Stiskem tla\u010d\u00edtka ode\u0161lete svou polohu a p\u0159ivol\u00e1te z\u00e1chrannou slu\u017ebu.<br \/>\n<a href=\"https:\/\/www.zachrankaapp.cz\/\">https:\/\/www.zachrankaapp.cz\/<\/a><\/p>\n<p><strong>Z\u00e1chrann\u00fd kruh<\/strong><\/p>\n<p>Jedn\u00e1 se o internetov\u00fd port\u00e1l, kter\u00fd p\u0159in\u00e1\u0161\u00ed informace o bezpe\u010dnostn\u00edch rizic\u00edch v&nbsp;b\u011b\u017en\u00e9m \u017eivot\u011b i p\u0159i mimo\u0159\u00e1dn\u00fdch ud\u00e1lostech. Najdete zde praktick\u00e9 rady pro ve\u0159ejnost i sd\u011blen\u00ed pro z\u00e1chran\u00e1\u0159e. Velk\u00e1 \u010d\u00e1st je v\u011bnovan\u00e1 p\u0159\u00edmo d\u011btem, kter\u00e9 jsou pomoc\u00ed jasn\u011b formulovan\u00fdch postup\u016f a n\u00e1zorn\u00fdch ilustrac\u00ed vedeni k&nbsp;zvl\u00e1dnut\u00ed nebezpe\u010dn\u00e9 situace. Port\u00e1l obsahuje nab\u00eddku interaktivn\u00edch kurz\u016f, v\u00fdukov\u00e1 videa, p\u0159ehled deskov\u00fdch her s&nbsp;tematikou bezpe\u010dnosti i u\u017eite\u010dn\u00e9 aplikace k&nbsp;n\u00e1cviku spr\u00e1vn\u00e9ho chov\u00e1n\u00ed v&nbsp;krizov\u00fdch situac\u00edch, nap\u0159\u00edklad T\u00eds\u0148omat.<br \/>\n<a href=\"https:\/\/www.zachranny-kruh.cz\/\">https:\/\/www.zachranny-kruh.cz\/<\/a><\/p>\n<p><strong>ZDRSEM \u2013 kurzy prvn\u00ed pomoci z\u00e1\u017eitkem<br \/>\n<\/strong><a href=\"https:\/\/www.zdrsem.cz\/\">https:\/\/www.zdrsem.cz\/<\/a><\/p>\n","protected":false},"excerpt":{"rendered":"<p>D\u016fle\u017eit\u00e9 kontakty Z\u00e1chranka&nbsp; &nbsp; &nbsp; &nbsp; &nbsp; &nbsp; 155 Policie&nbsp; &nbsp; &nbsp; &nbsp; &nbsp; &nbsp; &nbsp; &nbsp; &nbsp; &nbsp; 158 Hasi\u010di&nbsp; &nbsp; &nbsp;&nbsp; &nbsp; &nbsp; &nbsp; &nbsp; &nbsp; &nbsp; &nbsp; 150 T\u00eds\u0148ov\u00e9 vol\u00e1n\u00ed&nbsp; &nbsp; 112&nbsp; (plat\u00ed pro celou EU) T\u00eds\u0148ov\u00e1 linka pro nesly\u0161\u00edc\u00ed&nbsp;&nbsp; 603 111&nbsp;158&nbsp;&nbsp;(ps\u00e1t sms) Horsk\u00e1 slu\u017eba &nbsp;&nbsp;&nbsp; 1210 &nbsp;(\u010c\u00edslo bude z m\u00edsta vol\u00e1n\u00ed&nbsp;automaticky&#8230;<\/p>\n","protected":false},"author":1,"featured_media":0,"parent":0,"menu_order":0,"comment_status":"closed","ping_status":"closed","template":"","meta":{"ngg_post_thumbnail":0,"footnotes":""},"class_list":["post-755","page","type-page","status-publish","hentry"],"_links":{"self":[{"href":"https:\/\/www.gangodvaznych.cz\/index.php\/wp-json\/wp\/v2\/pages\/755","targetHints":{"allow":["GET"]}}],"collection":[{"href":"https:\/\/www.gangodvaznych.cz\/index.php\/wp-json\/wp\/v2\/pages"}],"about":[{"href":"https:\/\/www.gangodvaznych.cz\/index.php\/wp-json\/wp\/v2\/types\/page"}],"author":[{"embeddable":true,"href":"https:\/\/www.gangodvaznych.cz\/index.php\/wp-json\/wp\/v2\/users\/1"}],"replies":[{"embeddable":true,"href":"https:\/\/www.gangodvaznych.cz\/index.php\/wp-json\/wp\/v2\/comments?post=755"}],"version-history":[{"count":9,"href":"https:\/\/www.gangodvaznych.cz\/index.php\/wp-json\/wp\/v2\/pages\/755\/revisions"}],"predecessor-version":[{"id":1580,"href":"https:\/\/www.gangodvaznych.cz\/index.php\/wp-json\/wp\/v2\/pages\/755\/revisions\/1580"}],"wp:attachment":[{"href":"https:\/\/www.gangodvaznych.cz\/index.php\/wp-json\/wp\/v2\/media?parent=755"}],"curies":[{"name":"wp","href":"https:\/\/api.w.org\/{rel}","templated":true}]}}